{"id":7132,"date":"2025-04-27T13:47:11","date_gmt":"2025-04-27T18:47:11","guid":{"rendered":"https:\/\/gruposumyteck.com\/?post_type=product&#038;p=7132"},"modified":"2025-04-27T14:02:48","modified_gmt":"2025-04-27T19:02:48","slug":"jet-fan-serie-ifft","status":"publish","type":"product","link":"https:\/\/gruposumyteck.com\/?product=jet-fan-serie-ifft","title":{"rendered":"Jet Fan Serie IFFT"},"content":{"rendered":"<p>El <strong data-start=\"221\" data-end=\"243\">Jet Fan Serie IFFT<\/strong> es un <strong data-start=\"250\" data-end=\"286\">ventilador centr\u00edfugo de impulso<\/strong> de alto desempe\u00f1o, dise\u00f1ado espec\u00edficamente para <strong data-start=\"336\" data-end=\"371\">mover grandes vol\u00famenes de aire<\/strong> en <strong data-start=\"375\" data-end=\"426\">estacionamientos, t\u00faneles y espacios confinados<\/strong> donde la calidad del aire y la evacuaci\u00f3n de contaminantes son cr\u00edticos.<\/p>\n<p class=\"\" data-start=\"501\" data-end=\"769\">Su dise\u00f1o robusto y eficiente permite <strong data-start=\"539\" data-end=\"579\">generar corrientes de aire dirigidas<\/strong>, facilitando la renovaci\u00f3n del ambiente sin necesidad de instalar costosos ductos. Esto lo convierte en una soluci\u00f3n ideal para <strong data-start=\"708\" data-end=\"740\">ventilaciones longitudinales<\/strong> en grandes infraestructuras.<\/p>\n<p class=\"\" data-start=\"771\" data-end=\"811\"><strong data-start=\"771\" data-end=\"811\">Caracter\u00edsticas t\u00e9cnicas destacadas:<\/strong><\/p>\n<ul data-start=\"812\" data-end=\"1170\">\n<li class=\"\" data-start=\"812\" data-end=\"896\">\n<p class=\"\" data-start=\"814\" data-end=\"896\"><strong data-start=\"814\" data-end=\"833\">Dise\u00f1o compacto<\/strong> y de <strong data-start=\"839\" data-end=\"854\">bajo perfil<\/strong> para instalaci\u00f3n directa en techo o muro.<\/p>\n<\/li>\n<li class=\"\" data-start=\"897\" data-end=\"971\">\n<p class=\"\" data-start=\"899\" data-end=\"971\"><strong data-start=\"899\" data-end=\"942\">Movimiento de grandes vol\u00famenes de aire<\/strong> con bajo consumo de energ\u00eda.<\/p>\n<\/li>\n<li class=\"\" data-start=\"972\" data-end=\"1037\">\n<p class=\"\" data-start=\"974\" data-end=\"1037\"><strong data-start=\"974\" data-end=\"1001\">Construcci\u00f3n resistente<\/strong> para operar en ambientes exigentes.<\/p>\n<\/li>\n<li class=\"\" data-start=\"1038\" data-end=\"1113\">\n<p class=\"\" data-start=\"1040\" data-end=\"1113\"><strong data-start=\"1040\" data-end=\"1068\">Motor de alta eficiencia<\/strong> para un funcionamiento continuo y confiable.<\/p>\n<\/li>\n<li class=\"\" data-start=\"1114\" data-end=\"1170\">\n<p class=\"\" data-start=\"1116\" data-end=\"1170\"><strong data-start=\"1116\" data-end=\"1139\">F\u00e1cil mantenimiento<\/strong> gracias a su dise\u00f1o accesible.<\/p>\n<\/li>\n<\/ul>\n<p class=\"\" data-start=\"1172\" data-end=\"1201\"><strong data-start=\"1172\" data-end=\"1201\">Aplicaciones principales:<\/strong><\/p>\n<ul data-start=\"1202\" data-end=\"1618\">\n<li class=\"\" data-start=\"1202\" data-end=\"1248\">\n<p class=\"\" data-start=\"1204\" data-end=\"1248\"><strong data-start=\"1204\" data-end=\"1237\">Estacionamientos subterr\u00e1neos<\/strong> y a nivel.<\/p>\n<\/li>\n<li class=\"\" data-start=\"1249\" data-end=\"1295\">\n<p class=\"\" data-start=\"1251\" data-end=\"1295\"><strong data-start=\"1251\" data-end=\"1273\">T\u00faneles de tr\u00e1fico<\/strong> vehicular y peatonal.<\/p>\n<\/li>\n<li class=\"\" data-start=\"1296\" data-end=\"1365\">\n<p class=\"\" data-start=\"1298\" data-end=\"1365\"><strong data-start=\"1298\" data-end=\"1342\">Sistemas de control de humo y evacuaci\u00f3n<\/strong> en caso de emergencia.<\/p>\n<\/li>\n<li class=\"\" data-start=\"1366\" data-end=\"1434\">\n<p class=\"\" data-start=\"1368\" data-end=\"1434\"><strong data-start=\"1368\" data-end=\"1405\">Extracci\u00f3n de gases contaminantes<\/strong> (CO, NO\u2082) en \u00e1reas cerradas.<\/p>\n<\/li>\n<li class=\"\" data-start=\"1435\" data-end=\"1523\">\n<p class=\"\" data-start=\"1437\" data-end=\"1523\"><strong data-start=\"1437\" data-end=\"1460\">Ventilaci\u00f3n forzada<\/strong> en centros comerciales, hospitales y terminales de transporte.<\/p>\n<\/li>\n<li class=\"\" data-start=\"1524\" data-end=\"1618\">\n<p class=\"\" data-start=\"1526\" data-end=\"1618\"><strong data-start=\"1526\" data-end=\"1558\">Proyectos de infraestructura<\/strong> que requieren sistemas de ventilaci\u00f3n eficientes y seguros.<\/p>\n<\/li>\n<\/ul>\n<p class=\"\" data-start=\"1620\" data-end=\"1805\">El <strong data-start=\"1623\" data-end=\"1645\">Jet Fan Serie IFFT<\/strong> est\u00e1 dise\u00f1ado para garantizar una <strong data-start=\"1680\" data-end=\"1713\">circulaci\u00f3n de aire eficiente<\/strong>, mejorando la <strong data-start=\"1728\" data-end=\"1741\">seguridad<\/strong> y la <strong data-start=\"1747\" data-end=\"1771\">calidad del ambiente<\/strong> en espacios de alta concurrencia.<\/p>\n<a href='https:\/\/gruposumyteck.com\/files\/sp_catalogo%20ifhT.pdf' class='small-button smallblack' target=\"_blank\">Ver Ficha T\u00e9cnica<\/a>\n","protected":false},"excerpt":{"rendered":"<p>El <strong data-start=\"221\" data-end=\"243\">Jet Fan Serie IFFT<\/strong> es un <strong data-start=\"250\" data-end=\"286\">ventilador centr\u00edfugo de impulso<\/strong> de alto desempe\u00f1o, dise\u00f1ado espec\u00edficamente para <strong data-start=\"336\" data-end=\"371\">mover grandes vol\u00famenes de aire<\/strong> en <strong data-start=\"375\" data-end=\"426\">estacionamientos, t\u00faneles y espacios confinados<\/strong> donde la calidad del aire y la evacuaci\u00f3n de contaminantes son cr\u00edticos.<\/p>\n<a href='https:\/\/gruposumyteck.com\/files\/sp_catalogo%20ifhT.pdf' class='small-button smallblack' target=\"_blank\">Ver Ficha T\u00e9cnica<\/a>\n","protected":false},"featured_media":7133,"template":"","meta":{"_et_pb_use_builder":"","_et_pb_old_content":"","_et_gb_content_width":""},"product_brand":[176],"product_cat":[755,177],"product_tag":[788,786,791,795,793,789,790,794,787,792],"class_list":{"0":"post-7132","1":"product","2":"type-product","3":"status-publish","4":"has-post-thumbnail","6":"product_brand-soler-y-palau","7":"product_cat-jet-fan","8":"product_cat-ventilacion-comercial","9":"product_tag-extractor-de-aire-para-parkings","10":"product_tag-jet-fan-estacionamientos","11":"product_tag-jet-fan-para-control-de-humo","12":"product_tag-jet-fan-para-proyectos-de-infraestructura","13":"product_tag-jet-fan-ventilacion-longitudinal","14":"product_tag-ventilacion-en-tuneles","15":"product_tag-ventilador-centrifugo-de-impulso","16":"product_tag-ventilador-de-aire-para-tuneles","17":"product_tag-ventilador-jet-fan-tuneles","18":"product_tag-ventilador-para-evacuacion-de-gases","20":"first","21":"instock","22":"taxable","23":"shipping-taxable","24":"product-type-simple"},"yoast_head":"<!-- This site is optimized with the Yoast SEO plugin v27.5 - https:\/\/yoast.com\/product\/yoast-seo-wordpress\/ -->\n<title>Jet Fan Serie IFFT - Grupo Sumyteck SAS<\/title>\n<meta name=\"description\" content=\"El Jet Fan Serie IFFT es un ventilador centr\u00edfugo de impulso de alto desempe\u00f1o, dise\u00f1ado para mover grandes vol\u00famenes de aire en estacionamientos\" \/>\n<meta name=\"robots\" content=\"index, follow, max-snippet:-1, max-image-preview:large, max-video-preview:-1\" \/>\n<link rel=\"canonical\" href=\"https:\/\/gruposumyteck.com\/?product=jet-fan-serie-ifft\" \/>\n<meta property=\"og:locale\" content=\"es_ES\" \/>\n<meta property=\"og:type\" content=\"article\" \/>\n<meta property=\"og:title\" content=\"Jet Fan Serie IFFT - Grupo Sumyteck SAS\" \/>\n<meta property=\"og:description\" content=\"El Jet Fan Serie IFFT es un ventilador centr\u00edfugo de impulso de alto desempe\u00f1o, dise\u00f1ado para mover grandes vol\u00famenes de aire en estacionamientos\" \/>\n<meta property=\"og:url\" content=\"https:\/\/gruposumyteck.com\/?product=jet-fan-serie-ifft\" \/>\n<meta property=\"og:site_name\" content=\"Grupo Sumyteck SAS\" \/>\n<meta property=\"article:publisher\" content=\"https:\/\/es-la.facebook.com\/SumyteckSAS\/\" \/>\n<meta property=\"article:modified_time\" content=\"2025-04-27T19:02:48+00:00\" \/>\n<meta property=\"og:image\" content=\"https:\/\/gruposumyteck.com\/wp-content\/uploads\/2025\/04\/Tienda_JetFan_IFFT.jpg\" \/>\n\t<meta property=\"og:image:width\" content=\"300\" \/>\n\t<meta property=\"og:image:height\" content=\"350\" \/>\n\t<meta property=\"og:image:type\" content=\"image\/jpeg\" \/>\n<meta name=\"twitter:card\" content=\"summary_large_image\" \/>\n<meta name=\"twitter:site\" content=\"@Sumyteck\" \/>\n<meta name=\"twitter:label1\" content=\"Tiempo de lectura\" \/>\n\t<meta name=\"twitter:data1\" content=\"2 minutos\" \/>\n<script type=\"application\/ld+json\" class=\"yoast-schema-graph\">{\"@context\":\"https:\\\/\\\/schema.org\",\"@graph\":[{\"@type\":\"WebPage\",\"@id\":\"https:\\\/\\\/gruposumyteck.com\\\/?product=jet-fan-serie-ifft\",\"url\":\"https:\\\/\\\/gruposumyteck.com\\\/?product=jet-fan-serie-ifft\",\"name\":\"Jet Fan Serie IFFT - Grupo Sumyteck SAS\",\"isPartOf\":{\"@id\":\"https:\\\/\\\/gruposumyteck.com\\\/#website\"},\"primaryImageOfPage\":{\"@id\":\"https:\\\/\\\/gruposumyteck.com\\\/?product=jet-fan-serie-ifft#primaryimage\"},\"image\":{\"@id\":\"https:\\\/\\\/gruposumyteck.com\\\/?product=jet-fan-serie-ifft#primaryimage\"},\"thumbnailUrl\":\"https:\\\/\\\/gruposumyteck.com\\\/wp-content\\\/uploads\\\/2025\\\/04\\\/Tienda_JetFan_IFFT.jpg\",\"datePublished\":\"2025-04-27T18:47:11+00:00\",\"dateModified\":\"2025-04-27T19:02:48+00:00\",\"description\":\"El Jet Fan Serie IFFT es un ventilador centr\u00edfugo de impulso de alto desempe\u00f1o, dise\u00f1ado para mover grandes vol\u00famenes de aire en estacionamientos\",\"breadcrumb\":{\"@id\":\"https:\\\/\\\/gruposumyteck.com\\\/?product=jet-fan-serie-ifft#breadcrumb\"},\"inLanguage\":\"es\",\"potentialAction\":[{\"@type\":\"ReadAction\",\"target\":[\"https:\\\/\\\/gruposumyteck.com\\\/?product=jet-fan-serie-ifft\"]}]},{\"@type\":\"ImageObject\",\"inLanguage\":\"es\",\"@id\":\"https:\\\/\\\/gruposumyteck.com\\\/?product=jet-fan-serie-ifft#primaryimage\",\"url\":\"https:\\\/\\\/gruposumyteck.com\\\/wp-content\\\/uploads\\\/2025\\\/04\\\/Tienda_JetFan_IFFT.jpg\",\"contentUrl\":\"https:\\\/\\\/gruposumyteck.com\\\/wp-content\\\/uploads\\\/2025\\\/04\\\/Tienda_JetFan_IFFT.jpg\",\"width\":300,\"height\":350,\"caption\":\"Jet Fan Serie IFHT\"},{\"@type\":\"BreadcrumbList\",\"@id\":\"https:\\\/\\\/gruposumyteck.com\\\/?product=jet-fan-serie-ifft#breadcrumb\",\"itemListElement\":[{\"@type\":\"ListItem\",\"position\":1,\"name\":\"Inicio\",\"item\":\"https:\\\/\\\/gruposumyteck.com\\\/\"},{\"@type\":\"ListItem\",\"position\":2,\"name\":\"Productos\",\"item\":\"https:\\\/\\\/gruposumyteck.com\\\/?post_type=product\"},{\"@type\":\"ListItem\",\"position\":3,\"name\":\"Jet Fan Serie IFFT\"}]},{\"@type\":\"WebSite\",\"@id\":\"https:\\\/\\\/gruposumyteck.com\\\/#website\",\"url\":\"https:\\\/\\\/gruposumyteck.com\\\/\",\"name\":\"Grupo Sumyteck SAS\",\"description\":\"La mejor selecci\u00f3n de productos para ventilaci\u00f3n: extractores de aire, ventiladores industriales, ductos, compuertas, rejillas, filtros y controladores\",\"publisher\":{\"@id\":\"https:\\\/\\\/gruposumyteck.com\\\/#organization\"},\"alternateName\":\"gruposumyteck.com\",\"potentialAction\":[{\"@type\":\"SearchAction\",\"target\":{\"@type\":\"EntryPoint\",\"urlTemplate\":\"https:\\\/\\\/gruposumyteck.com\\\/?s={search_term_string}\"},\"query-input\":{\"@type\":\"PropertyValueSpecification\",\"valueRequired\":true,\"valueName\":\"search_term_string\"}}],\"inLanguage\":\"es\"},{\"@type\":\"Organization\",\"@id\":\"https:\\\/\\\/gruposumyteck.com\\\/#organization\",\"name\":\"Grupo Sumyteck SAS\",\"alternateName\":\"gruposumyteck.com\",\"url\":\"https:\\\/\\\/gruposumyteck.com\\\/\",\"logo\":{\"@type\":\"ImageObject\",\"inLanguage\":\"es\",\"@id\":\"https:\\\/\\\/gruposumyteck.com\\\/#\\\/schema\\\/logo\\\/image\\\/\",\"url\":\"https:\\\/\\\/gruposumyteck.com\\\/wp-content\\\/uploads\\\/2024\\\/03\\\/Favicon.png\",\"contentUrl\":\"https:\\\/\\\/gruposumyteck.com\\\/wp-content\\\/uploads\\\/2024\\\/03\\\/Favicon.png\",\"width\":384,\"height\":384,\"caption\":\"Grupo Sumyteck SAS\"},\"image\":{\"@id\":\"https:\\\/\\\/gruposumyteck.com\\\/#\\\/schema\\\/logo\\\/image\\\/\"},\"sameAs\":[\"https:\\\/\\\/es-la.facebook.com\\\/SumyteckSAS\\\/\",\"https:\\\/\\\/x.com\\\/Sumyteck\",\"https:\\\/\\\/www.youtube.com\\\/channel\\\/UCoHQzJTzEsi317O4N3k9Zbw\",\"https:\\\/\\\/www.instagram.com\\\/gruposumyteck\\\/\"]}]}<\/script>\n<!-- \/ Yoast SEO plugin. -->","yoast_head_json":{"title":"Jet Fan Serie IFFT - Grupo Sumyteck SAS","description":"El Jet Fan Serie IFFT es un ventilador centr\u00edfugo de impulso de alto desempe\u00f1o, dise\u00f1ado para mover grandes vol\u00famenes de aire en estacionamientos","robots":{"index":"index","follow":"follow","max-snippet":"max-snippet:-1","max-image-preview":"max-image-preview:large","max-video-preview":"max-video-preview:-1"},"canonical":"https:\/\/gruposumyteck.com\/?product=jet-fan-serie-ifft","og_locale":"es_ES","og_type":"article","og_title":"Jet Fan Serie IFFT - Grupo Sumyteck SAS","og_description":"El Jet Fan Serie IFFT es un ventilador centr\u00edfugo de impulso de alto desempe\u00f1o, dise\u00f1ado para mover grandes vol\u00famenes de aire en estacionamientos","og_url":"https:\/\/gruposumyteck.com\/?product=jet-fan-serie-ifft","og_site_name":"Grupo Sumyteck SAS","article_publisher":"https:\/\/es-la.facebook.com\/SumyteckSAS\/","article_modified_time":"2025-04-27T19:02:48+00:00","og_image":[{"width":300,"height":350,"url":"https:\/\/gruposumyteck.com\/wp-content\/uploads\/2025\/04\/Tienda_JetFan_IFFT.jpg","type":"image\/jpeg"}],"twitter_card":"summary_large_image","twitter_site":"@Sumyteck","twitter_misc":{"Tiempo de lectura":"2 minutos"},"schema":{"@context":"https:\/\/schema.org","@graph":[{"@type":"WebPage","@id":"https:\/\/gruposumyteck.com\/?product=jet-fan-serie-ifft","url":"https:\/\/gruposumyteck.com\/?product=jet-fan-serie-ifft","name":"Jet Fan Serie IFFT - Grupo Sumyteck SAS","isPartOf":{"@id":"https:\/\/gruposumyteck.com\/#website"},"primaryImageOfPage":{"@id":"https:\/\/gruposumyteck.com\/?product=jet-fan-serie-ifft#primaryimage"},"image":{"@id":"https:\/\/gruposumyteck.com\/?product=jet-fan-serie-ifft#primaryimage"},"thumbnailUrl":"https:\/\/gruposumyteck.com\/wp-content\/uploads\/2025\/04\/Tienda_JetFan_IFFT.jpg","datePublished":"2025-04-27T18:47:11+00:00","dateModified":"2025-04-27T19:02:48+00:00","description":"El Jet Fan Serie IFFT es un ventilador centr\u00edfugo de impulso de alto desempe\u00f1o, dise\u00f1ado para mover grandes vol\u00famenes de aire en estacionamientos","breadcrumb":{"@id":"https:\/\/gruposumyteck.com\/?product=jet-fan-serie-ifft#breadcrumb"},"inLanguage":"es","potentialAction":[{"@type":"ReadAction","target":["https:\/\/gruposumyteck.com\/?product=jet-fan-serie-ifft"]}]},{"@type":"ImageObject","inLanguage":"es","@id":"https:\/\/gruposumyteck.com\/?product=jet-fan-serie-ifft#primaryimage","url":"https:\/\/gruposumyteck.com\/wp-content\/uploads\/2025\/04\/Tienda_JetFan_IFFT.jpg","contentUrl":"https:\/\/gruposumyteck.com\/wp-content\/uploads\/2025\/04\/Tienda_JetFan_IFFT.jpg","width":300,"height":350,"caption":"Jet Fan Serie IFHT"},{"@type":"BreadcrumbList","@id":"https:\/\/gruposumyteck.com\/?product=jet-fan-serie-ifft#breadcrumb","itemListElement":[{"@type":"ListItem","position":1,"name":"Inicio","item":"https:\/\/gruposumyteck.com\/"},{"@type":"ListItem","position":2,"name":"Productos","item":"https:\/\/gruposumyteck.com\/?post_type=product"},{"@type":"ListItem","position":3,"name":"Jet Fan Serie IFFT"}]},{"@type":"WebSite","@id":"https:\/\/gruposumyteck.com\/#website","url":"https:\/\/gruposumyteck.com\/","name":"Grupo Sumyteck SAS","description":"La mejor selecci\u00f3n de productos para ventilaci\u00f3n: extractores de aire, ventiladores industriales, ductos, compuertas, rejillas, filtros y controladores","publisher":{"@id":"https:\/\/gruposumyteck.com\/#organization"},"alternateName":"gruposumyteck.com","potentialAction":[{"@type":"SearchAction","target":{"@type":"EntryPoint","urlTemplate":"https:\/\/gruposumyteck.com\/?s={search_term_string}"},"query-input":{"@type":"PropertyValueSpecification","valueRequired":true,"valueName":"search_term_string"}}],"inLanguage":"es"},{"@type":"Organization","@id":"https:\/\/gruposumyteck.com\/#organization","name":"Grupo Sumyteck SAS","alternateName":"gruposumyteck.com","url":"https:\/\/gruposumyteck.com\/","logo":{"@type":"ImageObject","inLanguage":"es","@id":"https:\/\/gruposumyteck.com\/#\/schema\/logo\/image\/","url":"https:\/\/gruposumyteck.com\/wp-content\/uploads\/2024\/03\/Favicon.png","contentUrl":"https:\/\/gruposumyteck.com\/wp-content\/uploads\/2024\/03\/Favicon.png","width":384,"height":384,"caption":"Grupo Sumyteck SAS"},"image":{"@id":"https:\/\/gruposumyteck.com\/#\/schema\/logo\/image\/"},"sameAs":["https:\/\/es-la.facebook.com\/SumyteckSAS\/","https:\/\/x.com\/Sumyteck","https:\/\/www.youtube.com\/channel\/UCoHQzJTzEsi317O4N3k9Zbw","https:\/\/www.instagram.com\/gruposumyteck\/"]}]}},"_links":{"self":[{"href":"https:\/\/gruposumyteck.com\/index.php?rest_route=\/wp\/v2\/product\/7132","targetHints":{"allow":["GET"]}}],"collection":[{"href":"https:\/\/gruposumyteck.com\/index.php?rest_route=\/wp\/v2\/product"}],"about":[{"href":"https:\/\/gruposumyteck.com\/index.php?rest_route=\/wp\/v2\/types\/product"}],"wp:featuredmedia":[{"embeddable":true,"href":"https:\/\/gruposumyteck.com\/index.php?rest_route=\/wp\/v2\/media\/7133"}],"wp:attachment":[{"href":"https:\/\/gruposumyteck.com\/index.php?rest_route=%2Fwp%2Fv2%2Fmedia&parent=7132"}],"wp:term":[{"taxonomy":"product_brand","embeddable":true,"href":"https:\/\/gruposumyteck.com\/index.php?rest_route=%2Fwp%2Fv2%2Fproduct_brand&post=7132"},{"taxonomy":"product_cat","embeddable":true,"href":"https:\/\/gruposumyteck.com\/index.php?rest_route=%2Fwp%2Fv2%2Fproduct_cat&post=7132"},{"taxonomy":"product_tag","embeddable":true,"href":"https:\/\/gruposumyteck.com\/index.php?rest_route=%2Fwp%2Fv2%2Fproduct_tag&post=7132"}],"curies":[{"name":"wp","href":"https:\/\/api.w.org\/{rel}","templated":true}]}}