{"id":7128,"date":"2025-04-27T08:08:31","date_gmt":"2025-04-27T13:08:31","guid":{"rendered":"https:\/\/gruposumyteck.com\/?post_type=product&#038;p=7128"},"modified":"2025-04-27T08:08:32","modified_gmt":"2025-04-27T13:08:32","slug":"jet-fan-serie-iffm","status":"publish","type":"product","link":"https:\/\/gruposumyteck.com\/?product=jet-fan-serie-iffm","title":{"rendered":"Jet Fan Serie IFFM"},"content":{"rendered":"<p>El <strong data-start=\"207\" data-end=\"229\">Jet Fan Serie IFFM<\/strong> es un ventilador centr\u00edfugo de alta eficiencia, dise\u00f1ado para el <strong data-start=\"295\" data-end=\"338\">movimiento de grandes vol\u00famenes de aire<\/strong> en aplicaciones donde se requiere ventilaci\u00f3n constante y controlada, como <strong data-start=\"414\" data-end=\"434\">estacionamientos<\/strong>, <strong data-start=\"436\" data-end=\"447\">t\u00faneles<\/strong> y <strong data-start=\"450\" data-end=\"473\">espacios confinados<\/strong>. Gracias a su <strong data-start=\"488\" data-end=\"524\">dise\u00f1o de bajo perfil de montaje<\/strong>, facilita una instalaci\u00f3n compacta y optimizada en espacios reducidos.<\/p>\n<p class=\"\" data-start=\"597\" data-end=\"839\">Cuenta con un <strong data-start=\"611\" data-end=\"638\">motor de alto desempe\u00f1o<\/strong> IP54, <strong data-start=\"645\" data-end=\"656\">clase F<\/strong>, de <strong data-start=\"661\" data-end=\"672\">2 polos<\/strong>, que garantiza operaci\u00f3n segura y continua incluso en ambientes exigentes. Su estructura robusta y confiable permite una vida \u00fatil prolongada y un bajo mantenimiento.<\/p>\n<p class=\"\" data-start=\"841\" data-end=\"881\"><strong data-start=\"841\" data-end=\"881\">Caracter\u00edsticas t\u00e9cnicas destacadas:<\/strong><\/p>\n<ul data-start=\"882\" data-end=\"1172\">\n<li class=\"\" data-start=\"882\" data-end=\"948\">\n<p class=\"\" data-start=\"884\" data-end=\"948\"><strong data-start=\"884\" data-end=\"907\">Motor IP54, Clase F<\/strong>, protecci\u00f3n contra polvo y salpicaduras.<\/p>\n<\/li>\n<li class=\"\" data-start=\"949\" data-end=\"1028\">\n<p class=\"\" data-start=\"951\" data-end=\"1028\"><strong data-start=\"951\" data-end=\"987\">Dise\u00f1o compacto y de bajo perfil<\/strong>, ideal para techos o espacios limitados.<\/p>\n<\/li>\n<li class=\"\" data-start=\"1029\" data-end=\"1108\">\n<p class=\"\" data-start=\"1031\" data-end=\"1108\"><strong data-start=\"1031\" data-end=\"1068\">Ventilador centr\u00edfugo tipo Jetfan<\/strong>, para alta presi\u00f3n y caudal controlado.<\/p>\n<\/li>\n<li class=\"\" data-start=\"1109\" data-end=\"1172\">\n<p class=\"\" data-start=\"1111\" data-end=\"1172\"><strong data-start=\"1111\" data-end=\"1134\">Operaci\u00f3n confiable<\/strong> en condiciones ambientales exigentes.<\/p>\n<\/li>\n<\/ul>\n<p class=\"\" data-start=\"1174\" data-end=\"1203\"><strong data-start=\"1174\" data-end=\"1203\">Aplicaciones principales:<\/strong><\/p>\n<ul data-start=\"1204\" data-end=\"1696\">\n<li class=\"\" data-start=\"1204\" data-end=\"1272\">\n<p class=\"\" data-start=\"1206\" data-end=\"1272\"><strong data-start=\"1206\" data-end=\"1241\">Ventilaci\u00f3n de estacionamientos<\/strong> subterr\u00e1neos y de gran tama\u00f1o.<\/p>\n<\/li>\n<li class=\"\" data-start=\"1273\" data-end=\"1351\">\n<p class=\"\" data-start=\"1275\" data-end=\"1351\"><strong data-start=\"1275\" data-end=\"1310\">Extracci\u00f3n y disipaci\u00f3n de humo<\/strong> en situaciones normales o de emergencia.<\/p>\n<\/li>\n<li class=\"\" data-start=\"1352\" data-end=\"1455\">\n<p class=\"\" data-start=\"1354\" data-end=\"1455\"><strong data-start=\"1354\" data-end=\"1382\">Control de contaminantes<\/strong> como mon\u00f3xido de carbono, di\u00f3xido de nitr\u00f3geno y part\u00edculas suspendidas.<\/p>\n<\/li>\n<li class=\"\" data-start=\"1456\" data-end=\"1533\">\n<p class=\"\" data-start=\"1458\" data-end=\"1533\"><strong data-start=\"1458\" data-end=\"1511\">Renovaci\u00f3n de aire en t\u00faneles de acceso vehicular<\/strong> y pasos subterr\u00e1neos.<\/p>\n<\/li>\n<li class=\"\" data-start=\"1534\" data-end=\"1622\">\n<p class=\"\" data-start=\"1536\" data-end=\"1622\"><strong data-start=\"1536\" data-end=\"1581\">Apoyo en sistemas de ventilaci\u00f3n mec\u00e1nica<\/strong> de edificios comerciales e industriales.<\/p>\n<\/li>\n<li class=\"\" data-start=\"1623\" data-end=\"1696\">\n<p class=\"\" data-start=\"1625\" data-end=\"1696\"><strong data-start=\"1625\" data-end=\"1658\">Mejora de la calidad del aire<\/strong> en s\u00f3tanos y zonas de dif\u00edcil acceso.<\/p>\n<\/li>\n<\/ul>\n<p class=\"\" data-start=\"1698\" data-end=\"1890\">Su implementaci\u00f3n garantiza ambientes m\u00e1s seguros, cumpliendo con las normativas de ventilaci\u00f3n en infraestructuras de tr\u00e1fico y reduciendo riesgos asociados a la acumulaci\u00f3n de gases t\u00f3xicos.<\/p>\n<a href='https:\/\/gruposumyteck.com\/files\/SP-iffm.pdf' class='small-button smallblack' target=\"_blank\">Ver Ficha T\u00e9cnica<\/a>\n","protected":false},"excerpt":{"rendered":"<p>El <strong data-start=\"207\" data-end=\"229\">Jet Fan Serie IFFM<\/strong> es un ventilador centr\u00edfugo de alta eficiencia, dise\u00f1ado para el <strong data-start=\"295\" data-end=\"338\">movimiento de grandes vol\u00famenes de aire<\/strong> en aplicaciones donde se requiere ventilaci\u00f3n constante y controlada, como <strong data-start=\"414\" data-end=\"434\">estacionamientos<\/strong>, <strong data-start=\"436\" data-end=\"447\">t\u00faneles<\/strong> y <strong data-start=\"450\" data-end=\"473\">espacios confinados<\/strong>. Gracias a su <strong data-start=\"488\" data-end=\"524\">dise\u00f1o de bajo perfil de montaje<\/strong>, facilita una instalaci\u00f3n compacta y optimizada en espacios reducidos.<\/p>\n<a href='https:\/\/gruposumyteck.com\/files\/SP-iffm.pdf' class='small-button smallblack' target=\"_blank\">Ver Ficha T\u00e9cnica<\/a>\n","protected":false},"featured_media":7129,"template":"","meta":{"_et_pb_use_builder":"","_et_pb_old_content":"","_et_gb_content_width":""},"product_brand":[176],"product_cat":[755,177],"product_tag":[769,771,774,766,772,768,770,767,773,775],"class_list":{"0":"post-7128","1":"product","2":"type-product","3":"status-publish","4":"has-post-thumbnail","6":"product_brand-soler-y-palau","7":"product_cat-jet-fan","8":"product_cat-ventilacion-comercial","9":"product_tag-extraccion-de-humo-en-parkings","10":"product_tag-jet-fan-bajo-perfil","11":"product_tag-jet-fan-disipacion-de-humo","12":"product_tag-jet-fan-para-tuneles","13":"product_tag-ventilacion-de-estacionamientos-subterraneos","14":"product_tag-ventilacion-de-tuneles-vehiculares","15":"product_tag-ventilador-centrifugo-jetfan","16":"product_tag-ventilador-jet-fan-para-estacionamientos","17":"product_tag-ventilador-para-control-de-contaminantes","18":"product_tag-ventiladores-de-inyeccion-de-aire-para-tuneles","20":"first","21":"instock","22":"taxable","23":"shipping-taxable","24":"product-type-simple"},"yoast_head":"<!-- This site is optimized with the Yoast SEO plugin v27.5 - https:\/\/yoast.com\/product\/yoast-seo-wordpress\/ -->\n<title>Jet Fan Serie IFFM - Grupo Sumyteck SAS<\/title>\n<meta name=\"description\" content=\"Jet Fan IFFM es un ventilador centr\u00edfugo de alta eficiencia, dise\u00f1ado para el movimiento de grandes vol\u00famenes de aire en aplicaciones ventilaci\u00f3n constante\" \/>\n<meta name=\"robots\" content=\"index, follow, max-snippet:-1, max-image-preview:large, max-video-preview:-1\" \/>\n<link rel=\"canonical\" href=\"https:\/\/gruposumyteck.com\/?product=jet-fan-serie-iffm\" \/>\n<meta property=\"og:locale\" content=\"es_ES\" \/>\n<meta property=\"og:type\" content=\"article\" \/>\n<meta property=\"og:title\" content=\"Jet Fan Serie IFFM - Grupo Sumyteck SAS\" \/>\n<meta property=\"og:description\" content=\"Jet Fan IFFM es un ventilador centr\u00edfugo de alta eficiencia, dise\u00f1ado para el movimiento de grandes vol\u00famenes de aire en aplicaciones ventilaci\u00f3n constante\" \/>\n<meta property=\"og:url\" content=\"https:\/\/gruposumyteck.com\/?product=jet-fan-serie-iffm\" \/>\n<meta property=\"og:site_name\" content=\"Grupo Sumyteck SAS\" \/>\n<meta property=\"article:publisher\" content=\"https:\/\/es-la.facebook.com\/SumyteckSAS\/\" \/>\n<meta property=\"article:modified_time\" content=\"2025-04-27T13:08:32+00:00\" \/>\n<meta property=\"og:image\" content=\"https:\/\/gruposumyteck.com\/wp-content\/uploads\/2025\/04\/Tienda_JetFan_IFFM.jpg\" \/>\n\t<meta property=\"og:image:width\" content=\"300\" \/>\n\t<meta property=\"og:image:height\" content=\"350\" \/>\n\t<meta property=\"og:image:type\" content=\"image\/jpeg\" \/>\n<meta name=\"twitter:card\" content=\"summary_large_image\" \/>\n<meta name=\"twitter:site\" content=\"@Sumyteck\" \/>\n<meta name=\"twitter:label1\" content=\"Tiempo de lectura\" \/>\n\t<meta name=\"twitter:data1\" content=\"2 minutos\" \/>\n<script type=\"application\/ld+json\" class=\"yoast-schema-graph\">{\"@context\":\"https:\\\/\\\/schema.org\",\"@graph\":[{\"@type\":\"WebPage\",\"@id\":\"https:\\\/\\\/gruposumyteck.com\\\/?product=jet-fan-serie-iffm\",\"url\":\"https:\\\/\\\/gruposumyteck.com\\\/?product=jet-fan-serie-iffm\",\"name\":\"Jet Fan Serie IFFM - Grupo Sumyteck SAS\",\"isPartOf\":{\"@id\":\"https:\\\/\\\/gruposumyteck.com\\\/#website\"},\"primaryImageOfPage\":{\"@id\":\"https:\\\/\\\/gruposumyteck.com\\\/?product=jet-fan-serie-iffm#primaryimage\"},\"image\":{\"@id\":\"https:\\\/\\\/gruposumyteck.com\\\/?product=jet-fan-serie-iffm#primaryimage\"},\"thumbnailUrl\":\"https:\\\/\\\/gruposumyteck.com\\\/wp-content\\\/uploads\\\/2025\\\/04\\\/Tienda_JetFan_IFFM.jpg\",\"datePublished\":\"2025-04-27T13:08:31+00:00\",\"dateModified\":\"2025-04-27T13:08:32+00:00\",\"description\":\"Jet Fan IFFM es un ventilador centr\u00edfugo de alta eficiencia, dise\u00f1ado para el movimiento de grandes vol\u00famenes de aire en aplicaciones ventilaci\u00f3n constante\",\"breadcrumb\":{\"@id\":\"https:\\\/\\\/gruposumyteck.com\\\/?product=jet-fan-serie-iffm#breadcrumb\"},\"inLanguage\":\"es\",\"potentialAction\":[{\"@type\":\"ReadAction\",\"target\":[\"https:\\\/\\\/gruposumyteck.com\\\/?product=jet-fan-serie-iffm\"]}]},{\"@type\":\"ImageObject\",\"inLanguage\":\"es\",\"@id\":\"https:\\\/\\\/gruposumyteck.com\\\/?product=jet-fan-serie-iffm#primaryimage\",\"url\":\"https:\\\/\\\/gruposumyteck.com\\\/wp-content\\\/uploads\\\/2025\\\/04\\\/Tienda_JetFan_IFFM.jpg\",\"contentUrl\":\"https:\\\/\\\/gruposumyteck.com\\\/wp-content\\\/uploads\\\/2025\\\/04\\\/Tienda_JetFan_IFFM.jpg\",\"width\":300,\"height\":350,\"caption\":\"Jet Fan Serie IFFE\"},{\"@type\":\"BreadcrumbList\",\"@id\":\"https:\\\/\\\/gruposumyteck.com\\\/?product=jet-fan-serie-iffm#breadcrumb\",\"itemListElement\":[{\"@type\":\"ListItem\",\"position\":1,\"name\":\"Inicio\",\"item\":\"https:\\\/\\\/gruposumyteck.com\\\/\"},{\"@type\":\"ListItem\",\"position\":2,\"name\":\"Productos\",\"item\":\"https:\\\/\\\/gruposumyteck.com\\\/?post_type=product\"},{\"@type\":\"ListItem\",\"position\":3,\"name\":\"Jet Fan Serie IFFM\"}]},{\"@type\":\"WebSite\",\"@id\":\"https:\\\/\\\/gruposumyteck.com\\\/#website\",\"url\":\"https:\\\/\\\/gruposumyteck.com\\\/\",\"name\":\"Grupo Sumyteck SAS\",\"description\":\"La mejor selecci\u00f3n de productos para ventilaci\u00f3n: extractores de aire, ventiladores industriales, ductos, compuertas, rejillas, filtros y controladores\",\"publisher\":{\"@id\":\"https:\\\/\\\/gruposumyteck.com\\\/#organization\"},\"alternateName\":\"gruposumyteck.com\",\"potentialAction\":[{\"@type\":\"SearchAction\",\"target\":{\"@type\":\"EntryPoint\",\"urlTemplate\":\"https:\\\/\\\/gruposumyteck.com\\\/?s={search_term_string}\"},\"query-input\":{\"@type\":\"PropertyValueSpecification\",\"valueRequired\":true,\"valueName\":\"search_term_string\"}}],\"inLanguage\":\"es\"},{\"@type\":\"Organization\",\"@id\":\"https:\\\/\\\/gruposumyteck.com\\\/#organization\",\"name\":\"Grupo Sumyteck SAS\",\"alternateName\":\"gruposumyteck.com\",\"url\":\"https:\\\/\\\/gruposumyteck.com\\\/\",\"logo\":{\"@type\":\"ImageObject\",\"inLanguage\":\"es\",\"@id\":\"https:\\\/\\\/gruposumyteck.com\\\/#\\\/schema\\\/logo\\\/image\\\/\",\"url\":\"https:\\\/\\\/gruposumyteck.com\\\/wp-content\\\/uploads\\\/2024\\\/03\\\/Favicon.png\",\"contentUrl\":\"https:\\\/\\\/gruposumyteck.com\\\/wp-content\\\/uploads\\\/2024\\\/03\\\/Favicon.png\",\"width\":384,\"height\":384,\"caption\":\"Grupo Sumyteck SAS\"},\"image\":{\"@id\":\"https:\\\/\\\/gruposumyteck.com\\\/#\\\/schema\\\/logo\\\/image\\\/\"},\"sameAs\":[\"https:\\\/\\\/es-la.facebook.com\\\/SumyteckSAS\\\/\",\"https:\\\/\\\/x.com\\\/Sumyteck\",\"https:\\\/\\\/www.youtube.com\\\/channel\\\/UCoHQzJTzEsi317O4N3k9Zbw\",\"https:\\\/\\\/www.instagram.com\\\/gruposumyteck\\\/\"]}]}<\/script>\n<!-- \/ Yoast SEO plugin. -->","yoast_head_json":{"title":"Jet Fan Serie IFFM - Grupo Sumyteck SAS","description":"Jet Fan IFFM es un ventilador centr\u00edfugo de alta eficiencia, dise\u00f1ado para el movimiento de grandes vol\u00famenes de aire en aplicaciones ventilaci\u00f3n constante","robots":{"index":"index","follow":"follow","max-snippet":"max-snippet:-1","max-image-preview":"max-image-preview:large","max-video-preview":"max-video-preview:-1"},"canonical":"https:\/\/gruposumyteck.com\/?product=jet-fan-serie-iffm","og_locale":"es_ES","og_type":"article","og_title":"Jet Fan Serie IFFM - Grupo Sumyteck SAS","og_description":"Jet Fan IFFM es un ventilador centr\u00edfugo de alta eficiencia, dise\u00f1ado para el movimiento de grandes vol\u00famenes de aire en aplicaciones ventilaci\u00f3n constante","og_url":"https:\/\/gruposumyteck.com\/?product=jet-fan-serie-iffm","og_site_name":"Grupo Sumyteck SAS","article_publisher":"https:\/\/es-la.facebook.com\/SumyteckSAS\/","article_modified_time":"2025-04-27T13:08:32+00:00","og_image":[{"width":300,"height":350,"url":"https:\/\/gruposumyteck.com\/wp-content\/uploads\/2025\/04\/Tienda_JetFan_IFFM.jpg","type":"image\/jpeg"}],"twitter_card":"summary_large_image","twitter_site":"@Sumyteck","twitter_misc":{"Tiempo de lectura":"2 minutos"},"schema":{"@context":"https:\/\/schema.org","@graph":[{"@type":"WebPage","@id":"https:\/\/gruposumyteck.com\/?product=jet-fan-serie-iffm","url":"https:\/\/gruposumyteck.com\/?product=jet-fan-serie-iffm","name":"Jet Fan Serie IFFM - Grupo Sumyteck SAS","isPartOf":{"@id":"https:\/\/gruposumyteck.com\/#website"},"primaryImageOfPage":{"@id":"https:\/\/gruposumyteck.com\/?product=jet-fan-serie-iffm#primaryimage"},"image":{"@id":"https:\/\/gruposumyteck.com\/?product=jet-fan-serie-iffm#primaryimage"},"thumbnailUrl":"https:\/\/gruposumyteck.com\/wp-content\/uploads\/2025\/04\/Tienda_JetFan_IFFM.jpg","datePublished":"2025-04-27T13:08:31+00:00","dateModified":"2025-04-27T13:08:32+00:00","description":"Jet Fan IFFM es un ventilador centr\u00edfugo de alta eficiencia, dise\u00f1ado para el movimiento de grandes vol\u00famenes de aire en aplicaciones ventilaci\u00f3n constante","breadcrumb":{"@id":"https:\/\/gruposumyteck.com\/?product=jet-fan-serie-iffm#breadcrumb"},"inLanguage":"es","potentialAction":[{"@type":"ReadAction","target":["https:\/\/gruposumyteck.com\/?product=jet-fan-serie-iffm"]}]},{"@type":"ImageObject","inLanguage":"es","@id":"https:\/\/gruposumyteck.com\/?product=jet-fan-serie-iffm#primaryimage","url":"https:\/\/gruposumyteck.com\/wp-content\/uploads\/2025\/04\/Tienda_JetFan_IFFM.jpg","contentUrl":"https:\/\/gruposumyteck.com\/wp-content\/uploads\/2025\/04\/Tienda_JetFan_IFFM.jpg","width":300,"height":350,"caption":"Jet Fan Serie IFFE"},{"@type":"BreadcrumbList","@id":"https:\/\/gruposumyteck.com\/?product=jet-fan-serie-iffm#breadcrumb","itemListElement":[{"@type":"ListItem","position":1,"name":"Inicio","item":"https:\/\/gruposumyteck.com\/"},{"@type":"ListItem","position":2,"name":"Productos","item":"https:\/\/gruposumyteck.com\/?post_type=product"},{"@type":"ListItem","position":3,"name":"Jet Fan Serie IFFM"}]},{"@type":"WebSite","@id":"https:\/\/gruposumyteck.com\/#website","url":"https:\/\/gruposumyteck.com\/","name":"Grupo Sumyteck SAS","description":"La mejor selecci\u00f3n de productos para ventilaci\u00f3n: extractores de aire, ventiladores industriales, ductos, compuertas, rejillas, filtros y controladores","publisher":{"@id":"https:\/\/gruposumyteck.com\/#organization"},"alternateName":"gruposumyteck.com","potentialAction":[{"@type":"SearchAction","target":{"@type":"EntryPoint","urlTemplate":"https:\/\/gruposumyteck.com\/?s={search_term_string}"},"query-input":{"@type":"PropertyValueSpecification","valueRequired":true,"valueName":"search_term_string"}}],"inLanguage":"es"},{"@type":"Organization","@id":"https:\/\/gruposumyteck.com\/#organization","name":"Grupo Sumyteck SAS","alternateName":"gruposumyteck.com","url":"https:\/\/gruposumyteck.com\/","logo":{"@type":"ImageObject","inLanguage":"es","@id":"https:\/\/gruposumyteck.com\/#\/schema\/logo\/image\/","url":"https:\/\/gruposumyteck.com\/wp-content\/uploads\/2024\/03\/Favicon.png","contentUrl":"https:\/\/gruposumyteck.com\/wp-content\/uploads\/2024\/03\/Favicon.png","width":384,"height":384,"caption":"Grupo Sumyteck SAS"},"image":{"@id":"https:\/\/gruposumyteck.com\/#\/schema\/logo\/image\/"},"sameAs":["https:\/\/es-la.facebook.com\/SumyteckSAS\/","https:\/\/x.com\/Sumyteck","https:\/\/www.youtube.com\/channel\/UCoHQzJTzEsi317O4N3k9Zbw","https:\/\/www.instagram.com\/gruposumyteck\/"]}]}},"_links":{"self":[{"href":"https:\/\/gruposumyteck.com\/index.php?rest_route=\/wp\/v2\/product\/7128","targetHints":{"allow":["GET"]}}],"collection":[{"href":"https:\/\/gruposumyteck.com\/index.php?rest_route=\/wp\/v2\/product"}],"about":[{"href":"https:\/\/gruposumyteck.com\/index.php?rest_route=\/wp\/v2\/types\/product"}],"wp:featuredmedia":[{"embeddable":true,"href":"https:\/\/gruposumyteck.com\/index.php?rest_route=\/wp\/v2\/media\/7129"}],"wp:attachment":[{"href":"https:\/\/gruposumyteck.com\/index.php?rest_route=%2Fwp%2Fv2%2Fmedia&parent=7128"}],"wp:term":[{"taxonomy":"product_brand","embeddable":true,"href":"https:\/\/gruposumyteck.com\/index.php?rest_route=%2Fwp%2Fv2%2Fproduct_brand&post=7128"},{"taxonomy":"product_cat","embeddable":true,"href":"https:\/\/gruposumyteck.com\/index.php?rest_route=%2Fwp%2Fv2%2Fproduct_cat&post=7128"},{"taxonomy":"product_tag","embeddable":true,"href":"https:\/\/gruposumyteck.com\/index.php?rest_route=%2Fwp%2Fv2%2Fproduct_tag&post=7128"}],"curies":[{"name":"wp","href":"https:\/\/api.w.org\/{rel}","templated":true}]}}