{"id":7100,"date":"2025-04-26T17:02:59","date_gmt":"2025-04-26T22:02:59","guid":{"rendered":"https:\/\/gruposumyteck.com\/?post_type=product&#038;p=7100"},"modified":"2025-04-26T17:05:28","modified_gmt":"2025-04-26T22:05:28","slug":"centrifugos-serie-pl","status":"publish","type":"product","link":"https:\/\/gruposumyteck.com\/?product=centrifugos-serie-pl","title":{"rendered":"Centr\u00edfugos Serie PL"},"content":{"rendered":"<p>Los <strong data-start=\"232\" data-end=\"269\">ventiladores centr\u00edfugos Serie PL<\/strong> est\u00e1n dise\u00f1ados especialmente para aplicaciones donde se requiere alta resistencia a la corrosi\u00f3n qu\u00edmica y un funcionamiento silencioso y confiable. Est\u00e1n fabricados con <strong data-start=\"441\" data-end=\"487\">carcasa de una sola pieza en polipropileno<\/strong>, garantizando una excelente resistencia a agentes qu\u00edmicos y atmosf\u00e9ricos.<\/p>\n<p class=\"\" data-start=\"564\" data-end=\"923\">Incorporan una <strong data-start=\"579\" data-end=\"619\">turbina de \u00e1labes curvos adelantados<\/strong>, moldeada por inyecci\u00f3n de polipropileno, que proporciona un flujo de aire eficiente y estable. Equipados con <strong data-start=\"730\" data-end=\"759\">motores est\u00e1ndar cerrados<\/strong> y un dise\u00f1o compacto, los equipos Serie PL facilitan la instalaci\u00f3n en espacios reducidos, manteniendo un <strong data-start=\"866\" data-end=\"887\">bajo nivel sonoro<\/strong> y una alta eficiencia de operaci\u00f3n.<\/p>\n<p class=\"\" data-start=\"925\" data-end=\"957\"><strong data-start=\"925\" data-end=\"957\">Caracter\u00edsticas principales:<\/strong><\/p>\n<ul data-start=\"958\" data-end=\"1356\">\n<li class=\"\" data-start=\"958\" data-end=\"1024\">\n<p class=\"\" data-start=\"960\" data-end=\"1024\">Carcasa monobloque de polipropileno de alta resistencia qu\u00edmica.<\/p>\n<\/li>\n<li class=\"\" data-start=\"1025\" data-end=\"1104\">\n<p class=\"\" data-start=\"1027\" data-end=\"1104\">Turbina de polipropileno con \u00e1labes curvos adelantados para mayor eficiencia.<\/p>\n<\/li>\n<li class=\"\" data-start=\"1105\" data-end=\"1179\">\n<p class=\"\" data-start=\"1107\" data-end=\"1179\">Motores est\u00e1ndar cerrados que garantizan mayor protecci\u00f3n y durabilidad.<\/p>\n<\/li>\n<li class=\"\" data-start=\"1180\" data-end=\"1267\">\n<p class=\"\" data-start=\"1182\" data-end=\"1267\">Operaci\u00f3n silenciosa y dise\u00f1o compacto para f\u00e1cil integraci\u00f3n en sistemas existentes.<\/p>\n<\/li>\n<li class=\"\" data-start=\"1268\" data-end=\"1356\">\n<p class=\"\" data-start=\"1270\" data-end=\"1356\">Especialmente dise\u00f1ados para aplicaciones de manejo de aire con compuestos corrosivos.<\/p>\n<\/li>\n<\/ul>\n<p class=\"\" data-start=\"1358\" data-end=\"1387\"><strong data-start=\"1358\" data-end=\"1387\">Aplicaciones principales:<\/strong><\/p>\n<ul data-start=\"1388\" data-end=\"1781\">\n<li class=\"\" data-start=\"1388\" data-end=\"1445\">\n<p class=\"\" data-start=\"1390\" data-end=\"1445\"><strong data-start=\"1390\" data-end=\"1415\">Laboratorios qu\u00edmicos<\/strong> y <strong data-start=\"1418\" data-end=\"1444\">almacenes de reactivos<\/strong>.<\/p>\n<\/li>\n<li class=\"\" data-start=\"1446\" data-end=\"1503\">\n<p class=\"\" data-start=\"1448\" data-end=\"1503\"><strong data-start=\"1448\" data-end=\"1474\">Industria farmac\u00e9utica<\/strong> y <strong data-start=\"1477\" data-end=\"1502\">procesos alimenticios<\/strong>.<\/p>\n<\/li>\n<li class=\"\" data-start=\"1504\" data-end=\"1561\">\n<p class=\"\" data-start=\"1506\" data-end=\"1561\"><strong data-start=\"1506\" data-end=\"1539\">Manejo de pinturas, solventes<\/strong> y qu\u00edmicos agresivos.<\/p>\n<\/li>\n<li class=\"\" data-start=\"1562\" data-end=\"1617\">\n<p class=\"\" data-start=\"1564\" data-end=\"1617\"><strong data-start=\"1564\" data-end=\"1589\">Industria electr\u00f3nica<\/strong> y <strong data-start=\"1592\" data-end=\"1616\">qu\u00edmica agropecuaria<\/strong>.<\/p>\n<\/li>\n<li class=\"\" data-start=\"1618\" data-end=\"1712\">\n<p class=\"\" data-start=\"1620\" data-end=\"1712\"><strong data-start=\"1620\" data-end=\"1645\">Industria fotogr\u00e1fica<\/strong>, <strong data-start=\"1647\" data-end=\"1673\">industria petroqu\u00edmica<\/strong> y <strong data-start=\"1676\" data-end=\"1711\">procesos de tratamiento de agua<\/strong>.<\/p>\n<\/li>\n<li class=\"\" data-start=\"1713\" data-end=\"1781\">\n<p class=\"\" data-start=\"1715\" data-end=\"1781\">Extracci\u00f3n de aire contaminado en entornos industriales exigentes.<\/p>\n<\/li>\n<\/ul>\n<hr class=\"\" data-start=\"1783\" data-end=\"1786\" \/>\n<a href='https:\/\/gruposumyteck.com\/files\/SP_catalogo%20pl-e%20v0.pdf' class='small-button smallblack' target=\"_blank\">Ver Ficha T\u00e9cnica<\/a>\n<p>&nbsp;<\/p>\n","protected":false},"excerpt":{"rendered":"<p>Los <strong data-start=\"232\" data-end=\"269\">ventiladores centr\u00edfugos Serie PL<\/strong> est\u00e1n dise\u00f1ados especialmente para aplicaciones donde se requiere alta resistencia a la corrosi\u00f3n qu\u00edmica y un funcionamiento silencioso y confiable. Est\u00e1n fabricados con <strong data-start=\"441\" data-end=\"487\">carcasa de una sola pieza en polipropileno<\/strong>, garantizando una excelente resistencia a agentes qu\u00edmicos y atmosf\u00e9ricos.<\/p>\n<a href='https:\/\/gruposumyteck.com\/files\/SP_catalogo%20pl-e%20v0.pdf' class='small-button smallblack' target=\"_blank\">Ver Ficha T\u00e9cnica<\/a>\n","protected":false},"featured_media":7101,"template":"","meta":{"_et_pb_use_builder":"","_et_pb_old_content":"","_et_gb_content_width":""},"product_brand":[176],"product_cat":[627,177],"product_tag":[683,686,678,681,684,679,682,685,687,680],"class_list":{"0":"post-7100","1":"product","2":"type-product","3":"status-publish","4":"has-post-thumbnail","6":"product_brand-soler-y-palau","7":"product_cat-centrifugos","8":"product_cat-ventilacion-comercial","9":"product_tag-extractores-de-polipropileno","10":"product_tag-ventiladores-de-baja-sonoridad","11":"product_tag-ventiladores-de-polipropileno","12":"product_tag-ventiladores-para-industria-farmaceutica","13":"product_tag-ventiladores-para-industria-petroquimica","14":"product_tag-ventiladores-para-laboratorios-quimicos","15":"product_tag-ventiladores-para-manejo-de-solventes","16":"product_tag-ventiladores-para-procesos-alimenticios","17":"product_tag-ventiladores-para-tratamiento-de-agua","18":"product_tag-ventiladores-resistentes-a-quimicos","20":"first","21":"instock","22":"taxable","23":"shipping-taxable","24":"product-type-simple"},"yoast_head":"<!-- This site is optimized with the Yoast SEO plugin v27.5 - https:\/\/yoast.com\/product\/yoast-seo-wordpress\/ -->\n<title>Centr\u00edfugos Serie PL - Grupo Sumyteck SAS<\/title>\n<meta name=\"description\" content=\"Los ventiladores centr\u00edfugos Serie PL est\u00e1n dise\u00f1ados especialmente para aplicaciones donde se requiere alta resistencia a la corrosi\u00f3n qu\u00edmica.\" \/>\n<meta name=\"robots\" content=\"index, follow, max-snippet:-1, max-image-preview:large, max-video-preview:-1\" \/>\n<link rel=\"canonical\" href=\"https:\/\/gruposumyteck.com\/?product=centrifugos-serie-pl\" \/>\n<meta property=\"og:locale\" content=\"es_ES\" \/>\n<meta property=\"og:type\" content=\"article\" \/>\n<meta property=\"og:title\" content=\"Centr\u00edfugos Serie PL - Grupo Sumyteck SAS\" \/>\n<meta property=\"og:description\" content=\"Los ventiladores centr\u00edfugos Serie PL est\u00e1n dise\u00f1ados especialmente para aplicaciones donde se requiere alta resistencia a la corrosi\u00f3n qu\u00edmica.\" \/>\n<meta property=\"og:url\" content=\"https:\/\/gruposumyteck.com\/?product=centrifugos-serie-pl\" \/>\n<meta property=\"og:site_name\" content=\"Grupo Sumyteck SAS\" \/>\n<meta property=\"article:publisher\" content=\"https:\/\/es-la.facebook.com\/SumyteckSAS\/\" \/>\n<meta property=\"article:modified_time\" content=\"2025-04-26T22:05:28+00:00\" \/>\n<meta property=\"og:image\" content=\"https:\/\/gruposumyteck.com\/wp-content\/uploads\/2025\/04\/Tienda_Centrifugos-Serie-PL.jpg\" \/>\n\t<meta property=\"og:image:width\" content=\"300\" \/>\n\t<meta property=\"og:image:height\" content=\"350\" \/>\n\t<meta property=\"og:image:type\" content=\"image\/jpeg\" \/>\n<meta name=\"twitter:card\" content=\"summary_large_image\" \/>\n<meta name=\"twitter:site\" content=\"@Sumyteck\" \/>\n<meta name=\"twitter:label1\" content=\"Tiempo de lectura\" \/>\n\t<meta name=\"twitter:data1\" content=\"2 minutos\" \/>\n<script type=\"application\/ld+json\" class=\"yoast-schema-graph\">{\"@context\":\"https:\\\/\\\/schema.org\",\"@graph\":[{\"@type\":\"WebPage\",\"@id\":\"https:\\\/\\\/gruposumyteck.com\\\/?product=centrifugos-serie-pl\",\"url\":\"https:\\\/\\\/gruposumyteck.com\\\/?product=centrifugos-serie-pl\",\"name\":\"Centr\u00edfugos Serie PL - Grupo Sumyteck SAS\",\"isPartOf\":{\"@id\":\"https:\\\/\\\/gruposumyteck.com\\\/#website\"},\"primaryImageOfPage\":{\"@id\":\"https:\\\/\\\/gruposumyteck.com\\\/?product=centrifugos-serie-pl#primaryimage\"},\"image\":{\"@id\":\"https:\\\/\\\/gruposumyteck.com\\\/?product=centrifugos-serie-pl#primaryimage\"},\"thumbnailUrl\":\"https:\\\/\\\/gruposumyteck.com\\\/wp-content\\\/uploads\\\/2025\\\/04\\\/Tienda_Centrifugos-Serie-PL.jpg\",\"datePublished\":\"2025-04-26T22:02:59+00:00\",\"dateModified\":\"2025-04-26T22:05:28+00:00\",\"description\":\"Los ventiladores centr\u00edfugos Serie PL est\u00e1n dise\u00f1ados especialmente para aplicaciones donde se requiere alta resistencia a la corrosi\u00f3n qu\u00edmica.\",\"breadcrumb\":{\"@id\":\"https:\\\/\\\/gruposumyteck.com\\\/?product=centrifugos-serie-pl#breadcrumb\"},\"inLanguage\":\"es\",\"potentialAction\":[{\"@type\":\"ReadAction\",\"target\":[\"https:\\\/\\\/gruposumyteck.com\\\/?product=centrifugos-serie-pl\"]}]},{\"@type\":\"ImageObject\",\"inLanguage\":\"es\",\"@id\":\"https:\\\/\\\/gruposumyteck.com\\\/?product=centrifugos-serie-pl#primaryimage\",\"url\":\"https:\\\/\\\/gruposumyteck.com\\\/wp-content\\\/uploads\\\/2025\\\/04\\\/Tienda_Centrifugos-Serie-PL.jpg\",\"contentUrl\":\"https:\\\/\\\/gruposumyteck.com\\\/wp-content\\\/uploads\\\/2025\\\/04\\\/Tienda_Centrifugos-Serie-PL.jpg\",\"width\":300,\"height\":350,\"caption\":\"Centr\u00edfugos Serie PL\"},{\"@type\":\"BreadcrumbList\",\"@id\":\"https:\\\/\\\/gruposumyteck.com\\\/?product=centrifugos-serie-pl#breadcrumb\",\"itemListElement\":[{\"@type\":\"ListItem\",\"position\":1,\"name\":\"Inicio\",\"item\":\"https:\\\/\\\/gruposumyteck.com\\\/\"},{\"@type\":\"ListItem\",\"position\":2,\"name\":\"Productos\",\"item\":\"https:\\\/\\\/gruposumyteck.com\\\/?post_type=product\"},{\"@type\":\"ListItem\",\"position\":3,\"name\":\"Centr\u00edfugos Serie PL\"}]},{\"@type\":\"WebSite\",\"@id\":\"https:\\\/\\\/gruposumyteck.com\\\/#website\",\"url\":\"https:\\\/\\\/gruposumyteck.com\\\/\",\"name\":\"Grupo Sumyteck SAS\",\"description\":\"La mejor selecci\u00f3n de productos para ventilaci\u00f3n: extractores de aire, ventiladores industriales, ductos, compuertas, rejillas, filtros y controladores\",\"publisher\":{\"@id\":\"https:\\\/\\\/gruposumyteck.com\\\/#organization\"},\"alternateName\":\"gruposumyteck.com\",\"potentialAction\":[{\"@type\":\"SearchAction\",\"target\":{\"@type\":\"EntryPoint\",\"urlTemplate\":\"https:\\\/\\\/gruposumyteck.com\\\/?s={search_term_string}\"},\"query-input\":{\"@type\":\"PropertyValueSpecification\",\"valueRequired\":true,\"valueName\":\"search_term_string\"}}],\"inLanguage\":\"es\"},{\"@type\":\"Organization\",\"@id\":\"https:\\\/\\\/gruposumyteck.com\\\/#organization\",\"name\":\"Grupo Sumyteck SAS\",\"alternateName\":\"gruposumyteck.com\",\"url\":\"https:\\\/\\\/gruposumyteck.com\\\/\",\"logo\":{\"@type\":\"ImageObject\",\"inLanguage\":\"es\",\"@id\":\"https:\\\/\\\/gruposumyteck.com\\\/#\\\/schema\\\/logo\\\/image\\\/\",\"url\":\"https:\\\/\\\/gruposumyteck.com\\\/wp-content\\\/uploads\\\/2024\\\/03\\\/Favicon.png\",\"contentUrl\":\"https:\\\/\\\/gruposumyteck.com\\\/wp-content\\\/uploads\\\/2024\\\/03\\\/Favicon.png\",\"width\":384,\"height\":384,\"caption\":\"Grupo Sumyteck SAS\"},\"image\":{\"@id\":\"https:\\\/\\\/gruposumyteck.com\\\/#\\\/schema\\\/logo\\\/image\\\/\"},\"sameAs\":[\"https:\\\/\\\/es-la.facebook.com\\\/SumyteckSAS\\\/\",\"https:\\\/\\\/x.com\\\/Sumyteck\",\"https:\\\/\\\/www.youtube.com\\\/channel\\\/UCoHQzJTzEsi317O4N3k9Zbw\",\"https:\\\/\\\/www.instagram.com\\\/gruposumyteck\\\/\"]}]}<\/script>\n<!-- \/ Yoast SEO plugin. -->","yoast_head_json":{"title":"Centr\u00edfugos Serie PL - Grupo Sumyteck SAS","description":"Los ventiladores centr\u00edfugos Serie PL est\u00e1n dise\u00f1ados especialmente para aplicaciones donde se requiere alta resistencia a la corrosi\u00f3n qu\u00edmica.","robots":{"index":"index","follow":"follow","max-snippet":"max-snippet:-1","max-image-preview":"max-image-preview:large","max-video-preview":"max-video-preview:-1"},"canonical":"https:\/\/gruposumyteck.com\/?product=centrifugos-serie-pl","og_locale":"es_ES","og_type":"article","og_title":"Centr\u00edfugos Serie PL - Grupo Sumyteck SAS","og_description":"Los ventiladores centr\u00edfugos Serie PL est\u00e1n dise\u00f1ados especialmente para aplicaciones donde se requiere alta resistencia a la corrosi\u00f3n qu\u00edmica.","og_url":"https:\/\/gruposumyteck.com\/?product=centrifugos-serie-pl","og_site_name":"Grupo Sumyteck SAS","article_publisher":"https:\/\/es-la.facebook.com\/SumyteckSAS\/","article_modified_time":"2025-04-26T22:05:28+00:00","og_image":[{"width":300,"height":350,"url":"https:\/\/gruposumyteck.com\/wp-content\/uploads\/2025\/04\/Tienda_Centrifugos-Serie-PL.jpg","type":"image\/jpeg"}],"twitter_card":"summary_large_image","twitter_site":"@Sumyteck","twitter_misc":{"Tiempo de lectura":"2 minutos"},"schema":{"@context":"https:\/\/schema.org","@graph":[{"@type":"WebPage","@id":"https:\/\/gruposumyteck.com\/?product=centrifugos-serie-pl","url":"https:\/\/gruposumyteck.com\/?product=centrifugos-serie-pl","name":"Centr\u00edfugos Serie PL - Grupo Sumyteck SAS","isPartOf":{"@id":"https:\/\/gruposumyteck.com\/#website"},"primaryImageOfPage":{"@id":"https:\/\/gruposumyteck.com\/?product=centrifugos-serie-pl#primaryimage"},"image":{"@id":"https:\/\/gruposumyteck.com\/?product=centrifugos-serie-pl#primaryimage"},"thumbnailUrl":"https:\/\/gruposumyteck.com\/wp-content\/uploads\/2025\/04\/Tienda_Centrifugos-Serie-PL.jpg","datePublished":"2025-04-26T22:02:59+00:00","dateModified":"2025-04-26T22:05:28+00:00","description":"Los ventiladores centr\u00edfugos Serie PL est\u00e1n dise\u00f1ados especialmente para aplicaciones donde se requiere alta resistencia a la corrosi\u00f3n qu\u00edmica.","breadcrumb":{"@id":"https:\/\/gruposumyteck.com\/?product=centrifugos-serie-pl#breadcrumb"},"inLanguage":"es","potentialAction":[{"@type":"ReadAction","target":["https:\/\/gruposumyteck.com\/?product=centrifugos-serie-pl"]}]},{"@type":"ImageObject","inLanguage":"es","@id":"https:\/\/gruposumyteck.com\/?product=centrifugos-serie-pl#primaryimage","url":"https:\/\/gruposumyteck.com\/wp-content\/uploads\/2025\/04\/Tienda_Centrifugos-Serie-PL.jpg","contentUrl":"https:\/\/gruposumyteck.com\/wp-content\/uploads\/2025\/04\/Tienda_Centrifugos-Serie-PL.jpg","width":300,"height":350,"caption":"Centr\u00edfugos Serie PL"},{"@type":"BreadcrumbList","@id":"https:\/\/gruposumyteck.com\/?product=centrifugos-serie-pl#breadcrumb","itemListElement":[{"@type":"ListItem","position":1,"name":"Inicio","item":"https:\/\/gruposumyteck.com\/"},{"@type":"ListItem","position":2,"name":"Productos","item":"https:\/\/gruposumyteck.com\/?post_type=product"},{"@type":"ListItem","position":3,"name":"Centr\u00edfugos Serie PL"}]},{"@type":"WebSite","@id":"https:\/\/gruposumyteck.com\/#website","url":"https:\/\/gruposumyteck.com\/","name":"Grupo Sumyteck SAS","description":"La mejor selecci\u00f3n de productos para ventilaci\u00f3n: extractores de aire, ventiladores industriales, ductos, compuertas, rejillas, filtros y controladores","publisher":{"@id":"https:\/\/gruposumyteck.com\/#organization"},"alternateName":"gruposumyteck.com","potentialAction":[{"@type":"SearchAction","target":{"@type":"EntryPoint","urlTemplate":"https:\/\/gruposumyteck.com\/?s={search_term_string}"},"query-input":{"@type":"PropertyValueSpecification","valueRequired":true,"valueName":"search_term_string"}}],"inLanguage":"es"},{"@type":"Organization","@id":"https:\/\/gruposumyteck.com\/#organization","name":"Grupo Sumyteck SAS","alternateName":"gruposumyteck.com","url":"https:\/\/gruposumyteck.com\/","logo":{"@type":"ImageObject","inLanguage":"es","@id":"https:\/\/gruposumyteck.com\/#\/schema\/logo\/image\/","url":"https:\/\/gruposumyteck.com\/wp-content\/uploads\/2024\/03\/Favicon.png","contentUrl":"https:\/\/gruposumyteck.com\/wp-content\/uploads\/2024\/03\/Favicon.png","width":384,"height":384,"caption":"Grupo Sumyteck SAS"},"image":{"@id":"https:\/\/gruposumyteck.com\/#\/schema\/logo\/image\/"},"sameAs":["https:\/\/es-la.facebook.com\/SumyteckSAS\/","https:\/\/x.com\/Sumyteck","https:\/\/www.youtube.com\/channel\/UCoHQzJTzEsi317O4N3k9Zbw","https:\/\/www.instagram.com\/gruposumyteck\/"]}]}},"_links":{"self":[{"href":"https:\/\/gruposumyteck.com\/index.php?rest_route=\/wp\/v2\/product\/7100","targetHints":{"allow":["GET"]}}],"collection":[{"href":"https:\/\/gruposumyteck.com\/index.php?rest_route=\/wp\/v2\/product"}],"about":[{"href":"https:\/\/gruposumyteck.com\/index.php?rest_route=\/wp\/v2\/types\/product"}],"wp:featuredmedia":[{"embeddable":true,"href":"https:\/\/gruposumyteck.com\/index.php?rest_route=\/wp\/v2\/media\/7101"}],"wp:attachment":[{"href":"https:\/\/gruposumyteck.com\/index.php?rest_route=%2Fwp%2Fv2%2Fmedia&parent=7100"}],"wp:term":[{"taxonomy":"product_brand","embeddable":true,"href":"https:\/\/gruposumyteck.com\/index.php?rest_route=%2Fwp%2Fv2%2Fproduct_brand&post=7100"},{"taxonomy":"product_cat","embeddable":true,"href":"https:\/\/gruposumyteck.com\/index.php?rest_route=%2Fwp%2Fv2%2Fproduct_cat&post=7100"},{"taxonomy":"product_tag","embeddable":true,"href":"https:\/\/gruposumyteck.com\/index.php?rest_route=%2Fwp%2Fv2%2Fproduct_tag&post=7100"}],"curies":[{"name":"wp","href":"https:\/\/api.w.org\/{rel}","templated":true}]}}