{"id":7096,"date":"2025-04-26T12:39:41","date_gmt":"2025-04-26T17:39:41","guid":{"rendered":"https:\/\/gruposumyteck.com\/?post_type=product&#038;p=7096"},"modified":"2025-04-26T13:08:22","modified_gmt":"2025-04-26T18:08:22","slug":"centrifugos-serie-csb-t","status":"publish","type":"product","link":"https:\/\/gruposumyteck.com\/?product=centrifugos-serie-csb-t","title":{"rendered":"Centr\u00edfugos Serie CSB-T"},"content":{"rendered":"<p>Los <strong data-start=\"230\" data-end=\"270\">ventiladores centr\u00edfugos Serie CSB-T<\/strong> est\u00e1n dise\u00f1ados para ofrecer m\u00e1xima robustez, eficiencia y durabilidad en aplicaciones industriales exigentes. Construidos con <strong data-start=\"398\" data-end=\"433\">carcaza de acero electrosoldado<\/strong> y <strong data-start=\"436\" data-end=\"492\">acabado en pintura en polvo poli\u00e9ster electrost\u00e1tica<\/strong> con <strong data-start=\"497\" data-end=\"525\">protecci\u00f3n anticorrosiva<\/strong>, son ideales para trabajar en ambientes agresivos y de alta demanda.<\/p>\n<p class=\"\" data-start=\"596\" data-end=\"969\">Su <strong data-start=\"599\" data-end=\"634\">rotor de \u00e1labes rectos radiales<\/strong>, fabricado en fundici\u00f3n de aluminio (Al), proporciona un alto rendimiento en el manejo de aire cargado de part\u00edculas, humo o polvo, garantizando adem\u00e1s una operaci\u00f3n eficiente y prolongada. El <strong data-start=\"828\" data-end=\"877\">motor est\u00e1 acoplado directamente a la turbina<\/strong>, optimizando el espacio, reduciendo el mantenimiento y mejorando la eficiencia del sistema.<\/p>\n<p class=\"\" data-start=\"971\" data-end=\"1003\"><strong data-start=\"971\" data-end=\"1003\">Caracter\u00edsticas principales:<\/strong><\/p>\n<ul data-start=\"1004\" data-end=\"1360\">\n<li class=\"\" data-start=\"1004\" data-end=\"1070\">\n<p class=\"\" data-start=\"1006\" data-end=\"1070\">Carcaza en acero electrosoldado de alta resistencia estructural.<\/p>\n<\/li>\n<li class=\"\" data-start=\"1071\" data-end=\"1133\">\n<p class=\"\" data-start=\"1073\" data-end=\"1133\">Rotor radial de \u00e1labes rectos fabricado en aluminio fundido.<\/p>\n<\/li>\n<li class=\"\" data-start=\"1134\" data-end=\"1199\">\n<p class=\"\" data-start=\"1136\" data-end=\"1199\">Motor de acoplamiento directo para mayor eficiencia energ\u00e9tica.<\/p>\n<\/li>\n<li class=\"\" data-start=\"1200\" data-end=\"1285\">\n<p class=\"\" data-start=\"1202\" data-end=\"1285\">Acabado en pintura poli\u00e9ster electrost\u00e1tica horneada con resistencia anticorrosiva.<\/p>\n<\/li>\n<li class=\"\" data-start=\"1286\" data-end=\"1360\">\n<p class=\"\" data-start=\"1288\" data-end=\"1360\">Alto desempe\u00f1o en el manejo de aire contaminado o cargado de part\u00edculas.<\/p>\n<\/li>\n<\/ul>\n<p class=\"\" data-start=\"1362\" data-end=\"1391\"><strong data-start=\"1362\" data-end=\"1391\">Aplicaciones principales:<\/strong><\/p>\n<ul data-start=\"1392\" data-end=\"1669\">\n<li class=\"\" data-start=\"1392\" data-end=\"1451\">\n<p class=\"\" data-start=\"1394\" data-end=\"1451\">Sistemas de extracci\u00f3n de aire en <strong data-start=\"1428\" data-end=\"1450\">c\u00e1maras de pintura<\/strong>.<\/p>\n<\/li>\n<li class=\"\" data-start=\"1452\" data-end=\"1487\">\n<p class=\"\" data-start=\"1454\" data-end=\"1487\">Equipos de <strong data-start=\"1465\" data-end=\"1486\">secado industrial<\/strong>.<\/p>\n<\/li>\n<li class=\"\" data-start=\"1488\" data-end=\"1539\">\n<p class=\"\" data-start=\"1490\" data-end=\"1539\">Manejo y evacuaci\u00f3n de <strong data-start=\"1513\" data-end=\"1538\">humo, vapores y polvo<\/strong>.<\/p>\n<\/li>\n<li class=\"\" data-start=\"1540\" data-end=\"1594\">\n<p class=\"\" data-start=\"1542\" data-end=\"1594\"><strong data-start=\"1542\" data-end=\"1568\">Presurizaci\u00f3n de \u00e1reas<\/strong> en procesos industriales.<\/p>\n<\/li>\n<li class=\"\" data-start=\"1595\" data-end=\"1669\">\n<p class=\"\" data-start=\"1597\" data-end=\"1669\">Aplicaciones de ventilaci\u00f3n en ambientes con cargas contaminantes altas.<\/p>\n<\/li>\n<\/ul>\n<a href='https:\/\/gruposumyteck.com\/files\/SP_catalogo%20csb-t.pdf' class='small-button smallblack' target=\"_blank\">Ver Ficha T\u00e9cnica<\/a>\n","protected":false},"excerpt":{"rendered":"<p>Los <strong data-start=\"230\" data-end=\"270\">ventiladores centr\u00edfugos Serie CSB-T<\/strong> est\u00e1n dise\u00f1ados para ofrecer m\u00e1xima robustez, eficiencia y durabilidad en aplicaciones industriales exigentes. Construidos con <strong data-start=\"398\" data-end=\"433\">carcaza de acero electrosoldado<\/strong> y <strong data-start=\"436\" data-end=\"492\">acabado en pintura en polvo poli\u00e9ster electrost\u00e1tica<\/strong> con <strong data-start=\"497\" data-end=\"525\">protecci\u00f3n anticorrosiva<\/strong>, son ideales para trabajar en ambientes agresivos y de alta demanda.<\/p>\n<a href='https:\/\/gruposumyteck.com\/files\/SP_catalogo%20csb-t.pdf' class='small-button smallblack' target=\"_blank\">Ver Ficha T\u00e9cnica<\/a>\n","protected":false},"featured_media":7097,"template":"","meta":{"_et_pb_use_builder":"","_et_pb_old_content":"","_et_gb_content_width":""},"product_brand":[176],"product_cat":[627,177],"product_tag":[674,668,676,673,669,670,671,675,677,672],"class_list":{"0":"post-7096","1":"product","2":"type-product","3":"status-publish","4":"has-post-thumbnail","6":"product_brand-soler-y-palau","7":"product_cat-centrifugos","8":"product_cat-ventilacion-comercial","9":"product_tag-extractores-de-aire-industriales","10":"product_tag-ventiladores-centrifugos-industriales","11":"product_tag-ventiladores-con-rotor-de-aluminio","12":"product_tag-ventiladores-de-acero-anticorrosivos","13":"product_tag-ventiladores-para-camaras-de-pintura","14":"product_tag-ventiladores-para-manejo-de-humo","15":"product_tag-ventiladores-para-manejo-de-polvo","16":"product_tag-ventiladores-para-procesos-industriales","17":"product_tag-ventiladores-para-secadores-industriales","18":"product_tag-ventiladores-radiales-industriales","20":"first","21":"instock","22":"taxable","23":"shipping-taxable","24":"product-type-simple"},"yoast_head":"<!-- This site is optimized with the Yoast SEO plugin v27.5 - https:\/\/yoast.com\/product\/yoast-seo-wordpress\/ -->\n<title>Centr\u00edfugos Serie CSB-T - Grupo Sumyteck SAS<\/title>\n<meta name=\"description\" content=\"Los ventiladores centr\u00edfugos Serie CSB-T est\u00e1n dise\u00f1ados para ofrecer m\u00e1xima robustez, eficiencia y durabilidad en aplicaciones industriales exigentes.\" \/>\n<meta name=\"robots\" content=\"index, follow, max-snippet:-1, max-image-preview:large, max-video-preview:-1\" \/>\n<link rel=\"canonical\" href=\"https:\/\/gruposumyteck.com\/?product=centrifugos-serie-csb-t\" \/>\n<meta property=\"og:locale\" content=\"es_ES\" \/>\n<meta property=\"og:type\" content=\"article\" \/>\n<meta property=\"og:title\" content=\"Centr\u00edfugos Serie CSB-T - Grupo Sumyteck SAS\" \/>\n<meta property=\"og:description\" content=\"Los ventiladores centr\u00edfugos Serie CSB-T est\u00e1n dise\u00f1ados para ofrecer m\u00e1xima robustez, eficiencia y durabilidad en aplicaciones industriales exigentes.\" \/>\n<meta property=\"og:url\" content=\"https:\/\/gruposumyteck.com\/?product=centrifugos-serie-csb-t\" \/>\n<meta property=\"og:site_name\" content=\"Grupo Sumyteck SAS\" \/>\n<meta property=\"article:publisher\" content=\"https:\/\/es-la.facebook.com\/SumyteckSAS\/\" \/>\n<meta property=\"article:modified_time\" content=\"2025-04-26T18:08:22+00:00\" \/>\n<meta property=\"og:image\" content=\"https:\/\/gruposumyteck.com\/wp-content\/uploads\/2025\/04\/Tienda_Centrifugos-Serie-CSB-T.jpg\" \/>\n\t<meta property=\"og:image:width\" content=\"300\" \/>\n\t<meta property=\"og:image:height\" content=\"350\" \/>\n\t<meta property=\"og:image:type\" content=\"image\/jpeg\" \/>\n<meta name=\"twitter:card\" content=\"summary_large_image\" \/>\n<meta name=\"twitter:site\" content=\"@Sumyteck\" \/>\n<meta name=\"twitter:label1\" content=\"Tiempo de lectura\" \/>\n\t<meta name=\"twitter:data1\" content=\"2 minutos\" \/>\n<script type=\"application\/ld+json\" class=\"yoast-schema-graph\">{\"@context\":\"https:\\\/\\\/schema.org\",\"@graph\":[{\"@type\":\"WebPage\",\"@id\":\"https:\\\/\\\/gruposumyteck.com\\\/?product=centrifugos-serie-csb-t\",\"url\":\"https:\\\/\\\/gruposumyteck.com\\\/?product=centrifugos-serie-csb-t\",\"name\":\"Centr\u00edfugos Serie CSB-T - Grupo Sumyteck SAS\",\"isPartOf\":{\"@id\":\"https:\\\/\\\/gruposumyteck.com\\\/#website\"},\"primaryImageOfPage\":{\"@id\":\"https:\\\/\\\/gruposumyteck.com\\\/?product=centrifugos-serie-csb-t#primaryimage\"},\"image\":{\"@id\":\"https:\\\/\\\/gruposumyteck.com\\\/?product=centrifugos-serie-csb-t#primaryimage\"},\"thumbnailUrl\":\"https:\\\/\\\/gruposumyteck.com\\\/wp-content\\\/uploads\\\/2025\\\/04\\\/Tienda_Centrifugos-Serie-CSB-T.jpg\",\"datePublished\":\"2025-04-26T17:39:41+00:00\",\"dateModified\":\"2025-04-26T18:08:22+00:00\",\"description\":\"Los ventiladores centr\u00edfugos Serie CSB-T est\u00e1n dise\u00f1ados para ofrecer m\u00e1xima robustez, eficiencia y durabilidad en aplicaciones industriales exigentes.\",\"breadcrumb\":{\"@id\":\"https:\\\/\\\/gruposumyteck.com\\\/?product=centrifugos-serie-csb-t#breadcrumb\"},\"inLanguage\":\"es\",\"potentialAction\":[{\"@type\":\"ReadAction\",\"target\":[\"https:\\\/\\\/gruposumyteck.com\\\/?product=centrifugos-serie-csb-t\"]}]},{\"@type\":\"ImageObject\",\"inLanguage\":\"es\",\"@id\":\"https:\\\/\\\/gruposumyteck.com\\\/?product=centrifugos-serie-csb-t#primaryimage\",\"url\":\"https:\\\/\\\/gruposumyteck.com\\\/wp-content\\\/uploads\\\/2025\\\/04\\\/Tienda_Centrifugos-Serie-CSB-T.jpg\",\"contentUrl\":\"https:\\\/\\\/gruposumyteck.com\\\/wp-content\\\/uploads\\\/2025\\\/04\\\/Tienda_Centrifugos-Serie-CSB-T.jpg\",\"width\":300,\"height\":350,\"caption\":\"Centr\u00edfugos Serie CSB-T\"},{\"@type\":\"BreadcrumbList\",\"@id\":\"https:\\\/\\\/gruposumyteck.com\\\/?product=centrifugos-serie-csb-t#breadcrumb\",\"itemListElement\":[{\"@type\":\"ListItem\",\"position\":1,\"name\":\"Inicio\",\"item\":\"https:\\\/\\\/gruposumyteck.com\\\/\"},{\"@type\":\"ListItem\",\"position\":2,\"name\":\"Productos\",\"item\":\"https:\\\/\\\/gruposumyteck.com\\\/?post_type=product\"},{\"@type\":\"ListItem\",\"position\":3,\"name\":\"Centr\u00edfugos Serie CSB-T\"}]},{\"@type\":\"WebSite\",\"@id\":\"https:\\\/\\\/gruposumyteck.com\\\/#website\",\"url\":\"https:\\\/\\\/gruposumyteck.com\\\/\",\"name\":\"Grupo Sumyteck SAS\",\"description\":\"La mejor selecci\u00f3n de productos para ventilaci\u00f3n: extractores de aire, ventiladores industriales, ductos, compuertas, rejillas, filtros y controladores\",\"publisher\":{\"@id\":\"https:\\\/\\\/gruposumyteck.com\\\/#organization\"},\"alternateName\":\"gruposumyteck.com\",\"potentialAction\":[{\"@type\":\"SearchAction\",\"target\":{\"@type\":\"EntryPoint\",\"urlTemplate\":\"https:\\\/\\\/gruposumyteck.com\\\/?s={search_term_string}\"},\"query-input\":{\"@type\":\"PropertyValueSpecification\",\"valueRequired\":true,\"valueName\":\"search_term_string\"}}],\"inLanguage\":\"es\"},{\"@type\":\"Organization\",\"@id\":\"https:\\\/\\\/gruposumyteck.com\\\/#organization\",\"name\":\"Grupo Sumyteck SAS\",\"alternateName\":\"gruposumyteck.com\",\"url\":\"https:\\\/\\\/gruposumyteck.com\\\/\",\"logo\":{\"@type\":\"ImageObject\",\"inLanguage\":\"es\",\"@id\":\"https:\\\/\\\/gruposumyteck.com\\\/#\\\/schema\\\/logo\\\/image\\\/\",\"url\":\"https:\\\/\\\/gruposumyteck.com\\\/wp-content\\\/uploads\\\/2024\\\/03\\\/Favicon.png\",\"contentUrl\":\"https:\\\/\\\/gruposumyteck.com\\\/wp-content\\\/uploads\\\/2024\\\/03\\\/Favicon.png\",\"width\":384,\"height\":384,\"caption\":\"Grupo Sumyteck SAS\"},\"image\":{\"@id\":\"https:\\\/\\\/gruposumyteck.com\\\/#\\\/schema\\\/logo\\\/image\\\/\"},\"sameAs\":[\"https:\\\/\\\/es-la.facebook.com\\\/SumyteckSAS\\\/\",\"https:\\\/\\\/x.com\\\/Sumyteck\",\"https:\\\/\\\/www.youtube.com\\\/channel\\\/UCoHQzJTzEsi317O4N3k9Zbw\",\"https:\\\/\\\/www.instagram.com\\\/gruposumyteck\\\/\"]}]}<\/script>\n<!-- \/ Yoast SEO plugin. -->","yoast_head_json":{"title":"Centr\u00edfugos Serie CSB-T - Grupo Sumyteck SAS","description":"Los ventiladores centr\u00edfugos Serie CSB-T est\u00e1n dise\u00f1ados para ofrecer m\u00e1xima robustez, eficiencia y durabilidad en aplicaciones industriales exigentes.","robots":{"index":"index","follow":"follow","max-snippet":"max-snippet:-1","max-image-preview":"max-image-preview:large","max-video-preview":"max-video-preview:-1"},"canonical":"https:\/\/gruposumyteck.com\/?product=centrifugos-serie-csb-t","og_locale":"es_ES","og_type":"article","og_title":"Centr\u00edfugos Serie CSB-T - Grupo Sumyteck SAS","og_description":"Los ventiladores centr\u00edfugos Serie CSB-T est\u00e1n dise\u00f1ados para ofrecer m\u00e1xima robustez, eficiencia y durabilidad en aplicaciones industriales exigentes.","og_url":"https:\/\/gruposumyteck.com\/?product=centrifugos-serie-csb-t","og_site_name":"Grupo Sumyteck SAS","article_publisher":"https:\/\/es-la.facebook.com\/SumyteckSAS\/","article_modified_time":"2025-04-26T18:08:22+00:00","og_image":[{"width":300,"height":350,"url":"https:\/\/gruposumyteck.com\/wp-content\/uploads\/2025\/04\/Tienda_Centrifugos-Serie-CSB-T.jpg","type":"image\/jpeg"}],"twitter_card":"summary_large_image","twitter_site":"@Sumyteck","twitter_misc":{"Tiempo de lectura":"2 minutos"},"schema":{"@context":"https:\/\/schema.org","@graph":[{"@type":"WebPage","@id":"https:\/\/gruposumyteck.com\/?product=centrifugos-serie-csb-t","url":"https:\/\/gruposumyteck.com\/?product=centrifugos-serie-csb-t","name":"Centr\u00edfugos Serie CSB-T - Grupo Sumyteck SAS","isPartOf":{"@id":"https:\/\/gruposumyteck.com\/#website"},"primaryImageOfPage":{"@id":"https:\/\/gruposumyteck.com\/?product=centrifugos-serie-csb-t#primaryimage"},"image":{"@id":"https:\/\/gruposumyteck.com\/?product=centrifugos-serie-csb-t#primaryimage"},"thumbnailUrl":"https:\/\/gruposumyteck.com\/wp-content\/uploads\/2025\/04\/Tienda_Centrifugos-Serie-CSB-T.jpg","datePublished":"2025-04-26T17:39:41+00:00","dateModified":"2025-04-26T18:08:22+00:00","description":"Los ventiladores centr\u00edfugos Serie CSB-T est\u00e1n dise\u00f1ados para ofrecer m\u00e1xima robustez, eficiencia y durabilidad en aplicaciones industriales exigentes.","breadcrumb":{"@id":"https:\/\/gruposumyteck.com\/?product=centrifugos-serie-csb-t#breadcrumb"},"inLanguage":"es","potentialAction":[{"@type":"ReadAction","target":["https:\/\/gruposumyteck.com\/?product=centrifugos-serie-csb-t"]}]},{"@type":"ImageObject","inLanguage":"es","@id":"https:\/\/gruposumyteck.com\/?product=centrifugos-serie-csb-t#primaryimage","url":"https:\/\/gruposumyteck.com\/wp-content\/uploads\/2025\/04\/Tienda_Centrifugos-Serie-CSB-T.jpg","contentUrl":"https:\/\/gruposumyteck.com\/wp-content\/uploads\/2025\/04\/Tienda_Centrifugos-Serie-CSB-T.jpg","width":300,"height":350,"caption":"Centr\u00edfugos Serie CSB-T"},{"@type":"BreadcrumbList","@id":"https:\/\/gruposumyteck.com\/?product=centrifugos-serie-csb-t#breadcrumb","itemListElement":[{"@type":"ListItem","position":1,"name":"Inicio","item":"https:\/\/gruposumyteck.com\/"},{"@type":"ListItem","position":2,"name":"Productos","item":"https:\/\/gruposumyteck.com\/?post_type=product"},{"@type":"ListItem","position":3,"name":"Centr\u00edfugos Serie CSB-T"}]},{"@type":"WebSite","@id":"https:\/\/gruposumyteck.com\/#website","url":"https:\/\/gruposumyteck.com\/","name":"Grupo Sumyteck SAS","description":"La mejor selecci\u00f3n de productos para ventilaci\u00f3n: extractores de aire, ventiladores industriales, ductos, compuertas, rejillas, filtros y controladores","publisher":{"@id":"https:\/\/gruposumyteck.com\/#organization"},"alternateName":"gruposumyteck.com","potentialAction":[{"@type":"SearchAction","target":{"@type":"EntryPoint","urlTemplate":"https:\/\/gruposumyteck.com\/?s={search_term_string}"},"query-input":{"@type":"PropertyValueSpecification","valueRequired":true,"valueName":"search_term_string"}}],"inLanguage":"es"},{"@type":"Organization","@id":"https:\/\/gruposumyteck.com\/#organization","name":"Grupo Sumyteck SAS","alternateName":"gruposumyteck.com","url":"https:\/\/gruposumyteck.com\/","logo":{"@type":"ImageObject","inLanguage":"es","@id":"https:\/\/gruposumyteck.com\/#\/schema\/logo\/image\/","url":"https:\/\/gruposumyteck.com\/wp-content\/uploads\/2024\/03\/Favicon.png","contentUrl":"https:\/\/gruposumyteck.com\/wp-content\/uploads\/2024\/03\/Favicon.png","width":384,"height":384,"caption":"Grupo Sumyteck SAS"},"image":{"@id":"https:\/\/gruposumyteck.com\/#\/schema\/logo\/image\/"},"sameAs":["https:\/\/es-la.facebook.com\/SumyteckSAS\/","https:\/\/x.com\/Sumyteck","https:\/\/www.youtube.com\/channel\/UCoHQzJTzEsi317O4N3k9Zbw","https:\/\/www.instagram.com\/gruposumyteck\/"]}]}},"_links":{"self":[{"href":"https:\/\/gruposumyteck.com\/index.php?rest_route=\/wp\/v2\/product\/7096","targetHints":{"allow":["GET"]}}],"collection":[{"href":"https:\/\/gruposumyteck.com\/index.php?rest_route=\/wp\/v2\/product"}],"about":[{"href":"https:\/\/gruposumyteck.com\/index.php?rest_route=\/wp\/v2\/types\/product"}],"wp:featuredmedia":[{"embeddable":true,"href":"https:\/\/gruposumyteck.com\/index.php?rest_route=\/wp\/v2\/media\/7097"}],"wp:attachment":[{"href":"https:\/\/gruposumyteck.com\/index.php?rest_route=%2Fwp%2Fv2%2Fmedia&parent=7096"}],"wp:term":[{"taxonomy":"product_brand","embeddable":true,"href":"https:\/\/gruposumyteck.com\/index.php?rest_route=%2Fwp%2Fv2%2Fproduct_brand&post=7096"},{"taxonomy":"product_cat","embeddable":true,"href":"https:\/\/gruposumyteck.com\/index.php?rest_route=%2Fwp%2Fv2%2Fproduct_cat&post=7096"},{"taxonomy":"product_tag","embeddable":true,"href":"https:\/\/gruposumyteck.com\/index.php?rest_route=%2Fwp%2Fv2%2Fproduct_tag&post=7096"}],"curies":[{"name":"wp","href":"https:\/\/api.w.org\/{rel}","templated":true}]}}