{"id":7083,"date":"2025-04-26T10:17:59","date_gmt":"2025-04-26T15:17:59","guid":{"rendered":"https:\/\/gruposumyteck.com\/?post_type=product&#038;p=7083"},"modified":"2025-04-26T10:17:59","modified_gmt":"2025-04-26T15:17:59","slug":"centrifugos-serie-clt","status":"publish","type":"product","link":"https:\/\/gruposumyteck.com\/?product=centrifugos-serie-clt","title":{"rendered":"Centr\u00edfugos Serie CLT"},"content":{"rendered":"<p class=\"\" data-start=\"225\" data-end=\"451\">Los <strong data-start=\"229\" data-end=\"276\">ventiladores centr\u00edfugos en l\u00ednea Serie CLT<\/strong> est\u00e1n dise\u00f1ados para ser instalados directamente en sistemas de ductos, garantizando una ventilaci\u00f3n eficiente en aplicaciones industriales, comerciales y de infraestructura.<\/p>\n<p class=\"\" data-start=\"453\" data-end=\"779\">Equipados con <strong data-start=\"467\" data-end=\"505\">rodetes de \u00e1labes rectos atrasados<\/strong>, estos ventiladores ofrecen un flujo de aire constante, alta eficiencia y resistencia al ensuciamiento. Su <strong data-start=\"613\" data-end=\"650\">accionamiento por poleas y bandas<\/strong> permite ajustar f\u00e1cilmente la velocidad de operaci\u00f3n, adapt\u00e1ndose a las necesidades espec\u00edficas de cada proyecto de ventilaci\u00f3n.<\/p>\n<a href='https:\/\/gruposumyteck.com\/files\/SP_catalogo%20clt.pdf' class='small-button smallblack' target=\"_blank\">Ver Ficha T\u00e9cnica<\/a>\n","protected":false},"excerpt":{"rendered":"<p class=\"\" data-start=\"225\" data-end=\"451\">Los <strong data-start=\"229\" data-end=\"276\">ventiladores centr\u00edfugos en l\u00ednea Serie CLT<\/strong> est\u00e1n dise\u00f1ados para ser instalados directamente en sistemas de ductos, garantizando una ventilaci\u00f3n eficiente en aplicaciones industriales, comerciales y de infraestructura.<\/p>\n<p class=\"\" data-start=\"453\" data-end=\"779\">Equipados con <strong data-start=\"467\" data-end=\"505\">rodetes de \u00e1labes rectos atrasados<\/strong>, estos ventiladores ofrecen un flujo de aire constante, alta eficiencia y resistencia al ensuciamiento. Su <strong data-start=\"613\" data-end=\"650\">accionamiento por poleas y bandas<\/strong> permite ajustar f\u00e1cilmente la velocidad de operaci\u00f3n, adapt\u00e1ndose a las necesidades espec\u00edficas de cada proyecto de ventilaci\u00f3n.<\/p>\n<p data-start=\"453\" data-end=\"779\"><a href='https:\/\/gruposumyteck.com\/files\/SP_catalogo%20clt.pdf' class='small-button smallblack' target=\"_blank\">Ver Ficha T\u00e9cnica<\/a><\/p>\n","protected":false},"featured_media":7084,"template":"","meta":{"_et_pb_use_builder":"","_et_pb_old_content":"","_et_gb_content_width":""},"product_brand":[176],"product_cat":[627,177],"product_tag":[628,652,651,632,592,653,649,650,555,606],"class_list":{"0":"post-7083","1":"product","2":"type-product","3":"status-publish","4":"has-post-thumbnail","6":"product_brand-soler-y-palau","7":"product_cat-centrifugos","8":"product_cat-ventilacion-comercial","9":"product_tag-centrifugo-en-linea","10":"product_tag-extraccion-de-aire-industrial","11":"product_tag-ventiladores-centrifugos-compactos","12":"product_tag-ventiladores-de-alta-eficiencia","13":"product_tag-ventiladores-de-bajo-consumo","14":"product_tag-ventiladores-de-velocidad-variable","15":"product_tag-ventiladores-ec-para-ductos","16":"product_tag-ventiladores-electronicos","17":"product_tag-ventiladores-para-oficinas","18":"product_tag-ventiladores-para-sistemas-hvac","20":"first","21":"instock","22":"taxable","23":"shipping-taxable","24":"product-type-simple"},"yoast_head":"<!-- This site is optimized with the Yoast SEO plugin v27.5 - https:\/\/yoast.com\/product\/yoast-seo-wordpress\/ -->\n<title>Centr\u00edfugos Serie CLT - Grupo Sumyteck SAS<\/title>\n<meta name=\"description\" content=\"Los ventiladores centr\u00edfugos en l\u00ednea Serie CLT dise\u00f1ados para ser instalados directamente en sistemas de ductos, garantizando una ventilaci\u00f3n eficiente\" \/>\n<meta name=\"robots\" content=\"index, follow, max-snippet:-1, max-image-preview:large, max-video-preview:-1\" \/>\n<link rel=\"canonical\" href=\"https:\/\/gruposumyteck.com\/?product=centrifugos-serie-clt\" \/>\n<meta property=\"og:locale\" content=\"es_ES\" \/>\n<meta property=\"og:type\" content=\"article\" \/>\n<meta property=\"og:title\" content=\"Centr\u00edfugos Serie CLT - Grupo Sumyteck SAS\" \/>\n<meta property=\"og:description\" content=\"Los ventiladores centr\u00edfugos en l\u00ednea Serie CLT dise\u00f1ados para ser instalados directamente en sistemas de ductos, garantizando una ventilaci\u00f3n eficiente\" \/>\n<meta property=\"og:url\" content=\"https:\/\/gruposumyteck.com\/?product=centrifugos-serie-clt\" \/>\n<meta property=\"og:site_name\" content=\"Grupo Sumyteck SAS\" \/>\n<meta property=\"article:publisher\" content=\"https:\/\/es-la.facebook.com\/SumyteckSAS\/\" \/>\n<meta property=\"og:image\" content=\"https:\/\/gruposumyteck.com\/wp-content\/uploads\/2025\/04\/Tienda_Cajas-de-ventilacion_Serie-CLT.jpg\" \/>\n\t<meta property=\"og:image:width\" content=\"300\" \/>\n\t<meta property=\"og:image:height\" content=\"350\" \/>\n\t<meta property=\"og:image:type\" content=\"image\/jpeg\" \/>\n<meta name=\"twitter:card\" content=\"summary_large_image\" \/>\n<meta name=\"twitter:site\" content=\"@Sumyteck\" \/>\n<meta name=\"twitter:label1\" content=\"Tiempo de lectura\" \/>\n\t<meta name=\"twitter:data1\" content=\"1 minuto\" \/>\n<script type=\"application\/ld+json\" class=\"yoast-schema-graph\">{\"@context\":\"https:\\\/\\\/schema.org\",\"@graph\":[{\"@type\":\"WebPage\",\"@id\":\"https:\\\/\\\/gruposumyteck.com\\\/?product=centrifugos-serie-clt\",\"url\":\"https:\\\/\\\/gruposumyteck.com\\\/?product=centrifugos-serie-clt\",\"name\":\"Centr\u00edfugos Serie CLT - Grupo Sumyteck SAS\",\"isPartOf\":{\"@id\":\"https:\\\/\\\/gruposumyteck.com\\\/#website\"},\"primaryImageOfPage\":{\"@id\":\"https:\\\/\\\/gruposumyteck.com\\\/?product=centrifugos-serie-clt#primaryimage\"},\"image\":{\"@id\":\"https:\\\/\\\/gruposumyteck.com\\\/?product=centrifugos-serie-clt#primaryimage\"},\"thumbnailUrl\":\"https:\\\/\\\/gruposumyteck.com\\\/wp-content\\\/uploads\\\/2025\\\/04\\\/Tienda_Cajas-de-ventilacion_Serie-CLT.jpg\",\"datePublished\":\"2025-04-26T15:17:59+00:00\",\"description\":\"Los ventiladores centr\u00edfugos en l\u00ednea Serie CLT dise\u00f1ados para ser instalados directamente en sistemas de ductos, garantizando una ventilaci\u00f3n eficiente\",\"breadcrumb\":{\"@id\":\"https:\\\/\\\/gruposumyteck.com\\\/?product=centrifugos-serie-clt#breadcrumb\"},\"inLanguage\":\"es\",\"potentialAction\":[{\"@type\":\"ReadAction\",\"target\":[\"https:\\\/\\\/gruposumyteck.com\\\/?product=centrifugos-serie-clt\"]}]},{\"@type\":\"ImageObject\",\"inLanguage\":\"es\",\"@id\":\"https:\\\/\\\/gruposumyteck.com\\\/?product=centrifugos-serie-clt#primaryimage\",\"url\":\"https:\\\/\\\/gruposumyteck.com\\\/wp-content\\\/uploads\\\/2025\\\/04\\\/Tienda_Cajas-de-ventilacion_Serie-CLT.jpg\",\"contentUrl\":\"https:\\\/\\\/gruposumyteck.com\\\/wp-content\\\/uploads\\\/2025\\\/04\\\/Tienda_Cajas-de-ventilacion_Serie-CLT.jpg\",\"width\":300,\"height\":350,\"caption\":\"Centr\u00edfugos Serie CLT\"},{\"@type\":\"BreadcrumbList\",\"@id\":\"https:\\\/\\\/gruposumyteck.com\\\/?product=centrifugos-serie-clt#breadcrumb\",\"itemListElement\":[{\"@type\":\"ListItem\",\"position\":1,\"name\":\"Inicio\",\"item\":\"https:\\\/\\\/gruposumyteck.com\\\/\"},{\"@type\":\"ListItem\",\"position\":2,\"name\":\"Productos\",\"item\":\"https:\\\/\\\/gruposumyteck.com\\\/?post_type=product\"},{\"@type\":\"ListItem\",\"position\":3,\"name\":\"Centr\u00edfugos Serie CLT\"}]},{\"@type\":\"WebSite\",\"@id\":\"https:\\\/\\\/gruposumyteck.com\\\/#website\",\"url\":\"https:\\\/\\\/gruposumyteck.com\\\/\",\"name\":\"Grupo Sumyteck SAS\",\"description\":\"La mejor selecci\u00f3n de productos para ventilaci\u00f3n: extractores de aire, ventiladores industriales, ductos, compuertas, rejillas, filtros y controladores\",\"publisher\":{\"@id\":\"https:\\\/\\\/gruposumyteck.com\\\/#organization\"},\"alternateName\":\"gruposumyteck.com\",\"potentialAction\":[{\"@type\":\"SearchAction\",\"target\":{\"@type\":\"EntryPoint\",\"urlTemplate\":\"https:\\\/\\\/gruposumyteck.com\\\/?s={search_term_string}\"},\"query-input\":{\"@type\":\"PropertyValueSpecification\",\"valueRequired\":true,\"valueName\":\"search_term_string\"}}],\"inLanguage\":\"es\"},{\"@type\":\"Organization\",\"@id\":\"https:\\\/\\\/gruposumyteck.com\\\/#organization\",\"name\":\"Grupo Sumyteck SAS\",\"alternateName\":\"gruposumyteck.com\",\"url\":\"https:\\\/\\\/gruposumyteck.com\\\/\",\"logo\":{\"@type\":\"ImageObject\",\"inLanguage\":\"es\",\"@id\":\"https:\\\/\\\/gruposumyteck.com\\\/#\\\/schema\\\/logo\\\/image\\\/\",\"url\":\"https:\\\/\\\/gruposumyteck.com\\\/wp-content\\\/uploads\\\/2024\\\/03\\\/Favicon.png\",\"contentUrl\":\"https:\\\/\\\/gruposumyteck.com\\\/wp-content\\\/uploads\\\/2024\\\/03\\\/Favicon.png\",\"width\":384,\"height\":384,\"caption\":\"Grupo Sumyteck SAS\"},\"image\":{\"@id\":\"https:\\\/\\\/gruposumyteck.com\\\/#\\\/schema\\\/logo\\\/image\\\/\"},\"sameAs\":[\"https:\\\/\\\/es-la.facebook.com\\\/SumyteckSAS\\\/\",\"https:\\\/\\\/x.com\\\/Sumyteck\",\"https:\\\/\\\/www.youtube.com\\\/channel\\\/UCoHQzJTzEsi317O4N3k9Zbw\",\"https:\\\/\\\/www.instagram.com\\\/gruposumyteck\\\/\"]}]}<\/script>\n<!-- \/ Yoast SEO plugin. -->","yoast_head_json":{"title":"Centr\u00edfugos Serie CLT - Grupo Sumyteck SAS","description":"Los ventiladores centr\u00edfugos en l\u00ednea Serie CLT dise\u00f1ados para ser instalados directamente en sistemas de ductos, garantizando una ventilaci\u00f3n eficiente","robots":{"index":"index","follow":"follow","max-snippet":"max-snippet:-1","max-image-preview":"max-image-preview:large","max-video-preview":"max-video-preview:-1"},"canonical":"https:\/\/gruposumyteck.com\/?product=centrifugos-serie-clt","og_locale":"es_ES","og_type":"article","og_title":"Centr\u00edfugos Serie CLT - Grupo Sumyteck SAS","og_description":"Los ventiladores centr\u00edfugos en l\u00ednea Serie CLT dise\u00f1ados para ser instalados directamente en sistemas de ductos, garantizando una ventilaci\u00f3n eficiente","og_url":"https:\/\/gruposumyteck.com\/?product=centrifugos-serie-clt","og_site_name":"Grupo Sumyteck SAS","article_publisher":"https:\/\/es-la.facebook.com\/SumyteckSAS\/","og_image":[{"width":300,"height":350,"url":"https:\/\/gruposumyteck.com\/wp-content\/uploads\/2025\/04\/Tienda_Cajas-de-ventilacion_Serie-CLT.jpg","type":"image\/jpeg"}],"twitter_card":"summary_large_image","twitter_site":"@Sumyteck","twitter_misc":{"Tiempo de lectura":"1 minuto"},"schema":{"@context":"https:\/\/schema.org","@graph":[{"@type":"WebPage","@id":"https:\/\/gruposumyteck.com\/?product=centrifugos-serie-clt","url":"https:\/\/gruposumyteck.com\/?product=centrifugos-serie-clt","name":"Centr\u00edfugos Serie CLT - Grupo Sumyteck SAS","isPartOf":{"@id":"https:\/\/gruposumyteck.com\/#website"},"primaryImageOfPage":{"@id":"https:\/\/gruposumyteck.com\/?product=centrifugos-serie-clt#primaryimage"},"image":{"@id":"https:\/\/gruposumyteck.com\/?product=centrifugos-serie-clt#primaryimage"},"thumbnailUrl":"https:\/\/gruposumyteck.com\/wp-content\/uploads\/2025\/04\/Tienda_Cajas-de-ventilacion_Serie-CLT.jpg","datePublished":"2025-04-26T15:17:59+00:00","description":"Los ventiladores centr\u00edfugos en l\u00ednea Serie CLT dise\u00f1ados para ser instalados directamente en sistemas de ductos, garantizando una ventilaci\u00f3n eficiente","breadcrumb":{"@id":"https:\/\/gruposumyteck.com\/?product=centrifugos-serie-clt#breadcrumb"},"inLanguage":"es","potentialAction":[{"@type":"ReadAction","target":["https:\/\/gruposumyteck.com\/?product=centrifugos-serie-clt"]}]},{"@type":"ImageObject","inLanguage":"es","@id":"https:\/\/gruposumyteck.com\/?product=centrifugos-serie-clt#primaryimage","url":"https:\/\/gruposumyteck.com\/wp-content\/uploads\/2025\/04\/Tienda_Cajas-de-ventilacion_Serie-CLT.jpg","contentUrl":"https:\/\/gruposumyteck.com\/wp-content\/uploads\/2025\/04\/Tienda_Cajas-de-ventilacion_Serie-CLT.jpg","width":300,"height":350,"caption":"Centr\u00edfugos Serie CLT"},{"@type":"BreadcrumbList","@id":"https:\/\/gruposumyteck.com\/?product=centrifugos-serie-clt#breadcrumb","itemListElement":[{"@type":"ListItem","position":1,"name":"Inicio","item":"https:\/\/gruposumyteck.com\/"},{"@type":"ListItem","position":2,"name":"Productos","item":"https:\/\/gruposumyteck.com\/?post_type=product"},{"@type":"ListItem","position":3,"name":"Centr\u00edfugos Serie CLT"}]},{"@type":"WebSite","@id":"https:\/\/gruposumyteck.com\/#website","url":"https:\/\/gruposumyteck.com\/","name":"Grupo Sumyteck SAS","description":"La mejor selecci\u00f3n de productos para ventilaci\u00f3n: extractores de aire, ventiladores industriales, ductos, compuertas, rejillas, filtros y controladores","publisher":{"@id":"https:\/\/gruposumyteck.com\/#organization"},"alternateName":"gruposumyteck.com","potentialAction":[{"@type":"SearchAction","target":{"@type":"EntryPoint","urlTemplate":"https:\/\/gruposumyteck.com\/?s={search_term_string}"},"query-input":{"@type":"PropertyValueSpecification","valueRequired":true,"valueName":"search_term_string"}}],"inLanguage":"es"},{"@type":"Organization","@id":"https:\/\/gruposumyteck.com\/#organization","name":"Grupo Sumyteck SAS","alternateName":"gruposumyteck.com","url":"https:\/\/gruposumyteck.com\/","logo":{"@type":"ImageObject","inLanguage":"es","@id":"https:\/\/gruposumyteck.com\/#\/schema\/logo\/image\/","url":"https:\/\/gruposumyteck.com\/wp-content\/uploads\/2024\/03\/Favicon.png","contentUrl":"https:\/\/gruposumyteck.com\/wp-content\/uploads\/2024\/03\/Favicon.png","width":384,"height":384,"caption":"Grupo Sumyteck SAS"},"image":{"@id":"https:\/\/gruposumyteck.com\/#\/schema\/logo\/image\/"},"sameAs":["https:\/\/es-la.facebook.com\/SumyteckSAS\/","https:\/\/x.com\/Sumyteck","https:\/\/www.youtube.com\/channel\/UCoHQzJTzEsi317O4N3k9Zbw","https:\/\/www.instagram.com\/gruposumyteck\/"]}]}},"_links":{"self":[{"href":"https:\/\/gruposumyteck.com\/index.php?rest_route=\/wp\/v2\/product\/7083","targetHints":{"allow":["GET"]}}],"collection":[{"href":"https:\/\/gruposumyteck.com\/index.php?rest_route=\/wp\/v2\/product"}],"about":[{"href":"https:\/\/gruposumyteck.com\/index.php?rest_route=\/wp\/v2\/types\/product"}],"wp:featuredmedia":[{"embeddable":true,"href":"https:\/\/gruposumyteck.com\/index.php?rest_route=\/wp\/v2\/media\/7084"}],"wp:attachment":[{"href":"https:\/\/gruposumyteck.com\/index.php?rest_route=%2Fwp%2Fv2%2Fmedia&parent=7083"}],"wp:term":[{"taxonomy":"product_brand","embeddable":true,"href":"https:\/\/gruposumyteck.com\/index.php?rest_route=%2Fwp%2Fv2%2Fproduct_brand&post=7083"},{"taxonomy":"product_cat","embeddable":true,"href":"https:\/\/gruposumyteck.com\/index.php?rest_route=%2Fwp%2Fv2%2Fproduct_cat&post=7083"},{"taxonomy":"product_tag","embeddable":true,"href":"https:\/\/gruposumyteck.com\/index.php?rest_route=%2Fwp%2Fv2%2Fproduct_tag&post=7083"}],"curies":[{"name":"wp","href":"https:\/\/api.w.org\/{rel}","templated":true}]}}