{"id":7048,"date":"2025-04-26T05:27:48","date_gmt":"2025-04-26T10:27:48","guid":{"rendered":"https:\/\/gruposumyteck.com\/?post_type=product&#038;p=7048"},"modified":"2025-04-26T09:25:38","modified_gmt":"2025-04-26T14:25:38","slug":"cajas-de-ventilacion-serie-cck","status":"publish","type":"product","link":"https:\/\/gruposumyteck.com\/?product=cajas-de-ventilacion-serie-cck","title":{"rendered":"Cajas de ventilaci\u00f3n Serie CCK"},"content":{"rendered":"<p class=\"\" data-start=\"235\" data-end=\"431\">Las <strong data-start=\"239\" data-end=\"267\">cajas de ventilaci\u00f3n CCK<\/strong> est\u00e1n dise\u00f1adas para ofrecer una <strong data-start=\"301\" data-end=\"339\">inyecci\u00f3n eficiente de aire limpio<\/strong> en diferentes tipos de espacios, combinando <strong data-start=\"384\" data-end=\"430\">robustez, versatilidad y bajo nivel sonoro<\/strong>.<\/p>\n<p class=\"\" data-start=\"433\" data-end=\"808\">Fabricadas en <strong data-start=\"447\" data-end=\"478\">l\u00e1mina de acero galvanizado<\/strong> de alta resistencia, son ideales tanto para <strong data-start=\"523\" data-end=\"554\">instalaciones en exteriores<\/strong> como <strong data-start=\"560\" data-end=\"577\">en interiores<\/strong>, gracias a su estructura <strong data-start=\"603\" data-end=\"615\">compacta<\/strong> que facilita la instalaci\u00f3n en <strong data-start=\"647\" data-end=\"666\">falsos plafones<\/strong> o espacios reducidos. Su dise\u00f1o robusto y su protecci\u00f3n contra la intemperie las convierten en una opci\u00f3n confiable para proyectos exigentes.<\/p>\n<p class=\"\" data-start=\"810\" data-end=\"1062\">La <strong data-start=\"813\" data-end=\"836\">descarga horizontal<\/strong> de aire permite una distribuci\u00f3n efectiva, asegurando una correcta ventilaci\u00f3n y renovaci\u00f3n del ambiente. Adem\u00e1s, su construcci\u00f3n est\u00e1 pensada para integrar <strong data-start=\"994\" data-end=\"1026\">sistemas de filtrado de aire<\/strong> seg\u00fan las necesidades del proyecto.<\/p>\n<p class=\"\" data-start=\"1064\" data-end=\"1093\"><strong data-start=\"1064\" data-end=\"1093\">Aplicaciones principales:<\/strong><\/p>\n<ul data-start=\"1094\" data-end=\"1442\">\n<li class=\"\" data-start=\"1094\" data-end=\"1158\">\n<p class=\"\" data-start=\"1096\" data-end=\"1158\">Inyecci\u00f3n de aire limpio en oficinas, comercios y residencias.<\/p>\n<\/li>\n<li class=\"\" data-start=\"1159\" data-end=\"1234\">\n<p class=\"\" data-start=\"1161\" data-end=\"1234\">Sistemas de <strong data-start=\"1173\" data-end=\"1190\">presurizaci\u00f3n<\/strong> de escaleras, pasillos o \u00e1reas espec\u00edficas.<\/p>\n<\/li>\n<li class=\"\" data-start=\"1235\" data-end=\"1360\">\n<p class=\"\" data-start=\"1237\" data-end=\"1360\">Ventilaci\u00f3n general en <strong data-start=\"1260\" data-end=\"1283\">locales comerciales<\/strong>, <strong data-start=\"1285\" data-end=\"1304\">salas de juntas<\/strong>, <strong data-start=\"1306\" data-end=\"1317\">tiendas<\/strong>, <strong data-start=\"1319\" data-end=\"1342\">centros comerciales<\/strong> y <strong data-start=\"1345\" data-end=\"1359\">hospitales<\/strong>.<\/p>\n<\/li>\n<li class=\"\" data-start=\"1361\" data-end=\"1442\">\n<p class=\"\" data-start=\"1363\" data-end=\"1442\">Proyectos de <strong data-start=\"1376\" data-end=\"1393\">climatizaci\u00f3n<\/strong> en donde se requiera control de calidad de aire.<\/p>\n<\/li>\n<\/ul>\n<p class=\"\" data-start=\"1444\" data-end=\"1468\"><strong data-start=\"1444\" data-end=\"1468\">Ventajas destacadas:<\/strong><\/p>\n<ul data-start=\"1469\" data-end=\"1749\">\n<li class=\"\" data-start=\"1469\" data-end=\"1537\">\n<p class=\"\" data-start=\"1471\" data-end=\"1537\">Construcci\u00f3n resistente para aplicaciones interiores y exteriores.<\/p>\n<\/li>\n<li class=\"\" data-start=\"1538\" data-end=\"1628\">\n<p class=\"\" data-start=\"1540\" data-end=\"1628\">Dimensiones optimizadas para facilitar la instalaci\u00f3n en plafones o espacios confinados.<\/p>\n<\/li>\n<li class=\"\" data-start=\"1629\" data-end=\"1708\">\n<p class=\"\" data-start=\"1631\" data-end=\"1708\">Ideal para sistemas de ventilaci\u00f3n, presurizaci\u00f3n e inyecci\u00f3n de aire limpio.<\/p>\n<\/li>\n<li class=\"\" data-start=\"1709\" data-end=\"1749\">\n<p class=\"\" data-start=\"1711\" data-end=\"1749\">Bajo mantenimiento y alta durabilidad.<\/p>\n<\/li>\n<\/ul>\n<p class=\"\" data-start=\"1751\" data-end=\"1874\"><strong data-start=\"1751\" data-end=\"1789\">Rango de temperatura de operaci\u00f3n:<\/strong> adaptado para condiciones ambientales diversas, seg\u00fan especificaciones del proyecto.<\/p>\n<a href='https:\/\/gruposumyteck.com\/files\/SP_CCK.pdf' class='small-button smallblack' target=\"_blank\">Ver Ficha T\u00e9cnica<\/a>\n<hr class=\"\" data-start=\"1876\" data-end=\"1879\" \/>\n","protected":false},"excerpt":{"rendered":"<p class=\"\" data-start=\"235\" data-end=\"431\">Las <strong data-start=\"239\" data-end=\"267\">cajas de ventilaci\u00f3n CCK<\/strong> est\u00e1n dise\u00f1adas para ofrecer una <strong data-start=\"301\" data-end=\"339\">inyecci\u00f3n eficiente de aire limpio<\/strong> en diferentes tipos de espacios, combinando <strong data-start=\"384\" data-end=\"430\">robustez, versatilidad y bajo nivel sonoro<\/strong>.<\/p>\n<p class=\"\" data-start=\"433\" data-end=\"808\">Fabricadas en <strong data-start=\"447\" data-end=\"478\">l\u00e1mina de acero galvanizado<\/strong> de alta resistencia, son ideales tanto para <strong data-start=\"523\" data-end=\"554\">instalaciones en exteriores<\/strong> como <strong data-start=\"560\" data-end=\"577\">en interiores<\/strong>, gracias a su estructura <strong data-start=\"603\" data-end=\"615\">compacta<\/strong> que facilita la instalaci\u00f3n en <strong data-start=\"647\" data-end=\"666\">falsos plafones<\/strong> o espacios reducidos. Su dise\u00f1o robusto y su protecci\u00f3n contra la intemperie las convierten en una opci\u00f3n confiable para proyectos exigentes.<\/p>\n<p data-start=\"433\" data-end=\"808\"><a href='https:\/\/gruposumyteck.com\/files\/SP_CCK.pdf' class='small-button smallblack' target=\"_blank\">Ver Ficha T\u00e9cnica<\/a><\/p>\n","protected":false},"featured_media":7049,"template":"","meta":{"_et_pb_use_builder":"","_et_pb_old_content":"","_et_gb_content_width":""},"product_brand":[176],"product_cat":[648,177],"product_tag":[],"class_list":{"0":"post-7048","1":"product","2":"type-product","3":"status-publish","4":"has-post-thumbnail","6":"product_brand-soler-y-palau","7":"product_cat-cajas-de-ventilacion","8":"product_cat-ventilacion-comercial","10":"first","11":"instock","12":"taxable","13":"shipping-taxable","14":"product-type-simple"},"yoast_head":"<!-- This site is optimized with the Yoast SEO plugin v27.5 - https:\/\/yoast.com\/product\/yoast-seo-wordpress\/ -->\n<title>Cajas de ventilaci\u00f3n Serie CCK - Grupo Sumyteck SAS<\/title>\n<meta name=\"description\" content=\"Las cajas de ventilaci\u00f3n CCK ofrecen una inyecci\u00f3n eficiente de aire en diferentes tipos de espacios, combinando robustez, versatilidad y bajo nivel sonoro.\" \/>\n<meta name=\"robots\" content=\"index, follow, max-snippet:-1, max-image-preview:large, max-video-preview:-1\" \/>\n<link rel=\"canonical\" href=\"https:\/\/gruposumyteck.com\/?product=cajas-de-ventilacion-serie-cck\" \/>\n<meta property=\"og:locale\" content=\"es_ES\" \/>\n<meta property=\"og:type\" content=\"article\" \/>\n<meta property=\"og:title\" content=\"Cajas de ventilaci\u00f3n Serie CCK - Grupo Sumyteck SAS\" \/>\n<meta property=\"og:description\" content=\"Las cajas de ventilaci\u00f3n CCK ofrecen una inyecci\u00f3n eficiente de aire en diferentes tipos de espacios, combinando robustez, versatilidad y bajo nivel sonoro.\" \/>\n<meta property=\"og:url\" content=\"https:\/\/gruposumyteck.com\/?product=cajas-de-ventilacion-serie-cck\" \/>\n<meta property=\"og:site_name\" content=\"Grupo Sumyteck SAS\" \/>\n<meta property=\"article:publisher\" content=\"https:\/\/es-la.facebook.com\/SumyteckSAS\/\" \/>\n<meta property=\"article:modified_time\" content=\"2025-04-26T14:25:38+00:00\" \/>\n<meta property=\"og:image\" content=\"https:\/\/gruposumyteck.com\/wp-content\/uploads\/2025\/04\/Tienda_Cajas-de-ventilacion_Serie-CCK.jpg\" \/>\n\t<meta property=\"og:image:width\" content=\"300\" \/>\n\t<meta property=\"og:image:height\" content=\"350\" \/>\n\t<meta property=\"og:image:type\" content=\"image\/jpeg\" \/>\n<meta name=\"twitter:card\" content=\"summary_large_image\" \/>\n<meta name=\"twitter:site\" content=\"@Sumyteck\" \/>\n<meta name=\"twitter:label1\" content=\"Tiempo de lectura\" \/>\n\t<meta name=\"twitter:data1\" content=\"2 minutos\" \/>\n<script type=\"application\/ld+json\" class=\"yoast-schema-graph\">{\"@context\":\"https:\\\/\\\/schema.org\",\"@graph\":[{\"@type\":\"WebPage\",\"@id\":\"https:\\\/\\\/gruposumyteck.com\\\/?product=cajas-de-ventilacion-serie-cck\",\"url\":\"https:\\\/\\\/gruposumyteck.com\\\/?product=cajas-de-ventilacion-serie-cck\",\"name\":\"Cajas de ventilaci\u00f3n Serie CCK - Grupo Sumyteck SAS\",\"isPartOf\":{\"@id\":\"https:\\\/\\\/gruposumyteck.com\\\/#website\"},\"primaryImageOfPage\":{\"@id\":\"https:\\\/\\\/gruposumyteck.com\\\/?product=cajas-de-ventilacion-serie-cck#primaryimage\"},\"image\":{\"@id\":\"https:\\\/\\\/gruposumyteck.com\\\/?product=cajas-de-ventilacion-serie-cck#primaryimage\"},\"thumbnailUrl\":\"https:\\\/\\\/gruposumyteck.com\\\/wp-content\\\/uploads\\\/2025\\\/04\\\/Tienda_Cajas-de-ventilacion_Serie-CCK.jpg\",\"datePublished\":\"2025-04-26T10:27:48+00:00\",\"dateModified\":\"2025-04-26T14:25:38+00:00\",\"description\":\"Las cajas de ventilaci\u00f3n CCK ofrecen una inyecci\u00f3n eficiente de aire en diferentes tipos de espacios, combinando robustez, versatilidad y bajo nivel sonoro.\",\"breadcrumb\":{\"@id\":\"https:\\\/\\\/gruposumyteck.com\\\/?product=cajas-de-ventilacion-serie-cck#breadcrumb\"},\"inLanguage\":\"es\",\"potentialAction\":[{\"@type\":\"ReadAction\",\"target\":[\"https:\\\/\\\/gruposumyteck.com\\\/?product=cajas-de-ventilacion-serie-cck\"]}]},{\"@type\":\"ImageObject\",\"inLanguage\":\"es\",\"@id\":\"https:\\\/\\\/gruposumyteck.com\\\/?product=cajas-de-ventilacion-serie-cck#primaryimage\",\"url\":\"https:\\\/\\\/gruposumyteck.com\\\/wp-content\\\/uploads\\\/2025\\\/04\\\/Tienda_Cajas-de-ventilacion_Serie-CCK.jpg\",\"contentUrl\":\"https:\\\/\\\/gruposumyteck.com\\\/wp-content\\\/uploads\\\/2025\\\/04\\\/Tienda_Cajas-de-ventilacion_Serie-CCK.jpg\",\"width\":300,\"height\":350,\"caption\":\"Cajas de ventilaci\u00f3n Serie CCK\"},{\"@type\":\"BreadcrumbList\",\"@id\":\"https:\\\/\\\/gruposumyteck.com\\\/?product=cajas-de-ventilacion-serie-cck#breadcrumb\",\"itemListElement\":[{\"@type\":\"ListItem\",\"position\":1,\"name\":\"Inicio\",\"item\":\"https:\\\/\\\/gruposumyteck.com\\\/\"},{\"@type\":\"ListItem\",\"position\":2,\"name\":\"Productos\",\"item\":\"https:\\\/\\\/gruposumyteck.com\\\/?post_type=product\"},{\"@type\":\"ListItem\",\"position\":3,\"name\":\"Cajas de ventilaci\u00f3n Serie CCK\"}]},{\"@type\":\"WebSite\",\"@id\":\"https:\\\/\\\/gruposumyteck.com\\\/#website\",\"url\":\"https:\\\/\\\/gruposumyteck.com\\\/\",\"name\":\"Grupo Sumyteck SAS\",\"description\":\"La mejor selecci\u00f3n de productos para ventilaci\u00f3n: extractores de aire, ventiladores industriales, ductos, compuertas, rejillas, filtros y controladores\",\"publisher\":{\"@id\":\"https:\\\/\\\/gruposumyteck.com\\\/#organization\"},\"alternateName\":\"gruposumyteck.com\",\"potentialAction\":[{\"@type\":\"SearchAction\",\"target\":{\"@type\":\"EntryPoint\",\"urlTemplate\":\"https:\\\/\\\/gruposumyteck.com\\\/?s={search_term_string}\"},\"query-input\":{\"@type\":\"PropertyValueSpecification\",\"valueRequired\":true,\"valueName\":\"search_term_string\"}}],\"inLanguage\":\"es\"},{\"@type\":\"Organization\",\"@id\":\"https:\\\/\\\/gruposumyteck.com\\\/#organization\",\"name\":\"Grupo Sumyteck SAS\",\"alternateName\":\"gruposumyteck.com\",\"url\":\"https:\\\/\\\/gruposumyteck.com\\\/\",\"logo\":{\"@type\":\"ImageObject\",\"inLanguage\":\"es\",\"@id\":\"https:\\\/\\\/gruposumyteck.com\\\/#\\\/schema\\\/logo\\\/image\\\/\",\"url\":\"https:\\\/\\\/gruposumyteck.com\\\/wp-content\\\/uploads\\\/2024\\\/03\\\/Favicon.png\",\"contentUrl\":\"https:\\\/\\\/gruposumyteck.com\\\/wp-content\\\/uploads\\\/2024\\\/03\\\/Favicon.png\",\"width\":384,\"height\":384,\"caption\":\"Grupo Sumyteck SAS\"},\"image\":{\"@id\":\"https:\\\/\\\/gruposumyteck.com\\\/#\\\/schema\\\/logo\\\/image\\\/\"},\"sameAs\":[\"https:\\\/\\\/es-la.facebook.com\\\/SumyteckSAS\\\/\",\"https:\\\/\\\/x.com\\\/Sumyteck\",\"https:\\\/\\\/www.youtube.com\\\/channel\\\/UCoHQzJTzEsi317O4N3k9Zbw\",\"https:\\\/\\\/www.instagram.com\\\/gruposumyteck\\\/\"]}]}<\/script>\n<!-- \/ Yoast SEO plugin. -->","yoast_head_json":{"title":"Cajas de ventilaci\u00f3n Serie CCK - Grupo Sumyteck SAS","description":"Las cajas de ventilaci\u00f3n CCK ofrecen una inyecci\u00f3n eficiente de aire en diferentes tipos de espacios, combinando robustez, versatilidad y bajo nivel sonoro.","robots":{"index":"index","follow":"follow","max-snippet":"max-snippet:-1","max-image-preview":"max-image-preview:large","max-video-preview":"max-video-preview:-1"},"canonical":"https:\/\/gruposumyteck.com\/?product=cajas-de-ventilacion-serie-cck","og_locale":"es_ES","og_type":"article","og_title":"Cajas de ventilaci\u00f3n Serie CCK - Grupo Sumyteck SAS","og_description":"Las cajas de ventilaci\u00f3n CCK ofrecen una inyecci\u00f3n eficiente de aire en diferentes tipos de espacios, combinando robustez, versatilidad y bajo nivel sonoro.","og_url":"https:\/\/gruposumyteck.com\/?product=cajas-de-ventilacion-serie-cck","og_site_name":"Grupo Sumyteck SAS","article_publisher":"https:\/\/es-la.facebook.com\/SumyteckSAS\/","article_modified_time":"2025-04-26T14:25:38+00:00","og_image":[{"width":300,"height":350,"url":"https:\/\/gruposumyteck.com\/wp-content\/uploads\/2025\/04\/Tienda_Cajas-de-ventilacion_Serie-CCK.jpg","type":"image\/jpeg"}],"twitter_card":"summary_large_image","twitter_site":"@Sumyteck","twitter_misc":{"Tiempo de lectura":"2 minutos"},"schema":{"@context":"https:\/\/schema.org","@graph":[{"@type":"WebPage","@id":"https:\/\/gruposumyteck.com\/?product=cajas-de-ventilacion-serie-cck","url":"https:\/\/gruposumyteck.com\/?product=cajas-de-ventilacion-serie-cck","name":"Cajas de ventilaci\u00f3n Serie CCK - Grupo Sumyteck SAS","isPartOf":{"@id":"https:\/\/gruposumyteck.com\/#website"},"primaryImageOfPage":{"@id":"https:\/\/gruposumyteck.com\/?product=cajas-de-ventilacion-serie-cck#primaryimage"},"image":{"@id":"https:\/\/gruposumyteck.com\/?product=cajas-de-ventilacion-serie-cck#primaryimage"},"thumbnailUrl":"https:\/\/gruposumyteck.com\/wp-content\/uploads\/2025\/04\/Tienda_Cajas-de-ventilacion_Serie-CCK.jpg","datePublished":"2025-04-26T10:27:48+00:00","dateModified":"2025-04-26T14:25:38+00:00","description":"Las cajas de ventilaci\u00f3n CCK ofrecen una inyecci\u00f3n eficiente de aire en diferentes tipos de espacios, combinando robustez, versatilidad y bajo nivel sonoro.","breadcrumb":{"@id":"https:\/\/gruposumyteck.com\/?product=cajas-de-ventilacion-serie-cck#breadcrumb"},"inLanguage":"es","potentialAction":[{"@type":"ReadAction","target":["https:\/\/gruposumyteck.com\/?product=cajas-de-ventilacion-serie-cck"]}]},{"@type":"ImageObject","inLanguage":"es","@id":"https:\/\/gruposumyteck.com\/?product=cajas-de-ventilacion-serie-cck#primaryimage","url":"https:\/\/gruposumyteck.com\/wp-content\/uploads\/2025\/04\/Tienda_Cajas-de-ventilacion_Serie-CCK.jpg","contentUrl":"https:\/\/gruposumyteck.com\/wp-content\/uploads\/2025\/04\/Tienda_Cajas-de-ventilacion_Serie-CCK.jpg","width":300,"height":350,"caption":"Cajas de ventilaci\u00f3n Serie CCK"},{"@type":"BreadcrumbList","@id":"https:\/\/gruposumyteck.com\/?product=cajas-de-ventilacion-serie-cck#breadcrumb","itemListElement":[{"@type":"ListItem","position":1,"name":"Inicio","item":"https:\/\/gruposumyteck.com\/"},{"@type":"ListItem","position":2,"name":"Productos","item":"https:\/\/gruposumyteck.com\/?post_type=product"},{"@type":"ListItem","position":3,"name":"Cajas de ventilaci\u00f3n Serie CCK"}]},{"@type":"WebSite","@id":"https:\/\/gruposumyteck.com\/#website","url":"https:\/\/gruposumyteck.com\/","name":"Grupo Sumyteck SAS","description":"La mejor selecci\u00f3n de productos para ventilaci\u00f3n: extractores de aire, ventiladores industriales, ductos, compuertas, rejillas, filtros y controladores","publisher":{"@id":"https:\/\/gruposumyteck.com\/#organization"},"alternateName":"gruposumyteck.com","potentialAction":[{"@type":"SearchAction","target":{"@type":"EntryPoint","urlTemplate":"https:\/\/gruposumyteck.com\/?s={search_term_string}"},"query-input":{"@type":"PropertyValueSpecification","valueRequired":true,"valueName":"search_term_string"}}],"inLanguage":"es"},{"@type":"Organization","@id":"https:\/\/gruposumyteck.com\/#organization","name":"Grupo Sumyteck SAS","alternateName":"gruposumyteck.com","url":"https:\/\/gruposumyteck.com\/","logo":{"@type":"ImageObject","inLanguage":"es","@id":"https:\/\/gruposumyteck.com\/#\/schema\/logo\/image\/","url":"https:\/\/gruposumyteck.com\/wp-content\/uploads\/2024\/03\/Favicon.png","contentUrl":"https:\/\/gruposumyteck.com\/wp-content\/uploads\/2024\/03\/Favicon.png","width":384,"height":384,"caption":"Grupo Sumyteck SAS"},"image":{"@id":"https:\/\/gruposumyteck.com\/#\/schema\/logo\/image\/"},"sameAs":["https:\/\/es-la.facebook.com\/SumyteckSAS\/","https:\/\/x.com\/Sumyteck","https:\/\/www.youtube.com\/channel\/UCoHQzJTzEsi317O4N3k9Zbw","https:\/\/www.instagram.com\/gruposumyteck\/"]}]}},"_links":{"self":[{"href":"https:\/\/gruposumyteck.com\/index.php?rest_route=\/wp\/v2\/product\/7048","targetHints":{"allow":["GET"]}}],"collection":[{"href":"https:\/\/gruposumyteck.com\/index.php?rest_route=\/wp\/v2\/product"}],"about":[{"href":"https:\/\/gruposumyteck.com\/index.php?rest_route=\/wp\/v2\/types\/product"}],"wp:featuredmedia":[{"embeddable":true,"href":"https:\/\/gruposumyteck.com\/index.php?rest_route=\/wp\/v2\/media\/7049"}],"wp:attachment":[{"href":"https:\/\/gruposumyteck.com\/index.php?rest_route=%2Fwp%2Fv2%2Fmedia&parent=7048"}],"wp:term":[{"taxonomy":"product_brand","embeddable":true,"href":"https:\/\/gruposumyteck.com\/index.php?rest_route=%2Fwp%2Fv2%2Fproduct_brand&post=7048"},{"taxonomy":"product_cat","embeddable":true,"href":"https:\/\/gruposumyteck.com\/index.php?rest_route=%2Fwp%2Fv2%2Fproduct_cat&post=7048"},{"taxonomy":"product_tag","embeddable":true,"href":"https:\/\/gruposumyteck.com\/index.php?rest_route=%2Fwp%2Fv2%2Fproduct_tag&post=7048"}],"curies":[{"name":"wp","href":"https:\/\/api.w.org\/{rel}","templated":true}]}}