{"id":7023,"date":"2025-04-23T05:32:15","date_gmt":"2025-04-23T10:32:15","guid":{"rendered":"https:\/\/gruposumyteck.com\/?post_type=product&#038;p=7023"},"modified":"2025-04-26T09:19:10","modified_gmt":"2025-04-26T14:19:10","slug":"axial-con-transmision-serie-age","status":"publish","type":"product","link":"https:\/\/gruposumyteck.com\/?product=axial-con-transmision-serie-age","title":{"rendered":"Axial con Transmisi\u00f3n Serie AGE"},"content":{"rendered":"<p class=\"\" data-start=\"292\" data-end=\"707\">El <strong data-start=\"295\" data-end=\"309\">modelo AGE<\/strong> es un <strong data-start=\"316\" data-end=\"372\">ventilador axial con transmisi\u00f3n por poleas y bandas<\/strong>, dise\u00f1ado para brindar <strong data-start=\"396\" data-end=\"490\">una soluci\u00f3n eficiente y pr\u00e1ctica en sistemas de ventilaci\u00f3n de bajo y medio requerimiento<\/strong>. Gracias a su <strong data-start=\"505\" data-end=\"524\">dise\u00f1o compacto<\/strong>, es f\u00e1cil de manipular, transportar e instalar, lo que lo convierte en una excelente opci\u00f3n para espacios donde se requiere ventilaci\u00f3n constante pero con configuraciones vers\u00e1tiles.<\/p>\n<p class=\"\" data-start=\"709\" data-end=\"881\">Este equipo est\u00e1 construido para operar de manera continua, garantizando una excelente circulaci\u00f3n y renovaci\u00f3n del aire en ambientes industriales, comerciales y agr\u00edcolas.<\/p>\n<hr class=\"\" data-start=\"883\" data-end=\"886\" \/>\n<h3 class=\"\" data-start=\"888\" data-end=\"925\">\u2705 <strong data-start=\"894\" data-end=\"925\">Caracter\u00edsticas destacadas:<\/strong><\/h3>\n<ul data-start=\"926\" data-end=\"1289\">\n<li class=\"\" data-start=\"926\" data-end=\"1040\">\n<p class=\"\" data-start=\"928\" data-end=\"1040\">Sistema de <strong data-start=\"939\" data-end=\"974\">transmisi\u00f3n por poleas y bandas<\/strong>, que permite mayor control sobre la velocidad y el flujo de aire.<\/p>\n<\/li>\n<li class=\"\" data-start=\"1041\" data-end=\"1113\">\n<p class=\"\" data-start=\"1043\" data-end=\"1113\"><strong data-start=\"1043\" data-end=\"1062\">Dise\u00f1o compacto<\/strong> que facilita la instalaci\u00f3n en espacios reducidos.<\/p>\n<\/li>\n<li class=\"\" data-start=\"1114\" data-end=\"1190\">\n<p class=\"\" data-start=\"1116\" data-end=\"1190\">Ideal para soluciones <strong data-start=\"1138\" data-end=\"1164\">modulares y escalables<\/strong> en ventilaci\u00f3n ambiental.<\/p>\n<\/li>\n<li class=\"\" data-start=\"1191\" data-end=\"1289\">\n<p class=\"\" data-start=\"1193\" data-end=\"1289\"><strong data-start=\"1193\" data-end=\"1227\">Construcci\u00f3n robusta y durable<\/strong>, apta para funcionamiento prolongado en diversas condiciones.<\/p>\n<\/li>\n<\/ul>\n<hr class=\"\" data-start=\"1291\" data-end=\"1294\" \/>\n<h3 class=\"\" data-start=\"1296\" data-end=\"1328\">\ud83c\udfed <strong data-start=\"1303\" data-end=\"1328\">Aplicaciones comunes:<\/strong><\/h3>\n<ul data-start=\"1329\" data-end=\"1679\">\n<li class=\"\" data-start=\"1329\" data-end=\"1382\">\n<p class=\"\" data-start=\"1331\" data-end=\"1382\"><strong data-start=\"1331\" data-end=\"1347\">Invernaderos<\/strong> (control de temperatura y humedad)<\/p>\n<\/li>\n<li class=\"\" data-start=\"1383\" data-end=\"1423\">\n<p class=\"\" data-start=\"1385\" data-end=\"1423\"><strong data-start=\"1385\" data-end=\"1423\">Bodegas comerciales e industriales<\/strong><\/p>\n<\/li>\n<li class=\"\" data-start=\"1424\" data-end=\"1470\">\n<p class=\"\" data-start=\"1426\" data-end=\"1470\"><strong data-start=\"1426\" data-end=\"1470\">Grandes superficies y centros log\u00edsticos<\/strong><\/p>\n<\/li>\n<li class=\"\" data-start=\"1471\" data-end=\"1518\">\n<p class=\"\" data-start=\"1473\" data-end=\"1518\"><strong data-start=\"1473\" data-end=\"1518\">Gimnasios y espacios deportivos cubiertos<\/strong><\/p>\n<\/li>\n<li class=\"\" data-start=\"1519\" data-end=\"1574\">\n<p class=\"\" data-start=\"1521\" data-end=\"1574\"><strong data-start=\"1521\" data-end=\"1574\">Sistemas de ventilaci\u00f3n ambiental en la industria<\/strong><\/p>\n<\/li>\n<li class=\"\" data-start=\"1575\" data-end=\"1641\">\n<p class=\"\" data-start=\"1577\" data-end=\"1641\"><strong data-start=\"1577\" data-end=\"1641\">Locales de almacenamiento de alimentos o productos sensibles<\/strong><\/p>\n<\/li>\n<li class=\"\" data-start=\"1642\" data-end=\"1679\">\n<p class=\"\" data-start=\"1644\" data-end=\"1679\"><strong data-start=\"1644\" data-end=\"1679\">Centros de distribuci\u00f3n y carga<\/strong><\/p>\n<\/li>\n<\/ul>\n<p class=\"\" data-start=\"1681\" data-end=\"1840\">Gracias a su versatilidad y rendimiento confiable, el ventilador AGE es una herramienta clave para mantener ambientes bien ventilados, saludables y eficientes.<\/p>\n","protected":false},"excerpt":{"rendered":"<p class=\"\" data-start=\"292\" data-end=\"707\">El <strong data-start=\"295\" data-end=\"309\">modelo AGE<\/strong> es un <strong data-start=\"316\" data-end=\"372\">ventilador axial con transmisi\u00f3n por poleas y bandas<\/strong>, dise\u00f1ado para brindar <strong data-start=\"396\" data-end=\"490\">una soluci\u00f3n eficiente y pr\u00e1ctica en sistemas de ventilaci\u00f3n de bajo y medio requerimiento<\/strong>. Gracias a su <strong data-start=\"505\" data-end=\"524\">dise\u00f1o compacto<\/strong>, es f\u00e1cil de manipular, transportar e instalar, lo que lo convierte en una excelente opci\u00f3n para espacios donde se requiere ventilaci\u00f3n constante pero con configuraciones vers\u00e1tiles.<\/p>\n<p class=\"\" data-start=\"709\" data-end=\"881\">Este equipo est\u00e1 construido para operar de manera continua, garantizando una excelente circulaci\u00f3n y renovaci\u00f3n del aire en ambientes industriales, comerciales y agr\u00edcolas.<\/p>\n","protected":false},"featured_media":7025,"template":"","meta":{"_et_pb_use_builder":"","_et_pb_old_content":"","_et_gb_content_width":""},"product_brand":[176],"product_cat":[646,177],"product_tag":[517,519,521,520,419,513,514,516,515,518],"class_list":{"0":"post-7023","1":"product","2":"type-product","3":"status-publish","4":"has-post-thumbnail","6":"product_brand-soler-y-palau","7":"product_cat-axiales-con-trasmision","8":"product_cat-ventilacion-comercial","9":"product_tag-aireacion-gimnasios","10":"product_tag-extractor-axial-versatil","11":"product_tag-extractor-transmision-poleas","12":"product_tag-ventilacion-ambiental-industrial","13":"product_tag-ventilacion-para-invernaderos","14":"product_tag-ventilador-axial-compacto","15":"product_tag-ventilador-con-transmision-bandas","16":"product_tag-ventilador-industrial-pequeno","17":"product_tag-ventilador-para-bodegas","18":"product_tag-ventiladores-para-almacenes","20":"first","21":"instock","22":"taxable","23":"shipping-taxable","24":"product-type-simple"},"yoast_head":"<!-- This site is optimized with the Yoast SEO plugin v27.5 - https:\/\/yoast.com\/product\/yoast-seo-wordpress\/ -->\n<title>Axial con Transmisi\u00f3n Serie AGE - Grupo Sumyteck SAS<\/title>\n<meta name=\"description\" content=\"Este equipo para operar de manera continua, garantizando una excelente circulaci\u00f3n y renovaci\u00f3n del aire en ambientes industriales, comerciales y agr\u00edcolas.\" \/>\n<meta name=\"robots\" content=\"index, follow, max-snippet:-1, max-image-preview:large, max-video-preview:-1\" \/>\n<link rel=\"canonical\" href=\"https:\/\/gruposumyteck.com\/?product=axial-con-transmision-serie-age\" \/>\n<meta property=\"og:locale\" content=\"es_ES\" \/>\n<meta property=\"og:type\" content=\"article\" \/>\n<meta property=\"og:title\" content=\"Axial con Transmisi\u00f3n Serie AGE - Grupo Sumyteck SAS\" \/>\n<meta property=\"og:description\" content=\"Este equipo para operar de manera continua, garantizando una excelente circulaci\u00f3n y renovaci\u00f3n del aire en ambientes industriales, comerciales y agr\u00edcolas.\" \/>\n<meta property=\"og:url\" content=\"https:\/\/gruposumyteck.com\/?product=axial-con-transmision-serie-age\" \/>\n<meta property=\"og:site_name\" content=\"Grupo Sumyteck SAS\" \/>\n<meta property=\"article:publisher\" content=\"https:\/\/es-la.facebook.com\/SumyteckSAS\/\" \/>\n<meta property=\"article:modified_time\" content=\"2025-04-26T14:19:10+00:00\" \/>\n<meta property=\"og:image\" content=\"https:\/\/gruposumyteck.com\/wp-content\/uploads\/2025\/04\/Tienda_Axiales-con-TransmisionAGE.jpg\" \/>\n\t<meta property=\"og:image:width\" content=\"300\" \/>\n\t<meta property=\"og:image:height\" content=\"350\" \/>\n\t<meta property=\"og:image:type\" content=\"image\/jpeg\" \/>\n<meta name=\"twitter:card\" content=\"summary_large_image\" \/>\n<meta name=\"twitter:site\" content=\"@Sumyteck\" \/>\n<meta name=\"twitter:label1\" content=\"Tiempo de lectura\" \/>\n\t<meta name=\"twitter:data1\" content=\"2 minutos\" \/>\n<script type=\"application\/ld+json\" class=\"yoast-schema-graph\">{\"@context\":\"https:\\\/\\\/schema.org\",\"@graph\":[{\"@type\":\"WebPage\",\"@id\":\"https:\\\/\\\/gruposumyteck.com\\\/?product=axial-con-transmision-serie-age\",\"url\":\"https:\\\/\\\/gruposumyteck.com\\\/?product=axial-con-transmision-serie-age\",\"name\":\"Axial con Transmisi\u00f3n Serie AGE - Grupo Sumyteck SAS\",\"isPartOf\":{\"@id\":\"https:\\\/\\\/gruposumyteck.com\\\/#website\"},\"primaryImageOfPage\":{\"@id\":\"https:\\\/\\\/gruposumyteck.com\\\/?product=axial-con-transmision-serie-age#primaryimage\"},\"image\":{\"@id\":\"https:\\\/\\\/gruposumyteck.com\\\/?product=axial-con-transmision-serie-age#primaryimage\"},\"thumbnailUrl\":\"https:\\\/\\\/gruposumyteck.com\\\/wp-content\\\/uploads\\\/2025\\\/04\\\/Tienda_Axiales-con-TransmisionAGE.jpg\",\"datePublished\":\"2025-04-23T10:32:15+00:00\",\"dateModified\":\"2025-04-26T14:19:10+00:00\",\"description\":\"Este equipo para operar de manera continua, garantizando una excelente circulaci\u00f3n y renovaci\u00f3n del aire en ambientes industriales, comerciales y agr\u00edcolas.\",\"breadcrumb\":{\"@id\":\"https:\\\/\\\/gruposumyteck.com\\\/?product=axial-con-transmision-serie-age#breadcrumb\"},\"inLanguage\":\"es\",\"potentialAction\":[{\"@type\":\"ReadAction\",\"target\":[\"https:\\\/\\\/gruposumyteck.com\\\/?product=axial-con-transmision-serie-age\"]}]},{\"@type\":\"ImageObject\",\"inLanguage\":\"es\",\"@id\":\"https:\\\/\\\/gruposumyteck.com\\\/?product=axial-con-transmision-serie-age#primaryimage\",\"url\":\"https:\\\/\\\/gruposumyteck.com\\\/wp-content\\\/uploads\\\/2025\\\/04\\\/Tienda_Axiales-con-TransmisionAGE.jpg\",\"contentUrl\":\"https:\\\/\\\/gruposumyteck.com\\\/wp-content\\\/uploads\\\/2025\\\/04\\\/Tienda_Axiales-con-TransmisionAGE.jpg\",\"width\":300,\"height\":350,\"caption\":\"Axiales con Transmisi\u00f3n Serie AGE\"},{\"@type\":\"BreadcrumbList\",\"@id\":\"https:\\\/\\\/gruposumyteck.com\\\/?product=axial-con-transmision-serie-age#breadcrumb\",\"itemListElement\":[{\"@type\":\"ListItem\",\"position\":1,\"name\":\"Inicio\",\"item\":\"https:\\\/\\\/gruposumyteck.com\\\/\"},{\"@type\":\"ListItem\",\"position\":2,\"name\":\"Productos\",\"item\":\"https:\\\/\\\/gruposumyteck.com\\\/?post_type=product\"},{\"@type\":\"ListItem\",\"position\":3,\"name\":\"Axial con Transmisi\u00f3n Serie AGE\"}]},{\"@type\":\"WebSite\",\"@id\":\"https:\\\/\\\/gruposumyteck.com\\\/#website\",\"url\":\"https:\\\/\\\/gruposumyteck.com\\\/\",\"name\":\"Grupo Sumyteck SAS\",\"description\":\"La mejor selecci\u00f3n de productos para ventilaci\u00f3n: extractores de aire, ventiladores industriales, ductos, compuertas, rejillas, filtros y controladores\",\"publisher\":{\"@id\":\"https:\\\/\\\/gruposumyteck.com\\\/#organization\"},\"alternateName\":\"gruposumyteck.com\",\"potentialAction\":[{\"@type\":\"SearchAction\",\"target\":{\"@type\":\"EntryPoint\",\"urlTemplate\":\"https:\\\/\\\/gruposumyteck.com\\\/?s={search_term_string}\"},\"query-input\":{\"@type\":\"PropertyValueSpecification\",\"valueRequired\":true,\"valueName\":\"search_term_string\"}}],\"inLanguage\":\"es\"},{\"@type\":\"Organization\",\"@id\":\"https:\\\/\\\/gruposumyteck.com\\\/#organization\",\"name\":\"Grupo Sumyteck SAS\",\"alternateName\":\"gruposumyteck.com\",\"url\":\"https:\\\/\\\/gruposumyteck.com\\\/\",\"logo\":{\"@type\":\"ImageObject\",\"inLanguage\":\"es\",\"@id\":\"https:\\\/\\\/gruposumyteck.com\\\/#\\\/schema\\\/logo\\\/image\\\/\",\"url\":\"https:\\\/\\\/gruposumyteck.com\\\/wp-content\\\/uploads\\\/2024\\\/03\\\/Favicon.png\",\"contentUrl\":\"https:\\\/\\\/gruposumyteck.com\\\/wp-content\\\/uploads\\\/2024\\\/03\\\/Favicon.png\",\"width\":384,\"height\":384,\"caption\":\"Grupo Sumyteck SAS\"},\"image\":{\"@id\":\"https:\\\/\\\/gruposumyteck.com\\\/#\\\/schema\\\/logo\\\/image\\\/\"},\"sameAs\":[\"https:\\\/\\\/es-la.facebook.com\\\/SumyteckSAS\\\/\",\"https:\\\/\\\/x.com\\\/Sumyteck\",\"https:\\\/\\\/www.youtube.com\\\/channel\\\/UCoHQzJTzEsi317O4N3k9Zbw\",\"https:\\\/\\\/www.instagram.com\\\/gruposumyteck\\\/\"]}]}<\/script>\n<!-- \/ Yoast SEO plugin. -->","yoast_head_json":{"title":"Axial con Transmisi\u00f3n Serie AGE - Grupo Sumyteck SAS","description":"Este equipo para operar de manera continua, garantizando una excelente circulaci\u00f3n y renovaci\u00f3n del aire en ambientes industriales, comerciales y agr\u00edcolas.","robots":{"index":"index","follow":"follow","max-snippet":"max-snippet:-1","max-image-preview":"max-image-preview:large","max-video-preview":"max-video-preview:-1"},"canonical":"https:\/\/gruposumyteck.com\/?product=axial-con-transmision-serie-age","og_locale":"es_ES","og_type":"article","og_title":"Axial con Transmisi\u00f3n Serie AGE - Grupo Sumyteck SAS","og_description":"Este equipo para operar de manera continua, garantizando una excelente circulaci\u00f3n y renovaci\u00f3n del aire en ambientes industriales, comerciales y agr\u00edcolas.","og_url":"https:\/\/gruposumyteck.com\/?product=axial-con-transmision-serie-age","og_site_name":"Grupo Sumyteck SAS","article_publisher":"https:\/\/es-la.facebook.com\/SumyteckSAS\/","article_modified_time":"2025-04-26T14:19:10+00:00","og_image":[{"width":300,"height":350,"url":"https:\/\/gruposumyteck.com\/wp-content\/uploads\/2025\/04\/Tienda_Axiales-con-TransmisionAGE.jpg","type":"image\/jpeg"}],"twitter_card":"summary_large_image","twitter_site":"@Sumyteck","twitter_misc":{"Tiempo de lectura":"2 minutos"},"schema":{"@context":"https:\/\/schema.org","@graph":[{"@type":"WebPage","@id":"https:\/\/gruposumyteck.com\/?product=axial-con-transmision-serie-age","url":"https:\/\/gruposumyteck.com\/?product=axial-con-transmision-serie-age","name":"Axial con Transmisi\u00f3n Serie AGE - Grupo Sumyteck SAS","isPartOf":{"@id":"https:\/\/gruposumyteck.com\/#website"},"primaryImageOfPage":{"@id":"https:\/\/gruposumyteck.com\/?product=axial-con-transmision-serie-age#primaryimage"},"image":{"@id":"https:\/\/gruposumyteck.com\/?product=axial-con-transmision-serie-age#primaryimage"},"thumbnailUrl":"https:\/\/gruposumyteck.com\/wp-content\/uploads\/2025\/04\/Tienda_Axiales-con-TransmisionAGE.jpg","datePublished":"2025-04-23T10:32:15+00:00","dateModified":"2025-04-26T14:19:10+00:00","description":"Este equipo para operar de manera continua, garantizando una excelente circulaci\u00f3n y renovaci\u00f3n del aire en ambientes industriales, comerciales y agr\u00edcolas.","breadcrumb":{"@id":"https:\/\/gruposumyteck.com\/?product=axial-con-transmision-serie-age#breadcrumb"},"inLanguage":"es","potentialAction":[{"@type":"ReadAction","target":["https:\/\/gruposumyteck.com\/?product=axial-con-transmision-serie-age"]}]},{"@type":"ImageObject","inLanguage":"es","@id":"https:\/\/gruposumyteck.com\/?product=axial-con-transmision-serie-age#primaryimage","url":"https:\/\/gruposumyteck.com\/wp-content\/uploads\/2025\/04\/Tienda_Axiales-con-TransmisionAGE.jpg","contentUrl":"https:\/\/gruposumyteck.com\/wp-content\/uploads\/2025\/04\/Tienda_Axiales-con-TransmisionAGE.jpg","width":300,"height":350,"caption":"Axiales con Transmisi\u00f3n Serie AGE"},{"@type":"BreadcrumbList","@id":"https:\/\/gruposumyteck.com\/?product=axial-con-transmision-serie-age#breadcrumb","itemListElement":[{"@type":"ListItem","position":1,"name":"Inicio","item":"https:\/\/gruposumyteck.com\/"},{"@type":"ListItem","position":2,"name":"Productos","item":"https:\/\/gruposumyteck.com\/?post_type=product"},{"@type":"ListItem","position":3,"name":"Axial con Transmisi\u00f3n Serie AGE"}]},{"@type":"WebSite","@id":"https:\/\/gruposumyteck.com\/#website","url":"https:\/\/gruposumyteck.com\/","name":"Grupo Sumyteck SAS","description":"La mejor selecci\u00f3n de productos para ventilaci\u00f3n: extractores de aire, ventiladores industriales, ductos, compuertas, rejillas, filtros y controladores","publisher":{"@id":"https:\/\/gruposumyteck.com\/#organization"},"alternateName":"gruposumyteck.com","potentialAction":[{"@type":"SearchAction","target":{"@type":"EntryPoint","urlTemplate":"https:\/\/gruposumyteck.com\/?s={search_term_string}"},"query-input":{"@type":"PropertyValueSpecification","valueRequired":true,"valueName":"search_term_string"}}],"inLanguage":"es"},{"@type":"Organization","@id":"https:\/\/gruposumyteck.com\/#organization","name":"Grupo Sumyteck SAS","alternateName":"gruposumyteck.com","url":"https:\/\/gruposumyteck.com\/","logo":{"@type":"ImageObject","inLanguage":"es","@id":"https:\/\/gruposumyteck.com\/#\/schema\/logo\/image\/","url":"https:\/\/gruposumyteck.com\/wp-content\/uploads\/2024\/03\/Favicon.png","contentUrl":"https:\/\/gruposumyteck.com\/wp-content\/uploads\/2024\/03\/Favicon.png","width":384,"height":384,"caption":"Grupo Sumyteck SAS"},"image":{"@id":"https:\/\/gruposumyteck.com\/#\/schema\/logo\/image\/"},"sameAs":["https:\/\/es-la.facebook.com\/SumyteckSAS\/","https:\/\/x.com\/Sumyteck","https:\/\/www.youtube.com\/channel\/UCoHQzJTzEsi317O4N3k9Zbw","https:\/\/www.instagram.com\/gruposumyteck\/"]}]}},"_links":{"self":[{"href":"https:\/\/gruposumyteck.com\/index.php?rest_route=\/wp\/v2\/product\/7023","targetHints":{"allow":["GET"]}}],"collection":[{"href":"https:\/\/gruposumyteck.com\/index.php?rest_route=\/wp\/v2\/product"}],"about":[{"href":"https:\/\/gruposumyteck.com\/index.php?rest_route=\/wp\/v2\/types\/product"}],"wp:featuredmedia":[{"embeddable":true,"href":"https:\/\/gruposumyteck.com\/index.php?rest_route=\/wp\/v2\/media\/7025"}],"wp:attachment":[{"href":"https:\/\/gruposumyteck.com\/index.php?rest_route=%2Fwp%2Fv2%2Fmedia&parent=7023"}],"wp:term":[{"taxonomy":"product_brand","embeddable":true,"href":"https:\/\/gruposumyteck.com\/index.php?rest_route=%2Fwp%2Fv2%2Fproduct_brand&post=7023"},{"taxonomy":"product_cat","embeddable":true,"href":"https:\/\/gruposumyteck.com\/index.php?rest_route=%2Fwp%2Fv2%2Fproduct_cat&post=7023"},{"taxonomy":"product_tag","embeddable":true,"href":"https:\/\/gruposumyteck.com\/index.php?rest_route=%2Fwp%2Fv2%2Fproduct_tag&post=7023"}],"curies":[{"name":"wp","href":"https:\/\/api.w.org\/{rel}","templated":true}]}}