{"id":7010,"date":"2025-04-22T20:44:33","date_gmt":"2025-04-23T01:44:33","guid":{"rendered":"https:\/\/gruposumyteck.com\/?post_type=product&#038;p=7010"},"modified":"2025-04-26T09:05:54","modified_gmt":"2025-04-26T14:05:54","slug":"axial-diseno-de-alabes-con-perfil-aerodinamico","status":"publish","type":"product","link":"https:\/\/gruposumyteck.com\/?product=axial-diseno-de-alabes-con-perfil-aerodinamico","title":{"rendered":"Axial dise\u00f1o de \u00e1labes con perfil aerodin\u00e1mico"},"content":{"rendered":"<p>Este sistema incorpora un <strong data-start=\"326\" data-end=\"381\">dise\u00f1o de \u00e1labes con perfil aerodin\u00e1mico optimizado<\/strong>, el cual permite una distribuci\u00f3n uniforme del flujo de aire a lo largo de una <strong data-start=\"461\" data-end=\"495\">mayor \u00e1rea efectiva de trabajo<\/strong> en comparaci\u00f3n con los extractores convencionales.<\/p>\n<p class=\"\" data-start=\"548\" data-end=\"769\">Gracias a esta ingenier\u00eda de precisi\u00f3n, se <strong data-start=\"591\" data-end=\"635\">reduce significativamente la turbulencia<\/strong>, lo que a su vez <strong data-start=\"653\" data-end=\"688\">mejora la eficiencia energ\u00e9tica<\/strong> del sistema, disminuye el ruido operacional y prolonga la vida \u00fatil del equipo.<\/p>\n<p class=\"\" data-start=\"771\" data-end=\"1031\">Este tipo de dise\u00f1o est\u00e1 orientado a aplicaciones donde se requiere un <strong data-start=\"842\" data-end=\"910\">alto rendimiento en ventilaci\u00f3n, extracci\u00f3n o renovaci\u00f3n de aire<\/strong>, tanto en entornos industriales como comerciales, contribuyendo a un funcionamiento m\u00e1s silencioso, estable y eficiente.<\/p>\n<p class=\"\" data-start=\"1033\" data-end=\"1212\">Ideal para sistemas HVAC, ventilaci\u00f3n industrial, c\u00e1maras de presi\u00f3n, unidades de manejo de aire y soluciones de climatizaci\u00f3n que demandan rendimiento constante con bajo consumo.<\/p>\n<a href='https:\/\/gruposumyteck.com\/files\/SP-HXAP.pdf' class='small-button smallblack' target=\"_blank\">Ver Ficha T\u00e9cnica<\/a>\n","protected":false},"excerpt":{"rendered":"<p>Este sistema incorpora un <strong data-start=\"326\" data-end=\"381\">dise\u00f1o de \u00e1labes con perfil aerodin\u00e1mico optimizado<\/strong>, el cual permite una distribuci\u00f3n uniforme del flujo de aire a lo largo de una <strong data-start=\"461\" data-end=\"495\">mayor \u00e1rea efectiva de trabajo<\/strong> en comparaci\u00f3n con los extractores convencionales.<\/p>\n<a href='https:\/\/gruposumyteck.com\/files\/SP-HXAP.pdf' class='small-button smallblack' target=\"_blank\">Ver Ficha T\u00e9cnica<\/a>\n","protected":false},"featured_media":7011,"template":"","meta":{"_et_pb_use_builder":"","_et_pb_old_content":"","_et_gb_content_width":""},"product_brand":[176],"product_cat":[645,177],"product_tag":[472,466,468,471,470,473,475,467,474,469],"class_list":{"0":"post-7010","1":"product","2":"type-product","3":"status-publish","4":"has-post-thumbnail","6":"product_brand-soler-y-palau","7":"product_cat-axiales-directos","8":"product_cat-ventilacion-comercial","9":"product_tag-aire-uniforme-en-sistemas-hvac","10":"product_tag-alabes-aerodinamicos","11":"product_tag-diseno-de-helices-industriales","12":"product_tag-eficiencia-energetica-en-ventilacion","13":"product_tag-extractores-baja-turbulencia","14":"product_tag-helices-perfil-airfoil","15":"product_tag-rendimiento-aerodinamico-ventilacion","16":"product_tag-ventilador-alta-eficiencia","17":"product_tag-ventiladores-con-menor-ruido","18":"product_tag-ventiladores-silenciosos","20":"first","21":"instock","22":"taxable","23":"shipping-taxable","24":"product-type-simple"},"yoast_head":"<!-- This site is optimized with the Yoast SEO plugin v27.5 - https:\/\/yoast.com\/product\/yoast-seo-wordpress\/ -->\n<title>Axial dise\u00f1o de \u00e1labes con perfil aerodin\u00e1mico - Grupo Sumyteck SAS<\/title>\n<meta name=\"description\" content=\"Dise\u00f1o de \u00e1labes con perfil aerodin\u00e1mico optimizado, el cual permite una distribuci\u00f3n uniforme del flujo de aire a lo largo de una mayor \u00e1rea efectiva\" \/>\n<meta name=\"robots\" content=\"index, follow, max-snippet:-1, max-image-preview:large, max-video-preview:-1\" \/>\n<link rel=\"canonical\" href=\"https:\/\/gruposumyteck.com\/?product=axial-diseno-de-alabes-con-perfil-aerodinamico\" \/>\n<meta property=\"og:locale\" content=\"es_ES\" \/>\n<meta property=\"og:type\" content=\"article\" \/>\n<meta property=\"og:title\" content=\"Axial dise\u00f1o de \u00e1labes con perfil aerodin\u00e1mico - Grupo Sumyteck SAS\" \/>\n<meta property=\"og:description\" content=\"Dise\u00f1o de \u00e1labes con perfil aerodin\u00e1mico optimizado, el cual permite una distribuci\u00f3n uniforme del flujo de aire a lo largo de una mayor \u00e1rea efectiva\" \/>\n<meta property=\"og:url\" content=\"https:\/\/gruposumyteck.com\/?product=axial-diseno-de-alabes-con-perfil-aerodinamico\" \/>\n<meta property=\"og:site_name\" content=\"Grupo Sumyteck SAS\" \/>\n<meta property=\"article:publisher\" content=\"https:\/\/es-la.facebook.com\/SumyteckSAS\/\" \/>\n<meta property=\"article:modified_time\" content=\"2025-04-26T14:05:54+00:00\" \/>\n<meta property=\"og:image\" content=\"https:\/\/gruposumyteck.com\/wp-content\/uploads\/2025\/04\/Tienda_Axiales-Directos.jpg\" \/>\n\t<meta property=\"og:image:width\" content=\"300\" \/>\n\t<meta property=\"og:image:height\" content=\"350\" \/>\n\t<meta property=\"og:image:type\" content=\"image\/jpeg\" \/>\n<meta name=\"twitter:card\" content=\"summary_large_image\" \/>\n<meta name=\"twitter:site\" content=\"@Sumyteck\" \/>\n<meta name=\"twitter:label1\" content=\"Tiempo de lectura\" \/>\n\t<meta name=\"twitter:data1\" content=\"1 minuto\" \/>\n<script type=\"application\/ld+json\" class=\"yoast-schema-graph\">{\"@context\":\"https:\\\/\\\/schema.org\",\"@graph\":[{\"@type\":\"WebPage\",\"@id\":\"https:\\\/\\\/gruposumyteck.com\\\/?product=axial-diseno-de-alabes-con-perfil-aerodinamico\",\"url\":\"https:\\\/\\\/gruposumyteck.com\\\/?product=axial-diseno-de-alabes-con-perfil-aerodinamico\",\"name\":\"Axial dise\u00f1o de \u00e1labes con perfil aerodin\u00e1mico - Grupo Sumyteck SAS\",\"isPartOf\":{\"@id\":\"https:\\\/\\\/gruposumyteck.com\\\/#website\"},\"primaryImageOfPage\":{\"@id\":\"https:\\\/\\\/gruposumyteck.com\\\/?product=axial-diseno-de-alabes-con-perfil-aerodinamico#primaryimage\"},\"image\":{\"@id\":\"https:\\\/\\\/gruposumyteck.com\\\/?product=axial-diseno-de-alabes-con-perfil-aerodinamico#primaryimage\"},\"thumbnailUrl\":\"https:\\\/\\\/gruposumyteck.com\\\/wp-content\\\/uploads\\\/2025\\\/04\\\/Tienda_Axiales-Directos.jpg\",\"datePublished\":\"2025-04-23T01:44:33+00:00\",\"dateModified\":\"2025-04-26T14:05:54+00:00\",\"description\":\"Dise\u00f1o de \u00e1labes con perfil aerodin\u00e1mico optimizado, el cual permite una distribuci\u00f3n uniforme del flujo de aire a lo largo de una mayor \u00e1rea efectiva\",\"breadcrumb\":{\"@id\":\"https:\\\/\\\/gruposumyteck.com\\\/?product=axial-diseno-de-alabes-con-perfil-aerodinamico#breadcrumb\"},\"inLanguage\":\"es\",\"potentialAction\":[{\"@type\":\"ReadAction\",\"target\":[\"https:\\\/\\\/gruposumyteck.com\\\/?product=axial-diseno-de-alabes-con-perfil-aerodinamico\"]}]},{\"@type\":\"ImageObject\",\"inLanguage\":\"es\",\"@id\":\"https:\\\/\\\/gruposumyteck.com\\\/?product=axial-diseno-de-alabes-con-perfil-aerodinamico#primaryimage\",\"url\":\"https:\\\/\\\/gruposumyteck.com\\\/wp-content\\\/uploads\\\/2025\\\/04\\\/Tienda_Axiales-Directos.jpg\",\"contentUrl\":\"https:\\\/\\\/gruposumyteck.com\\\/wp-content\\\/uploads\\\/2025\\\/04\\\/Tienda_Axiales-Directos.jpg\",\"width\":300,\"height\":350,\"caption\":\"Axial dise\u00f1o de \u00e1labes con perfil aerodin\u00e1mico\"},{\"@type\":\"BreadcrumbList\",\"@id\":\"https:\\\/\\\/gruposumyteck.com\\\/?product=axial-diseno-de-alabes-con-perfil-aerodinamico#breadcrumb\",\"itemListElement\":[{\"@type\":\"ListItem\",\"position\":1,\"name\":\"Inicio\",\"item\":\"https:\\\/\\\/gruposumyteck.com\\\/\"},{\"@type\":\"ListItem\",\"position\":2,\"name\":\"Productos\",\"item\":\"https:\\\/\\\/gruposumyteck.com\\\/?post_type=product\"},{\"@type\":\"ListItem\",\"position\":3,\"name\":\"Axial dise\u00f1o de \u00e1labes con perfil aerodin\u00e1mico\"}]},{\"@type\":\"WebSite\",\"@id\":\"https:\\\/\\\/gruposumyteck.com\\\/#website\",\"url\":\"https:\\\/\\\/gruposumyteck.com\\\/\",\"name\":\"Grupo Sumyteck SAS\",\"description\":\"La mejor selecci\u00f3n de productos para ventilaci\u00f3n: extractores de aire, ventiladores industriales, ductos, compuertas, rejillas, filtros y controladores\",\"publisher\":{\"@id\":\"https:\\\/\\\/gruposumyteck.com\\\/#organization\"},\"alternateName\":\"gruposumyteck.com\",\"potentialAction\":[{\"@type\":\"SearchAction\",\"target\":{\"@type\":\"EntryPoint\",\"urlTemplate\":\"https:\\\/\\\/gruposumyteck.com\\\/?s={search_term_string}\"},\"query-input\":{\"@type\":\"PropertyValueSpecification\",\"valueRequired\":true,\"valueName\":\"search_term_string\"}}],\"inLanguage\":\"es\"},{\"@type\":\"Organization\",\"@id\":\"https:\\\/\\\/gruposumyteck.com\\\/#organization\",\"name\":\"Grupo Sumyteck SAS\",\"alternateName\":\"gruposumyteck.com\",\"url\":\"https:\\\/\\\/gruposumyteck.com\\\/\",\"logo\":{\"@type\":\"ImageObject\",\"inLanguage\":\"es\",\"@id\":\"https:\\\/\\\/gruposumyteck.com\\\/#\\\/schema\\\/logo\\\/image\\\/\",\"url\":\"https:\\\/\\\/gruposumyteck.com\\\/wp-content\\\/uploads\\\/2024\\\/03\\\/Favicon.png\",\"contentUrl\":\"https:\\\/\\\/gruposumyteck.com\\\/wp-content\\\/uploads\\\/2024\\\/03\\\/Favicon.png\",\"width\":384,\"height\":384,\"caption\":\"Grupo Sumyteck SAS\"},\"image\":{\"@id\":\"https:\\\/\\\/gruposumyteck.com\\\/#\\\/schema\\\/logo\\\/image\\\/\"},\"sameAs\":[\"https:\\\/\\\/es-la.facebook.com\\\/SumyteckSAS\\\/\",\"https:\\\/\\\/x.com\\\/Sumyteck\",\"https:\\\/\\\/www.youtube.com\\\/channel\\\/UCoHQzJTzEsi317O4N3k9Zbw\",\"https:\\\/\\\/www.instagram.com\\\/gruposumyteck\\\/\"]}]}<\/script>\n<!-- \/ Yoast SEO plugin. -->","yoast_head_json":{"title":"Axial dise\u00f1o de \u00e1labes con perfil aerodin\u00e1mico - Grupo Sumyteck SAS","description":"Dise\u00f1o de \u00e1labes con perfil aerodin\u00e1mico optimizado, el cual permite una distribuci\u00f3n uniforme del flujo de aire a lo largo de una mayor \u00e1rea efectiva","robots":{"index":"index","follow":"follow","max-snippet":"max-snippet:-1","max-image-preview":"max-image-preview:large","max-video-preview":"max-video-preview:-1"},"canonical":"https:\/\/gruposumyteck.com\/?product=axial-diseno-de-alabes-con-perfil-aerodinamico","og_locale":"es_ES","og_type":"article","og_title":"Axial dise\u00f1o de \u00e1labes con perfil aerodin\u00e1mico - Grupo Sumyteck SAS","og_description":"Dise\u00f1o de \u00e1labes con perfil aerodin\u00e1mico optimizado, el cual permite una distribuci\u00f3n uniforme del flujo de aire a lo largo de una mayor \u00e1rea efectiva","og_url":"https:\/\/gruposumyteck.com\/?product=axial-diseno-de-alabes-con-perfil-aerodinamico","og_site_name":"Grupo Sumyteck SAS","article_publisher":"https:\/\/es-la.facebook.com\/SumyteckSAS\/","article_modified_time":"2025-04-26T14:05:54+00:00","og_image":[{"width":300,"height":350,"url":"https:\/\/gruposumyteck.com\/wp-content\/uploads\/2025\/04\/Tienda_Axiales-Directos.jpg","type":"image\/jpeg"}],"twitter_card":"summary_large_image","twitter_site":"@Sumyteck","twitter_misc":{"Tiempo de lectura":"1 minuto"},"schema":{"@context":"https:\/\/schema.org","@graph":[{"@type":"WebPage","@id":"https:\/\/gruposumyteck.com\/?product=axial-diseno-de-alabes-con-perfil-aerodinamico","url":"https:\/\/gruposumyteck.com\/?product=axial-diseno-de-alabes-con-perfil-aerodinamico","name":"Axial dise\u00f1o de \u00e1labes con perfil aerodin\u00e1mico - Grupo Sumyteck SAS","isPartOf":{"@id":"https:\/\/gruposumyteck.com\/#website"},"primaryImageOfPage":{"@id":"https:\/\/gruposumyteck.com\/?product=axial-diseno-de-alabes-con-perfil-aerodinamico#primaryimage"},"image":{"@id":"https:\/\/gruposumyteck.com\/?product=axial-diseno-de-alabes-con-perfil-aerodinamico#primaryimage"},"thumbnailUrl":"https:\/\/gruposumyteck.com\/wp-content\/uploads\/2025\/04\/Tienda_Axiales-Directos.jpg","datePublished":"2025-04-23T01:44:33+00:00","dateModified":"2025-04-26T14:05:54+00:00","description":"Dise\u00f1o de \u00e1labes con perfil aerodin\u00e1mico optimizado, el cual permite una distribuci\u00f3n uniforme del flujo de aire a lo largo de una mayor \u00e1rea efectiva","breadcrumb":{"@id":"https:\/\/gruposumyteck.com\/?product=axial-diseno-de-alabes-con-perfil-aerodinamico#breadcrumb"},"inLanguage":"es","potentialAction":[{"@type":"ReadAction","target":["https:\/\/gruposumyteck.com\/?product=axial-diseno-de-alabes-con-perfil-aerodinamico"]}]},{"@type":"ImageObject","inLanguage":"es","@id":"https:\/\/gruposumyteck.com\/?product=axial-diseno-de-alabes-con-perfil-aerodinamico#primaryimage","url":"https:\/\/gruposumyteck.com\/wp-content\/uploads\/2025\/04\/Tienda_Axiales-Directos.jpg","contentUrl":"https:\/\/gruposumyteck.com\/wp-content\/uploads\/2025\/04\/Tienda_Axiales-Directos.jpg","width":300,"height":350,"caption":"Axial dise\u00f1o de \u00e1labes con perfil aerodin\u00e1mico"},{"@type":"BreadcrumbList","@id":"https:\/\/gruposumyteck.com\/?product=axial-diseno-de-alabes-con-perfil-aerodinamico#breadcrumb","itemListElement":[{"@type":"ListItem","position":1,"name":"Inicio","item":"https:\/\/gruposumyteck.com\/"},{"@type":"ListItem","position":2,"name":"Productos","item":"https:\/\/gruposumyteck.com\/?post_type=product"},{"@type":"ListItem","position":3,"name":"Axial dise\u00f1o de \u00e1labes con perfil aerodin\u00e1mico"}]},{"@type":"WebSite","@id":"https:\/\/gruposumyteck.com\/#website","url":"https:\/\/gruposumyteck.com\/","name":"Grupo Sumyteck SAS","description":"La mejor selecci\u00f3n de productos para ventilaci\u00f3n: extractores de aire, ventiladores industriales, ductos, compuertas, rejillas, filtros y controladores","publisher":{"@id":"https:\/\/gruposumyteck.com\/#organization"},"alternateName":"gruposumyteck.com","potentialAction":[{"@type":"SearchAction","target":{"@type":"EntryPoint","urlTemplate":"https:\/\/gruposumyteck.com\/?s={search_term_string}"},"query-input":{"@type":"PropertyValueSpecification","valueRequired":true,"valueName":"search_term_string"}}],"inLanguage":"es"},{"@type":"Organization","@id":"https:\/\/gruposumyteck.com\/#organization","name":"Grupo Sumyteck SAS","alternateName":"gruposumyteck.com","url":"https:\/\/gruposumyteck.com\/","logo":{"@type":"ImageObject","inLanguage":"es","@id":"https:\/\/gruposumyteck.com\/#\/schema\/logo\/image\/","url":"https:\/\/gruposumyteck.com\/wp-content\/uploads\/2024\/03\/Favicon.png","contentUrl":"https:\/\/gruposumyteck.com\/wp-content\/uploads\/2024\/03\/Favicon.png","width":384,"height":384,"caption":"Grupo Sumyteck SAS"},"image":{"@id":"https:\/\/gruposumyteck.com\/#\/schema\/logo\/image\/"},"sameAs":["https:\/\/es-la.facebook.com\/SumyteckSAS\/","https:\/\/x.com\/Sumyteck","https:\/\/www.youtube.com\/channel\/UCoHQzJTzEsi317O4N3k9Zbw","https:\/\/www.instagram.com\/gruposumyteck\/"]}]}},"_links":{"self":[{"href":"https:\/\/gruposumyteck.com\/index.php?rest_route=\/wp\/v2\/product\/7010","targetHints":{"allow":["GET"]}}],"collection":[{"href":"https:\/\/gruposumyteck.com\/index.php?rest_route=\/wp\/v2\/product"}],"about":[{"href":"https:\/\/gruposumyteck.com\/index.php?rest_route=\/wp\/v2\/types\/product"}],"wp:featuredmedia":[{"embeddable":true,"href":"https:\/\/gruposumyteck.com\/index.php?rest_route=\/wp\/v2\/media\/7011"}],"wp:attachment":[{"href":"https:\/\/gruposumyteck.com\/index.php?rest_route=%2Fwp%2Fv2%2Fmedia&parent=7010"}],"wp:term":[{"taxonomy":"product_brand","embeddable":true,"href":"https:\/\/gruposumyteck.com\/index.php?rest_route=%2Fwp%2Fv2%2Fproduct_brand&post=7010"},{"taxonomy":"product_cat","embeddable":true,"href":"https:\/\/gruposumyteck.com\/index.php?rest_route=%2Fwp%2Fv2%2Fproduct_cat&post=7010"},{"taxonomy":"product_tag","embeddable":true,"href":"https:\/\/gruposumyteck.com\/index.php?rest_route=%2Fwp%2Fv2%2Fproduct_tag&post=7010"}],"curies":[{"name":"wp","href":"https:\/\/api.w.org\/{rel}","templated":true}]}}