{"id":7005,"date":"2025-04-22T20:28:40","date_gmt":"2025-04-23T01:28:40","guid":{"rendered":"https:\/\/gruposumyteck.com\/?post_type=product&#038;p=7005"},"modified":"2025-04-26T09:01:26","modified_gmt":"2025-04-26T14:01:26","slug":"atenuadores-acusticos-serie-ats","status":"publish","type":"product","link":"https:\/\/gruposumyteck.com\/?product=atenuadores-acusticos-serie-ats","title":{"rendered":"Atenuadores Ac\u00fasticos Serie ATS"},"content":{"rendered":"<p>Los <strong data-start=\"318\" data-end=\"359\">atenuadores ac\u00fasticos de la Serie ATS<\/strong> est\u00e1n dise\u00f1ados para reducir eficazmente el nivel de ruido generado en sistemas de <strong data-start=\"443\" data-end=\"501\">acondicionamiento de aire, ventilaci\u00f3n y climatizaci\u00f3n<\/strong>, sin comprometer el flujo de aire ni la eficiencia del sistema.<\/p>\n<p class=\"\" data-start=\"567\" data-end=\"940\">Son ideales para su integraci\u00f3n en <strong data-start=\"602\" data-end=\"735\">unidades manejadoras de aire, sistemas de filtraci\u00f3n, aire lavado, redes de ductos y sistemas de calefacci\u00f3n o aire acondicionado<\/strong>. Su estructura est\u00e1 compuesta por materiales de alta calidad que ofrecen un alto grado de absorci\u00f3n ac\u00fastica, con una m\u00ednima p\u00e9rdida de carga, asegurando confort t\u00e9rmico y ac\u00fastico en ambientes sensibles.<\/p>\n<p class=\"\" data-start=\"942\" data-end=\"1176\">La Serie ATS es ampliamente utilizada en <strong data-start=\"983\" data-end=\"1175\">hospitales, hoteles, centros comerciales, edificios corporativos, espacios p\u00fablicos, instituciones educativas y cualquier instalaci\u00f3n que requiera ambientes silenciosos y bien climatizados<\/strong>.<\/p>\n<p class=\"\" data-start=\"1178\" data-end=\"1349\">Contribuyen a cumplir normativas ac\u00fasticas y de calidad ambiental, mejorando significativamente el confort de los ocupantes y la eficiencia operativa de los sistemas HVAC.<\/p>\n<a href='https:\/\/gruposumyteck.com\/files\/SP-ATS.pdf' class='small-button smallblack' target=\"_blank\">Ver Ficha T\u00e9cnica<\/a>\n","protected":false},"excerpt":{"rendered":"<p>Los <strong data-start=\"318\" data-end=\"359\">atenuadores ac\u00fasticos de la Serie ATS<\/strong> est\u00e1n dise\u00f1ados para reducir eficazmente el nivel de ruido generado en sistemas de <strong data-start=\"443\" data-end=\"501\">acondicionamiento de aire, ventilaci\u00f3n y climatizaci\u00f3n<\/strong>, sin comprometer el flujo de aire ni la eficiencia del sistema.<\/p>\n<a href='https:\/\/gruposumyteck.com\/files\/SP-ATS.pdf' class='small-button smallblack' target=\"_blank\">Ver Ficha T\u00e9cnica<\/a>\n","protected":false},"featured_media":7006,"template":"","meta":{"_et_pb_use_builder":"","_et_pb_old_content":"","_et_gb_content_width":""},"product_brand":[176],"product_cat":[644,177],"product_tag":[453,454,447,450,455,449,452,448,451,363],"class_list":{"0":"post-7005","1":"product","2":"type-product","3":"status-publish","4":"has-post-thumbnail","6":"product_brand-soler-y-palau","7":"product_cat-atenuadores","8":"product_cat-ventilacion-comercial","9":"product_tag-aire-acondicionado-hospitalario","10":"product_tag-atenuadores-acusticos-comerciales","11":"product_tag-atenuadores-acusticos-hvac","12":"product_tag-atenuadores-para-aire-acondicionado","13":"product_tag-confort-acustico-en-hoteles","14":"product_tag-control-acustico-en-climatizacion","15":"product_tag-ductos-con-aislamiento-acustico","16":"product_tag-reduccion-de-ruido-en-ductos","17":"product_tag-tratamiento-acustico-edificios","18":"product_tag-ventilacion-silenciosa","20":"first","21":"instock","22":"taxable","23":"shipping-taxable","24":"product-type-simple"},"yoast_head":"<!-- This site is optimized with the Yoast SEO plugin v27.5 - https:\/\/yoast.com\/product\/yoast-seo-wordpress\/ -->\n<title>Atenuadores Ac\u00fasticos Serie ATS - Grupo Sumyteck SAS<\/title>\n<meta name=\"description\" content=\"Los atenuadores ac\u00fasticos ATS dise\u00f1ados para reducir el nivel de ruido generado en sistemas de acondicionamiento de aire, ventilaci\u00f3n y climatizaci\u00f3n.\" \/>\n<meta name=\"robots\" content=\"index, follow, max-snippet:-1, max-image-preview:large, max-video-preview:-1\" \/>\n<link rel=\"canonical\" href=\"https:\/\/gruposumyteck.com\/?product=atenuadores-acusticos-serie-ats\" \/>\n<meta property=\"og:locale\" content=\"es_ES\" \/>\n<meta property=\"og:type\" content=\"article\" \/>\n<meta property=\"og:title\" content=\"Atenuadores Ac\u00fasticos Serie ATS - Grupo Sumyteck SAS\" \/>\n<meta property=\"og:description\" content=\"Los atenuadores ac\u00fasticos ATS dise\u00f1ados para reducir el nivel de ruido generado en sistemas de acondicionamiento de aire, ventilaci\u00f3n y climatizaci\u00f3n.\" \/>\n<meta property=\"og:url\" content=\"https:\/\/gruposumyteck.com\/?product=atenuadores-acusticos-serie-ats\" \/>\n<meta property=\"og:site_name\" content=\"Grupo Sumyteck SAS\" \/>\n<meta property=\"article:publisher\" content=\"https:\/\/es-la.facebook.com\/SumyteckSAS\/\" \/>\n<meta property=\"article:modified_time\" content=\"2025-04-26T14:01:26+00:00\" \/>\n<meta property=\"og:image\" content=\"https:\/\/gruposumyteck.com\/wp-content\/uploads\/2025\/04\/Tienda_Atenuador_ruido.jpg\" \/>\n\t<meta property=\"og:image:width\" content=\"300\" \/>\n\t<meta property=\"og:image:height\" content=\"350\" \/>\n\t<meta property=\"og:image:type\" content=\"image\/jpeg\" \/>\n<meta name=\"twitter:card\" content=\"summary_large_image\" \/>\n<meta name=\"twitter:site\" content=\"@Sumyteck\" \/>\n<meta name=\"twitter:label1\" content=\"Tiempo de lectura\" \/>\n\t<meta name=\"twitter:data1\" content=\"1 minuto\" \/>\n<script type=\"application\/ld+json\" class=\"yoast-schema-graph\">{\"@context\":\"https:\\\/\\\/schema.org\",\"@graph\":[{\"@type\":\"WebPage\",\"@id\":\"https:\\\/\\\/gruposumyteck.com\\\/?product=atenuadores-acusticos-serie-ats\",\"url\":\"https:\\\/\\\/gruposumyteck.com\\\/?product=atenuadores-acusticos-serie-ats\",\"name\":\"Atenuadores Ac\u00fasticos Serie ATS - Grupo Sumyteck SAS\",\"isPartOf\":{\"@id\":\"https:\\\/\\\/gruposumyteck.com\\\/#website\"},\"primaryImageOfPage\":{\"@id\":\"https:\\\/\\\/gruposumyteck.com\\\/?product=atenuadores-acusticos-serie-ats#primaryimage\"},\"image\":{\"@id\":\"https:\\\/\\\/gruposumyteck.com\\\/?product=atenuadores-acusticos-serie-ats#primaryimage\"},\"thumbnailUrl\":\"https:\\\/\\\/gruposumyteck.com\\\/wp-content\\\/uploads\\\/2025\\\/04\\\/Tienda_Atenuador_ruido.jpg\",\"datePublished\":\"2025-04-23T01:28:40+00:00\",\"dateModified\":\"2025-04-26T14:01:26+00:00\",\"description\":\"Los atenuadores ac\u00fasticos ATS dise\u00f1ados para reducir el nivel de ruido generado en sistemas de acondicionamiento de aire, ventilaci\u00f3n y climatizaci\u00f3n.\",\"breadcrumb\":{\"@id\":\"https:\\\/\\\/gruposumyteck.com\\\/?product=atenuadores-acusticos-serie-ats#breadcrumb\"},\"inLanguage\":\"es\",\"potentialAction\":[{\"@type\":\"ReadAction\",\"target\":[\"https:\\\/\\\/gruposumyteck.com\\\/?product=atenuadores-acusticos-serie-ats\"]}]},{\"@type\":\"ImageObject\",\"inLanguage\":\"es\",\"@id\":\"https:\\\/\\\/gruposumyteck.com\\\/?product=atenuadores-acusticos-serie-ats#primaryimage\",\"url\":\"https:\\\/\\\/gruposumyteck.com\\\/wp-content\\\/uploads\\\/2025\\\/04\\\/Tienda_Atenuador_ruido.jpg\",\"contentUrl\":\"https:\\\/\\\/gruposumyteck.com\\\/wp-content\\\/uploads\\\/2025\\\/04\\\/Tienda_Atenuador_ruido.jpg\",\"width\":300,\"height\":350,\"caption\":\"Atenuadores Ac\u00fasticos Serie ATS\"},{\"@type\":\"BreadcrumbList\",\"@id\":\"https:\\\/\\\/gruposumyteck.com\\\/?product=atenuadores-acusticos-serie-ats#breadcrumb\",\"itemListElement\":[{\"@type\":\"ListItem\",\"position\":1,\"name\":\"Inicio\",\"item\":\"https:\\\/\\\/gruposumyteck.com\\\/\"},{\"@type\":\"ListItem\",\"position\":2,\"name\":\"Productos\",\"item\":\"https:\\\/\\\/gruposumyteck.com\\\/?post_type=product\"},{\"@type\":\"ListItem\",\"position\":3,\"name\":\"Atenuadores Ac\u00fasticos Serie ATS\"}]},{\"@type\":\"WebSite\",\"@id\":\"https:\\\/\\\/gruposumyteck.com\\\/#website\",\"url\":\"https:\\\/\\\/gruposumyteck.com\\\/\",\"name\":\"Grupo Sumyteck SAS\",\"description\":\"La mejor selecci\u00f3n de productos para ventilaci\u00f3n: extractores de aire, ventiladores industriales, ductos, compuertas, rejillas, filtros y controladores\",\"publisher\":{\"@id\":\"https:\\\/\\\/gruposumyteck.com\\\/#organization\"},\"alternateName\":\"gruposumyteck.com\",\"potentialAction\":[{\"@type\":\"SearchAction\",\"target\":{\"@type\":\"EntryPoint\",\"urlTemplate\":\"https:\\\/\\\/gruposumyteck.com\\\/?s={search_term_string}\"},\"query-input\":{\"@type\":\"PropertyValueSpecification\",\"valueRequired\":true,\"valueName\":\"search_term_string\"}}],\"inLanguage\":\"es\"},{\"@type\":\"Organization\",\"@id\":\"https:\\\/\\\/gruposumyteck.com\\\/#organization\",\"name\":\"Grupo Sumyteck SAS\",\"alternateName\":\"gruposumyteck.com\",\"url\":\"https:\\\/\\\/gruposumyteck.com\\\/\",\"logo\":{\"@type\":\"ImageObject\",\"inLanguage\":\"es\",\"@id\":\"https:\\\/\\\/gruposumyteck.com\\\/#\\\/schema\\\/logo\\\/image\\\/\",\"url\":\"https:\\\/\\\/gruposumyteck.com\\\/wp-content\\\/uploads\\\/2024\\\/03\\\/Favicon.png\",\"contentUrl\":\"https:\\\/\\\/gruposumyteck.com\\\/wp-content\\\/uploads\\\/2024\\\/03\\\/Favicon.png\",\"width\":384,\"height\":384,\"caption\":\"Grupo Sumyteck SAS\"},\"image\":{\"@id\":\"https:\\\/\\\/gruposumyteck.com\\\/#\\\/schema\\\/logo\\\/image\\\/\"},\"sameAs\":[\"https:\\\/\\\/es-la.facebook.com\\\/SumyteckSAS\\\/\",\"https:\\\/\\\/x.com\\\/Sumyteck\",\"https:\\\/\\\/www.youtube.com\\\/channel\\\/UCoHQzJTzEsi317O4N3k9Zbw\",\"https:\\\/\\\/www.instagram.com\\\/gruposumyteck\\\/\"]}]}<\/script>\n<!-- \/ Yoast SEO plugin. -->","yoast_head_json":{"title":"Atenuadores Ac\u00fasticos Serie ATS - Grupo Sumyteck SAS","description":"Los atenuadores ac\u00fasticos ATS dise\u00f1ados para reducir el nivel de ruido generado en sistemas de acondicionamiento de aire, ventilaci\u00f3n y climatizaci\u00f3n.","robots":{"index":"index","follow":"follow","max-snippet":"max-snippet:-1","max-image-preview":"max-image-preview:large","max-video-preview":"max-video-preview:-1"},"canonical":"https:\/\/gruposumyteck.com\/?product=atenuadores-acusticos-serie-ats","og_locale":"es_ES","og_type":"article","og_title":"Atenuadores Ac\u00fasticos Serie ATS - Grupo Sumyteck SAS","og_description":"Los atenuadores ac\u00fasticos ATS dise\u00f1ados para reducir el nivel de ruido generado en sistemas de acondicionamiento de aire, ventilaci\u00f3n y climatizaci\u00f3n.","og_url":"https:\/\/gruposumyteck.com\/?product=atenuadores-acusticos-serie-ats","og_site_name":"Grupo Sumyteck SAS","article_publisher":"https:\/\/es-la.facebook.com\/SumyteckSAS\/","article_modified_time":"2025-04-26T14:01:26+00:00","og_image":[{"width":300,"height":350,"url":"https:\/\/gruposumyteck.com\/wp-content\/uploads\/2025\/04\/Tienda_Atenuador_ruido.jpg","type":"image\/jpeg"}],"twitter_card":"summary_large_image","twitter_site":"@Sumyteck","twitter_misc":{"Tiempo de lectura":"1 minuto"},"schema":{"@context":"https:\/\/schema.org","@graph":[{"@type":"WebPage","@id":"https:\/\/gruposumyteck.com\/?product=atenuadores-acusticos-serie-ats","url":"https:\/\/gruposumyteck.com\/?product=atenuadores-acusticos-serie-ats","name":"Atenuadores Ac\u00fasticos Serie ATS - Grupo Sumyteck SAS","isPartOf":{"@id":"https:\/\/gruposumyteck.com\/#website"},"primaryImageOfPage":{"@id":"https:\/\/gruposumyteck.com\/?product=atenuadores-acusticos-serie-ats#primaryimage"},"image":{"@id":"https:\/\/gruposumyteck.com\/?product=atenuadores-acusticos-serie-ats#primaryimage"},"thumbnailUrl":"https:\/\/gruposumyteck.com\/wp-content\/uploads\/2025\/04\/Tienda_Atenuador_ruido.jpg","datePublished":"2025-04-23T01:28:40+00:00","dateModified":"2025-04-26T14:01:26+00:00","description":"Los atenuadores ac\u00fasticos ATS dise\u00f1ados para reducir el nivel de ruido generado en sistemas de acondicionamiento de aire, ventilaci\u00f3n y climatizaci\u00f3n.","breadcrumb":{"@id":"https:\/\/gruposumyteck.com\/?product=atenuadores-acusticos-serie-ats#breadcrumb"},"inLanguage":"es","potentialAction":[{"@type":"ReadAction","target":["https:\/\/gruposumyteck.com\/?product=atenuadores-acusticos-serie-ats"]}]},{"@type":"ImageObject","inLanguage":"es","@id":"https:\/\/gruposumyteck.com\/?product=atenuadores-acusticos-serie-ats#primaryimage","url":"https:\/\/gruposumyteck.com\/wp-content\/uploads\/2025\/04\/Tienda_Atenuador_ruido.jpg","contentUrl":"https:\/\/gruposumyteck.com\/wp-content\/uploads\/2025\/04\/Tienda_Atenuador_ruido.jpg","width":300,"height":350,"caption":"Atenuadores Ac\u00fasticos Serie ATS"},{"@type":"BreadcrumbList","@id":"https:\/\/gruposumyteck.com\/?product=atenuadores-acusticos-serie-ats#breadcrumb","itemListElement":[{"@type":"ListItem","position":1,"name":"Inicio","item":"https:\/\/gruposumyteck.com\/"},{"@type":"ListItem","position":2,"name":"Productos","item":"https:\/\/gruposumyteck.com\/?post_type=product"},{"@type":"ListItem","position":3,"name":"Atenuadores Ac\u00fasticos Serie ATS"}]},{"@type":"WebSite","@id":"https:\/\/gruposumyteck.com\/#website","url":"https:\/\/gruposumyteck.com\/","name":"Grupo Sumyteck SAS","description":"La mejor selecci\u00f3n de productos para ventilaci\u00f3n: extractores de aire, ventiladores industriales, ductos, compuertas, rejillas, filtros y controladores","publisher":{"@id":"https:\/\/gruposumyteck.com\/#organization"},"alternateName":"gruposumyteck.com","potentialAction":[{"@type":"SearchAction","target":{"@type":"EntryPoint","urlTemplate":"https:\/\/gruposumyteck.com\/?s={search_term_string}"},"query-input":{"@type":"PropertyValueSpecification","valueRequired":true,"valueName":"search_term_string"}}],"inLanguage":"es"},{"@type":"Organization","@id":"https:\/\/gruposumyteck.com\/#organization","name":"Grupo Sumyteck SAS","alternateName":"gruposumyteck.com","url":"https:\/\/gruposumyteck.com\/","logo":{"@type":"ImageObject","inLanguage":"es","@id":"https:\/\/gruposumyteck.com\/#\/schema\/logo\/image\/","url":"https:\/\/gruposumyteck.com\/wp-content\/uploads\/2024\/03\/Favicon.png","contentUrl":"https:\/\/gruposumyteck.com\/wp-content\/uploads\/2024\/03\/Favicon.png","width":384,"height":384,"caption":"Grupo Sumyteck SAS"},"image":{"@id":"https:\/\/gruposumyteck.com\/#\/schema\/logo\/image\/"},"sameAs":["https:\/\/es-la.facebook.com\/SumyteckSAS\/","https:\/\/x.com\/Sumyteck","https:\/\/www.youtube.com\/channel\/UCoHQzJTzEsi317O4N3k9Zbw","https:\/\/www.instagram.com\/gruposumyteck\/"]}]}},"_links":{"self":[{"href":"https:\/\/gruposumyteck.com\/index.php?rest_route=\/wp\/v2\/product\/7005","targetHints":{"allow":["GET"]}}],"collection":[{"href":"https:\/\/gruposumyteck.com\/index.php?rest_route=\/wp\/v2\/product"}],"about":[{"href":"https:\/\/gruposumyteck.com\/index.php?rest_route=\/wp\/v2\/types\/product"}],"wp:featuredmedia":[{"embeddable":true,"href":"https:\/\/gruposumyteck.com\/index.php?rest_route=\/wp\/v2\/media\/7006"}],"wp:attachment":[{"href":"https:\/\/gruposumyteck.com\/index.php?rest_route=%2Fwp%2Fv2%2Fmedia&parent=7005"}],"wp:term":[{"taxonomy":"product_brand","embeddable":true,"href":"https:\/\/gruposumyteck.com\/index.php?rest_route=%2Fwp%2Fv2%2Fproduct_brand&post=7005"},{"taxonomy":"product_cat","embeddable":true,"href":"https:\/\/gruposumyteck.com\/index.php?rest_route=%2Fwp%2Fv2%2Fproduct_cat&post=7005"},{"taxonomy":"product_tag","embeddable":true,"href":"https:\/\/gruposumyteck.com\/index.php?rest_route=%2Fwp%2Fv2%2Fproduct_tag&post=7005"}],"curies":[{"name":"wp","href":"https:\/\/api.w.org\/{rel}","templated":true}]}}