{"id":6995,"date":"2025-04-22T19:50:15","date_gmt":"2025-04-23T00:50:15","guid":{"rendered":"https:\/\/gruposumyteck.com\/?post_type=product&#038;p=6995"},"modified":"2025-04-26T08:59:17","modified_gmt":"2025-04-26T13:59:17","slug":"recirculador-serie-agropecuaria-serie-hid","status":"publish","type":"product","link":"https:\/\/gruposumyteck.com\/?product=recirculador-serie-agropecuaria-serie-hid","title":{"rendered":"Recirculador Serie Agropecuaria Serie HID"},"content":{"rendered":"<p>Potente equipo dise\u00f1ado especialmente para optimizar la circulaci\u00f3n del aire en ambientes agropecuarios. Nuestros recirculadores de aire est\u00e1n fabricados con materiales de alta resistencia y durabilidad, ideales para su uso continuo en granjas porcinas y de vacunos. Incorporan un sistema de transmisi\u00f3n por poleas y bandas que mejora el rendimiento energ\u00e9tico y reduce el mantenimiento.<\/p>\n<p>Cuentan con h\u00e9lice galvanizada de alta eficiencia, embocadura aerodin\u00e1mica y soporte estructural en acero con recubrimiento en polvo poli\u00e9ster, lo que garantiza mayor protecci\u00f3n contra la corrosi\u00f3n y larga vida \u00fatil, incluso en ambientes de alta humedad y carga biol\u00f3gica. Son ideales para mejorar el confort t\u00e9rmico de los animales, controlar la humedad, reducir olores y aumentar la productividad del sistema ganadero.<\/p>\n<a href='https:\/\/gruposumyteck.com\/files\/SP_ficha%20t\u00e9cnica%20hid-s&#038;p.pdf' class='small-button smallblack' target=\"_blank\">Ver Ficha T\u00e9cnica<\/a>\n<p>&nbsp;<\/p>\n","protected":false},"excerpt":{"rendered":"<p>Potente equipo dise\u00f1ado especialmente para optimizar la circulaci\u00f3n del aire en ambientes agropecuarios. Nuestros recirculadores de aire est\u00e1n fabricados con materiales de alta resistencia y durabilidad, ideales para su uso continuo en granjas porcinas y de vacunos. Incorporan un sistema de transmisi\u00f3n por poleas y bandas que mejora el rendimiento energ\u00e9tico y reduce el mantenimiento.<\/p>\n<a href='https:\/\/gruposumyteck.com\/files\/SP_ficha%20t\u00e9cnica%20hid-s&#038;p.pdf' class='small-button smallblack' target=\"_blank\">Ver Ficha T\u00e9cnica<\/a>\n<p>&nbsp;<\/p>\n","protected":false},"featured_media":6996,"template":"","meta":{"_et_pb_use_builder":"","_et_pb_old_content":"","_et_gb_content_width":""},"product_brand":[176],"product_cat":[643,177],"product_tag":[416,413,415,408,411,417,414,409,410,412],"class_list":{"0":"post-6995","1":"product","2":"type-product","3":"status-publish","4":"has-post-thumbnail","6":"product_brand-soler-y-palau","7":"product_cat-serie-agropecuaria","8":"product_cat-ventilacion-comercial","9":"product_tag-aireacion-en-criaderos","10":"product_tag-control-termico-en-granjas","11":"product_tag-extractores-para-animales","12":"product_tag-recirculador-de-aire-para-granjas","13":"product_tag-recirculadores-agroindustriales","14":"product_tag-sistema-de-ventilacion-agropecuaria","15":"product_tag-ventilacion-para-establos","16":"product_tag-ventilacion-para-porcinos","17":"product_tag-ventilacion-para-vacunos","18":"product_tag-ventiladores-ganaderos","20":"first","21":"instock","22":"taxable","23":"shipping-taxable","24":"product-type-simple"},"yoast_head":"<!-- This site is optimized with the Yoast SEO plugin v27.5 - https:\/\/yoast.com\/product\/yoast-seo-wordpress\/ -->\n<title>Recirculador Serie Agropecuaria Serie HID - Grupo Sumyteck SAS<\/title>\n<meta name=\"description\" content=\"Potente equipo dise\u00f1ado para optimizar la circulaci\u00f3n del aire en ambientes agropecuarios. ideales para su uso continuo en granjas porcinas y de vacunos.\" \/>\n<meta name=\"robots\" content=\"index, follow, max-snippet:-1, max-image-preview:large, max-video-preview:-1\" \/>\n<link rel=\"canonical\" href=\"https:\/\/gruposumyteck.com\/?product=recirculador-serie-agropecuaria-serie-hid\" \/>\n<meta property=\"og:locale\" content=\"es_ES\" \/>\n<meta property=\"og:type\" content=\"article\" \/>\n<meta property=\"og:title\" content=\"Recirculador Serie Agropecuaria Serie HID - Grupo Sumyteck SAS\" \/>\n<meta property=\"og:description\" content=\"Potente equipo dise\u00f1ado para optimizar la circulaci\u00f3n del aire en ambientes agropecuarios. ideales para su uso continuo en granjas porcinas y de vacunos.\" \/>\n<meta property=\"og:url\" content=\"https:\/\/gruposumyteck.com\/?product=recirculador-serie-agropecuaria-serie-hid\" \/>\n<meta property=\"og:site_name\" content=\"Grupo Sumyteck SAS\" \/>\n<meta property=\"article:publisher\" content=\"https:\/\/es-la.facebook.com\/SumyteckSAS\/\" \/>\n<meta property=\"article:modified_time\" content=\"2025-04-26T13:59:17+00:00\" \/>\n<meta property=\"og:image\" content=\"https:\/\/gruposumyteck.com\/wp-content\/uploads\/2025\/04\/Tienda_Recirculadores-de-aire2.jpg\" \/>\n\t<meta property=\"og:image:width\" content=\"300\" \/>\n\t<meta property=\"og:image:height\" content=\"350\" \/>\n\t<meta property=\"og:image:type\" content=\"image\/jpeg\" \/>\n<meta name=\"twitter:card\" content=\"summary_large_image\" \/>\n<meta name=\"twitter:site\" content=\"@Sumyteck\" \/>\n<meta name=\"twitter:label1\" content=\"Tiempo de lectura\" \/>\n\t<meta name=\"twitter:data1\" content=\"1 minuto\" \/>\n<script type=\"application\/ld+json\" class=\"yoast-schema-graph\">{\"@context\":\"https:\\\/\\\/schema.org\",\"@graph\":[{\"@type\":\"WebPage\",\"@id\":\"https:\\\/\\\/gruposumyteck.com\\\/?product=recirculador-serie-agropecuaria-serie-hid\",\"url\":\"https:\\\/\\\/gruposumyteck.com\\\/?product=recirculador-serie-agropecuaria-serie-hid\",\"name\":\"Recirculador Serie Agropecuaria Serie HID - Grupo Sumyteck SAS\",\"isPartOf\":{\"@id\":\"https:\\\/\\\/gruposumyteck.com\\\/#website\"},\"primaryImageOfPage\":{\"@id\":\"https:\\\/\\\/gruposumyteck.com\\\/?product=recirculador-serie-agropecuaria-serie-hid#primaryimage\"},\"image\":{\"@id\":\"https:\\\/\\\/gruposumyteck.com\\\/?product=recirculador-serie-agropecuaria-serie-hid#primaryimage\"},\"thumbnailUrl\":\"https:\\\/\\\/gruposumyteck.com\\\/wp-content\\\/uploads\\\/2025\\\/04\\\/Tienda_Recirculadores-de-aire2.jpg\",\"datePublished\":\"2025-04-23T00:50:15+00:00\",\"dateModified\":\"2025-04-26T13:59:17+00:00\",\"description\":\"Potente equipo dise\u00f1ado para optimizar la circulaci\u00f3n del aire en ambientes agropecuarios. ideales para su uso continuo en granjas porcinas y de vacunos.\",\"breadcrumb\":{\"@id\":\"https:\\\/\\\/gruposumyteck.com\\\/?product=recirculador-serie-agropecuaria-serie-hid#breadcrumb\"},\"inLanguage\":\"es\",\"potentialAction\":[{\"@type\":\"ReadAction\",\"target\":[\"https:\\\/\\\/gruposumyteck.com\\\/?product=recirculador-serie-agropecuaria-serie-hid\"]}]},{\"@type\":\"ImageObject\",\"inLanguage\":\"es\",\"@id\":\"https:\\\/\\\/gruposumyteck.com\\\/?product=recirculador-serie-agropecuaria-serie-hid#primaryimage\",\"url\":\"https:\\\/\\\/gruposumyteck.com\\\/wp-content\\\/uploads\\\/2025\\\/04\\\/Tienda_Recirculadores-de-aire2.jpg\",\"contentUrl\":\"https:\\\/\\\/gruposumyteck.com\\\/wp-content\\\/uploads\\\/2025\\\/04\\\/Tienda_Recirculadores-de-aire2.jpg\",\"width\":300,\"height\":350,\"caption\":\"Recirculador Serie Agropecuaria Serie HID\"},{\"@type\":\"BreadcrumbList\",\"@id\":\"https:\\\/\\\/gruposumyteck.com\\\/?product=recirculador-serie-agropecuaria-serie-hid#breadcrumb\",\"itemListElement\":[{\"@type\":\"ListItem\",\"position\":1,\"name\":\"Inicio\",\"item\":\"https:\\\/\\\/gruposumyteck.com\\\/\"},{\"@type\":\"ListItem\",\"position\":2,\"name\":\"Productos\",\"item\":\"https:\\\/\\\/gruposumyteck.com\\\/?post_type=product\"},{\"@type\":\"ListItem\",\"position\":3,\"name\":\"Recirculador Serie Agropecuaria Serie HID\"}]},{\"@type\":\"WebSite\",\"@id\":\"https:\\\/\\\/gruposumyteck.com\\\/#website\",\"url\":\"https:\\\/\\\/gruposumyteck.com\\\/\",\"name\":\"Grupo Sumyteck SAS\",\"description\":\"La mejor selecci\u00f3n de productos para ventilaci\u00f3n: extractores de aire, ventiladores industriales, ductos, compuertas, rejillas, filtros y controladores\",\"publisher\":{\"@id\":\"https:\\\/\\\/gruposumyteck.com\\\/#organization\"},\"alternateName\":\"gruposumyteck.com\",\"potentialAction\":[{\"@type\":\"SearchAction\",\"target\":{\"@type\":\"EntryPoint\",\"urlTemplate\":\"https:\\\/\\\/gruposumyteck.com\\\/?s={search_term_string}\"},\"query-input\":{\"@type\":\"PropertyValueSpecification\",\"valueRequired\":true,\"valueName\":\"search_term_string\"}}],\"inLanguage\":\"es\"},{\"@type\":\"Organization\",\"@id\":\"https:\\\/\\\/gruposumyteck.com\\\/#organization\",\"name\":\"Grupo Sumyteck SAS\",\"alternateName\":\"gruposumyteck.com\",\"url\":\"https:\\\/\\\/gruposumyteck.com\\\/\",\"logo\":{\"@type\":\"ImageObject\",\"inLanguage\":\"es\",\"@id\":\"https:\\\/\\\/gruposumyteck.com\\\/#\\\/schema\\\/logo\\\/image\\\/\",\"url\":\"https:\\\/\\\/gruposumyteck.com\\\/wp-content\\\/uploads\\\/2024\\\/03\\\/Favicon.png\",\"contentUrl\":\"https:\\\/\\\/gruposumyteck.com\\\/wp-content\\\/uploads\\\/2024\\\/03\\\/Favicon.png\",\"width\":384,\"height\":384,\"caption\":\"Grupo Sumyteck SAS\"},\"image\":{\"@id\":\"https:\\\/\\\/gruposumyteck.com\\\/#\\\/schema\\\/logo\\\/image\\\/\"},\"sameAs\":[\"https:\\\/\\\/es-la.facebook.com\\\/SumyteckSAS\\\/\",\"https:\\\/\\\/x.com\\\/Sumyteck\",\"https:\\\/\\\/www.youtube.com\\\/channel\\\/UCoHQzJTzEsi317O4N3k9Zbw\",\"https:\\\/\\\/www.instagram.com\\\/gruposumyteck\\\/\"]}]}<\/script>\n<!-- \/ Yoast SEO plugin. -->","yoast_head_json":{"title":"Recirculador Serie Agropecuaria Serie HID - Grupo Sumyteck SAS","description":"Potente equipo dise\u00f1ado para optimizar la circulaci\u00f3n del aire en ambientes agropecuarios. ideales para su uso continuo en granjas porcinas y de vacunos.","robots":{"index":"index","follow":"follow","max-snippet":"max-snippet:-1","max-image-preview":"max-image-preview:large","max-video-preview":"max-video-preview:-1"},"canonical":"https:\/\/gruposumyteck.com\/?product=recirculador-serie-agropecuaria-serie-hid","og_locale":"es_ES","og_type":"article","og_title":"Recirculador Serie Agropecuaria Serie HID - Grupo Sumyteck SAS","og_description":"Potente equipo dise\u00f1ado para optimizar la circulaci\u00f3n del aire en ambientes agropecuarios. ideales para su uso continuo en granjas porcinas y de vacunos.","og_url":"https:\/\/gruposumyteck.com\/?product=recirculador-serie-agropecuaria-serie-hid","og_site_name":"Grupo Sumyteck SAS","article_publisher":"https:\/\/es-la.facebook.com\/SumyteckSAS\/","article_modified_time":"2025-04-26T13:59:17+00:00","og_image":[{"width":300,"height":350,"url":"https:\/\/gruposumyteck.com\/wp-content\/uploads\/2025\/04\/Tienda_Recirculadores-de-aire2.jpg","type":"image\/jpeg"}],"twitter_card":"summary_large_image","twitter_site":"@Sumyteck","twitter_misc":{"Tiempo de lectura":"1 minuto"},"schema":{"@context":"https:\/\/schema.org","@graph":[{"@type":"WebPage","@id":"https:\/\/gruposumyteck.com\/?product=recirculador-serie-agropecuaria-serie-hid","url":"https:\/\/gruposumyteck.com\/?product=recirculador-serie-agropecuaria-serie-hid","name":"Recirculador Serie Agropecuaria Serie HID - Grupo Sumyteck SAS","isPartOf":{"@id":"https:\/\/gruposumyteck.com\/#website"},"primaryImageOfPage":{"@id":"https:\/\/gruposumyteck.com\/?product=recirculador-serie-agropecuaria-serie-hid#primaryimage"},"image":{"@id":"https:\/\/gruposumyteck.com\/?product=recirculador-serie-agropecuaria-serie-hid#primaryimage"},"thumbnailUrl":"https:\/\/gruposumyteck.com\/wp-content\/uploads\/2025\/04\/Tienda_Recirculadores-de-aire2.jpg","datePublished":"2025-04-23T00:50:15+00:00","dateModified":"2025-04-26T13:59:17+00:00","description":"Potente equipo dise\u00f1ado para optimizar la circulaci\u00f3n del aire en ambientes agropecuarios. ideales para su uso continuo en granjas porcinas y de vacunos.","breadcrumb":{"@id":"https:\/\/gruposumyteck.com\/?product=recirculador-serie-agropecuaria-serie-hid#breadcrumb"},"inLanguage":"es","potentialAction":[{"@type":"ReadAction","target":["https:\/\/gruposumyteck.com\/?product=recirculador-serie-agropecuaria-serie-hid"]}]},{"@type":"ImageObject","inLanguage":"es","@id":"https:\/\/gruposumyteck.com\/?product=recirculador-serie-agropecuaria-serie-hid#primaryimage","url":"https:\/\/gruposumyteck.com\/wp-content\/uploads\/2025\/04\/Tienda_Recirculadores-de-aire2.jpg","contentUrl":"https:\/\/gruposumyteck.com\/wp-content\/uploads\/2025\/04\/Tienda_Recirculadores-de-aire2.jpg","width":300,"height":350,"caption":"Recirculador Serie Agropecuaria Serie HID"},{"@type":"BreadcrumbList","@id":"https:\/\/gruposumyteck.com\/?product=recirculador-serie-agropecuaria-serie-hid#breadcrumb","itemListElement":[{"@type":"ListItem","position":1,"name":"Inicio","item":"https:\/\/gruposumyteck.com\/"},{"@type":"ListItem","position":2,"name":"Productos","item":"https:\/\/gruposumyteck.com\/?post_type=product"},{"@type":"ListItem","position":3,"name":"Recirculador Serie Agropecuaria Serie HID"}]},{"@type":"WebSite","@id":"https:\/\/gruposumyteck.com\/#website","url":"https:\/\/gruposumyteck.com\/","name":"Grupo Sumyteck SAS","description":"La mejor selecci\u00f3n de productos para ventilaci\u00f3n: extractores de aire, ventiladores industriales, ductos, compuertas, rejillas, filtros y controladores","publisher":{"@id":"https:\/\/gruposumyteck.com\/#organization"},"alternateName":"gruposumyteck.com","potentialAction":[{"@type":"SearchAction","target":{"@type":"EntryPoint","urlTemplate":"https:\/\/gruposumyteck.com\/?s={search_term_string}"},"query-input":{"@type":"PropertyValueSpecification","valueRequired":true,"valueName":"search_term_string"}}],"inLanguage":"es"},{"@type":"Organization","@id":"https:\/\/gruposumyteck.com\/#organization","name":"Grupo Sumyteck SAS","alternateName":"gruposumyteck.com","url":"https:\/\/gruposumyteck.com\/","logo":{"@type":"ImageObject","inLanguage":"es","@id":"https:\/\/gruposumyteck.com\/#\/schema\/logo\/image\/","url":"https:\/\/gruposumyteck.com\/wp-content\/uploads\/2024\/03\/Favicon.png","contentUrl":"https:\/\/gruposumyteck.com\/wp-content\/uploads\/2024\/03\/Favicon.png","width":384,"height":384,"caption":"Grupo Sumyteck SAS"},"image":{"@id":"https:\/\/gruposumyteck.com\/#\/schema\/logo\/image\/"},"sameAs":["https:\/\/es-la.facebook.com\/SumyteckSAS\/","https:\/\/x.com\/Sumyteck","https:\/\/www.youtube.com\/channel\/UCoHQzJTzEsi317O4N3k9Zbw","https:\/\/www.instagram.com\/gruposumyteck\/"]}]}},"_links":{"self":[{"href":"https:\/\/gruposumyteck.com\/index.php?rest_route=\/wp\/v2\/product\/6995","targetHints":{"allow":["GET"]}}],"collection":[{"href":"https:\/\/gruposumyteck.com\/index.php?rest_route=\/wp\/v2\/product"}],"about":[{"href":"https:\/\/gruposumyteck.com\/index.php?rest_route=\/wp\/v2\/types\/product"}],"wp:featuredmedia":[{"embeddable":true,"href":"https:\/\/gruposumyteck.com\/index.php?rest_route=\/wp\/v2\/media\/6996"}],"wp:attachment":[{"href":"https:\/\/gruposumyteck.com\/index.php?rest_route=%2Fwp%2Fv2%2Fmedia&parent=6995"}],"wp:term":[{"taxonomy":"product_brand","embeddable":true,"href":"https:\/\/gruposumyteck.com\/index.php?rest_route=%2Fwp%2Fv2%2Fproduct_brand&post=6995"},{"taxonomy":"product_cat","embeddable":true,"href":"https:\/\/gruposumyteck.com\/index.php?rest_route=%2Fwp%2Fv2%2Fproduct_cat&post=6995"},{"taxonomy":"product_tag","embeddable":true,"href":"https:\/\/gruposumyteck.com\/index.php?rest_route=%2Fwp%2Fv2%2Fproduct_tag&post=6995"}],"curies":[{"name":"wp","href":"https:\/\/api.w.org\/{rel}","templated":true}]}}