{"id":6956,"date":"2025-04-20T05:15:42","date_gmt":"2025-04-20T10:15:42","guid":{"rendered":"https:\/\/gruposumyteck.com\/?post_type=product&#038;p=6956"},"modified":"2025-04-26T08:22:41","modified_gmt":"2025-04-26T13:22:41","slug":"extractor-para-bano-silent","status":"publish","type":"product","link":"https:\/\/gruposumyteck.com\/?product=extractor-para-bano-silent","title":{"rendered":"Extractor para ba\u00f1o Serie SILENT"},"content":{"rendered":"<h2 class=\"\" data-start=\"164\" data-end=\"234\">\u2705 Extractor para Ba\u00f1o Serie SILENT \u2014 M\u00e1ximo Silencio y Eficiencia<\/h2>\n<h3 class=\"\" data-start=\"236\" data-end=\"253\">Descripci\u00f3n<\/h3>\n<p class=\"\" data-start=\"254\" data-end=\"624\">El <strong data-start=\"257\" data-end=\"293\">Extractor para Ba\u00f1o Serie SILENT<\/strong> ha sido dise\u00f1ado para ofrecer <strong data-start=\"324\" data-end=\"379\">m\u00e1ximo confort ac\u00fastico y una ventilaci\u00f3n eficiente<\/strong> en ba\u00f1os, aseos y espacios reducidos. Gracias a su tecnolog\u00eda avanzada, garantiza un funcionamiento <strong data-start=\"480\" data-end=\"506\">silencioso y confiable<\/strong>, mejorando la calidad del aire y evitando problemas de humedad y malos olores, todo con un dise\u00f1o discreto y moderno.<\/p>\n<h3 class=\"\" data-start=\"626\" data-end=\"658\">\u2705 Caracter\u00edsticas T\u00e9cnicas<\/h3>\n<ul data-start=\"659\" data-end=\"1568\">\n<li class=\"\" data-start=\"659\" data-end=\"764\">\n<p class=\"\" data-start=\"661\" data-end=\"764\"><strong data-start=\"661\" data-end=\"707\">Ventilador helicoidal de bajo nivel sonoro<\/strong>, ideal para espacios donde se busca silencio absoluto.<\/p>\n<\/li>\n<li class=\"\" data-start=\"765\" data-end=\"854\">\n<p class=\"\" data-start=\"767\" data-end=\"854\"><strong data-start=\"767\" data-end=\"800\">Caudal de aire hasta 280 m\u00b3\/h<\/strong>, adaptable a distintas necesidades seg\u00fan el modelo.<\/p>\n<\/li>\n<li class=\"\" data-start=\"855\" data-end=\"957\">\n<p class=\"\" data-start=\"857\" data-end=\"957\"><strong data-start=\"857\" data-end=\"895\">Compuerta antirretorno incorporada<\/strong>, evita el retorno de aire y malos olores desde el exterior.<\/p>\n<\/li>\n<li class=\"\" data-start=\"958\" data-end=\"1029\">\n<p class=\"\" data-start=\"960\" data-end=\"1029\"><strong data-start=\"960\" data-end=\"992\">Luz piloto de funcionamiento<\/strong>, para indicar su estado operativo.<\/p>\n<\/li>\n<li class=\"\" data-start=\"1030\" data-end=\"1127\">\n<p class=\"\" data-start=\"1032\" data-end=\"1127\"><strong data-start=\"1032\" data-end=\"1075\">Motor 127V-60Hz con rodamientos a bolas<\/strong>, para mayor durabilidad y rendimiento silencioso.<\/p>\n<\/li>\n<li class=\"\" data-start=\"1128\" data-end=\"1213\">\n<p class=\"\" data-start=\"1130\" data-end=\"1213\"><strong data-start=\"1130\" data-end=\"1161\">Montaje sobre silent-blocks<\/strong>, que reduce al m\u00e1ximo las vibraciones y el ruido.<\/p>\n<\/li>\n<li class=\"\" data-start=\"1214\" data-end=\"1267\">\n<p class=\"\" data-start=\"1216\" data-end=\"1267\"><strong data-start=\"1216\" data-end=\"1235\">Protecci\u00f3n IP45<\/strong>, contra salpicaduras y polvo.<\/p>\n<\/li>\n<li class=\"\" data-start=\"1268\" data-end=\"1338\">\n<p class=\"\" data-start=\"1270\" data-end=\"1338\"><strong data-start=\"1270\" data-end=\"1306\">Clase II de protecci\u00f3n el\u00e9ctrica<\/strong>, para una instalaci\u00f3n segura.<\/p>\n<\/li>\n<li class=\"\" data-start=\"1339\" data-end=\"1416\">\n<p class=\"\" data-start=\"1341\" data-end=\"1416\"><strong data-start=\"1341\" data-end=\"1374\">Protector t\u00e9rmico incorporado<\/strong>, para una operaci\u00f3n confiable y segura.<\/p>\n<\/li>\n<li class=\"\" data-start=\"1417\" data-end=\"1461\">\n<p class=\"\" data-start=\"1419\" data-end=\"1461\"><strong data-start=\"1419\" data-end=\"1458\">Temperatura m\u00e1xima de trabajo: 40\u00b0C<\/strong>.<\/p>\n<\/li>\n<li class=\"\" data-start=\"1462\" data-end=\"1568\">\n<p class=\"\" data-start=\"1464\" data-end=\"1568\"><strong data-start=\"1464\" data-end=\"1492\">Versiones SILENT-100 12V<\/strong>: protecci\u00f3n IP57, Clase III, ideales para instalaciones con bajo voltaje.<\/p>\n<\/li>\n<\/ul>\n<h3 class=\"\" data-start=\"1570\" data-end=\"1595\">\u2705 Usos Recomendados<\/h3>\n<ul data-start=\"1596\" data-end=\"1785\">\n<li class=\"\" data-start=\"1596\" data-end=\"1634\">\n<p class=\"\" data-start=\"1598\" data-end=\"1634\"><strong data-start=\"1598\" data-end=\"1632\">Ba\u00f1os dom\u00e9sticos y comerciales<\/strong><\/p>\n<\/li>\n<li class=\"\" data-start=\"1635\" data-end=\"1688\">\n<p class=\"\" data-start=\"1637\" data-end=\"1688\"><strong data-start=\"1637\" data-end=\"1686\">Sanitarios en oficinas, hoteles, restaurantes<\/strong><\/p>\n<\/li>\n<li class=\"\" data-start=\"1689\" data-end=\"1732\">\n<p class=\"\" data-start=\"1691\" data-end=\"1732\"><strong data-start=\"1691\" data-end=\"1730\">Vestidores o zonas h\u00famedas peque\u00f1as<\/strong><\/p>\n<\/li>\n<li class=\"\" data-start=\"1733\" data-end=\"1785\">\n<p class=\"\" data-start=\"1735\" data-end=\"1785\"><strong data-start=\"1735\" data-end=\"1785\">Espacios donde se requiere bajo nivel de ruido<\/strong><\/p>\n<\/li>\n<\/ul>\n<h3 class=\"\" data-start=\"1787\" data-end=\"1805\">\u2705 Beneficios<\/h3>\n<ul data-start=\"1806\" data-end=\"2150\">\n<li class=\"\" data-start=\"1806\" data-end=\"1896\">\n<p class=\"\" data-start=\"1808\" data-end=\"1896\"><strong data-start=\"1808\" data-end=\"1843\">Funcionamiento ultra silencioso<\/strong>, ideal para ambientes de descanso y concentraci\u00f3n.<\/p>\n<\/li>\n<li class=\"\" data-start=\"1897\" data-end=\"1955\">\n<p class=\"\" data-start=\"1899\" data-end=\"1955\">Eficiente evacuaci\u00f3n de <strong data-start=\"1923\" data-end=\"1952\">humedad, vapores y olores<\/strong>.<\/p>\n<\/li>\n<li class=\"\" data-start=\"1956\" data-end=\"2024\">\n<p class=\"\" data-start=\"1958\" data-end=\"2024\">Dise\u00f1o compacto y moderno, adaptable a cualquier estilo de ba\u00f1o.<\/p>\n<\/li>\n<li class=\"\" data-start=\"2025\" data-end=\"2113\">\n<p class=\"\" data-start=\"2027\" data-end=\"2113\">Mayor durabilidad gracias a <strong data-start=\"2055\" data-end=\"2086\">componentes de alta calidad<\/strong> y montaje antivibraci\u00f3n.<\/p>\n<\/li>\n<li class=\"\" data-start=\"2114\" data-end=\"2150\">\n<p class=\"\" data-start=\"2116\" data-end=\"2150\">F\u00e1cil instalaci\u00f3n y mantenimiento.<\/p>\n<\/li>\n<\/ul>\n<a href='https:\/\/gruposumyteck.com\/files\/SP_ficha%20t\u00c9cnica%20silent%20100-200-300.pdf' class='small-button smallblack' target=\"_blank\">Ver Ficha T\u00e9cnica<\/a>\n","protected":false},"excerpt":{"rendered":"<p>El <strong data-start=\"257\" data-end=\"293\">Extractor para Ba\u00f1o Serie SILENT<\/strong> ha sido dise\u00f1ado para ofrecer <strong data-start=\"324\" data-end=\"379\">m\u00e1ximo confort ac\u00fastico y una ventilaci\u00f3n eficiente<\/strong> en ba\u00f1os, aseos y espacios reducidos. Gracias a su tecnolog\u00eda avanzada, garantiza un funcionamiento <strong data-start=\"480\" data-end=\"506\">silencioso y confiable<\/strong>, mejorando la calidad del aire y evitando problemas de humedad y malos olores, todo con un dise\u00f1o discreto y moderno.<\/p>\n<a href='https:\/\/gruposumyteck.com\/files\/SP_ficha%20t\u00c9cnica%20silent%20100-200-300.pdf' class='small-button smallblack' target=\"_blank\">Ver Ficha T\u00e9cnica<\/a>\n","protected":false},"featured_media":6957,"template":"","meta":{"_et_pb_use_builder":"","_et_pb_old_content":"","_et_gb_content_width":""},"product_brand":[176],"product_cat":[639,251],"product_tag":[310,303,312,311,309,308,307,254,313],"class_list":{"0":"post-6956","1":"product","2":"type-product","3":"status-publish","4":"has-post-thumbnail","6":"product_brand-soler-y-palau","7":"product_cat-extractor-para-bano","8":"product_cat-ventilacion-residencial","9":"product_tag-extractor-antivibracion","10":"product_tag-extractor-con-compuerta-antirretorno","11":"product_tag-extractor-de-bajo-ruido","12":"product_tag-extractor-ip45","13":"product_tag-extractor-para-banos-residenciales","14":"product_tag-extractor-serie-silent","15":"product_tag-extractor-silencioso-para-bano","16":"product_tag-ventilador-helicoidal","17":"product_tag-ventilador-para-zonas-humedas","19":"first","20":"instock","21":"taxable","22":"shipping-taxable","23":"product-type-simple"},"yoast_head":"<!-- This site is optimized with the Yoast SEO plugin v27.5 - https:\/\/yoast.com\/product\/yoast-seo-wordpress\/ -->\n<title>Extractor para ba\u00f1o Serie SILENT - Grupo Sumyteck SAS<\/title>\n<meta name=\"description\" content=\"El Extractor para Ba\u00f1o Serie SILENT ha sido dise\u00f1ado para ofrecer m\u00e1ximo confort ac\u00fastico y una ventilaci\u00f3n eficiente en ba\u00f1os, aseos y espacios reducidos.\" \/>\n<meta name=\"robots\" content=\"index, follow, max-snippet:-1, max-image-preview:large, max-video-preview:-1\" \/>\n<link rel=\"canonical\" href=\"https:\/\/gruposumyteck.com\/?product=extractor-para-bano-silent\" \/>\n<meta property=\"og:locale\" content=\"es_ES\" \/>\n<meta property=\"og:type\" content=\"article\" \/>\n<meta property=\"og:title\" content=\"Extractor para ba\u00f1o Serie SILENT - Grupo Sumyteck SAS\" \/>\n<meta property=\"og:description\" content=\"El Extractor para Ba\u00f1o Serie SILENT ha sido dise\u00f1ado para ofrecer m\u00e1ximo confort ac\u00fastico y una ventilaci\u00f3n eficiente en ba\u00f1os, aseos y espacios reducidos.\" \/>\n<meta property=\"og:url\" content=\"https:\/\/gruposumyteck.com\/?product=extractor-para-bano-silent\" \/>\n<meta property=\"og:site_name\" content=\"Grupo Sumyteck SAS\" \/>\n<meta property=\"article:publisher\" content=\"https:\/\/es-la.facebook.com\/SumyteckSAS\/\" \/>\n<meta property=\"article:modified_time\" content=\"2025-04-26T13:22:41+00:00\" \/>\n<meta property=\"og:image\" content=\"https:\/\/gruposumyteck.com\/wp-content\/uploads\/2025\/04\/Tienda_residencial_bano_silent.jpg\" \/>\n\t<meta property=\"og:image:width\" content=\"300\" \/>\n\t<meta property=\"og:image:height\" content=\"350\" \/>\n\t<meta property=\"og:image:type\" content=\"image\/jpeg\" \/>\n<meta name=\"twitter:card\" content=\"summary_large_image\" \/>\n<meta name=\"twitter:site\" content=\"@Sumyteck\" \/>\n<meta name=\"twitter:label1\" content=\"Tiempo de lectura\" \/>\n\t<meta name=\"twitter:data1\" content=\"2 minutos\" \/>\n<script type=\"application\/ld+json\" class=\"yoast-schema-graph\">{\"@context\":\"https:\\\/\\\/schema.org\",\"@graph\":[{\"@type\":\"WebPage\",\"@id\":\"https:\\\/\\\/gruposumyteck.com\\\/?product=extractor-para-bano-silent\",\"url\":\"https:\\\/\\\/gruposumyteck.com\\\/?product=extractor-para-bano-silent\",\"name\":\"Extractor para ba\u00f1o Serie SILENT - Grupo Sumyteck SAS\",\"isPartOf\":{\"@id\":\"https:\\\/\\\/gruposumyteck.com\\\/#website\"},\"primaryImageOfPage\":{\"@id\":\"https:\\\/\\\/gruposumyteck.com\\\/?product=extractor-para-bano-silent#primaryimage\"},\"image\":{\"@id\":\"https:\\\/\\\/gruposumyteck.com\\\/?product=extractor-para-bano-silent#primaryimage\"},\"thumbnailUrl\":\"https:\\\/\\\/gruposumyteck.com\\\/wp-content\\\/uploads\\\/2025\\\/04\\\/Tienda_residencial_bano_silent.jpg\",\"datePublished\":\"2025-04-20T10:15:42+00:00\",\"dateModified\":\"2025-04-26T13:22:41+00:00\",\"description\":\"El Extractor para Ba\u00f1o Serie SILENT ha sido dise\u00f1ado para ofrecer m\u00e1ximo confort ac\u00fastico y una ventilaci\u00f3n eficiente en ba\u00f1os, aseos y espacios reducidos.\",\"breadcrumb\":{\"@id\":\"https:\\\/\\\/gruposumyteck.com\\\/?product=extractor-para-bano-silent#breadcrumb\"},\"inLanguage\":\"es\",\"potentialAction\":[{\"@type\":\"ReadAction\",\"target\":[\"https:\\\/\\\/gruposumyteck.com\\\/?product=extractor-para-bano-silent\"]}]},{\"@type\":\"ImageObject\",\"inLanguage\":\"es\",\"@id\":\"https:\\\/\\\/gruposumyteck.com\\\/?product=extractor-para-bano-silent#primaryimage\",\"url\":\"https:\\\/\\\/gruposumyteck.com\\\/wp-content\\\/uploads\\\/2025\\\/04\\\/Tienda_residencial_bano_silent.jpg\",\"contentUrl\":\"https:\\\/\\\/gruposumyteck.com\\\/wp-content\\\/uploads\\\/2025\\\/04\\\/Tienda_residencial_bano_silent.jpg\",\"width\":300,\"height\":350,\"caption\":\"Extractor para ba\u00f1o Serie SILENT\"},{\"@type\":\"BreadcrumbList\",\"@id\":\"https:\\\/\\\/gruposumyteck.com\\\/?product=extractor-para-bano-silent#breadcrumb\",\"itemListElement\":[{\"@type\":\"ListItem\",\"position\":1,\"name\":\"Inicio\",\"item\":\"https:\\\/\\\/gruposumyteck.com\\\/\"},{\"@type\":\"ListItem\",\"position\":2,\"name\":\"Productos\",\"item\":\"https:\\\/\\\/gruposumyteck.com\\\/?post_type=product\"},{\"@type\":\"ListItem\",\"position\":3,\"name\":\"Extractor para ba\u00f1o Serie SILENT\"}]},{\"@type\":\"WebSite\",\"@id\":\"https:\\\/\\\/gruposumyteck.com\\\/#website\",\"url\":\"https:\\\/\\\/gruposumyteck.com\\\/\",\"name\":\"Grupo Sumyteck SAS\",\"description\":\"La mejor selecci\u00f3n de productos para ventilaci\u00f3n: extractores de aire, ventiladores industriales, ductos, compuertas, rejillas, filtros y controladores\",\"publisher\":{\"@id\":\"https:\\\/\\\/gruposumyteck.com\\\/#organization\"},\"alternateName\":\"gruposumyteck.com\",\"potentialAction\":[{\"@type\":\"SearchAction\",\"target\":{\"@type\":\"EntryPoint\",\"urlTemplate\":\"https:\\\/\\\/gruposumyteck.com\\\/?s={search_term_string}\"},\"query-input\":{\"@type\":\"PropertyValueSpecification\",\"valueRequired\":true,\"valueName\":\"search_term_string\"}}],\"inLanguage\":\"es\"},{\"@type\":\"Organization\",\"@id\":\"https:\\\/\\\/gruposumyteck.com\\\/#organization\",\"name\":\"Grupo Sumyteck SAS\",\"alternateName\":\"gruposumyteck.com\",\"url\":\"https:\\\/\\\/gruposumyteck.com\\\/\",\"logo\":{\"@type\":\"ImageObject\",\"inLanguage\":\"es\",\"@id\":\"https:\\\/\\\/gruposumyteck.com\\\/#\\\/schema\\\/logo\\\/image\\\/\",\"url\":\"https:\\\/\\\/gruposumyteck.com\\\/wp-content\\\/uploads\\\/2024\\\/03\\\/Favicon.png\",\"contentUrl\":\"https:\\\/\\\/gruposumyteck.com\\\/wp-content\\\/uploads\\\/2024\\\/03\\\/Favicon.png\",\"width\":384,\"height\":384,\"caption\":\"Grupo Sumyteck SAS\"},\"image\":{\"@id\":\"https:\\\/\\\/gruposumyteck.com\\\/#\\\/schema\\\/logo\\\/image\\\/\"},\"sameAs\":[\"https:\\\/\\\/es-la.facebook.com\\\/SumyteckSAS\\\/\",\"https:\\\/\\\/x.com\\\/Sumyteck\",\"https:\\\/\\\/www.youtube.com\\\/channel\\\/UCoHQzJTzEsi317O4N3k9Zbw\",\"https:\\\/\\\/www.instagram.com\\\/gruposumyteck\\\/\"]}]}<\/script>\n<!-- \/ Yoast SEO plugin. -->","yoast_head_json":{"title":"Extractor para ba\u00f1o Serie SILENT - Grupo Sumyteck SAS","description":"El Extractor para Ba\u00f1o Serie SILENT ha sido dise\u00f1ado para ofrecer m\u00e1ximo confort ac\u00fastico y una ventilaci\u00f3n eficiente en ba\u00f1os, aseos y espacios reducidos.","robots":{"index":"index","follow":"follow","max-snippet":"max-snippet:-1","max-image-preview":"max-image-preview:large","max-video-preview":"max-video-preview:-1"},"canonical":"https:\/\/gruposumyteck.com\/?product=extractor-para-bano-silent","og_locale":"es_ES","og_type":"article","og_title":"Extractor para ba\u00f1o Serie SILENT - Grupo Sumyteck SAS","og_description":"El Extractor para Ba\u00f1o Serie SILENT ha sido dise\u00f1ado para ofrecer m\u00e1ximo confort ac\u00fastico y una ventilaci\u00f3n eficiente en ba\u00f1os, aseos y espacios reducidos.","og_url":"https:\/\/gruposumyteck.com\/?product=extractor-para-bano-silent","og_site_name":"Grupo Sumyteck SAS","article_publisher":"https:\/\/es-la.facebook.com\/SumyteckSAS\/","article_modified_time":"2025-04-26T13:22:41+00:00","og_image":[{"width":300,"height":350,"url":"https:\/\/gruposumyteck.com\/wp-content\/uploads\/2025\/04\/Tienda_residencial_bano_silent.jpg","type":"image\/jpeg"}],"twitter_card":"summary_large_image","twitter_site":"@Sumyteck","twitter_misc":{"Tiempo de lectura":"2 minutos"},"schema":{"@context":"https:\/\/schema.org","@graph":[{"@type":"WebPage","@id":"https:\/\/gruposumyteck.com\/?product=extractor-para-bano-silent","url":"https:\/\/gruposumyteck.com\/?product=extractor-para-bano-silent","name":"Extractor para ba\u00f1o Serie SILENT - Grupo Sumyteck SAS","isPartOf":{"@id":"https:\/\/gruposumyteck.com\/#website"},"primaryImageOfPage":{"@id":"https:\/\/gruposumyteck.com\/?product=extractor-para-bano-silent#primaryimage"},"image":{"@id":"https:\/\/gruposumyteck.com\/?product=extractor-para-bano-silent#primaryimage"},"thumbnailUrl":"https:\/\/gruposumyteck.com\/wp-content\/uploads\/2025\/04\/Tienda_residencial_bano_silent.jpg","datePublished":"2025-04-20T10:15:42+00:00","dateModified":"2025-04-26T13:22:41+00:00","description":"El Extractor para Ba\u00f1o Serie SILENT ha sido dise\u00f1ado para ofrecer m\u00e1ximo confort ac\u00fastico y una ventilaci\u00f3n eficiente en ba\u00f1os, aseos y espacios reducidos.","breadcrumb":{"@id":"https:\/\/gruposumyteck.com\/?product=extractor-para-bano-silent#breadcrumb"},"inLanguage":"es","potentialAction":[{"@type":"ReadAction","target":["https:\/\/gruposumyteck.com\/?product=extractor-para-bano-silent"]}]},{"@type":"ImageObject","inLanguage":"es","@id":"https:\/\/gruposumyteck.com\/?product=extractor-para-bano-silent#primaryimage","url":"https:\/\/gruposumyteck.com\/wp-content\/uploads\/2025\/04\/Tienda_residencial_bano_silent.jpg","contentUrl":"https:\/\/gruposumyteck.com\/wp-content\/uploads\/2025\/04\/Tienda_residencial_bano_silent.jpg","width":300,"height":350,"caption":"Extractor para ba\u00f1o Serie SILENT"},{"@type":"BreadcrumbList","@id":"https:\/\/gruposumyteck.com\/?product=extractor-para-bano-silent#breadcrumb","itemListElement":[{"@type":"ListItem","position":1,"name":"Inicio","item":"https:\/\/gruposumyteck.com\/"},{"@type":"ListItem","position":2,"name":"Productos","item":"https:\/\/gruposumyteck.com\/?post_type=product"},{"@type":"ListItem","position":3,"name":"Extractor para ba\u00f1o Serie SILENT"}]},{"@type":"WebSite","@id":"https:\/\/gruposumyteck.com\/#website","url":"https:\/\/gruposumyteck.com\/","name":"Grupo Sumyteck SAS","description":"La mejor selecci\u00f3n de productos para ventilaci\u00f3n: extractores de aire, ventiladores industriales, ductos, compuertas, rejillas, filtros y controladores","publisher":{"@id":"https:\/\/gruposumyteck.com\/#organization"},"alternateName":"gruposumyteck.com","potentialAction":[{"@type":"SearchAction","target":{"@type":"EntryPoint","urlTemplate":"https:\/\/gruposumyteck.com\/?s={search_term_string}"},"query-input":{"@type":"PropertyValueSpecification","valueRequired":true,"valueName":"search_term_string"}}],"inLanguage":"es"},{"@type":"Organization","@id":"https:\/\/gruposumyteck.com\/#organization","name":"Grupo Sumyteck SAS","alternateName":"gruposumyteck.com","url":"https:\/\/gruposumyteck.com\/","logo":{"@type":"ImageObject","inLanguage":"es","@id":"https:\/\/gruposumyteck.com\/#\/schema\/logo\/image\/","url":"https:\/\/gruposumyteck.com\/wp-content\/uploads\/2024\/03\/Favicon.png","contentUrl":"https:\/\/gruposumyteck.com\/wp-content\/uploads\/2024\/03\/Favicon.png","width":384,"height":384,"caption":"Grupo Sumyteck SAS"},"image":{"@id":"https:\/\/gruposumyteck.com\/#\/schema\/logo\/image\/"},"sameAs":["https:\/\/es-la.facebook.com\/SumyteckSAS\/","https:\/\/x.com\/Sumyteck","https:\/\/www.youtube.com\/channel\/UCoHQzJTzEsi317O4N3k9Zbw","https:\/\/www.instagram.com\/gruposumyteck\/"]}]}},"_links":{"self":[{"href":"https:\/\/gruposumyteck.com\/index.php?rest_route=\/wp\/v2\/product\/6956","targetHints":{"allow":["GET"]}}],"collection":[{"href":"https:\/\/gruposumyteck.com\/index.php?rest_route=\/wp\/v2\/product"}],"about":[{"href":"https:\/\/gruposumyteck.com\/index.php?rest_route=\/wp\/v2\/types\/product"}],"wp:featuredmedia":[{"embeddable":true,"href":"https:\/\/gruposumyteck.com\/index.php?rest_route=\/wp\/v2\/media\/6957"}],"wp:attachment":[{"href":"https:\/\/gruposumyteck.com\/index.php?rest_route=%2Fwp%2Fv2%2Fmedia&parent=6956"}],"wp:term":[{"taxonomy":"product_brand","embeddable":true,"href":"https:\/\/gruposumyteck.com\/index.php?rest_route=%2Fwp%2Fv2%2Fproduct_brand&post=6956"},{"taxonomy":"product_cat","embeddable":true,"href":"https:\/\/gruposumyteck.com\/index.php?rest_route=%2Fwp%2Fv2%2Fproduct_cat&post=6956"},{"taxonomy":"product_tag","embeddable":true,"href":"https:\/\/gruposumyteck.com\/index.php?rest_route=%2Fwp%2Fv2%2Fproduct_tag&post=6956"}],"curies":[{"name":"wp","href":"https:\/\/api.w.org\/{rel}","templated":true}]}}