{"id":6671,"date":"2025-04-18T11:34:05","date_gmt":"2025-04-18T16:34:05","guid":{"rendered":"https:\/\/gruposumyteck.com\/?post_type=product&#038;p=6671"},"modified":"2025-04-26T08:20:56","modified_gmt":"2025-04-26T13:20:56","slug":"extractor-para-bano-serie-decor","status":"publish","type":"product","link":"https:\/\/gruposumyteck.com\/?product=extractor-para-bano-serie-decor","title":{"rendered":"Extractor para ba\u00f1o &#8211; Serie DECOR"},"content":{"rendered":"<p class=\"\" data-start=\"219\" data-end=\"509\"><strong data-start=\"219\" data-end=\"245\">Extracto de Ba\u00f1o Decor<\/strong><br data-start=\"245\" data-end=\"248\" \/>Ventilador helicoidal extraplanos de dise\u00f1o discreto y elegante, ideal para la ventilaci\u00f3n de ba\u00f1os, aseos y peque\u00f1os espacios. Capaz de mover un caudal aproximado de <strong data-start=\"415\" data-end=\"427\">100 m\u00b3\/h<\/strong>, asegurando una correcta renovaci\u00f3n del aire y evitando acumulaciones de humedad.<\/p>\n<p class=\"\" data-start=\"511\" data-end=\"545\">\u2714\ufe0f <strong data-start=\"514\" data-end=\"545\">Caracter\u00edsticas destacadas:<\/strong><\/p>\n<ul data-start=\"546\" data-end=\"1168\">\n<li class=\"\" data-start=\"546\" data-end=\"617\">\n<p class=\"\" data-start=\"548\" data-end=\"617\"><strong data-start=\"548\" data-end=\"570\">Dise\u00f1o extraplanos<\/strong> que se adapta f\u00e1cilmente a espacios reducidos.<\/p>\n<\/li>\n<li class=\"\" data-start=\"618\" data-end=\"713\">\n<p class=\"\" data-start=\"620\" data-end=\"713\"><strong data-start=\"620\" data-end=\"658\">Compuerta antirretorno incorporada<\/strong>, que evita el ingreso de aire exterior o malos olores.<\/p>\n<\/li>\n<li class=\"\" data-start=\"714\" data-end=\"760\">\n<p class=\"\" data-start=\"716\" data-end=\"760\"><strong data-start=\"716\" data-end=\"730\">Luz piloto<\/strong> que indica su funcionamiento.<\/p>\n<\/li>\n<li class=\"\" data-start=\"761\" data-end=\"894\">\n<p class=\"\" data-start=\"763\" data-end=\"894\"><strong data-start=\"763\" data-end=\"785\">Motor de 230V-50Hz<\/strong> de alto rendimiento, disponible en versiones con <strong data-start=\"835\" data-end=\"870\">rodamientos a bolas (modelos Z)<\/strong> para mayor durabilidad.<\/p>\n<\/li>\n<li class=\"\" data-start=\"895\" data-end=\"983\">\n<p class=\"\" data-start=\"897\" data-end=\"983\"><strong data-start=\"897\" data-end=\"925\">Grado de protecci\u00f3n IPX4<\/strong>, resistente a salpicaduras, ideal para ambientes h\u00famedos.<\/p>\n<\/li>\n<li class=\"\" data-start=\"984\" data-end=\"1043\">\n<p class=\"\" data-start=\"986\" data-end=\"1043\"><strong data-start=\"986\" data-end=\"998\">Clase II<\/strong>, con doble aislamiento para mayor seguridad.<\/p>\n<\/li>\n<li class=\"\" data-start=\"1044\" data-end=\"1112\">\n<p class=\"\" data-start=\"1046\" data-end=\"1112\"><strong data-start=\"1046\" data-end=\"1077\">Protector t\u00e9rmico integrado<\/strong> para prevenir sobrecalentamientos.<\/p>\n<\/li>\n<li class=\"\" data-start=\"1113\" data-end=\"1168\">\n<p class=\"\" data-start=\"1115\" data-end=\"1168\">Operativo en temperaturas ambiente de hasta <strong data-start=\"1159\" data-end=\"1167\">40\u00b0C<\/strong>.<\/p>\n<\/li>\n<\/ul>\n<p class=\"\" data-start=\"1170\" data-end=\"1319\">\u2714\ufe0f <strong data-start=\"1173\" data-end=\"1189\">Aplicaciones<\/strong>: Perfecto para ba\u00f1os, aseos, cocinas peque\u00f1as, lavaderos o cualquier espacio que requiera una ventilaci\u00f3n eficiente y silenciosa.<\/p>\n<a href='https:\/\/gruposumyteck.com\/files\/SP_Ficha_tecnica_Decor.pdf' class='small-button smallblack' target=\"_blank\">Ver Ficha T\u00e9cnica<\/a>\n<p>&nbsp;<\/p>\n","protected":false},"excerpt":{"rendered":"<p>Ventilador helicoidal extraplanos de dise\u00f1o discreto y elegante, ideal para la ventilaci\u00f3n de ba\u00f1os, aseos y peque\u00f1os espacios. Capaz de mover un caudal aproximado de <strong data-start=\"415\" data-end=\"427\">100 m\u00b3\/h<\/strong>, asegurando una correcta renovaci\u00f3n del aire y evitando acumulaciones de humedad.<\/p>\n<a href='https:\/\/gruposumyteck.com\/files\/SP_Ficha_tecnica_Decor.pdf' class='small-button smallblack' target=\"_blank\">Ver Ficha T\u00e9cnica<\/a>\n<p>&nbsp;<\/p>\n","protected":false},"featured_media":6672,"template":"","meta":{"_et_pb_use_builder":"","_et_pb_old_content":"","_et_gb_content_width":""},"product_brand":[176],"product_cat":[639,251],"product_tag":[259,258,253,262,255,261,257,256,260,254],"class_list":{"0":"post-6671","1":"product","2":"type-product","3":"status-publish","4":"has-post-thumbnail","6":"product_brand-soler-y-palau","7":"product_cat-extractor-para-bano","8":"product_cat-ventilacion-residencial","9":"product_tag-banos-sin-humedad","10":"product_tag-extractor-con-antirretorno","11":"product_tag-extractor-de-bano-sp","12":"product_tag-extractor-ipx4","13":"product_tag-extractor-para-banos","14":"product_tag-extractor-silencioso","15":"product_tag-extractor-sp-decor","16":"product_tag-ventilacion-antihumedad","17":"product_tag-ventilacion-residencial","18":"product_tag-ventilador-helicoidal","20":"first","21":"instock","22":"taxable","23":"shipping-taxable","24":"product-type-simple"},"yoast_head":"<!-- This site is optimized with the Yoast SEO plugin v27.5 - https:\/\/yoast.com\/product\/yoast-seo-wordpress\/ -->\n<title>Extractor para ba\u00f1o - Serie DECOR - Grupo Sumyteck SAS<\/title>\n<meta name=\"robots\" content=\"index, follow, max-snippet:-1, max-image-preview:large, max-video-preview:-1\" \/>\n<link rel=\"canonical\" href=\"https:\/\/gruposumyteck.com\/?product=extractor-para-bano-serie-decor\" \/>\n<meta property=\"og:locale\" content=\"es_ES\" \/>\n<meta property=\"og:type\" content=\"article\" \/>\n<meta property=\"og:title\" content=\"Extractor para ba\u00f1o - Serie DECOR - Grupo Sumyteck SAS\" \/>\n<meta property=\"og:description\" content=\"Ventilador helicoidal extraplanos de dise\u00f1o discreto y elegante, ideal para la ventilaci\u00f3n de ba\u00f1os, aseos y peque\u00f1os espacios. Capaz de mover un caudal aproximado de 100 m\u00b3\/h, asegurando una correcta renovaci\u00f3n del aire y evitando acumulaciones de humedad.    &nbsp;\" \/>\n<meta property=\"og:url\" content=\"https:\/\/gruposumyteck.com\/?product=extractor-para-bano-serie-decor\" \/>\n<meta property=\"og:site_name\" content=\"Grupo Sumyteck SAS\" \/>\n<meta property=\"article:publisher\" content=\"https:\/\/es-la.facebook.com\/SumyteckSAS\/\" \/>\n<meta property=\"article:modified_time\" content=\"2025-04-26T13:20:56+00:00\" \/>\n<meta property=\"og:image\" content=\"https:\/\/gruposumyteck.com\/wp-content\/uploads\/2025\/04\/Tienda_ventilacion_residencial_extractor_bano_decor.jpg\" \/>\n\t<meta property=\"og:image:width\" content=\"300\" \/>\n\t<meta property=\"og:image:height\" content=\"350\" \/>\n\t<meta property=\"og:image:type\" content=\"image\/jpeg\" \/>\n<meta name=\"twitter:card\" content=\"summary_large_image\" \/>\n<meta name=\"twitter:site\" content=\"@Sumyteck\" \/>\n<meta name=\"twitter:label1\" content=\"Tiempo de lectura\" \/>\n\t<meta name=\"twitter:data1\" content=\"1 minuto\" \/>\n<script type=\"application\/ld+json\" class=\"yoast-schema-graph\">{\"@context\":\"https:\\\/\\\/schema.org\",\"@graph\":[{\"@type\":\"WebPage\",\"@id\":\"https:\\\/\\\/gruposumyteck.com\\\/?product=extractor-para-bano-serie-decor\",\"url\":\"https:\\\/\\\/gruposumyteck.com\\\/?product=extractor-para-bano-serie-decor\",\"name\":\"Extractor para ba\u00f1o - Serie DECOR - Grupo Sumyteck SAS\",\"isPartOf\":{\"@id\":\"https:\\\/\\\/gruposumyteck.com\\\/#website\"},\"primaryImageOfPage\":{\"@id\":\"https:\\\/\\\/gruposumyteck.com\\\/?product=extractor-para-bano-serie-decor#primaryimage\"},\"image\":{\"@id\":\"https:\\\/\\\/gruposumyteck.com\\\/?product=extractor-para-bano-serie-decor#primaryimage\"},\"thumbnailUrl\":\"https:\\\/\\\/gruposumyteck.com\\\/wp-content\\\/uploads\\\/2025\\\/04\\\/Tienda_ventilacion_residencial_extractor_bano_decor.jpg\",\"datePublished\":\"2025-04-18T16:34:05+00:00\",\"dateModified\":\"2025-04-26T13:20:56+00:00\",\"breadcrumb\":{\"@id\":\"https:\\\/\\\/gruposumyteck.com\\\/?product=extractor-para-bano-serie-decor#breadcrumb\"},\"inLanguage\":\"es\",\"potentialAction\":[{\"@type\":\"ReadAction\",\"target\":[\"https:\\\/\\\/gruposumyteck.com\\\/?product=extractor-para-bano-serie-decor\"]}]},{\"@type\":\"ImageObject\",\"inLanguage\":\"es\",\"@id\":\"https:\\\/\\\/gruposumyteck.com\\\/?product=extractor-para-bano-serie-decor#primaryimage\",\"url\":\"https:\\\/\\\/gruposumyteck.com\\\/wp-content\\\/uploads\\\/2025\\\/04\\\/Tienda_ventilacion_residencial_extractor_bano_decor.jpg\",\"contentUrl\":\"https:\\\/\\\/gruposumyteck.com\\\/wp-content\\\/uploads\\\/2025\\\/04\\\/Tienda_ventilacion_residencial_extractor_bano_decor.jpg\",\"width\":300,\"height\":350,\"caption\":\"Extractor ba\u00f1o decor\"},{\"@type\":\"BreadcrumbList\",\"@id\":\"https:\\\/\\\/gruposumyteck.com\\\/?product=extractor-para-bano-serie-decor#breadcrumb\",\"itemListElement\":[{\"@type\":\"ListItem\",\"position\":1,\"name\":\"Inicio\",\"item\":\"https:\\\/\\\/gruposumyteck.com\\\/\"},{\"@type\":\"ListItem\",\"position\":2,\"name\":\"Productos\",\"item\":\"https:\\\/\\\/gruposumyteck.com\\\/?post_type=product\"},{\"@type\":\"ListItem\",\"position\":3,\"name\":\"Extractor para ba\u00f1o &#8211; Serie DECOR\"}]},{\"@type\":\"WebSite\",\"@id\":\"https:\\\/\\\/gruposumyteck.com\\\/#website\",\"url\":\"https:\\\/\\\/gruposumyteck.com\\\/\",\"name\":\"Grupo Sumyteck SAS\",\"description\":\"La mejor selecci\u00f3n de productos para ventilaci\u00f3n: extractores de aire, ventiladores industriales, ductos, compuertas, rejillas, filtros y controladores\",\"publisher\":{\"@id\":\"https:\\\/\\\/gruposumyteck.com\\\/#organization\"},\"alternateName\":\"gruposumyteck.com\",\"potentialAction\":[{\"@type\":\"SearchAction\",\"target\":{\"@type\":\"EntryPoint\",\"urlTemplate\":\"https:\\\/\\\/gruposumyteck.com\\\/?s={search_term_string}\"},\"query-input\":{\"@type\":\"PropertyValueSpecification\",\"valueRequired\":true,\"valueName\":\"search_term_string\"}}],\"inLanguage\":\"es\"},{\"@type\":\"Organization\",\"@id\":\"https:\\\/\\\/gruposumyteck.com\\\/#organization\",\"name\":\"Grupo Sumyteck SAS\",\"alternateName\":\"gruposumyteck.com\",\"url\":\"https:\\\/\\\/gruposumyteck.com\\\/\",\"logo\":{\"@type\":\"ImageObject\",\"inLanguage\":\"es\",\"@id\":\"https:\\\/\\\/gruposumyteck.com\\\/#\\\/schema\\\/logo\\\/image\\\/\",\"url\":\"https:\\\/\\\/gruposumyteck.com\\\/wp-content\\\/uploads\\\/2024\\\/03\\\/Favicon.png\",\"contentUrl\":\"https:\\\/\\\/gruposumyteck.com\\\/wp-content\\\/uploads\\\/2024\\\/03\\\/Favicon.png\",\"width\":384,\"height\":384,\"caption\":\"Grupo Sumyteck SAS\"},\"image\":{\"@id\":\"https:\\\/\\\/gruposumyteck.com\\\/#\\\/schema\\\/logo\\\/image\\\/\"},\"sameAs\":[\"https:\\\/\\\/es-la.facebook.com\\\/SumyteckSAS\\\/\",\"https:\\\/\\\/x.com\\\/Sumyteck\",\"https:\\\/\\\/www.youtube.com\\\/channel\\\/UCoHQzJTzEsi317O4N3k9Zbw\",\"https:\\\/\\\/www.instagram.com\\\/gruposumyteck\\\/\"]}]}<\/script>\n<!-- \/ Yoast SEO plugin. -->","yoast_head_json":{"title":"Extractor para ba\u00f1o - Serie DECOR - Grupo Sumyteck SAS","robots":{"index":"index","follow":"follow","max-snippet":"max-snippet:-1","max-image-preview":"max-image-preview:large","max-video-preview":"max-video-preview:-1"},"canonical":"https:\/\/gruposumyteck.com\/?product=extractor-para-bano-serie-decor","og_locale":"es_ES","og_type":"article","og_title":"Extractor para ba\u00f1o - Serie DECOR - Grupo Sumyteck SAS","og_description":"Ventilador helicoidal extraplanos de dise\u00f1o discreto y elegante, ideal para la ventilaci\u00f3n de ba\u00f1os, aseos y peque\u00f1os espacios. Capaz de mover un caudal aproximado de 100 m\u00b3\/h, asegurando una correcta renovaci\u00f3n del aire y evitando acumulaciones de humedad.    &nbsp;","og_url":"https:\/\/gruposumyteck.com\/?product=extractor-para-bano-serie-decor","og_site_name":"Grupo Sumyteck SAS","article_publisher":"https:\/\/es-la.facebook.com\/SumyteckSAS\/","article_modified_time":"2025-04-26T13:20:56+00:00","og_image":[{"width":300,"height":350,"url":"https:\/\/gruposumyteck.com\/wp-content\/uploads\/2025\/04\/Tienda_ventilacion_residencial_extractor_bano_decor.jpg","type":"image\/jpeg"}],"twitter_card":"summary_large_image","twitter_site":"@Sumyteck","twitter_misc":{"Tiempo de lectura":"1 minuto"},"schema":{"@context":"https:\/\/schema.org","@graph":[{"@type":"WebPage","@id":"https:\/\/gruposumyteck.com\/?product=extractor-para-bano-serie-decor","url":"https:\/\/gruposumyteck.com\/?product=extractor-para-bano-serie-decor","name":"Extractor para ba\u00f1o - Serie DECOR - Grupo Sumyteck SAS","isPartOf":{"@id":"https:\/\/gruposumyteck.com\/#website"},"primaryImageOfPage":{"@id":"https:\/\/gruposumyteck.com\/?product=extractor-para-bano-serie-decor#primaryimage"},"image":{"@id":"https:\/\/gruposumyteck.com\/?product=extractor-para-bano-serie-decor#primaryimage"},"thumbnailUrl":"https:\/\/gruposumyteck.com\/wp-content\/uploads\/2025\/04\/Tienda_ventilacion_residencial_extractor_bano_decor.jpg","datePublished":"2025-04-18T16:34:05+00:00","dateModified":"2025-04-26T13:20:56+00:00","breadcrumb":{"@id":"https:\/\/gruposumyteck.com\/?product=extractor-para-bano-serie-decor#breadcrumb"},"inLanguage":"es","potentialAction":[{"@type":"ReadAction","target":["https:\/\/gruposumyteck.com\/?product=extractor-para-bano-serie-decor"]}]},{"@type":"ImageObject","inLanguage":"es","@id":"https:\/\/gruposumyteck.com\/?product=extractor-para-bano-serie-decor#primaryimage","url":"https:\/\/gruposumyteck.com\/wp-content\/uploads\/2025\/04\/Tienda_ventilacion_residencial_extractor_bano_decor.jpg","contentUrl":"https:\/\/gruposumyteck.com\/wp-content\/uploads\/2025\/04\/Tienda_ventilacion_residencial_extractor_bano_decor.jpg","width":300,"height":350,"caption":"Extractor ba\u00f1o decor"},{"@type":"BreadcrumbList","@id":"https:\/\/gruposumyteck.com\/?product=extractor-para-bano-serie-decor#breadcrumb","itemListElement":[{"@type":"ListItem","position":1,"name":"Inicio","item":"https:\/\/gruposumyteck.com\/"},{"@type":"ListItem","position":2,"name":"Productos","item":"https:\/\/gruposumyteck.com\/?post_type=product"},{"@type":"ListItem","position":3,"name":"Extractor para ba\u00f1o &#8211; Serie DECOR"}]},{"@type":"WebSite","@id":"https:\/\/gruposumyteck.com\/#website","url":"https:\/\/gruposumyteck.com\/","name":"Grupo Sumyteck SAS","description":"La mejor selecci\u00f3n de productos para ventilaci\u00f3n: extractores de aire, ventiladores industriales, ductos, compuertas, rejillas, filtros y controladores","publisher":{"@id":"https:\/\/gruposumyteck.com\/#organization"},"alternateName":"gruposumyteck.com","potentialAction":[{"@type":"SearchAction","target":{"@type":"EntryPoint","urlTemplate":"https:\/\/gruposumyteck.com\/?s={search_term_string}"},"query-input":{"@type":"PropertyValueSpecification","valueRequired":true,"valueName":"search_term_string"}}],"inLanguage":"es"},{"@type":"Organization","@id":"https:\/\/gruposumyteck.com\/#organization","name":"Grupo Sumyteck SAS","alternateName":"gruposumyteck.com","url":"https:\/\/gruposumyteck.com\/","logo":{"@type":"ImageObject","inLanguage":"es","@id":"https:\/\/gruposumyteck.com\/#\/schema\/logo\/image\/","url":"https:\/\/gruposumyteck.com\/wp-content\/uploads\/2024\/03\/Favicon.png","contentUrl":"https:\/\/gruposumyteck.com\/wp-content\/uploads\/2024\/03\/Favicon.png","width":384,"height":384,"caption":"Grupo Sumyteck SAS"},"image":{"@id":"https:\/\/gruposumyteck.com\/#\/schema\/logo\/image\/"},"sameAs":["https:\/\/es-la.facebook.com\/SumyteckSAS\/","https:\/\/x.com\/Sumyteck","https:\/\/www.youtube.com\/channel\/UCoHQzJTzEsi317O4N3k9Zbw","https:\/\/www.instagram.com\/gruposumyteck\/"]}]}},"_links":{"self":[{"href":"https:\/\/gruposumyteck.com\/index.php?rest_route=\/wp\/v2\/product\/6671","targetHints":{"allow":["GET"]}}],"collection":[{"href":"https:\/\/gruposumyteck.com\/index.php?rest_route=\/wp\/v2\/product"}],"about":[{"href":"https:\/\/gruposumyteck.com\/index.php?rest_route=\/wp\/v2\/types\/product"}],"wp:featuredmedia":[{"embeddable":true,"href":"https:\/\/gruposumyteck.com\/index.php?rest_route=\/wp\/v2\/media\/6672"}],"wp:attachment":[{"href":"https:\/\/gruposumyteck.com\/index.php?rest_route=%2Fwp%2Fv2%2Fmedia&parent=6671"}],"wp:term":[{"taxonomy":"product_brand","embeddable":true,"href":"https:\/\/gruposumyteck.com\/index.php?rest_route=%2Fwp%2Fv2%2Fproduct_brand&post=6671"},{"taxonomy":"product_cat","embeddable":true,"href":"https:\/\/gruposumyteck.com\/index.php?rest_route=%2Fwp%2Fv2%2Fproduct_cat&post=6671"},{"taxonomy":"product_tag","embeddable":true,"href":"https:\/\/gruposumyteck.com\/index.php?rest_route=%2Fwp%2Fv2%2Fproduct_tag&post=6671"}],"curies":[{"name":"wp","href":"https:\/\/api.w.org\/{rel}","templated":true}]}}