{"id":6416,"date":"2025-04-12T18:21:22","date_gmt":"2025-04-12T23:21:22","guid":{"rendered":"https:\/\/gruposumyteck.com\/?post_type=product&#038;p=6416"},"modified":"2026-03-12T12:00:03","modified_gmt":"2026-03-12T17:00:03","slug":"extractor-eolico-de-24-pulgadas-garganta-eolivent","status":"publish","type":"product","link":"https:\/\/gruposumyteck.com\/?product=extractor-eolico-de-24-pulgadas-garganta-eolivent","title":{"rendered":"Extractor E\u00f3lico de 24&#8243; pulgadas Garganta &#8211; Eolivent"},"content":{"rendered":"<p>[et_pb_section fb_built=\u00bb1&#8243; _builder_version=\u00bb4.16&#8243; custom_padding=\u00bb0px||||false|false\u00bb global_colors_info=\u00bb{}\u00bb][et_pb_row _builder_version=\u00bb4.16&#8243; background_size=\u00bbinitial\u00bb background_position=\u00bbtop_left\u00bb background_repeat=\u00bbrepeat\u00bb width=\u00bb100%\u00bb custom_padding=\u00bb0px||0px||false|false\u00bb global_colors_info=\u00bb{}\u00bb][et_pb_column type=\u00bb4_4&#8243; _builder_version=\u00bb4.16&#8243; custom_padding=\u00bb|||\u00bb global_colors_info=\u00bb{}\u00bb custom_padding__hover=\u00bb|||\u00bb][et_pb_wc_breadcrumb _builder_version=\u00bb4.16&#8243; body_font=\u00bb|700|||||||\u00bb body_text_color=\u00bb#ff5a00&#8243; global_colors_info=\u00bb{}\u00bb][\/et_pb_wc_breadcrumb][et_pb_wc_cart_notice _builder_version=\u00bb4.16&#8243; global_colors_info=\u00bb{}\u00bb][\/et_pb_wc_cart_notice][\/et_pb_column][\/et_pb_row][et_pb_row column_structure=\u00bb1_2,1_2&#8243; _builder_version=\u00bb4.16&#8243; background_size=\u00bbinitial\u00bb background_position=\u00bbtop_left\u00bb background_repeat=\u00bbrepeat\u00bb width=\u00bb100%\u00bb custom_padding=\u00bb0px||||false|false\u00bb global_colors_info=\u00bb{}\u00bb][et_pb_column type=\u00bb1_2&#8243; _builder_version=\u00bb4.16&#8243; custom_padding=\u00bb|||\u00bb global_colors_info=\u00bb{}\u00bb custom_padding__hover=\u00bb|||\u00bb][et_pb_wc_images _builder_version=\u00bb4.16&#8243; global_colors_info=\u00bb{}\u00bb][\/et_pb_wc_images][\/et_pb_column][et_pb_column type=\u00bb1_2&#8243; _builder_version=\u00bb4.16&#8243; custom_padding=\u00bb|||\u00bb global_colors_info=\u00bb{}\u00bb custom_padding__hover=\u00bb|||\u00bb][et_pb_wc_title _builder_version=\u00bb4.16&#8243; header_font=\u00bbAlata||||||||\u00bb global_colors_info=\u00bb{}\u00bb][\/et_pb_wc_title][et_pb_wc_rating _builder_version=\u00bb4.16&#8243; global_colors_info=\u00bb{}\u00bb][\/et_pb_wc_rating][et_pb_wc_price _builder_version=\u00bb4.16&#8243; body_font=\u00bb||||||||\u00bb body_font_size=\u00bb28px\u00bb before_sale_price_text_color=\u00bb#4b4b4b\u00bb global_colors_info=\u00bb{}\u00bb][\/et_pb_wc_price][et_pb_wc_description _builder_version=\u00bb4.16&#8243; global_colors_info=\u00bb{}\u00bb][\/et_pb_wc_description][et_pb_wc_add_to_cart _builder_version=\u00bb4.16&#8243; fields_background_color=\u00bbrgba(73,73,73,0.97)\u00bb fields_text_color=\u00bb#ffffff\u00bb use_focus_border_color=\u00bbon\u00bb border_width_all_fields=\u00bb1px\u00bb global_colors_info=\u00bb{}\u00bb][\/et_pb_wc_add_to_cart][et_pb_wc_meta _builder_version=\u00bb4.16&#8243; global_colors_info=\u00bb{}\u00bb][\/et_pb_wc_meta][\/et_pb_column][\/et_pb_row][et_pb_row _builder_version=\u00bb4.16&#8243; background_size=\u00bbinitial\u00bb background_position=\u00bbtop_left\u00bb background_repeat=\u00bbrepeat\u00bb width=\u00bb100%\u00bb global_colors_info=\u00bb{}\u00bb][et_pb_column type=\u00bb4_4&#8243; _builder_version=\u00bb4.16&#8243; custom_padding=\u00bb|||\u00bb global_colors_info=\u00bb{}\u00bb custom_padding__hover=\u00bb|||\u00bb][et_pb_wc_additional_info _builder_version=\u00bb4.16&#8243; global_colors_info=\u00bb{}\u00bb][\/et_pb_wc_additional_info][et_pb_wc_upsells _builder_version=\u00bb4.16&#8243; global_colors_info=\u00bb{}\u00bb][\/et_pb_wc_upsells][et_pb_wc_tabs _builder_version=\u00bb4.16&#8243; global_colors_info=\u00bb{}\u00bb] [\/et_pb_wc_tabs][et_pb_wc_related_products _builder_version=\u00bb4.16&#8243; global_colors_info=\u00bb{}\u00bb][\/et_pb_wc_related_products][\/et_pb_column][\/et_pb_row][\/et_pb_section]<\/p>\n","protected":false},"excerpt":{"rendered":"<p><strong>ES IDEAL PARA:<\/strong><br \/>\nExtraer calor, humo, vapores, gases en suspensi\u00f3n, condensaci\u00f3n, olores y material particulado en plantas de producci\u00f3n, fabricas, bodegas, talleres, etc. <a href='https:\/\/gruposumyteck.com\/files\/Ficha_tecnica_Eolivent_2024.pdf' class='small-button smallblack' target=\"_blank\">Ver Ficha T\u00e9cnica<\/a><\/p>\n<p><strong>BENEFICIOS:<\/strong><br \/>\n\u2705No consume energ\u00eda el\u00e9ctrica, ? % ecol\u00f3gicos \u267b\ufe0f\u267b\ufe0f.<br \/>\n\u2705Funciona las 24 horas del d\u00eda.<br \/>\n\u2705No requiere mantenimiento.<br \/>\n\u2705No produce ruido.<br \/>\n\u2705Vida \u00fatil de hasta 40 a\u00f1os.<br \/>\n\u2705Mejora su ambiente.<br \/>\n\u2705Resistentes a las condiciones clim\u00e1ticas.<br \/>\n\u2705Ambientes m\u00e1s limpios.<\/p>\n","protected":false},"featured_media":7178,"template":"","meta":{"_et_pb_use_builder":"on","_et_pb_old_content":"<strong>Extractor e\u00f3lico Marca Eolivent<\/strong>\u00a0 Ref. EVG-24\" de diametro de la Garganta 24\" - Rotor 34\" - Caudal 4420 m3\/h (2600 CFM), - Peso 14 Kg - Area Cobertura aprox. 60 metros.\r\n\r\n[caption id=\"attachment_6418\" align=\"alignnone\" width=\"2294\"]<img class=\"size-full wp-image-6418\" src=\"https:\/\/gruposumyteck.com\/wp-content\/uploads\/2025\/04\/especificaciones_evg_24.jpg\" alt=\"EVG-24\" width=\"2294\" height=\"734\" \/> EVG-24[\/caption]\r\n\r\n<strong>ES IDEAL PARA:<\/strong>\r\nExtraer calor, humo, vapores, gases en suspensi\u00f3n, condensaci\u00f3n, olores y material particulado en plantas de producci\u00f3n, fabricas, bodegas, talleres, etc.\r\n\r\n<strong>BENEFICIOS:<\/strong>\r\n\u2705No consume energ\u00eda el\u00e9ctrica, 100 % ecol\u00f3gicos \u267b\ufe0f\u267b\ufe0f.\r\n\u2705Funciona las 24 horas del d\u00eda.\r\n\u2705No requiere mantenimiento.\r\n\u2705No produce ruido.\r\n\u2705Vida \u00fatil de hasta 40 a\u00f1os.\r\n\u2705Mejora su ambiente.\r\n\u2705Resistentes a las condiciones clim\u00e1ticas.\r\n\u2705Ambientes m\u00e1s limpios.\r\n\r\n<strong>APLICACIONES:<\/strong>\r\n\u2714 Renovaci\u00f3n permanente de aire.\r\n\u2714 Baja la temperatura del recinto.\r\n\u2714 Elimina olores y poluci\u00f3n del aire.\r\n\u2714 Evacuaci\u00f3n de humos y aire.\r\n\u2714 Elimina la condensaci\u00f3n.\r\n\r\n<strong>CARACTER\u00cdSTICAS CONSTRUCTIVAS<\/strong>\r\n\u2705 Fabricado en aluminio H12.\r\n\u2705 Succi\u00f3n uniforme y eficiente.\r\n\u2705 Sus aspas aerodin\u00e1micas no permiten la entrada de lluvia.\r\n\u2705 Doble sistema de desag\u00fc\u00e9.\r\n\u2705 Peso adecuado y ligero.\r\n\u2705 F\u00e1cil Instalaci\u00f3n.\r\n\u2705 Resistentes a las condiciones clim\u00e1ticas.\r\n\u2705 Disminuye la temperatura interna.\r\n\u2705 Reduce el stress t\u00e9rmico.\r\n\r\n[caption id=\"attachment_6419\" align=\"alignnone\" width=\"2263\"]<img class=\"size-full wp-image-6419\" src=\"https:\/\/gruposumyteck.com\/wp-content\/uploads\/2025\/04\/dimensiones_24.jpg\" alt=\"EVG-24 EOLIVENT\" width=\"2263\" height=\"960\" \/> EVG-24 EOLIVENT[\/caption]\r\n\r\n<strong>ASESORIA T\u00c9CNICA:<\/strong>\r\nNuestro respaldo es total ya que lo asesoramos desde el mismo momento que se presenta la necesidad, realizando los c\u00e1lculos de la carga t\u00e9rmica, para la escogencia de la cantidad de extractores e\u00f3licos a instalar.\r\n<h4 style=\"text-align: center\"><strong>PRODUCTO FABRICADO Y DISTRIBUIDO POR GRUPO SUMYTECK SAS<\/strong>\r\n<strong> SOMOS LA MARCA # 1 DEL PAIS<\/strong>\r\n<strong>SERVICIO A NIVEL NACIONAL<\/strong><\/h4>\r\nTama\u00f1os disponible, segunda generaci\u00f3n\u00a0 <strong>14\" - 16\" - 18\" - 20\" 24\"\u00a0 <\/strong>Pulgadas en garanta.\r\n\r\nTama\u00f1os disponibles, l\u00ednea tradicional\u00a0 <strong>17\" \u2013 21\" - 31\"<\/strong> Pulgadas en rotor.\r\n\r\n[button link=\"https:\/\/gruposumyteck.com\/files\/Ficha_tecnica_Eolivent_2024.pdf\" color=\"black\" newwindow=\"yes\"] Ver Ficha T\u00e9cnica[\/button]","_et_gb_content_width":""},"product_brand":[17],"product_cat":[28],"product_tag":[24,23,26,29,21,18,27,20,19,22,25],"class_list":{"0":"post-6416","1":"product","2":"type-product","3":"status-publish","4":"has-post-thumbnail","6":"product_brand-eolivent","7":"product_cat-extractores-eolicos","8":"product_tag-ahorro-energetico","9":"product_tag-bioclimatica-industrial","10":"product_tag-eolivent-colombia","11":"product_tag-extractor-atmosferico","12":"product_tag-extractores-de-techo","13":"product_tag-extractores-eolicos","14":"product_tag-sistemas-de-ventilacion-pasiva","15":"product_tag-ventilacion-ecologica","16":"product_tag-ventilacion-industrial","17":"product_tag-ventilacion-natural","18":"product_tag-ventilacion-sin-electricidad","20":"first","21":"instock","22":"taxable","23":"shipping-taxable","24":"purchasable","25":"product-type-simple"},"yoast_head":"<!-- This site is optimized with the Yoast SEO plugin v27.5 - https:\/\/yoast.com\/product\/yoast-seo-wordpress\/ -->\n<title>Extractor E\u00f3lico de 24&quot; pulgadas Garganta - Eolivent<\/title>\n<meta name=\"description\" content=\"Extractor e\u00f3lico Marca Eolivent\u00a0 Ref. EVG-24&quot; de di\u00e1metro de la Garganta 24&quot; - Rotor 34&quot; - Caudal 4420 m3\/h (2600 CFM), - Peso 14 Kg - Cobertura 60 metros.\" \/>\n<meta name=\"robots\" content=\"index, follow, max-snippet:-1, max-image-preview:large, max-video-preview:-1\" \/>\n<link rel=\"canonical\" href=\"https:\/\/gruposumyteck.com\/?product=extractor-eolico-de-24-pulgadas-garganta-eolivent\" \/>\n<meta property=\"og:locale\" content=\"es_ES\" \/>\n<meta property=\"og:type\" content=\"article\" \/>\n<meta property=\"og:title\" content=\"Extractor E\u00f3lico de 24&quot; pulgadas Garganta - Eolivent\" \/>\n<meta property=\"og:description\" content=\"Extractor e\u00f3lico Marca Eolivent\u00a0 Ref. EVG-24&quot; de di\u00e1metro de la Garganta 24&quot; - Rotor 34&quot; - Caudal 4420 m3\/h (2600 CFM), - Peso 14 Kg - Cobertura 60 metros.\" \/>\n<meta property=\"og:url\" content=\"https:\/\/gruposumyteck.com\/?product=extractor-eolico-de-24-pulgadas-garganta-eolivent\" \/>\n<meta property=\"og:site_name\" content=\"Grupo Sumyteck SAS\" \/>\n<meta property=\"article:publisher\" content=\"https:\/\/es-la.facebook.com\/SumyteckSAS\/\" \/>\n<meta property=\"article:modified_time\" content=\"2026-03-12T17:00:03+00:00\" \/>\n<meta property=\"og:image\" content=\"https:\/\/gruposumyteck.com\/wp-content\/uploads\/2025\/04\/Eolivent_12.jpg\" \/>\n\t<meta property=\"og:image:width\" content=\"1200\" \/>\n\t<meta property=\"og:image:height\" content=\"1200\" \/>\n\t<meta property=\"og:image:type\" content=\"image\/jpeg\" \/>\n<meta name=\"twitter:card\" content=\"summary_large_image\" \/>\n<meta name=\"twitter:site\" content=\"@Sumyteck\" \/>\n<meta name=\"twitter:label1\" content=\"Tiempo de lectura\" \/>\n\t<meta name=\"twitter:data1\" content=\"4 minutos\" \/>\n<script type=\"application\/ld+json\" class=\"yoast-schema-graph\">{\"@context\":\"https:\\\/\\\/schema.org\",\"@graph\":[{\"@type\":\"WebPage\",\"@id\":\"https:\\\/\\\/gruposumyteck.com\\\/?product=extractor-eolico-de-24-pulgadas-garganta-eolivent\",\"url\":\"https:\\\/\\\/gruposumyteck.com\\\/?product=extractor-eolico-de-24-pulgadas-garganta-eolivent\",\"name\":\"Extractor E\u00f3lico de 24\\\" pulgadas Garganta - Eolivent\",\"isPartOf\":{\"@id\":\"https:\\\/\\\/gruposumyteck.com\\\/#website\"},\"primaryImageOfPage\":{\"@id\":\"https:\\\/\\\/gruposumyteck.com\\\/?product=extractor-eolico-de-24-pulgadas-garganta-eolivent#primaryimage\"},\"image\":{\"@id\":\"https:\\\/\\\/gruposumyteck.com\\\/?product=extractor-eolico-de-24-pulgadas-garganta-eolivent#primaryimage\"},\"thumbnailUrl\":\"https:\\\/\\\/gruposumyteck.com\\\/wp-content\\\/uploads\\\/2025\\\/04\\\/Eolivent_12.jpg\",\"datePublished\":\"2025-04-12T23:21:22+00:00\",\"dateModified\":\"2026-03-12T17:00:03+00:00\",\"description\":\"Extractor e\u00f3lico Marca Eolivent\u00a0 Ref. EVG-24\\\" de di\u00e1metro de la Garganta 24\\\" - Rotor 34\\\" - Caudal 4420 m3\\\/h (2600 CFM), - Peso 14 Kg - Cobertura 60 metros.\",\"breadcrumb\":{\"@id\":\"https:\\\/\\\/gruposumyteck.com\\\/?product=extractor-eolico-de-24-pulgadas-garganta-eolivent#breadcrumb\"},\"inLanguage\":\"es\",\"potentialAction\":[{\"@type\":\"ReadAction\",\"target\":[\"https:\\\/\\\/gruposumyteck.com\\\/?product=extractor-eolico-de-24-pulgadas-garganta-eolivent\"]}]},{\"@type\":\"ImageObject\",\"inLanguage\":\"es\",\"@id\":\"https:\\\/\\\/gruposumyteck.com\\\/?product=extractor-eolico-de-24-pulgadas-garganta-eolivent#primaryimage\",\"url\":\"https:\\\/\\\/gruposumyteck.com\\\/wp-content\\\/uploads\\\/2025\\\/04\\\/Eolivent_12.jpg\",\"contentUrl\":\"https:\\\/\\\/gruposumyteck.com\\\/wp-content\\\/uploads\\\/2025\\\/04\\\/Eolivent_12.jpg\",\"width\":1200,\"height\":1200,\"caption\":\"Extractor E\u00f3lico de 20\\\" pulgadas Garganta - Eolivent\"},{\"@type\":\"BreadcrumbList\",\"@id\":\"https:\\\/\\\/gruposumyteck.com\\\/?product=extractor-eolico-de-24-pulgadas-garganta-eolivent#breadcrumb\",\"itemListElement\":[{\"@type\":\"ListItem\",\"position\":1,\"name\":\"Inicio\",\"item\":\"https:\\\/\\\/gruposumyteck.com\\\/\"},{\"@type\":\"ListItem\",\"position\":2,\"name\":\"Productos\",\"item\":\"https:\\\/\\\/gruposumyteck.com\\\/?post_type=product\"},{\"@type\":\"ListItem\",\"position\":3,\"name\":\"Extractor E\u00f3lico de 24&#8243; pulgadas Garganta &#8211; Eolivent\"}]},{\"@type\":\"WebSite\",\"@id\":\"https:\\\/\\\/gruposumyteck.com\\\/#website\",\"url\":\"https:\\\/\\\/gruposumyteck.com\\\/\",\"name\":\"Grupo Sumyteck SAS\",\"description\":\"La mejor selecci\u00f3n de productos para ventilaci\u00f3n: extractores de aire, ventiladores industriales, ductos, compuertas, rejillas, filtros y controladores\",\"publisher\":{\"@id\":\"https:\\\/\\\/gruposumyteck.com\\\/#organization\"},\"alternateName\":\"gruposumyteck.com\",\"potentialAction\":[{\"@type\":\"SearchAction\",\"target\":{\"@type\":\"EntryPoint\",\"urlTemplate\":\"https:\\\/\\\/gruposumyteck.com\\\/?s={search_term_string}\"},\"query-input\":{\"@type\":\"PropertyValueSpecification\",\"valueRequired\":true,\"valueName\":\"search_term_string\"}}],\"inLanguage\":\"es\"},{\"@type\":\"Organization\",\"@id\":\"https:\\\/\\\/gruposumyteck.com\\\/#organization\",\"name\":\"Grupo Sumyteck SAS\",\"alternateName\":\"gruposumyteck.com\",\"url\":\"https:\\\/\\\/gruposumyteck.com\\\/\",\"logo\":{\"@type\":\"ImageObject\",\"inLanguage\":\"es\",\"@id\":\"https:\\\/\\\/gruposumyteck.com\\\/#\\\/schema\\\/logo\\\/image\\\/\",\"url\":\"https:\\\/\\\/gruposumyteck.com\\\/wp-content\\\/uploads\\\/2024\\\/03\\\/Favicon.png\",\"contentUrl\":\"https:\\\/\\\/gruposumyteck.com\\\/wp-content\\\/uploads\\\/2024\\\/03\\\/Favicon.png\",\"width\":384,\"height\":384,\"caption\":\"Grupo Sumyteck SAS\"},\"image\":{\"@id\":\"https:\\\/\\\/gruposumyteck.com\\\/#\\\/schema\\\/logo\\\/image\\\/\"},\"sameAs\":[\"https:\\\/\\\/es-la.facebook.com\\\/SumyteckSAS\\\/\",\"https:\\\/\\\/x.com\\\/Sumyteck\",\"https:\\\/\\\/www.youtube.com\\\/channel\\\/UCoHQzJTzEsi317O4N3k9Zbw\",\"https:\\\/\\\/www.instagram.com\\\/gruposumyteck\\\/\"]}]}<\/script>\n<!-- \/ Yoast SEO plugin. -->","yoast_head_json":{"title":"Extractor E\u00f3lico de 24\" pulgadas Garganta - Eolivent","description":"Extractor e\u00f3lico Marca Eolivent\u00a0 Ref. EVG-24\" de di\u00e1metro de la Garganta 24\" - Rotor 34\" - Caudal 4420 m3\/h (2600 CFM), - Peso 14 Kg - Cobertura 60 metros.","robots":{"index":"index","follow":"follow","max-snippet":"max-snippet:-1","max-image-preview":"max-image-preview:large","max-video-preview":"max-video-preview:-1"},"canonical":"https:\/\/gruposumyteck.com\/?product=extractor-eolico-de-24-pulgadas-garganta-eolivent","og_locale":"es_ES","og_type":"article","og_title":"Extractor E\u00f3lico de 24\" pulgadas Garganta - Eolivent","og_description":"Extractor e\u00f3lico Marca Eolivent\u00a0 Ref. EVG-24\" de di\u00e1metro de la Garganta 24\" - Rotor 34\" - Caudal 4420 m3\/h (2600 CFM), - Peso 14 Kg - Cobertura 60 metros.","og_url":"https:\/\/gruposumyteck.com\/?product=extractor-eolico-de-24-pulgadas-garganta-eolivent","og_site_name":"Grupo Sumyteck SAS","article_publisher":"https:\/\/es-la.facebook.com\/SumyteckSAS\/","article_modified_time":"2026-03-12T17:00:03+00:00","og_image":[{"width":1200,"height":1200,"url":"https:\/\/gruposumyteck.com\/wp-content\/uploads\/2025\/04\/Eolivent_12.jpg","type":"image\/jpeg"}],"twitter_card":"summary_large_image","twitter_site":"@Sumyteck","twitter_misc":{"Tiempo de lectura":"4 minutos"},"schema":{"@context":"https:\/\/schema.org","@graph":[{"@type":"WebPage","@id":"https:\/\/gruposumyteck.com\/?product=extractor-eolico-de-24-pulgadas-garganta-eolivent","url":"https:\/\/gruposumyteck.com\/?product=extractor-eolico-de-24-pulgadas-garganta-eolivent","name":"Extractor E\u00f3lico de 24\" pulgadas Garganta - Eolivent","isPartOf":{"@id":"https:\/\/gruposumyteck.com\/#website"},"primaryImageOfPage":{"@id":"https:\/\/gruposumyteck.com\/?product=extractor-eolico-de-24-pulgadas-garganta-eolivent#primaryimage"},"image":{"@id":"https:\/\/gruposumyteck.com\/?product=extractor-eolico-de-24-pulgadas-garganta-eolivent#primaryimage"},"thumbnailUrl":"https:\/\/gruposumyteck.com\/wp-content\/uploads\/2025\/04\/Eolivent_12.jpg","datePublished":"2025-04-12T23:21:22+00:00","dateModified":"2026-03-12T17:00:03+00:00","description":"Extractor e\u00f3lico Marca Eolivent\u00a0 Ref. EVG-24\" de di\u00e1metro de la Garganta 24\" - Rotor 34\" - Caudal 4420 m3\/h (2600 CFM), - Peso 14 Kg - Cobertura 60 metros.","breadcrumb":{"@id":"https:\/\/gruposumyteck.com\/?product=extractor-eolico-de-24-pulgadas-garganta-eolivent#breadcrumb"},"inLanguage":"es","potentialAction":[{"@type":"ReadAction","target":["https:\/\/gruposumyteck.com\/?product=extractor-eolico-de-24-pulgadas-garganta-eolivent"]}]},{"@type":"ImageObject","inLanguage":"es","@id":"https:\/\/gruposumyteck.com\/?product=extractor-eolico-de-24-pulgadas-garganta-eolivent#primaryimage","url":"https:\/\/gruposumyteck.com\/wp-content\/uploads\/2025\/04\/Eolivent_12.jpg","contentUrl":"https:\/\/gruposumyteck.com\/wp-content\/uploads\/2025\/04\/Eolivent_12.jpg","width":1200,"height":1200,"caption":"Extractor E\u00f3lico de 20\" pulgadas Garganta - Eolivent"},{"@type":"BreadcrumbList","@id":"https:\/\/gruposumyteck.com\/?product=extractor-eolico-de-24-pulgadas-garganta-eolivent#breadcrumb","itemListElement":[{"@type":"ListItem","position":1,"name":"Inicio","item":"https:\/\/gruposumyteck.com\/"},{"@type":"ListItem","position":2,"name":"Productos","item":"https:\/\/gruposumyteck.com\/?post_type=product"},{"@type":"ListItem","position":3,"name":"Extractor E\u00f3lico de 24&#8243; pulgadas Garganta &#8211; Eolivent"}]},{"@type":"WebSite","@id":"https:\/\/gruposumyteck.com\/#website","url":"https:\/\/gruposumyteck.com\/","name":"Grupo Sumyteck SAS","description":"La mejor selecci\u00f3n de productos para ventilaci\u00f3n: extractores de aire, ventiladores industriales, ductos, compuertas, rejillas, filtros y controladores","publisher":{"@id":"https:\/\/gruposumyteck.com\/#organization"},"alternateName":"gruposumyteck.com","potentialAction":[{"@type":"SearchAction","target":{"@type":"EntryPoint","urlTemplate":"https:\/\/gruposumyteck.com\/?s={search_term_string}"},"query-input":{"@type":"PropertyValueSpecification","valueRequired":true,"valueName":"search_term_string"}}],"inLanguage":"es"},{"@type":"Organization","@id":"https:\/\/gruposumyteck.com\/#organization","name":"Grupo Sumyteck SAS","alternateName":"gruposumyteck.com","url":"https:\/\/gruposumyteck.com\/","logo":{"@type":"ImageObject","inLanguage":"es","@id":"https:\/\/gruposumyteck.com\/#\/schema\/logo\/image\/","url":"https:\/\/gruposumyteck.com\/wp-content\/uploads\/2024\/03\/Favicon.png","contentUrl":"https:\/\/gruposumyteck.com\/wp-content\/uploads\/2024\/03\/Favicon.png","width":384,"height":384,"caption":"Grupo Sumyteck SAS"},"image":{"@id":"https:\/\/gruposumyteck.com\/#\/schema\/logo\/image\/"},"sameAs":["https:\/\/es-la.facebook.com\/SumyteckSAS\/","https:\/\/x.com\/Sumyteck","https:\/\/www.youtube.com\/channel\/UCoHQzJTzEsi317O4N3k9Zbw","https:\/\/www.instagram.com\/gruposumyteck\/"]}]}},"_links":{"self":[{"href":"https:\/\/gruposumyteck.com\/index.php?rest_route=\/wp\/v2\/product\/6416","targetHints":{"allow":["GET"]}}],"collection":[{"href":"https:\/\/gruposumyteck.com\/index.php?rest_route=\/wp\/v2\/product"}],"about":[{"href":"https:\/\/gruposumyteck.com\/index.php?rest_route=\/wp\/v2\/types\/product"}],"wp:featuredmedia":[{"embeddable":true,"href":"https:\/\/gruposumyteck.com\/index.php?rest_route=\/wp\/v2\/media\/7178"}],"wp:attachment":[{"href":"https:\/\/gruposumyteck.com\/index.php?rest_route=%2Fwp%2Fv2%2Fmedia&parent=6416"}],"wp:term":[{"taxonomy":"product_brand","embeddable":true,"href":"https:\/\/gruposumyteck.com\/index.php?rest_route=%2Fwp%2Fv2%2Fproduct_brand&post=6416"},{"taxonomy":"product_cat","embeddable":true,"href":"https:\/\/gruposumyteck.com\/index.php?rest_route=%2Fwp%2Fv2%2Fproduct_cat&post=6416"},{"taxonomy":"product_tag","embeddable":true,"href":"https:\/\/gruposumyteck.com\/index.php?rest_route=%2Fwp%2Fv2%2Fproduct_tag&post=6416"}],"curies":[{"name":"wp","href":"https:\/\/api.w.org\/{rel}","templated":true}]}}