{"id":3935,"date":"2021-07-25T19:14:43","date_gmt":"2021-07-26T00:14:43","guid":{"rendered":"https:\/\/sumyteck.com\/?post_type=product&#038;p=3935"},"modified":"2025-04-27T20:01:29","modified_gmt":"2025-04-28T01:01:29","slug":"ducto-circular-galvanizado","status":"publish","type":"product","link":"https:\/\/gruposumyteck.com\/?product=ducto-circular-galvanizado","title":{"rendered":"Ducto Circular Galvanizado"},"content":{"rendered":"<p class=\"\" data-start=\"732\" data-end=\"1036\">Ductos galvanizados circulares fabricados en l\u00e1mina de alta resistencia, ideales para sistemas de <strong data-start=\"830\" data-end=\"886\">ventilaci\u00f3n, extracci\u00f3n de aire y aire acondicionado<\/strong>. Disponibles en:<\/p>\n<p class=\"\" data-start=\"732\" data-end=\"1036\"><strong data-start=\"903\" data-end=\"928\">Di\u00e1metros: 4&#8243; &#8211; 5&#8243; &#8211; 6&#8243; &#8211; 8&#8243; &#8211; 10&#8243; &#8211; 12&#8243; &#8211; 14&#8243; &#8211; 16&#8243; &#8211; 18&#8243; &#8211; 20&#8243; &#8211; 22&#8243; &#8211; 24&#8243; &#8211; 26&#8243; &#8211; 28&#8243; &#8211; 30&#8243;<\/strong><\/p>\n<p data-start=\"732\" data-end=\"1036\"><strong data-start=\"903\" data-end=\"928\">Calibres: 26 &#8211; 24 &#8211; 22 &#8211; 20 &#8211; 18 &#8211; 16 &#8211; 14 &#8211; 12<\/strong><\/p>\n<p class=\"\" data-start=\"732\" data-end=\"1036\"><strong data-start=\"903\" data-end=\"928\">Largo: <\/strong>\u00a0<strong data-start=\"963\" data-end=\"988\">1 &#8211; 1.22 &#8211; 2.44\u00a0 metros<\/strong>. Compatibles con una amplia gama de accesorios.<\/p>\n<p class=\"\" data-start=\"390\" data-end=\"686\">Optimiza tus sistemas de ventilaci\u00f3n con ductos galvanizados circulares, resistentes y de f\u00e1cil instalaci\u00f3n. Disponibles en <strong data-start=\"514\" data-end=\"553\">varios di\u00e1metros, calibres y largos<\/strong>, se adaptan a proyectos de <strong data-start=\"581\" data-end=\"637\">extracci\u00f3n, aire acondicionado y evacuaci\u00f3n de gases<\/strong>, garantizando durabilidad y excelente desempe\u00f1o.<\/p>\n","protected":false},"excerpt":{"rendered":"<p class=\"\" data-start=\"732\" data-end=\"1036\">Ductos galvanizados circulares fabricados en l\u00e1mina de alta resistencia, ideales para sistemas de <strong data-start=\"830\" data-end=\"886\">ventilaci\u00f3n, extracci\u00f3n de aire y aire acondicionado<\/strong>. Disponibles en <strong data-start=\"903\" data-end=\"928\">di\u00e1metros de 4\u201d a 30\u201d<\/strong>, <strong data-start=\"930\" data-end=\"950\">calibres 24 a 12<\/strong>\u00a0y largos de <strong data-start=\"963\" data-end=\"988\">1, 1.22 y 2.44 metros<\/strong>. Compatibles con una amplia gama de accesorios.<\/p>\n<p data-start=\"732\" data-end=\"1036\">\n","protected":false},"featured_media":7159,"template":"","meta":{"_et_pb_use_builder":"","_et_pb_old_content":"","_et_gb_content_width":""},"product_brand":[31],"product_cat":[30],"product_tag":[38,40,33,32,35,37,34,39,36,19],"class_list":{"0":"post-3935","1":"product","2":"type-product","3":"status-publish","4":"has-post-thumbnail","6":"product_brand-grupo-sumyteck","7":"product_cat-accesorios-ventilacion","8":"product_tag-aire-acondicionado","9":"product_tag-ducteria-galvanizada","10":"product_tag-ductos-circulares","11":"product_tag-ductos-galvanizados","12":"product_tag-ductos-metalicos","13":"product_tag-ductos-para-cocinas-industriales","14":"product_tag-extraccion-de-aire","15":"product_tag-instalaciones-de-ventilacion","16":"product_tag-sistemas-de-ventilacion","17":"product_tag-ventilacion-industrial","19":"first","20":"instock","21":"taxable","22":"shipping-taxable","23":"product-type-simple"},"yoast_head":"<!-- This site is optimized with the Yoast SEO plugin v27.6 - https:\/\/yoast.com\/product\/yoast-seo-wordpress\/ -->\n<title>Ducto Circular Galvanizado - Grupo Sumyteck SAS<\/title>\n<meta name=\"description\" content=\"fabricado en l\u00e1mina met\u00e1lica de secci\u00f3n transversal circular, utilizado para distribuir el aire en sistemas de ventilaci\u00f3n.\" \/>\n<meta name=\"robots\" content=\"index, follow, max-snippet:-1, max-image-preview:large, max-video-preview:-1\" \/>\n<link rel=\"canonical\" href=\"https:\/\/gruposumyteck.com\/?product=ducto-circular-galvanizado\" \/>\n<meta property=\"og:locale\" content=\"es_ES\" \/>\n<meta property=\"og:type\" content=\"article\" \/>\n<meta property=\"og:title\" content=\"Ducto Circular Galvanizado - Grupo Sumyteck SAS\" \/>\n<meta property=\"og:description\" content=\"fabricado en l\u00e1mina met\u00e1lica de secci\u00f3n transversal circular, utilizado para distribuir el aire en sistemas de ventilaci\u00f3n.\" \/>\n<meta property=\"og:url\" content=\"https:\/\/gruposumyteck.com\/?product=ducto-circular-galvanizado\" \/>\n<meta property=\"og:site_name\" content=\"Grupo Sumyteck SAS\" \/>\n<meta property=\"article:publisher\" content=\"https:\/\/es-la.facebook.com\/SumyteckSAS\/\" \/>\n<meta property=\"article:modified_time\" content=\"2025-04-28T01:01:29+00:00\" \/>\n<meta property=\"og:image\" content=\"https:\/\/gruposumyteck.com\/wp-content\/uploads\/2021\/07\/Tienda_accesorios_ventilacion_ducto_galvanizado_circular.jpg\" \/>\n\t<meta property=\"og:image:width\" content=\"300\" \/>\n\t<meta property=\"og:image:height\" content=\"350\" \/>\n\t<meta property=\"og:image:type\" content=\"image\/jpeg\" \/>\n<meta name=\"twitter:card\" content=\"summary_large_image\" \/>\n<meta name=\"twitter:site\" content=\"@Sumyteck\" \/>\n<meta name=\"twitter:label1\" content=\"Tiempo de lectura\" \/>\n\t<meta name=\"twitter:data1\" content=\"1 minuto\" \/>\n<script type=\"application\/ld+json\" class=\"yoast-schema-graph\">{\"@context\":\"https:\\\/\\\/schema.org\",\"@graph\":[{\"@type\":\"WebPage\",\"@id\":\"https:\\\/\\\/gruposumyteck.com\\\/?product=ducto-circular-galvanizado\",\"url\":\"https:\\\/\\\/gruposumyteck.com\\\/?product=ducto-circular-galvanizado\",\"name\":\"Ducto Circular Galvanizado - Grupo Sumyteck SAS\",\"isPartOf\":{\"@id\":\"https:\\\/\\\/gruposumyteck.com\\\/#website\"},\"primaryImageOfPage\":{\"@id\":\"https:\\\/\\\/gruposumyteck.com\\\/?product=ducto-circular-galvanizado#primaryimage\"},\"image\":{\"@id\":\"https:\\\/\\\/gruposumyteck.com\\\/?product=ducto-circular-galvanizado#primaryimage\"},\"thumbnailUrl\":\"https:\\\/\\\/gruposumyteck.com\\\/wp-content\\\/uploads\\\/2021\\\/07\\\/Tienda_accesorios_ventilacion_ducto_galvanizado_circular.jpg\",\"datePublished\":\"2021-07-26T00:14:43+00:00\",\"dateModified\":\"2025-04-28T01:01:29+00:00\",\"description\":\"fabricado en l\u00e1mina met\u00e1lica de secci\u00f3n transversal circular, utilizado para distribuir el aire en sistemas de ventilaci\u00f3n.\",\"breadcrumb\":{\"@id\":\"https:\\\/\\\/gruposumyteck.com\\\/?product=ducto-circular-galvanizado#breadcrumb\"},\"inLanguage\":\"es\",\"potentialAction\":[{\"@type\":\"ReadAction\",\"target\":[\"https:\\\/\\\/gruposumyteck.com\\\/?product=ducto-circular-galvanizado\"]}]},{\"@type\":\"ImageObject\",\"inLanguage\":\"es\",\"@id\":\"https:\\\/\\\/gruposumyteck.com\\\/?product=ducto-circular-galvanizado#primaryimage\",\"url\":\"https:\\\/\\\/gruposumyteck.com\\\/wp-content\\\/uploads\\\/2021\\\/07\\\/Tienda_accesorios_ventilacion_ducto_galvanizado_circular.jpg\",\"contentUrl\":\"https:\\\/\\\/gruposumyteck.com\\\/wp-content\\\/uploads\\\/2021\\\/07\\\/Tienda_accesorios_ventilacion_ducto_galvanizado_circular.jpg\",\"width\":300,\"height\":350,\"caption\":\"Ducto Circular Galvanizado\"},{\"@type\":\"BreadcrumbList\",\"@id\":\"https:\\\/\\\/gruposumyteck.com\\\/?product=ducto-circular-galvanizado#breadcrumb\",\"itemListElement\":[{\"@type\":\"ListItem\",\"position\":1,\"name\":\"Inicio\",\"item\":\"https:\\\/\\\/gruposumyteck.com\\\/\"},{\"@type\":\"ListItem\",\"position\":2,\"name\":\"Productos\",\"item\":\"https:\\\/\\\/gruposumyteck.com\\\/?post_type=product\"},{\"@type\":\"ListItem\",\"position\":3,\"name\":\"Ducto Circular Galvanizado\"}]},{\"@type\":\"WebSite\",\"@id\":\"https:\\\/\\\/gruposumyteck.com\\\/#website\",\"url\":\"https:\\\/\\\/gruposumyteck.com\\\/\",\"name\":\"Grupo Sumyteck SAS\",\"description\":\"La mejor selecci\u00f3n de productos para ventilaci\u00f3n: extractores de aire, ventiladores industriales, ductos, compuertas, rejillas, filtros y controladores\",\"publisher\":{\"@id\":\"https:\\\/\\\/gruposumyteck.com\\\/#organization\"},\"alternateName\":\"gruposumyteck.com\",\"potentialAction\":[{\"@type\":\"SearchAction\",\"target\":{\"@type\":\"EntryPoint\",\"urlTemplate\":\"https:\\\/\\\/gruposumyteck.com\\\/?s={search_term_string}\"},\"query-input\":{\"@type\":\"PropertyValueSpecification\",\"valueRequired\":true,\"valueName\":\"search_term_string\"}}],\"inLanguage\":\"es\"},{\"@type\":\"Organization\",\"@id\":\"https:\\\/\\\/gruposumyteck.com\\\/#organization\",\"name\":\"Grupo Sumyteck SAS\",\"alternateName\":\"gruposumyteck.com\",\"url\":\"https:\\\/\\\/gruposumyteck.com\\\/\",\"logo\":{\"@type\":\"ImageObject\",\"inLanguage\":\"es\",\"@id\":\"https:\\\/\\\/gruposumyteck.com\\\/#\\\/schema\\\/logo\\\/image\\\/\",\"url\":\"https:\\\/\\\/gruposumyteck.com\\\/wp-content\\\/uploads\\\/2024\\\/03\\\/Favicon.png\",\"contentUrl\":\"https:\\\/\\\/gruposumyteck.com\\\/wp-content\\\/uploads\\\/2024\\\/03\\\/Favicon.png\",\"width\":384,\"height\":384,\"caption\":\"Grupo Sumyteck SAS\"},\"image\":{\"@id\":\"https:\\\/\\\/gruposumyteck.com\\\/#\\\/schema\\\/logo\\\/image\\\/\"},\"sameAs\":[\"https:\\\/\\\/es-la.facebook.com\\\/SumyteckSAS\\\/\",\"https:\\\/\\\/x.com\\\/Sumyteck\",\"https:\\\/\\\/www.youtube.com\\\/channel\\\/UCoHQzJTzEsi317O4N3k9Zbw\",\"https:\\\/\\\/www.instagram.com\\\/gruposumyteck\\\/\"]}]}<\/script>\n<!-- \/ Yoast SEO plugin. -->","yoast_head_json":{"title":"Ducto Circular Galvanizado - Grupo Sumyteck SAS","description":"fabricado en l\u00e1mina met\u00e1lica de secci\u00f3n transversal circular, utilizado para distribuir el aire en sistemas de ventilaci\u00f3n.","robots":{"index":"index","follow":"follow","max-snippet":"max-snippet:-1","max-image-preview":"max-image-preview:large","max-video-preview":"max-video-preview:-1"},"canonical":"https:\/\/gruposumyteck.com\/?product=ducto-circular-galvanizado","og_locale":"es_ES","og_type":"article","og_title":"Ducto Circular Galvanizado - Grupo Sumyteck SAS","og_description":"fabricado en l\u00e1mina met\u00e1lica de secci\u00f3n transversal circular, utilizado para distribuir el aire en sistemas de ventilaci\u00f3n.","og_url":"https:\/\/gruposumyteck.com\/?product=ducto-circular-galvanizado","og_site_name":"Grupo Sumyteck SAS","article_publisher":"https:\/\/es-la.facebook.com\/SumyteckSAS\/","article_modified_time":"2025-04-28T01:01:29+00:00","og_image":[{"width":300,"height":350,"url":"https:\/\/gruposumyteck.com\/wp-content\/uploads\/2021\/07\/Tienda_accesorios_ventilacion_ducto_galvanizado_circular.jpg","type":"image\/jpeg"}],"twitter_card":"summary_large_image","twitter_site":"@Sumyteck","twitter_misc":{"Tiempo de lectura":"1 minuto"},"schema":{"@context":"https:\/\/schema.org","@graph":[{"@type":"WebPage","@id":"https:\/\/gruposumyteck.com\/?product=ducto-circular-galvanizado","url":"https:\/\/gruposumyteck.com\/?product=ducto-circular-galvanizado","name":"Ducto Circular Galvanizado - Grupo Sumyteck SAS","isPartOf":{"@id":"https:\/\/gruposumyteck.com\/#website"},"primaryImageOfPage":{"@id":"https:\/\/gruposumyteck.com\/?product=ducto-circular-galvanizado#primaryimage"},"image":{"@id":"https:\/\/gruposumyteck.com\/?product=ducto-circular-galvanizado#primaryimage"},"thumbnailUrl":"https:\/\/gruposumyteck.com\/wp-content\/uploads\/2021\/07\/Tienda_accesorios_ventilacion_ducto_galvanizado_circular.jpg","datePublished":"2021-07-26T00:14:43+00:00","dateModified":"2025-04-28T01:01:29+00:00","description":"fabricado en l\u00e1mina met\u00e1lica de secci\u00f3n transversal circular, utilizado para distribuir el aire en sistemas de ventilaci\u00f3n.","breadcrumb":{"@id":"https:\/\/gruposumyteck.com\/?product=ducto-circular-galvanizado#breadcrumb"},"inLanguage":"es","potentialAction":[{"@type":"ReadAction","target":["https:\/\/gruposumyteck.com\/?product=ducto-circular-galvanizado"]}]},{"@type":"ImageObject","inLanguage":"es","@id":"https:\/\/gruposumyteck.com\/?product=ducto-circular-galvanizado#primaryimage","url":"https:\/\/gruposumyteck.com\/wp-content\/uploads\/2021\/07\/Tienda_accesorios_ventilacion_ducto_galvanizado_circular.jpg","contentUrl":"https:\/\/gruposumyteck.com\/wp-content\/uploads\/2021\/07\/Tienda_accesorios_ventilacion_ducto_galvanizado_circular.jpg","width":300,"height":350,"caption":"Ducto Circular Galvanizado"},{"@type":"BreadcrumbList","@id":"https:\/\/gruposumyteck.com\/?product=ducto-circular-galvanizado#breadcrumb","itemListElement":[{"@type":"ListItem","position":1,"name":"Inicio","item":"https:\/\/gruposumyteck.com\/"},{"@type":"ListItem","position":2,"name":"Productos","item":"https:\/\/gruposumyteck.com\/?post_type=product"},{"@type":"ListItem","position":3,"name":"Ducto Circular Galvanizado"}]},{"@type":"WebSite","@id":"https:\/\/gruposumyteck.com\/#website","url":"https:\/\/gruposumyteck.com\/","name":"Grupo Sumyteck SAS","description":"La mejor selecci\u00f3n de productos para ventilaci\u00f3n: extractores de aire, ventiladores industriales, ductos, compuertas, rejillas, filtros y controladores","publisher":{"@id":"https:\/\/gruposumyteck.com\/#organization"},"alternateName":"gruposumyteck.com","potentialAction":[{"@type":"SearchAction","target":{"@type":"EntryPoint","urlTemplate":"https:\/\/gruposumyteck.com\/?s={search_term_string}"},"query-input":{"@type":"PropertyValueSpecification","valueRequired":true,"valueName":"search_term_string"}}],"inLanguage":"es"},{"@type":"Organization","@id":"https:\/\/gruposumyteck.com\/#organization","name":"Grupo Sumyteck SAS","alternateName":"gruposumyteck.com","url":"https:\/\/gruposumyteck.com\/","logo":{"@type":"ImageObject","inLanguage":"es","@id":"https:\/\/gruposumyteck.com\/#\/schema\/logo\/image\/","url":"https:\/\/gruposumyteck.com\/wp-content\/uploads\/2024\/03\/Favicon.png","contentUrl":"https:\/\/gruposumyteck.com\/wp-content\/uploads\/2024\/03\/Favicon.png","width":384,"height":384,"caption":"Grupo Sumyteck SAS"},"image":{"@id":"https:\/\/gruposumyteck.com\/#\/schema\/logo\/image\/"},"sameAs":["https:\/\/es-la.facebook.com\/SumyteckSAS\/","https:\/\/x.com\/Sumyteck","https:\/\/www.youtube.com\/channel\/UCoHQzJTzEsi317O4N3k9Zbw","https:\/\/www.instagram.com\/gruposumyteck\/"]}]}},"_links":{"self":[{"href":"https:\/\/gruposumyteck.com\/index.php?rest_route=\/wp\/v2\/product\/3935","targetHints":{"allow":["GET"]}}],"collection":[{"href":"https:\/\/gruposumyteck.com\/index.php?rest_route=\/wp\/v2\/product"}],"about":[{"href":"https:\/\/gruposumyteck.com\/index.php?rest_route=\/wp\/v2\/types\/product"}],"wp:featuredmedia":[{"embeddable":true,"href":"https:\/\/gruposumyteck.com\/index.php?rest_route=\/wp\/v2\/media\/7159"}],"wp:attachment":[{"href":"https:\/\/gruposumyteck.com\/index.php?rest_route=%2Fwp%2Fv2%2Fmedia&parent=3935"}],"wp:term":[{"taxonomy":"product_brand","embeddable":true,"href":"https:\/\/gruposumyteck.com\/index.php?rest_route=%2Fwp%2Fv2%2Fproduct_brand&post=3935"},{"taxonomy":"product_cat","embeddable":true,"href":"https:\/\/gruposumyteck.com\/index.php?rest_route=%2Fwp%2Fv2%2Fproduct_cat&post=3935"},{"taxonomy":"product_tag","embeddable":true,"href":"https:\/\/gruposumyteck.com\/index.php?rest_route=%2Fwp%2Fv2%2Fproduct_tag&post=3935"}],"curies":[{"name":"wp","href":"https:\/\/api.w.org\/{rel}","templated":true}]}}