{"id":3919,"date":"2021-07-25T17:56:42","date_gmt":"2021-07-25T22:56:42","guid":{"rendered":"https:\/\/sumyteck.com\/?post_type=product&#038;p=3919"},"modified":"2025-04-29T15:20:14","modified_gmt":"2025-04-29T20:20:14","slug":"plenum","status":"publish","type":"product","link":"https:\/\/gruposumyteck.com\/?product=plenum","title":{"rendered":"Plenum L\u00e1mina Galvanizada"},"content":{"rendered":"<p>El <strong data-start=\"213\" data-end=\"237\">plenum para rejillas<\/strong> es un accesorio esencial en sistemas de <strong data-start=\"278\" data-end=\"309\">ventilaci\u00f3n y climatizaci\u00f3n<\/strong>, dise\u00f1ado para facilitar la <strong data-start=\"338\" data-end=\"385\">transici\u00f3n y distribuci\u00f3n uniforme del aire<\/strong> entre los ductos y las rejillas de impulsi\u00f3n o retorno. Su dise\u00f1o compacto y funcional permite una instalaci\u00f3n limpia, optimizando el rendimiento del sistema y mejorando el confort del ambiente.<\/p>\n<h3 class=\"\" data-start=\"587\" data-end=\"614\">\ud83d\udd27 <strong data-start=\"594\" data-end=\"614\">CARACTER\u00cdSTICAS:<\/strong><\/h3>\n<ul data-start=\"615\" data-end=\"1192\">\n<li class=\"\" data-start=\"615\" data-end=\"710\">\n<p class=\"\" data-start=\"617\" data-end=\"710\"><strong data-start=\"617\" data-end=\"651\">Fabricado en chapa galvanizada<\/strong>, que ofrece alta resistencia a la corrosi\u00f3n y durabilidad.<\/p>\n<\/li>\n<li class=\"\" data-start=\"711\" data-end=\"817\">\n<p class=\"\" data-start=\"713\" data-end=\"747\"><strong data-start=\"713\" data-end=\"746\">Tipos de conexi\u00f3n disponibles<\/strong>:<\/p>\n<ul data-start=\"750\" data-end=\"817\">\n<li class=\"\" data-start=\"750\" data-end=\"767\">\n<p class=\"\" data-start=\"752\" data-end=\"767\"><strong data-start=\"752\" data-end=\"767\">T \u2013 Trasera<\/strong><\/p>\n<\/li>\n<li class=\"\" data-start=\"770\" data-end=\"787\">\n<p class=\"\" data-start=\"772\" data-end=\"787\"><strong data-start=\"772\" data-end=\"787\">L \u2013 Lateral<\/strong><\/p>\n<\/li>\n<li class=\"\" data-start=\"790\" data-end=\"817\">\n<p class=\"\" data-start=\"792\" data-end=\"817\"><strong data-start=\"792\" data-end=\"817\">A \u2013 Superior (Arriba)<\/strong><\/p>\n<\/li>\n<\/ul>\n<\/li>\n<li class=\"\" data-start=\"818\" data-end=\"1118\">\n<p class=\"\" data-start=\"820\" data-end=\"848\"><strong data-start=\"820\" data-end=\"847\">Opciones de aislamiento<\/strong>:<\/p>\n<ul data-start=\"851\" data-end=\"1118\">\n<li class=\"\" data-start=\"851\" data-end=\"981\">\n<p class=\"\" data-start=\"853\" data-end=\"981\"><strong data-start=\"853\" data-end=\"871\">N \u2013 No Aislado<\/strong>: Plenum sin recubrimiento, ideal para espacios donde no se requiere control adicional de temperatura o ruido.<\/p>\n<\/li>\n<li class=\"\" data-start=\"984\" data-end=\"1118\">\n<p class=\"\" data-start=\"986\" data-end=\"1118\"><strong data-start=\"986\" data-end=\"1001\">A \u2013 Aislado<\/strong>: Con aislamiento exterior de <strong data-start=\"1031\" data-end=\"1050\">5 mm de espesor<\/strong>, que contribuye a reducir p\u00e9rdidas t\u00e9rmicas y transmisi\u00f3n de ruido.<\/p>\n<\/li>\n<\/ul>\n<\/li>\n<li class=\"\" data-start=\"1119\" data-end=\"1192\">\n<p class=\"\" data-start=\"1121\" data-end=\"1192\"><strong data-start=\"1121\" data-end=\"1128\">Uso<\/strong>: Especialmente dise\u00f1ado para sistemas de <strong data-start=\"1170\" data-end=\"1191\">impulsi\u00f3n de aire<\/strong>.<\/p>\n<\/li>\n<\/ul>\n<hr class=\"\" data-start=\"1194\" data-end=\"1197\" \/>\n<h3 class=\"\" data-start=\"1199\" data-end=\"1218\">\u2705 <strong data-start=\"1205\" data-end=\"1218\">Ventajas:<\/strong><\/h3>\n<ul data-start=\"1219\" data-end=\"1613\">\n<li class=\"\" data-start=\"1219\" data-end=\"1284\">\n<p class=\"\" data-start=\"1221\" data-end=\"1284\">Mejora la <strong data-start=\"1231\" data-end=\"1269\">distribuci\u00f3n y equilibrio del aire<\/strong> en el sistema.<\/p>\n<\/li>\n<li class=\"\" data-start=\"1285\" data-end=\"1355\">\n<p class=\"\" data-start=\"1287\" data-end=\"1355\">Facilita una <strong data-start=\"1300\" data-end=\"1338\">instalaci\u00f3n ordenada y profesional<\/strong> de las rejillas.<\/p>\n<\/li>\n<li class=\"\" data-start=\"1356\" data-end=\"1439\">\n<p class=\"\" data-start=\"1358\" data-end=\"1439\">Reduce el <strong data-start=\"1368\" data-end=\"1408\">nivel sonoro y las p\u00e9rdidas t\u00e9rmicas<\/strong> cuando cuenta con aislamiento.<\/p>\n<\/li>\n<li class=\"\" data-start=\"1440\" data-end=\"1540\">\n<p class=\"\" data-start=\"1442\" data-end=\"1540\">Disponible en distintas configuraciones de conexi\u00f3n para adaptarse a cualquier dise\u00f1o de ducter\u00eda.<\/p>\n<\/li>\n<li class=\"\" data-start=\"1541\" data-end=\"1613\">\n<p class=\"\" data-start=\"1543\" data-end=\"1613\">Fabricado con materiales de <strong data-start=\"1571\" data-end=\"1612\">alta resistencia y bajo mantenimiento<\/strong>.<\/p>\n<\/li>\n<\/ul>\n<hr class=\"\" data-start=\"1615\" data-end=\"1618\" \/>\n","protected":false},"excerpt":{"rendered":"<p>El <strong data-start=\"213\" data-end=\"237\">plenum para rejillas<\/strong> es un accesorio esencial en sistemas de <strong data-start=\"278\" data-end=\"309\">ventilaci\u00f3n y climatizaci\u00f3n<\/strong>, dise\u00f1ado para facilitar la <strong data-start=\"338\" data-end=\"385\">transici\u00f3n y distribuci\u00f3n uniforme del aire<\/strong> entre los ductos y las rejillas de impulsi\u00f3n o retorno. Su dise\u00f1o compacto y funcional permite una instalaci\u00f3n limpia, optimizando el rendimiento del sistema y mejorando el confort del ambiente.<\/p>\n","protected":false},"featured_media":7204,"template":"","meta":{"_et_pb_use_builder":"","_et_pb_old_content":"","_et_gb_content_width":""},"product_brand":[31],"product_cat":[60],"product_tag":[80,82,86,87,85,78,83,81,84,79],"class_list":{"0":"post-3919","1":"product","2":"type-product","3":"status-publish","4":"has-post-thumbnail","6":"product_brand-grupo-sumyteck","7":"product_cat-rejillas-y-difusores","8":"product_tag-caja-plenum-hvac","9":"product_tag-plenum-con-aislamiento","10":"product_tag-plenum-con-conexion-lateral","11":"product_tag-plenum-con-conexion-superior","12":"product_tag-plenum-con-conexion-trasera","13":"product_tag-plenum-en-lamina-galvanizada","14":"product_tag-plenum-no-aislado","15":"product_tag-plenum-para-aire-acondicionado","16":"product_tag-plenum-para-impulsion-de-aire","17":"product_tag-plenum-para-rejillas","19":"first","20":"instock","21":"taxable","22":"shipping-taxable","23":"product-type-simple"},"yoast_head":"<!-- This site is optimized with the Yoast SEO plugin v27.5 - https:\/\/yoast.com\/product\/yoast-seo-wordpress\/ -->\n<title>Plenum L\u00e1mina Galvanizada - Grupo Sumyteck SAS<\/title>\n<meta name=\"description\" content=\"Caja de conexi\u00f3n entre cuello del difusor y el cuello de la manguera de suministro de aire\" \/>\n<meta name=\"robots\" content=\"index, follow, max-snippet:-1, max-image-preview:large, max-video-preview:-1\" \/>\n<link rel=\"canonical\" href=\"https:\/\/gruposumyteck.com\/?product=plenum\" \/>\n<meta property=\"og:locale\" content=\"es_ES\" \/>\n<meta property=\"og:type\" content=\"article\" \/>\n<meta property=\"og:title\" content=\"Plenum L\u00e1mina Galvanizada - Grupo Sumyteck SAS\" \/>\n<meta property=\"og:description\" content=\"Caja de conexi\u00f3n entre cuello del difusor y el cuello de la manguera de suministro de aire\" \/>\n<meta property=\"og:url\" content=\"https:\/\/gruposumyteck.com\/?product=plenum\" \/>\n<meta property=\"og:site_name\" content=\"Grupo Sumyteck SAS\" \/>\n<meta property=\"article:publisher\" content=\"https:\/\/es-la.facebook.com\/SumyteckSAS\/\" \/>\n<meta property=\"article:modified_time\" content=\"2025-04-29T20:20:14+00:00\" \/>\n<meta property=\"og:image\" content=\"https:\/\/gruposumyteck.com\/wp-content\/uploads\/2021\/07\/Tienda_rejillas_difusores_plenum_rejillas.jpg\" \/>\n\t<meta property=\"og:image:width\" content=\"300\" \/>\n\t<meta property=\"og:image:height\" content=\"350\" \/>\n\t<meta property=\"og:image:type\" content=\"image\/jpeg\" \/>\n<meta name=\"twitter:card\" content=\"summary_large_image\" \/>\n<meta name=\"twitter:site\" content=\"@Sumyteck\" \/>\n<meta name=\"twitter:label1\" content=\"Tiempo de lectura\" \/>\n\t<meta name=\"twitter:data1\" content=\"2 minutos\" \/>\n<script type=\"application\/ld+json\" class=\"yoast-schema-graph\">{\"@context\":\"https:\\\/\\\/schema.org\",\"@graph\":[{\"@type\":\"WebPage\",\"@id\":\"https:\\\/\\\/gruposumyteck.com\\\/?product=plenum\",\"url\":\"https:\\\/\\\/gruposumyteck.com\\\/?product=plenum\",\"name\":\"Plenum L\u00e1mina Galvanizada - Grupo Sumyteck SAS\",\"isPartOf\":{\"@id\":\"https:\\\/\\\/gruposumyteck.com\\\/#website\"},\"primaryImageOfPage\":{\"@id\":\"https:\\\/\\\/gruposumyteck.com\\\/?product=plenum#primaryimage\"},\"image\":{\"@id\":\"https:\\\/\\\/gruposumyteck.com\\\/?product=plenum#primaryimage\"},\"thumbnailUrl\":\"https:\\\/\\\/gruposumyteck.com\\\/wp-content\\\/uploads\\\/2021\\\/07\\\/Tienda_rejillas_difusores_plenum_rejillas.jpg\",\"datePublished\":\"2021-07-25T22:56:42+00:00\",\"dateModified\":\"2025-04-29T20:20:14+00:00\",\"description\":\"Caja de conexi\u00f3n entre cuello del difusor y el cuello de la manguera de suministro de aire\",\"breadcrumb\":{\"@id\":\"https:\\\/\\\/gruposumyteck.com\\\/?product=plenum#breadcrumb\"},\"inLanguage\":\"es\",\"potentialAction\":[{\"@type\":\"ReadAction\",\"target\":[\"https:\\\/\\\/gruposumyteck.com\\\/?product=plenum\"]}]},{\"@type\":\"ImageObject\",\"inLanguage\":\"es\",\"@id\":\"https:\\\/\\\/gruposumyteck.com\\\/?product=plenum#primaryimage\",\"url\":\"https:\\\/\\\/gruposumyteck.com\\\/wp-content\\\/uploads\\\/2021\\\/07\\\/Tienda_rejillas_difusores_plenum_rejillas.jpg\",\"contentUrl\":\"https:\\\/\\\/gruposumyteck.com\\\/wp-content\\\/uploads\\\/2021\\\/07\\\/Tienda_rejillas_difusores_plenum_rejillas.jpg\",\"width\":300,\"height\":350,\"caption\":\"Plenum L\u00e1mina Galvanizada\"},{\"@type\":\"BreadcrumbList\",\"@id\":\"https:\\\/\\\/gruposumyteck.com\\\/?product=plenum#breadcrumb\",\"itemListElement\":[{\"@type\":\"ListItem\",\"position\":1,\"name\":\"Inicio\",\"item\":\"https:\\\/\\\/gruposumyteck.com\\\/\"},{\"@type\":\"ListItem\",\"position\":2,\"name\":\"Productos\",\"item\":\"https:\\\/\\\/gruposumyteck.com\\\/?post_type=product\"},{\"@type\":\"ListItem\",\"position\":3,\"name\":\"Plenum L\u00e1mina Galvanizada\"}]},{\"@type\":\"WebSite\",\"@id\":\"https:\\\/\\\/gruposumyteck.com\\\/#website\",\"url\":\"https:\\\/\\\/gruposumyteck.com\\\/\",\"name\":\"Grupo Sumyteck SAS\",\"description\":\"La mejor selecci\u00f3n de productos para ventilaci\u00f3n: extractores de aire, ventiladores industriales, ductos, compuertas, rejillas, filtros y controladores\",\"publisher\":{\"@id\":\"https:\\\/\\\/gruposumyteck.com\\\/#organization\"},\"alternateName\":\"gruposumyteck.com\",\"potentialAction\":[{\"@type\":\"SearchAction\",\"target\":{\"@type\":\"EntryPoint\",\"urlTemplate\":\"https:\\\/\\\/gruposumyteck.com\\\/?s={search_term_string}\"},\"query-input\":{\"@type\":\"PropertyValueSpecification\",\"valueRequired\":true,\"valueName\":\"search_term_string\"}}],\"inLanguage\":\"es\"},{\"@type\":\"Organization\",\"@id\":\"https:\\\/\\\/gruposumyteck.com\\\/#organization\",\"name\":\"Grupo Sumyteck SAS\",\"alternateName\":\"gruposumyteck.com\",\"url\":\"https:\\\/\\\/gruposumyteck.com\\\/\",\"logo\":{\"@type\":\"ImageObject\",\"inLanguage\":\"es\",\"@id\":\"https:\\\/\\\/gruposumyteck.com\\\/#\\\/schema\\\/logo\\\/image\\\/\",\"url\":\"https:\\\/\\\/gruposumyteck.com\\\/wp-content\\\/uploads\\\/2024\\\/03\\\/Favicon.png\",\"contentUrl\":\"https:\\\/\\\/gruposumyteck.com\\\/wp-content\\\/uploads\\\/2024\\\/03\\\/Favicon.png\",\"width\":384,\"height\":384,\"caption\":\"Grupo Sumyteck SAS\"},\"image\":{\"@id\":\"https:\\\/\\\/gruposumyteck.com\\\/#\\\/schema\\\/logo\\\/image\\\/\"},\"sameAs\":[\"https:\\\/\\\/es-la.facebook.com\\\/SumyteckSAS\\\/\",\"https:\\\/\\\/x.com\\\/Sumyteck\",\"https:\\\/\\\/www.youtube.com\\\/channel\\\/UCoHQzJTzEsi317O4N3k9Zbw\",\"https:\\\/\\\/www.instagram.com\\\/gruposumyteck\\\/\"]}]}<\/script>\n<!-- \/ Yoast SEO plugin. -->","yoast_head_json":{"title":"Plenum L\u00e1mina Galvanizada - Grupo Sumyteck SAS","description":"Caja de conexi\u00f3n entre cuello del difusor y el cuello de la manguera de suministro de aire","robots":{"index":"index","follow":"follow","max-snippet":"max-snippet:-1","max-image-preview":"max-image-preview:large","max-video-preview":"max-video-preview:-1"},"canonical":"https:\/\/gruposumyteck.com\/?product=plenum","og_locale":"es_ES","og_type":"article","og_title":"Plenum L\u00e1mina Galvanizada - Grupo Sumyteck SAS","og_description":"Caja de conexi\u00f3n entre cuello del difusor y el cuello de la manguera de suministro de aire","og_url":"https:\/\/gruposumyteck.com\/?product=plenum","og_site_name":"Grupo Sumyteck SAS","article_publisher":"https:\/\/es-la.facebook.com\/SumyteckSAS\/","article_modified_time":"2025-04-29T20:20:14+00:00","og_image":[{"width":300,"height":350,"url":"https:\/\/gruposumyteck.com\/wp-content\/uploads\/2021\/07\/Tienda_rejillas_difusores_plenum_rejillas.jpg","type":"image\/jpeg"}],"twitter_card":"summary_large_image","twitter_site":"@Sumyteck","twitter_misc":{"Tiempo de lectura":"2 minutos"},"schema":{"@context":"https:\/\/schema.org","@graph":[{"@type":"WebPage","@id":"https:\/\/gruposumyteck.com\/?product=plenum","url":"https:\/\/gruposumyteck.com\/?product=plenum","name":"Plenum L\u00e1mina Galvanizada - Grupo Sumyteck SAS","isPartOf":{"@id":"https:\/\/gruposumyteck.com\/#website"},"primaryImageOfPage":{"@id":"https:\/\/gruposumyteck.com\/?product=plenum#primaryimage"},"image":{"@id":"https:\/\/gruposumyteck.com\/?product=plenum#primaryimage"},"thumbnailUrl":"https:\/\/gruposumyteck.com\/wp-content\/uploads\/2021\/07\/Tienda_rejillas_difusores_plenum_rejillas.jpg","datePublished":"2021-07-25T22:56:42+00:00","dateModified":"2025-04-29T20:20:14+00:00","description":"Caja de conexi\u00f3n entre cuello del difusor y el cuello de la manguera de suministro de aire","breadcrumb":{"@id":"https:\/\/gruposumyteck.com\/?product=plenum#breadcrumb"},"inLanguage":"es","potentialAction":[{"@type":"ReadAction","target":["https:\/\/gruposumyteck.com\/?product=plenum"]}]},{"@type":"ImageObject","inLanguage":"es","@id":"https:\/\/gruposumyteck.com\/?product=plenum#primaryimage","url":"https:\/\/gruposumyteck.com\/wp-content\/uploads\/2021\/07\/Tienda_rejillas_difusores_plenum_rejillas.jpg","contentUrl":"https:\/\/gruposumyteck.com\/wp-content\/uploads\/2021\/07\/Tienda_rejillas_difusores_plenum_rejillas.jpg","width":300,"height":350,"caption":"Plenum L\u00e1mina Galvanizada"},{"@type":"BreadcrumbList","@id":"https:\/\/gruposumyteck.com\/?product=plenum#breadcrumb","itemListElement":[{"@type":"ListItem","position":1,"name":"Inicio","item":"https:\/\/gruposumyteck.com\/"},{"@type":"ListItem","position":2,"name":"Productos","item":"https:\/\/gruposumyteck.com\/?post_type=product"},{"@type":"ListItem","position":3,"name":"Plenum L\u00e1mina Galvanizada"}]},{"@type":"WebSite","@id":"https:\/\/gruposumyteck.com\/#website","url":"https:\/\/gruposumyteck.com\/","name":"Grupo Sumyteck SAS","description":"La mejor selecci\u00f3n de productos para ventilaci\u00f3n: extractores de aire, ventiladores industriales, ductos, compuertas, rejillas, filtros y controladores","publisher":{"@id":"https:\/\/gruposumyteck.com\/#organization"},"alternateName":"gruposumyteck.com","potentialAction":[{"@type":"SearchAction","target":{"@type":"EntryPoint","urlTemplate":"https:\/\/gruposumyteck.com\/?s={search_term_string}"},"query-input":{"@type":"PropertyValueSpecification","valueRequired":true,"valueName":"search_term_string"}}],"inLanguage":"es"},{"@type":"Organization","@id":"https:\/\/gruposumyteck.com\/#organization","name":"Grupo Sumyteck SAS","alternateName":"gruposumyteck.com","url":"https:\/\/gruposumyteck.com\/","logo":{"@type":"ImageObject","inLanguage":"es","@id":"https:\/\/gruposumyteck.com\/#\/schema\/logo\/image\/","url":"https:\/\/gruposumyteck.com\/wp-content\/uploads\/2024\/03\/Favicon.png","contentUrl":"https:\/\/gruposumyteck.com\/wp-content\/uploads\/2024\/03\/Favicon.png","width":384,"height":384,"caption":"Grupo Sumyteck SAS"},"image":{"@id":"https:\/\/gruposumyteck.com\/#\/schema\/logo\/image\/"},"sameAs":["https:\/\/es-la.facebook.com\/SumyteckSAS\/","https:\/\/x.com\/Sumyteck","https:\/\/www.youtube.com\/channel\/UCoHQzJTzEsi317O4N3k9Zbw","https:\/\/www.instagram.com\/gruposumyteck\/"]}]}},"_links":{"self":[{"href":"https:\/\/gruposumyteck.com\/index.php?rest_route=\/wp\/v2\/product\/3919","targetHints":{"allow":["GET"]}}],"collection":[{"href":"https:\/\/gruposumyteck.com\/index.php?rest_route=\/wp\/v2\/product"}],"about":[{"href":"https:\/\/gruposumyteck.com\/index.php?rest_route=\/wp\/v2\/types\/product"}],"wp:featuredmedia":[{"embeddable":true,"href":"https:\/\/gruposumyteck.com\/index.php?rest_route=\/wp\/v2\/media\/7204"}],"wp:attachment":[{"href":"https:\/\/gruposumyteck.com\/index.php?rest_route=%2Fwp%2Fv2%2Fmedia&parent=3919"}],"wp:term":[{"taxonomy":"product_brand","embeddable":true,"href":"https:\/\/gruposumyteck.com\/index.php?rest_route=%2Fwp%2Fv2%2Fproduct_brand&post=3919"},{"taxonomy":"product_cat","embeddable":true,"href":"https:\/\/gruposumyteck.com\/index.php?rest_route=%2Fwp%2Fv2%2Fproduct_cat&post=3919"},{"taxonomy":"product_tag","embeddable":true,"href":"https:\/\/gruposumyteck.com\/index.php?rest_route=%2Fwp%2Fv2%2Fproduct_tag&post=3919"}],"curies":[{"name":"wp","href":"https:\/\/api.w.org\/{rel}","templated":true}]}}