{"id":3903,"date":"2021-07-25T11:58:41","date_gmt":"2021-07-25T16:58:41","guid":{"rendered":"https:\/\/sumyteck.com\/?post_type=product&#038;p=3903"},"modified":"2025-04-29T15:39:04","modified_gmt":"2025-04-29T20:39:04","slug":"rejilla-tipo-louver","status":"publish","type":"product","link":"https:\/\/gruposumyteck.com\/?product=rejilla-tipo-louver","title":{"rendered":"Rejilla tipo Louver"},"content":{"rendered":"<p>Rejilla tipo <strong data-start=\"194\" data-end=\"204\">louver<\/strong> dise\u00f1ada para <strong data-start=\"219\" data-end=\"266\">toma o extracci\u00f3n de aire natural o forzado<\/strong>, que ofrece una eficiente protecci\u00f3n contra la entrada de agua, residuos o elementos externos. Fabricada en <strong data-start=\"375\" data-end=\"396\">aluminio extruido<\/strong>, esta rejilla permite un flujo de aire constante mientras mantiene una apariencia est\u00e9tica y funcional, ideal para aplicaciones en exteriores e interiores.<\/p>\n<h3 class=\"\" data-start=\"559\" data-end=\"595\">\ud83d\udd27 <strong data-start=\"566\" data-end=\"595\">Caracter\u00edsticas T\u00e9cnicas:<\/strong><\/h3>\n<ul data-start=\"596\" data-end=\"1006\">\n<li class=\"\" data-start=\"596\" data-end=\"627\">\n<p class=\"\" data-start=\"598\" data-end=\"627\"><strong data-start=\"598\" data-end=\"607\">Tipo:<\/strong> Rejilla tipo Louver<\/p>\n<\/li>\n<li class=\"\" data-start=\"628\" data-end=\"697\">\n<p class=\"\" data-start=\"630\" data-end=\"697\"><strong data-start=\"630\" data-end=\"643\">Material:<\/strong> Aluminio extruido de alta resistencia a la intemperie<\/p>\n<\/li>\n<li class=\"\" data-start=\"698\" data-end=\"750\">\n<p class=\"\" data-start=\"700\" data-end=\"750\"><strong data-start=\"700\" data-end=\"710\">Marco:<\/strong> Plano, con acabado limpio y profesional<\/p>\n<\/li>\n<li class=\"\" data-start=\"751\" data-end=\"822\">\n<p class=\"\" data-start=\"753\" data-end=\"822\"><strong data-start=\"753\" data-end=\"765\">Medidas:<\/strong> Fabricaci\u00f3n a medida, seg\u00fan especificaciones del cliente<\/p>\n<\/li>\n<li class=\"\" data-start=\"823\" data-end=\"1006\">\n<p class=\"\" data-start=\"825\" data-end=\"839\"><strong data-start=\"825\" data-end=\"837\">Acabado:<\/strong><\/p>\n<ul data-start=\"842\" data-end=\"1006\">\n<li class=\"\" data-start=\"842\" data-end=\"904\">\n<p class=\"\" data-start=\"844\" data-end=\"904\">Pintura electrost\u00e1tica en color blanco de alta durabilidad<\/p>\n<\/li>\n<li class=\"\" data-start=\"907\" data-end=\"943\">\n<p class=\"\" data-start=\"909\" data-end=\"943\">Opci\u00f3n en color aluminio natural<\/p>\n<\/li>\n<li class=\"\" data-start=\"946\" data-end=\"1006\">\n<p class=\"\" data-start=\"948\" data-end=\"1006\">Otros colores disponibles bajo c\u00f3digo RAL o muestra f\u00edsica<\/p>\n<\/li>\n<\/ul>\n<\/li>\n<\/ul>\n<hr class=\"\" data-start=\"1008\" data-end=\"1011\" \/>\n<h3 class=\"\" data-start=\"1013\" data-end=\"1036\">\ud83d\udee0\ufe0f <strong data-start=\"1021\" data-end=\"1036\">Opcionales:<\/strong><\/h3>\n<ul data-start=\"1037\" data-end=\"1253\">\n<li class=\"\" data-start=\"1037\" data-end=\"1143\">\n<p class=\"\" data-start=\"1039\" data-end=\"1143\"><strong data-start=\"1039\" data-end=\"1072\">Malla pl\u00e1stica tipo insectos:<\/strong> Para evitar el paso de insectos peque\u00f1os sin afectar el flujo de aire.<\/p>\n<\/li>\n<li class=\"\" data-start=\"1144\" data-end=\"1253\">\n<p class=\"\" data-start=\"1146\" data-end=\"1253\"><strong data-start=\"1146\" data-end=\"1178\">Malla met\u00e1lica tipo p\u00e1jaros:<\/strong> Protecci\u00f3n adicional contra el ingreso de aves o residuos de mayor tama\u00f1o.<\/p>\n<\/li>\n<\/ul>\n<hr class=\"\" data-start=\"1255\" data-end=\"1258\" \/>\n<h3 class=\"\" data-start=\"1260\" data-end=\"1279\">\u2705 <strong data-start=\"1266\" data-end=\"1279\">Ventajas:<\/strong><\/h3>\n<ul data-start=\"1280\" data-end=\"1724\">\n<li class=\"\" data-start=\"1280\" data-end=\"1383\">\n<p class=\"\" data-start=\"1282\" data-end=\"1383\"><strong data-start=\"1282\" data-end=\"1335\">Excelente resistencia a la intemperie y corrosi\u00f3n<\/strong>, gracias a su fabricaci\u00f3n en aluminio extruido.<\/p>\n<\/li>\n<li class=\"\" data-start=\"1384\" data-end=\"1462\">\n<p class=\"\" data-start=\"1386\" data-end=\"1462\"><strong data-start=\"1386\" data-end=\"1416\">\u00d3ptima circulaci\u00f3n de aire<\/strong> en sistemas de ventilaci\u00f3n natural o forzada.<\/p>\n<\/li>\n<li class=\"\" data-start=\"1463\" data-end=\"1556\">\n<p class=\"\" data-start=\"1465\" data-end=\"1556\"><strong data-start=\"1465\" data-end=\"1503\">Versatilidad en medidas y acabados<\/strong>, adapt\u00e1ndose a proyectos arquitect\u00f3nicos y t\u00e9cnicos.<\/p>\n<\/li>\n<li class=\"\" data-start=\"1557\" data-end=\"1609\">\n<p class=\"\" data-start=\"1559\" data-end=\"1609\"><strong data-start=\"1559\" data-end=\"1580\">F\u00e1cil instalaci\u00f3n<\/strong> en muros, fachadas o ductos.<\/p>\n<\/li>\n<li class=\"\" data-start=\"1610\" data-end=\"1724\">\n<p class=\"\" data-start=\"1612\" data-end=\"1724\">Posibilidad de incluir <strong data-start=\"1635\" data-end=\"1657\">mallas protectoras<\/strong> para mayor seguridad y control de acceso de elementos no deseados.<\/p>\n<\/li>\n<\/ul>\n<hr class=\"\" data-start=\"1726\" data-end=\"1729\" \/>\n<h3 class=\"\" data-start=\"1731\" data-end=\"1754\">\u2705 <strong data-start=\"1737\" data-end=\"1754\">Aplicaciones:<\/strong><\/h3>\n<ul data-start=\"1755\" data-end=\"1990\">\n<li class=\"\" data-start=\"1755\" data-end=\"1826\">\n<p class=\"\" data-start=\"1757\" data-end=\"1826\">Fachadas de edificaciones comerciales, industriales y residenciales<\/p>\n<\/li>\n<li class=\"\" data-start=\"1827\" data-end=\"1873\">\n<p class=\"\" data-start=\"1829\" data-end=\"1873\">Sistemas de ventilaci\u00f3n natural o mec\u00e1nica<\/p>\n<\/li>\n<li class=\"\" data-start=\"1874\" data-end=\"1934\">\n<p class=\"\" data-start=\"1876\" data-end=\"1934\">\u00c1reas t\u00e9cnicas, cuartos de m\u00e1quinas o cuartos el\u00e9ctricos<\/p>\n<\/li>\n<li class=\"\" data-start=\"1935\" data-end=\"1990\">\n<p class=\"\" data-start=\"1937\" data-end=\"1990\">Toma de aire exterior y extracci\u00f3n de aire interior<\/p>\n<\/li>\n<\/ul>\n","protected":false},"excerpt":{"rendered":"<p>Rejilla tipo <strong data-start=\"194\" data-end=\"204\">louver<\/strong> dise\u00f1ada para <strong data-start=\"219\" data-end=\"266\">toma o extracci\u00f3n de aire natural o forzado<\/strong>, que ofrece una eficiente protecci\u00f3n contra la entrada de agua, residuos o elementos externos. Fabricada en <strong data-start=\"375\" data-end=\"396\">aluminio extruido<\/strong>, esta rejilla permite un flujo de aire constante mientras mantiene una apariencia est\u00e9tica y funcional, ideal para aplicaciones en exteriores e interiores.<\/p>\n","protected":false},"featured_media":7211,"template":"","meta":{"_et_pb_use_builder":"","_et_pb_old_content":"","_et_gb_content_width":""},"product_brand":[31],"product_cat":[60],"product_tag":[111,110,105,108,109,104,106,113,112,107],"class_list":{"0":"post-3903","1":"product","2":"type-product","3":"status-publish","4":"has-post-thumbnail","6":"product_brand-grupo-sumyteck","7":"product_cat-rejillas-y-difusores","8":"product_tag-rejillas-arquitectonicas","9":"product_tag-rejillas-con-malla","10":"product_tag-rejillas-de-aluminio","11":"product_tag-rejillas-de-extraccion-de-aire","12":"product_tag-rejillas-de-toma-de-aire","13":"product_tag-rejillas-de-ventilacion","14":"product_tag-rejillas-para-muro","15":"product_tag-rejillas-para-ventilacion-forzada","16":"product_tag-rejillas-para-ventilacion-natural","17":"product_tag-rejillas-tipo-louver","19":"first","20":"instock","21":"taxable","22":"shipping-taxable","23":"product-type-simple"},"yoast_head":"<!-- This site is optimized with the Yoast SEO plugin v27.5 - https:\/\/yoast.com\/product\/yoast-seo-wordpress\/ -->\n<title>Rejilla tipo Louver - Grupo Sumyteck SAS<\/title>\n<meta name=\"description\" content=\"Rejilla utilizadas en paredes exteriores para mantener una ventilaci\u00f3n adecuada en un \u00e1rea determinada. Protege el paso del agua y bloquea la visibilidad al interior.\" \/>\n<meta name=\"robots\" content=\"index, follow, max-snippet:-1, max-image-preview:large, max-video-preview:-1\" \/>\n<link rel=\"canonical\" href=\"https:\/\/gruposumyteck.com\/?product=rejilla-tipo-louver\" \/>\n<meta property=\"og:locale\" content=\"es_ES\" \/>\n<meta property=\"og:type\" content=\"article\" \/>\n<meta property=\"og:title\" content=\"Rejilla tipo Louver - Grupo Sumyteck SAS\" \/>\n<meta property=\"og:description\" content=\"Rejilla utilizadas en paredes exteriores para mantener una ventilaci\u00f3n adecuada en un \u00e1rea determinada. Protege el paso del agua y bloquea la visibilidad al interior.\" \/>\n<meta property=\"og:url\" content=\"https:\/\/gruposumyteck.com\/?product=rejilla-tipo-louver\" \/>\n<meta property=\"og:site_name\" content=\"Grupo Sumyteck SAS\" \/>\n<meta property=\"article:publisher\" content=\"https:\/\/es-la.facebook.com\/SumyteckSAS\/\" \/>\n<meta property=\"article:modified_time\" content=\"2025-04-29T20:39:04+00:00\" \/>\n<meta property=\"og:image\" content=\"https:\/\/gruposumyteck.com\/wp-content\/uploads\/2021\/07\/Tienda_rejillas_tipo_louver.jpg\" \/>\n\t<meta property=\"og:image:width\" content=\"300\" \/>\n\t<meta property=\"og:image:height\" content=\"350\" \/>\n\t<meta property=\"og:image:type\" content=\"image\/jpeg\" \/>\n<meta name=\"twitter:card\" content=\"summary_large_image\" \/>\n<meta name=\"twitter:site\" content=\"@Sumyteck\" \/>\n<meta name=\"twitter:label1\" content=\"Tiempo de lectura\" \/>\n\t<meta name=\"twitter:data1\" content=\"2 minutos\" \/>\n<script type=\"application\/ld+json\" class=\"yoast-schema-graph\">{\"@context\":\"https:\\\/\\\/schema.org\",\"@graph\":[{\"@type\":\"WebPage\",\"@id\":\"https:\\\/\\\/gruposumyteck.com\\\/?product=rejilla-tipo-louver\",\"url\":\"https:\\\/\\\/gruposumyteck.com\\\/?product=rejilla-tipo-louver\",\"name\":\"Rejilla tipo Louver - Grupo Sumyteck SAS\",\"isPartOf\":{\"@id\":\"https:\\\/\\\/gruposumyteck.com\\\/#website\"},\"primaryImageOfPage\":{\"@id\":\"https:\\\/\\\/gruposumyteck.com\\\/?product=rejilla-tipo-louver#primaryimage\"},\"image\":{\"@id\":\"https:\\\/\\\/gruposumyteck.com\\\/?product=rejilla-tipo-louver#primaryimage\"},\"thumbnailUrl\":\"https:\\\/\\\/gruposumyteck.com\\\/wp-content\\\/uploads\\\/2021\\\/07\\\/Tienda_rejillas_tipo_louver.jpg\",\"datePublished\":\"2021-07-25T16:58:41+00:00\",\"dateModified\":\"2025-04-29T20:39:04+00:00\",\"description\":\"Rejilla utilizadas en paredes exteriores para mantener una ventilaci\u00f3n adecuada en un \u00e1rea determinada. Protege el paso del agua y bloquea la visibilidad al interior.\",\"breadcrumb\":{\"@id\":\"https:\\\/\\\/gruposumyteck.com\\\/?product=rejilla-tipo-louver#breadcrumb\"},\"inLanguage\":\"es\",\"potentialAction\":[{\"@type\":\"ReadAction\",\"target\":[\"https:\\\/\\\/gruposumyteck.com\\\/?product=rejilla-tipo-louver\"]}]},{\"@type\":\"ImageObject\",\"inLanguage\":\"es\",\"@id\":\"https:\\\/\\\/gruposumyteck.com\\\/?product=rejilla-tipo-louver#primaryimage\",\"url\":\"https:\\\/\\\/gruposumyteck.com\\\/wp-content\\\/uploads\\\/2021\\\/07\\\/Tienda_rejillas_tipo_louver.jpg\",\"contentUrl\":\"https:\\\/\\\/gruposumyteck.com\\\/wp-content\\\/uploads\\\/2021\\\/07\\\/Tienda_rejillas_tipo_louver.jpg\",\"width\":300,\"height\":350,\"caption\":\"Rejilla tipo Louver\"},{\"@type\":\"BreadcrumbList\",\"@id\":\"https:\\\/\\\/gruposumyteck.com\\\/?product=rejilla-tipo-louver#breadcrumb\",\"itemListElement\":[{\"@type\":\"ListItem\",\"position\":1,\"name\":\"Inicio\",\"item\":\"https:\\\/\\\/gruposumyteck.com\\\/\"},{\"@type\":\"ListItem\",\"position\":2,\"name\":\"Productos\",\"item\":\"https:\\\/\\\/gruposumyteck.com\\\/?post_type=product\"},{\"@type\":\"ListItem\",\"position\":3,\"name\":\"Rejilla tipo Louver\"}]},{\"@type\":\"WebSite\",\"@id\":\"https:\\\/\\\/gruposumyteck.com\\\/#website\",\"url\":\"https:\\\/\\\/gruposumyteck.com\\\/\",\"name\":\"Grupo Sumyteck SAS\",\"description\":\"La mejor selecci\u00f3n de productos para ventilaci\u00f3n: extractores de aire, ventiladores industriales, ductos, compuertas, rejillas, filtros y controladores\",\"publisher\":{\"@id\":\"https:\\\/\\\/gruposumyteck.com\\\/#organization\"},\"alternateName\":\"gruposumyteck.com\",\"potentialAction\":[{\"@type\":\"SearchAction\",\"target\":{\"@type\":\"EntryPoint\",\"urlTemplate\":\"https:\\\/\\\/gruposumyteck.com\\\/?s={search_term_string}\"},\"query-input\":{\"@type\":\"PropertyValueSpecification\",\"valueRequired\":true,\"valueName\":\"search_term_string\"}}],\"inLanguage\":\"es\"},{\"@type\":\"Organization\",\"@id\":\"https:\\\/\\\/gruposumyteck.com\\\/#organization\",\"name\":\"Grupo Sumyteck SAS\",\"alternateName\":\"gruposumyteck.com\",\"url\":\"https:\\\/\\\/gruposumyteck.com\\\/\",\"logo\":{\"@type\":\"ImageObject\",\"inLanguage\":\"es\",\"@id\":\"https:\\\/\\\/gruposumyteck.com\\\/#\\\/schema\\\/logo\\\/image\\\/\",\"url\":\"https:\\\/\\\/gruposumyteck.com\\\/wp-content\\\/uploads\\\/2024\\\/03\\\/Favicon.png\",\"contentUrl\":\"https:\\\/\\\/gruposumyteck.com\\\/wp-content\\\/uploads\\\/2024\\\/03\\\/Favicon.png\",\"width\":384,\"height\":384,\"caption\":\"Grupo Sumyteck SAS\"},\"image\":{\"@id\":\"https:\\\/\\\/gruposumyteck.com\\\/#\\\/schema\\\/logo\\\/image\\\/\"},\"sameAs\":[\"https:\\\/\\\/es-la.facebook.com\\\/SumyteckSAS\\\/\",\"https:\\\/\\\/x.com\\\/Sumyteck\",\"https:\\\/\\\/www.youtube.com\\\/channel\\\/UCoHQzJTzEsi317O4N3k9Zbw\",\"https:\\\/\\\/www.instagram.com\\\/gruposumyteck\\\/\"]}]}<\/script>\n<!-- \/ Yoast SEO plugin. -->","yoast_head_json":{"title":"Rejilla tipo Louver - Grupo Sumyteck SAS","description":"Rejilla utilizadas en paredes exteriores para mantener una ventilaci\u00f3n adecuada en un \u00e1rea determinada. Protege el paso del agua y bloquea la visibilidad al interior.","robots":{"index":"index","follow":"follow","max-snippet":"max-snippet:-1","max-image-preview":"max-image-preview:large","max-video-preview":"max-video-preview:-1"},"canonical":"https:\/\/gruposumyteck.com\/?product=rejilla-tipo-louver","og_locale":"es_ES","og_type":"article","og_title":"Rejilla tipo Louver - Grupo Sumyteck SAS","og_description":"Rejilla utilizadas en paredes exteriores para mantener una ventilaci\u00f3n adecuada en un \u00e1rea determinada. Protege el paso del agua y bloquea la visibilidad al interior.","og_url":"https:\/\/gruposumyteck.com\/?product=rejilla-tipo-louver","og_site_name":"Grupo Sumyteck SAS","article_publisher":"https:\/\/es-la.facebook.com\/SumyteckSAS\/","article_modified_time":"2025-04-29T20:39:04+00:00","og_image":[{"width":300,"height":350,"url":"https:\/\/gruposumyteck.com\/wp-content\/uploads\/2021\/07\/Tienda_rejillas_tipo_louver.jpg","type":"image\/jpeg"}],"twitter_card":"summary_large_image","twitter_site":"@Sumyteck","twitter_misc":{"Tiempo de lectura":"2 minutos"},"schema":{"@context":"https:\/\/schema.org","@graph":[{"@type":"WebPage","@id":"https:\/\/gruposumyteck.com\/?product=rejilla-tipo-louver","url":"https:\/\/gruposumyteck.com\/?product=rejilla-tipo-louver","name":"Rejilla tipo Louver - Grupo Sumyteck SAS","isPartOf":{"@id":"https:\/\/gruposumyteck.com\/#website"},"primaryImageOfPage":{"@id":"https:\/\/gruposumyteck.com\/?product=rejilla-tipo-louver#primaryimage"},"image":{"@id":"https:\/\/gruposumyteck.com\/?product=rejilla-tipo-louver#primaryimage"},"thumbnailUrl":"https:\/\/gruposumyteck.com\/wp-content\/uploads\/2021\/07\/Tienda_rejillas_tipo_louver.jpg","datePublished":"2021-07-25T16:58:41+00:00","dateModified":"2025-04-29T20:39:04+00:00","description":"Rejilla utilizadas en paredes exteriores para mantener una ventilaci\u00f3n adecuada en un \u00e1rea determinada. Protege el paso del agua y bloquea la visibilidad al interior.","breadcrumb":{"@id":"https:\/\/gruposumyteck.com\/?product=rejilla-tipo-louver#breadcrumb"},"inLanguage":"es","potentialAction":[{"@type":"ReadAction","target":["https:\/\/gruposumyteck.com\/?product=rejilla-tipo-louver"]}]},{"@type":"ImageObject","inLanguage":"es","@id":"https:\/\/gruposumyteck.com\/?product=rejilla-tipo-louver#primaryimage","url":"https:\/\/gruposumyteck.com\/wp-content\/uploads\/2021\/07\/Tienda_rejillas_tipo_louver.jpg","contentUrl":"https:\/\/gruposumyteck.com\/wp-content\/uploads\/2021\/07\/Tienda_rejillas_tipo_louver.jpg","width":300,"height":350,"caption":"Rejilla tipo Louver"},{"@type":"BreadcrumbList","@id":"https:\/\/gruposumyteck.com\/?product=rejilla-tipo-louver#breadcrumb","itemListElement":[{"@type":"ListItem","position":1,"name":"Inicio","item":"https:\/\/gruposumyteck.com\/"},{"@type":"ListItem","position":2,"name":"Productos","item":"https:\/\/gruposumyteck.com\/?post_type=product"},{"@type":"ListItem","position":3,"name":"Rejilla tipo Louver"}]},{"@type":"WebSite","@id":"https:\/\/gruposumyteck.com\/#website","url":"https:\/\/gruposumyteck.com\/","name":"Grupo Sumyteck SAS","description":"La mejor selecci\u00f3n de productos para ventilaci\u00f3n: extractores de aire, ventiladores industriales, ductos, compuertas, rejillas, filtros y controladores","publisher":{"@id":"https:\/\/gruposumyteck.com\/#organization"},"alternateName":"gruposumyteck.com","potentialAction":[{"@type":"SearchAction","target":{"@type":"EntryPoint","urlTemplate":"https:\/\/gruposumyteck.com\/?s={search_term_string}"},"query-input":{"@type":"PropertyValueSpecification","valueRequired":true,"valueName":"search_term_string"}}],"inLanguage":"es"},{"@type":"Organization","@id":"https:\/\/gruposumyteck.com\/#organization","name":"Grupo Sumyteck SAS","alternateName":"gruposumyteck.com","url":"https:\/\/gruposumyteck.com\/","logo":{"@type":"ImageObject","inLanguage":"es","@id":"https:\/\/gruposumyteck.com\/#\/schema\/logo\/image\/","url":"https:\/\/gruposumyteck.com\/wp-content\/uploads\/2024\/03\/Favicon.png","contentUrl":"https:\/\/gruposumyteck.com\/wp-content\/uploads\/2024\/03\/Favicon.png","width":384,"height":384,"caption":"Grupo Sumyteck SAS"},"image":{"@id":"https:\/\/gruposumyteck.com\/#\/schema\/logo\/image\/"},"sameAs":["https:\/\/es-la.facebook.com\/SumyteckSAS\/","https:\/\/x.com\/Sumyteck","https:\/\/www.youtube.com\/channel\/UCoHQzJTzEsi317O4N3k9Zbw","https:\/\/www.instagram.com\/gruposumyteck\/"]}]}},"_links":{"self":[{"href":"https:\/\/gruposumyteck.com\/index.php?rest_route=\/wp\/v2\/product\/3903","targetHints":{"allow":["GET"]}}],"collection":[{"href":"https:\/\/gruposumyteck.com\/index.php?rest_route=\/wp\/v2\/product"}],"about":[{"href":"https:\/\/gruposumyteck.com\/index.php?rest_route=\/wp\/v2\/types\/product"}],"wp:featuredmedia":[{"embeddable":true,"href":"https:\/\/gruposumyteck.com\/index.php?rest_route=\/wp\/v2\/media\/7211"}],"wp:attachment":[{"href":"https:\/\/gruposumyteck.com\/index.php?rest_route=%2Fwp%2Fv2%2Fmedia&parent=3903"}],"wp:term":[{"taxonomy":"product_brand","embeddable":true,"href":"https:\/\/gruposumyteck.com\/index.php?rest_route=%2Fwp%2Fv2%2Fproduct_brand&post=3903"},{"taxonomy":"product_cat","embeddable":true,"href":"https:\/\/gruposumyteck.com\/index.php?rest_route=%2Fwp%2Fv2%2Fproduct_cat&post=3903"},{"taxonomy":"product_tag","embeddable":true,"href":"https:\/\/gruposumyteck.com\/index.php?rest_route=%2Fwp%2Fv2%2Fproduct_tag&post=3903"}],"curies":[{"name":"wp","href":"https:\/\/api.w.org\/{rel}","templated":true}]}}