{"id":3892,"date":"2021-07-24T13:24:52","date_gmt":"2021-07-24T18:24:52","guid":{"rendered":"https:\/\/sumyteck.com\/?post_type=product&#038;p=3892"},"modified":"2025-04-29T15:49:38","modified_gmt":"2025-04-29T20:49:38","slug":"difusor-aleta-curva-o-aleta-movil","status":"publish","type":"product","link":"https:\/\/gruposumyteck.com\/?product=difusor-aleta-curva-o-aleta-movil","title":{"rendered":"Difusor Aleta Curva o Aleta M\u00f3vil"},"content":{"rendered":"<p>El <strong data-start=\"165\" data-end=\"191\">Difusor de Aleta Curva<\/strong> es un elemento dise\u00f1ado para sistemas de <strong data-start=\"233\" data-end=\"282\">aire acondicionado, ventilaci\u00f3n o calefacci\u00f3n<\/strong>, que permite una <strong data-start=\"300\" data-end=\"347\">distribuci\u00f3n controlada y uniforme del aire<\/strong> en el ambiente. Cuenta con <strong data-start=\"375\" data-end=\"400\">aletas curvas m\u00f3viles<\/strong> que pueden orientarse manualmente, facilitando la direcci\u00f3n del flujo de aire en <strong data-start=\"482\" data-end=\"499\">2, 3 o 4 v\u00edas<\/strong>, adapt\u00e1ndose a las necesidades espec\u00edficas de cada espacio.<\/p>\n<h3 class=\"\" data-start=\"566\" data-end=\"602\">\ud83d\udd27 <strong data-start=\"573\" data-end=\"602\">Caracter\u00edsticas T\u00e9cnicas:<\/strong><\/h3>\n<ul data-start=\"603\" data-end=\"1310\">\n<li class=\"\" data-start=\"603\" data-end=\"652\">\n<p class=\"\" data-start=\"605\" data-end=\"652\"><strong data-start=\"605\" data-end=\"614\">Tipo:<\/strong> Difusor de descarga multidireccional.<\/p>\n<\/li>\n<li class=\"\" data-start=\"653\" data-end=\"729\">\n<p class=\"\" data-start=\"655\" data-end=\"729\"><strong data-start=\"655\" data-end=\"666\">Aletas:<\/strong> Curvas, m\u00f3viles y ajustables, fabricadas en aluminio extruido.<\/p>\n<\/li>\n<li class=\"\" data-start=\"730\" data-end=\"790\">\n<p class=\"\" data-start=\"732\" data-end=\"790\"><strong data-start=\"732\" data-end=\"755\">Direcci\u00f3n del aire:<\/strong> Regulable en 2, 3 o 4 direcciones.<\/p>\n<\/li>\n<li class=\"\" data-start=\"791\" data-end=\"905\">\n<p class=\"\" data-start=\"793\" data-end=\"808\"><strong data-start=\"793\" data-end=\"806\">Material:<\/strong><\/p>\n<ul data-start=\"811\" data-end=\"905\">\n<li class=\"\" data-start=\"811\" data-end=\"871\">\n<p class=\"\" data-start=\"813\" data-end=\"871\">Marco y aletas en aluminio extruido de alta resistencia.<\/p>\n<\/li>\n<li class=\"\" data-start=\"874\" data-end=\"905\">\n<p class=\"\" data-start=\"876\" data-end=\"905\">Opcional: l\u00e1mina galvanizada.<\/p>\n<\/li>\n<\/ul>\n<\/li>\n<li class=\"\" data-start=\"906\" data-end=\"1000\">\n<p class=\"\" data-start=\"908\" data-end=\"922\"><strong data-start=\"908\" data-end=\"920\">Medidas:<\/strong><\/p>\n<ul data-start=\"925\" data-end=\"1000\">\n<li class=\"\" data-start=\"925\" data-end=\"965\">\n<p class=\"\" data-start=\"927\" data-end=\"965\">Varias medidas disponibles.<\/p>\n<\/li>\n<li class=\"\" data-start=\"968\" data-end=\"1000\">\n<p class=\"\" data-start=\"970\" data-end=\"1000\">Fabricaci\u00f3n especial a medida.<\/p>\n<\/li>\n<\/ul>\n<\/li>\n<li class=\"\" data-start=\"1001\" data-end=\"1145\">\n<p class=\"\" data-start=\"1003\" data-end=\"1018\"><strong data-start=\"1003\" data-end=\"1016\">Acabados:<\/strong><\/p>\n<ul data-start=\"1021\" data-end=\"1145\">\n<li class=\"\" data-start=\"1021\" data-end=\"1083\">\n<p class=\"\" data-start=\"1023\" data-end=\"1083\">Pintura electrost\u00e1tica en color blanco o aluminio natural.<\/p>\n<\/li>\n<li class=\"\" data-start=\"1086\" data-end=\"1145\">\n<p class=\"\" data-start=\"1088\" data-end=\"1145\">Opci\u00f3n de otros colores bajo c\u00f3digo RAL o muestra f\u00edsica.<\/p>\n<\/li>\n<\/ul>\n<\/li>\n<li class=\"\" data-start=\"1146\" data-end=\"1220\">\n<p class=\"\" data-start=\"1148\" data-end=\"1220\"><strong data-start=\"1148\" data-end=\"1169\">Elemento central:<\/strong> Removible para facilitar limpieza y mantenimiento.<\/p>\n<\/li>\n<li class=\"\" data-start=\"1221\" data-end=\"1310\">\n<p class=\"\" data-start=\"1223\" data-end=\"1310\"><strong data-start=\"1223\" data-end=\"1243\">Plenum met\u00e1lico:<\/strong> Opcional, con cuello de conexi\u00f3n circular en diferentes di\u00e1metros.<\/p>\n<\/li>\n<\/ul>\n<hr class=\"\" data-start=\"1312\" data-end=\"1315\" \/>\n<h3 class=\"\" data-start=\"1317\" data-end=\"1336\">\u2705 <strong data-start=\"1323\" data-end=\"1336\">Ventajas:<\/strong><\/h3>\n<ul data-start=\"1337\" data-end=\"1730\">\n<li class=\"\" data-start=\"1337\" data-end=\"1433\">\n<p class=\"\" data-start=\"1339\" data-end=\"1433\"><strong data-start=\"1339\" data-end=\"1386\">Distribuci\u00f3n uniforme y controlada del aire<\/strong>, mejorando el confort t\u00e9rmico en los espacios.<\/p>\n<\/li>\n<li class=\"\" data-start=\"1434\" data-end=\"1518\">\n<p class=\"\" data-start=\"1436\" data-end=\"1518\"><strong data-start=\"1436\" data-end=\"1478\">Versatilidad en la direcci\u00f3n del flujo<\/strong> gracias a sus aletas curvas ajustables.<\/p>\n<\/li>\n<li class=\"\" data-start=\"1519\" data-end=\"1603\">\n<p class=\"\" data-start=\"1521\" data-end=\"1603\"><strong data-start=\"1521\" data-end=\"1553\">Est\u00e9tica moderna y funcional<\/strong>, ideal para todo tipo de cielorrasos y ambientes.<\/p>\n<\/li>\n<li class=\"\" data-start=\"1604\" data-end=\"1679\">\n<p class=\"\" data-start=\"1606\" data-end=\"1679\"><strong data-start=\"1606\" data-end=\"1640\">Alta resistencia y durabilidad<\/strong>, gracias a su fabricaci\u00f3n en aluminio.<\/p>\n<\/li>\n<li class=\"\" data-start=\"1680\" data-end=\"1730\">\n<p class=\"\" data-start=\"1682\" data-end=\"1730\"><strong data-start=\"1682\" data-end=\"1730\">F\u00e1cil instalaci\u00f3n, mantenimiento y limpieza.<\/strong><\/p>\n<\/li>\n<\/ul>\n","protected":false},"excerpt":{"rendered":"<p>El <strong data-start=\"165\" data-end=\"191\">Difusor de Aleta Curva<\/strong> es un elemento dise\u00f1ado para sistemas de <strong data-start=\"233\" data-end=\"282\">aire acondicionado, ventilaci\u00f3n o calefacci\u00f3n<\/strong>, que permite una <strong data-start=\"300\" data-end=\"347\">distribuci\u00f3n controlada y uniforme del aire<\/strong> en el ambiente. Cuenta con <strong data-start=\"375\" data-end=\"400\">aletas curvas m\u00f3viles<\/strong> que pueden orientarse manualmente, facilitando la direcci\u00f3n del flujo de aire en <strong data-start=\"482\" data-end=\"499\">2, 3 o 4 v\u00edas<\/strong>, adapt\u00e1ndose a las necesidades espec\u00edficas de cada espacio.<\/p>\n<p>&nbsp;<\/p>\n","protected":false},"featured_media":7215,"template":"","meta":{"_et_pb_use_builder":"","_et_pb_old_content":"","_et_gb_content_width":""},"product_brand":[31],"product_cat":[60],"product_tag":[69,119,62,67,61,68,65,70,63,66,64],"class_list":{"0":"post-3892","1":"product","2":"type-product","3":"status-publish","4":"has-post-thumbnail","6":"product_brand-grupo-sumyteck","7":"product_cat-rejillas-y-difusores","8":"product_tag-climatizacion-de-espacios","9":"product_tag-difusor-aleta-curva","10":"product_tag-difusor-cuadrado","11":"product_tag-difusor-de-4-vias","12":"product_tag-difusor-de-aire","13":"product_tag-difusor-metalico","14":"product_tag-difusor-para-techo","15":"product_tag-distribucion-de-aire","16":"product_tag-rejilla-difusora","17":"product_tag-sistema-de-aire-acondicionado","18":"product_tag-ventilacion-de-aire","20":"first","21":"instock","22":"taxable","23":"shipping-taxable","24":"product-type-simple"},"yoast_head":"<!-- This site is optimized with the Yoast SEO plugin v27.5 - https:\/\/yoast.com\/product\/yoast-seo-wordpress\/ -->\n<title>Difusor Aleta Curva o Aleta M\u00f3vil - Grupo Sumyteck SAS<\/title>\n<meta name=\"robots\" content=\"index, follow, max-snippet:-1, max-image-preview:large, max-video-preview:-1\" \/>\n<link rel=\"canonical\" href=\"https:\/\/gruposumyteck.com\/?product=difusor-aleta-curva-o-aleta-movil\" \/>\n<meta property=\"og:locale\" content=\"es_ES\" \/>\n<meta property=\"og:type\" content=\"article\" \/>\n<meta property=\"og:title\" content=\"Difusor Aleta Curva o Aleta M\u00f3vil - Grupo Sumyteck SAS\" \/>\n<meta property=\"og:description\" content=\"El Difusor de Aleta Curva es un elemento dise\u00f1ado para sistemas de aire acondicionado, ventilaci\u00f3n o calefacci\u00f3n, que permite una distribuci\u00f3n controlada y uniforme del aire en el ambiente. Cuenta con aletas curvas m\u00f3viles que pueden orientarse manualmente, facilitando la direcci\u00f3n del flujo de aire en 2, 3 o 4 v\u00edas, adapt\u00e1ndose a las necesidades espec\u00edficas de cada espacio.  &nbsp;\" \/>\n<meta property=\"og:url\" content=\"https:\/\/gruposumyteck.com\/?product=difusor-aleta-curva-o-aleta-movil\" \/>\n<meta property=\"og:site_name\" content=\"Grupo Sumyteck SAS\" \/>\n<meta property=\"article:publisher\" content=\"https:\/\/es-la.facebook.com\/SumyteckSAS\/\" \/>\n<meta property=\"article:modified_time\" content=\"2025-04-29T20:49:38+00:00\" \/>\n<meta property=\"og:image\" content=\"https:\/\/gruposumyteck.com\/wp-content\/uploads\/2021\/07\/Tienda_rejilla_difusor_aleta_curva.jpg\" \/>\n\t<meta property=\"og:image:width\" content=\"300\" \/>\n\t<meta property=\"og:image:height\" content=\"350\" \/>\n\t<meta property=\"og:image:type\" content=\"image\/jpeg\" \/>\n<meta name=\"twitter:card\" content=\"summary_large_image\" \/>\n<meta name=\"twitter:site\" content=\"@Sumyteck\" \/>\n<meta name=\"twitter:label1\" content=\"Tiempo de lectura\" \/>\n\t<meta name=\"twitter:data1\" content=\"2 minutos\" \/>\n<script type=\"application\/ld+json\" class=\"yoast-schema-graph\">{\"@context\":\"https:\\\/\\\/schema.org\",\"@graph\":[{\"@type\":\"WebPage\",\"@id\":\"https:\\\/\\\/gruposumyteck.com\\\/?product=difusor-aleta-curva-o-aleta-movil\",\"url\":\"https:\\\/\\\/gruposumyteck.com\\\/?product=difusor-aleta-curva-o-aleta-movil\",\"name\":\"Difusor Aleta Curva o Aleta M\u00f3vil - Grupo Sumyteck SAS\",\"isPartOf\":{\"@id\":\"https:\\\/\\\/gruposumyteck.com\\\/#website\"},\"primaryImageOfPage\":{\"@id\":\"https:\\\/\\\/gruposumyteck.com\\\/?product=difusor-aleta-curva-o-aleta-movil#primaryimage\"},\"image\":{\"@id\":\"https:\\\/\\\/gruposumyteck.com\\\/?product=difusor-aleta-curva-o-aleta-movil#primaryimage\"},\"thumbnailUrl\":\"https:\\\/\\\/gruposumyteck.com\\\/wp-content\\\/uploads\\\/2021\\\/07\\\/Tienda_rejilla_difusor_aleta_curva.jpg\",\"datePublished\":\"2021-07-24T18:24:52+00:00\",\"dateModified\":\"2025-04-29T20:49:38+00:00\",\"breadcrumb\":{\"@id\":\"https:\\\/\\\/gruposumyteck.com\\\/?product=difusor-aleta-curva-o-aleta-movil#breadcrumb\"},\"inLanguage\":\"es\",\"potentialAction\":[{\"@type\":\"ReadAction\",\"target\":[\"https:\\\/\\\/gruposumyteck.com\\\/?product=difusor-aleta-curva-o-aleta-movil\"]}]},{\"@type\":\"ImageObject\",\"inLanguage\":\"es\",\"@id\":\"https:\\\/\\\/gruposumyteck.com\\\/?product=difusor-aleta-curva-o-aleta-movil#primaryimage\",\"url\":\"https:\\\/\\\/gruposumyteck.com\\\/wp-content\\\/uploads\\\/2021\\\/07\\\/Tienda_rejilla_difusor_aleta_curva.jpg\",\"contentUrl\":\"https:\\\/\\\/gruposumyteck.com\\\/wp-content\\\/uploads\\\/2021\\\/07\\\/Tienda_rejilla_difusor_aleta_curva.jpg\",\"width\":300,\"height\":350,\"caption\":\"Difusor aleta curva\"},{\"@type\":\"BreadcrumbList\",\"@id\":\"https:\\\/\\\/gruposumyteck.com\\\/?product=difusor-aleta-curva-o-aleta-movil#breadcrumb\",\"itemListElement\":[{\"@type\":\"ListItem\",\"position\":1,\"name\":\"Inicio\",\"item\":\"https:\\\/\\\/gruposumyteck.com\\\/\"},{\"@type\":\"ListItem\",\"position\":2,\"name\":\"Productos\",\"item\":\"https:\\\/\\\/gruposumyteck.com\\\/?post_type=product\"},{\"@type\":\"ListItem\",\"position\":3,\"name\":\"Difusor Aleta Curva o Aleta M\u00f3vil\"}]},{\"@type\":\"WebSite\",\"@id\":\"https:\\\/\\\/gruposumyteck.com\\\/#website\",\"url\":\"https:\\\/\\\/gruposumyteck.com\\\/\",\"name\":\"Grupo Sumyteck SAS\",\"description\":\"La mejor selecci\u00f3n de productos para ventilaci\u00f3n: extractores de aire, ventiladores industriales, ductos, compuertas, rejillas, filtros y controladores\",\"publisher\":{\"@id\":\"https:\\\/\\\/gruposumyteck.com\\\/#organization\"},\"alternateName\":\"gruposumyteck.com\",\"potentialAction\":[{\"@type\":\"SearchAction\",\"target\":{\"@type\":\"EntryPoint\",\"urlTemplate\":\"https:\\\/\\\/gruposumyteck.com\\\/?s={search_term_string}\"},\"query-input\":{\"@type\":\"PropertyValueSpecification\",\"valueRequired\":true,\"valueName\":\"search_term_string\"}}],\"inLanguage\":\"es\"},{\"@type\":\"Organization\",\"@id\":\"https:\\\/\\\/gruposumyteck.com\\\/#organization\",\"name\":\"Grupo Sumyteck SAS\",\"alternateName\":\"gruposumyteck.com\",\"url\":\"https:\\\/\\\/gruposumyteck.com\\\/\",\"logo\":{\"@type\":\"ImageObject\",\"inLanguage\":\"es\",\"@id\":\"https:\\\/\\\/gruposumyteck.com\\\/#\\\/schema\\\/logo\\\/image\\\/\",\"url\":\"https:\\\/\\\/gruposumyteck.com\\\/wp-content\\\/uploads\\\/2024\\\/03\\\/Favicon.png\",\"contentUrl\":\"https:\\\/\\\/gruposumyteck.com\\\/wp-content\\\/uploads\\\/2024\\\/03\\\/Favicon.png\",\"width\":384,\"height\":384,\"caption\":\"Grupo Sumyteck SAS\"},\"image\":{\"@id\":\"https:\\\/\\\/gruposumyteck.com\\\/#\\\/schema\\\/logo\\\/image\\\/\"},\"sameAs\":[\"https:\\\/\\\/es-la.facebook.com\\\/SumyteckSAS\\\/\",\"https:\\\/\\\/x.com\\\/Sumyteck\",\"https:\\\/\\\/www.youtube.com\\\/channel\\\/UCoHQzJTzEsi317O4N3k9Zbw\",\"https:\\\/\\\/www.instagram.com\\\/gruposumyteck\\\/\"]}]}<\/script>\n<!-- \/ Yoast SEO plugin. -->","yoast_head_json":{"title":"Difusor Aleta Curva o Aleta M\u00f3vil - Grupo Sumyteck SAS","robots":{"index":"index","follow":"follow","max-snippet":"max-snippet:-1","max-image-preview":"max-image-preview:large","max-video-preview":"max-video-preview:-1"},"canonical":"https:\/\/gruposumyteck.com\/?product=difusor-aleta-curva-o-aleta-movil","og_locale":"es_ES","og_type":"article","og_title":"Difusor Aleta Curva o Aleta M\u00f3vil - Grupo Sumyteck SAS","og_description":"El Difusor de Aleta Curva es un elemento dise\u00f1ado para sistemas de aire acondicionado, ventilaci\u00f3n o calefacci\u00f3n, que permite una distribuci\u00f3n controlada y uniforme del aire en el ambiente. Cuenta con aletas curvas m\u00f3viles que pueden orientarse manualmente, facilitando la direcci\u00f3n del flujo de aire en 2, 3 o 4 v\u00edas, adapt\u00e1ndose a las necesidades espec\u00edficas de cada espacio.  &nbsp;","og_url":"https:\/\/gruposumyteck.com\/?product=difusor-aleta-curva-o-aleta-movil","og_site_name":"Grupo Sumyteck SAS","article_publisher":"https:\/\/es-la.facebook.com\/SumyteckSAS\/","article_modified_time":"2025-04-29T20:49:38+00:00","og_image":[{"width":300,"height":350,"url":"https:\/\/gruposumyteck.com\/wp-content\/uploads\/2021\/07\/Tienda_rejilla_difusor_aleta_curva.jpg","type":"image\/jpeg"}],"twitter_card":"summary_large_image","twitter_site":"@Sumyteck","twitter_misc":{"Tiempo de lectura":"2 minutos"},"schema":{"@context":"https:\/\/schema.org","@graph":[{"@type":"WebPage","@id":"https:\/\/gruposumyteck.com\/?product=difusor-aleta-curva-o-aleta-movil","url":"https:\/\/gruposumyteck.com\/?product=difusor-aleta-curva-o-aleta-movil","name":"Difusor Aleta Curva o Aleta M\u00f3vil - Grupo Sumyteck SAS","isPartOf":{"@id":"https:\/\/gruposumyteck.com\/#website"},"primaryImageOfPage":{"@id":"https:\/\/gruposumyteck.com\/?product=difusor-aleta-curva-o-aleta-movil#primaryimage"},"image":{"@id":"https:\/\/gruposumyteck.com\/?product=difusor-aleta-curva-o-aleta-movil#primaryimage"},"thumbnailUrl":"https:\/\/gruposumyteck.com\/wp-content\/uploads\/2021\/07\/Tienda_rejilla_difusor_aleta_curva.jpg","datePublished":"2021-07-24T18:24:52+00:00","dateModified":"2025-04-29T20:49:38+00:00","breadcrumb":{"@id":"https:\/\/gruposumyteck.com\/?product=difusor-aleta-curva-o-aleta-movil#breadcrumb"},"inLanguage":"es","potentialAction":[{"@type":"ReadAction","target":["https:\/\/gruposumyteck.com\/?product=difusor-aleta-curva-o-aleta-movil"]}]},{"@type":"ImageObject","inLanguage":"es","@id":"https:\/\/gruposumyteck.com\/?product=difusor-aleta-curva-o-aleta-movil#primaryimage","url":"https:\/\/gruposumyteck.com\/wp-content\/uploads\/2021\/07\/Tienda_rejilla_difusor_aleta_curva.jpg","contentUrl":"https:\/\/gruposumyteck.com\/wp-content\/uploads\/2021\/07\/Tienda_rejilla_difusor_aleta_curva.jpg","width":300,"height":350,"caption":"Difusor aleta curva"},{"@type":"BreadcrumbList","@id":"https:\/\/gruposumyteck.com\/?product=difusor-aleta-curva-o-aleta-movil#breadcrumb","itemListElement":[{"@type":"ListItem","position":1,"name":"Inicio","item":"https:\/\/gruposumyteck.com\/"},{"@type":"ListItem","position":2,"name":"Productos","item":"https:\/\/gruposumyteck.com\/?post_type=product"},{"@type":"ListItem","position":3,"name":"Difusor Aleta Curva o Aleta M\u00f3vil"}]},{"@type":"WebSite","@id":"https:\/\/gruposumyteck.com\/#website","url":"https:\/\/gruposumyteck.com\/","name":"Grupo Sumyteck SAS","description":"La mejor selecci\u00f3n de productos para ventilaci\u00f3n: extractores de aire, ventiladores industriales, ductos, compuertas, rejillas, filtros y controladores","publisher":{"@id":"https:\/\/gruposumyteck.com\/#organization"},"alternateName":"gruposumyteck.com","potentialAction":[{"@type":"SearchAction","target":{"@type":"EntryPoint","urlTemplate":"https:\/\/gruposumyteck.com\/?s={search_term_string}"},"query-input":{"@type":"PropertyValueSpecification","valueRequired":true,"valueName":"search_term_string"}}],"inLanguage":"es"},{"@type":"Organization","@id":"https:\/\/gruposumyteck.com\/#organization","name":"Grupo Sumyteck SAS","alternateName":"gruposumyteck.com","url":"https:\/\/gruposumyteck.com\/","logo":{"@type":"ImageObject","inLanguage":"es","@id":"https:\/\/gruposumyteck.com\/#\/schema\/logo\/image\/","url":"https:\/\/gruposumyteck.com\/wp-content\/uploads\/2024\/03\/Favicon.png","contentUrl":"https:\/\/gruposumyteck.com\/wp-content\/uploads\/2024\/03\/Favicon.png","width":384,"height":384,"caption":"Grupo Sumyteck SAS"},"image":{"@id":"https:\/\/gruposumyteck.com\/#\/schema\/logo\/image\/"},"sameAs":["https:\/\/es-la.facebook.com\/SumyteckSAS\/","https:\/\/x.com\/Sumyteck","https:\/\/www.youtube.com\/channel\/UCoHQzJTzEsi317O4N3k9Zbw","https:\/\/www.instagram.com\/gruposumyteck\/"]}]}},"_links":{"self":[{"href":"https:\/\/gruposumyteck.com\/index.php?rest_route=\/wp\/v2\/product\/3892","targetHints":{"allow":["GET"]}}],"collection":[{"href":"https:\/\/gruposumyteck.com\/index.php?rest_route=\/wp\/v2\/product"}],"about":[{"href":"https:\/\/gruposumyteck.com\/index.php?rest_route=\/wp\/v2\/types\/product"}],"wp:featuredmedia":[{"embeddable":true,"href":"https:\/\/gruposumyteck.com\/index.php?rest_route=\/wp\/v2\/media\/7215"}],"wp:attachment":[{"href":"https:\/\/gruposumyteck.com\/index.php?rest_route=%2Fwp%2Fv2%2Fmedia&parent=3892"}],"wp:term":[{"taxonomy":"product_brand","embeddable":true,"href":"https:\/\/gruposumyteck.com\/index.php?rest_route=%2Fwp%2Fv2%2Fproduct_brand&post=3892"},{"taxonomy":"product_cat","embeddable":true,"href":"https:\/\/gruposumyteck.com\/index.php?rest_route=%2Fwp%2Fv2%2Fproduct_cat&post=3892"},{"taxonomy":"product_tag","embeddable":true,"href":"https:\/\/gruposumyteck.com\/index.php?rest_route=%2Fwp%2Fv2%2Fproduct_tag&post=3892"}],"curies":[{"name":"wp","href":"https:\/\/api.w.org\/{rel}","templated":true}]}}