{"id":3881,"date":"2021-04-12T15:07:48","date_gmt":"2021-04-12T20:07:48","guid":{"rendered":"https:\/\/sumyteck.com\/?post_type=product&#038;p=3881"},"modified":"2025-04-27T21:30:17","modified_gmt":"2025-04-28T02:30:17","slug":"3881","status":"publish","type":"product","link":"https:\/\/gruposumyteck.com\/?product=3881","title":{"rendered":"Filtro de Carb\u00f3n Activado &#8211; Amair"},"content":{"rendered":"<p>Los filtros AMair\/c\/amair\/C + SAAFO xi y Amair SAAFO xi son m\u00e1s eficaces que otros filtros de control de olores y de corrosi\u00f3n ya que contienen m\u00e1s medios qu\u00edmicos, utilizando la tecnolog\u00eda SAAFWeb de AAF-Flanders. los filtros, Amair\/C+SAAFO xi y Amair\/SAAFO xi contienen el SAAFO\/oxidant de AAF.<\/p>\n<h3>Control de olores con filtraci\u00f3n de part\u00edculas<\/h3>\n<p>Los filtros plisados \u200b\u200bde carbono AmAir \/ CE est\u00e1n dise\u00f1ados para proporcionar control de olores y part\u00edculas donde existen condiciones de olores de ligeros a moderados.\u00a0Se utilizan para la filtraci\u00f3n de aire en general en todo tipo de sistemas de refrigeraci\u00f3n, calefacci\u00f3n y ventilaci\u00f3n.\u00a0Estos filtros plegados tambi\u00e9n son excelentes prefiltros para filtros de mayor eficiencia.<\/p>\n<h3>Control de olores econ\u00f3mico y sencillo<\/h3>\n<p>No se necesitan carcasas costosas ni modificaciones en los conductos, y no hay bandejas desordenadas que rellenar o cambiar.\u00a0Simplemente instale los filtros como lo har\u00eda con los filtros de aire est\u00e1ndar y des\u00e9chelos cuando ya no sean efectivos.<\/p>\n<h3>Filtros plisados<\/h3>\n<p>Los filtros de pliegues de carbono AmAir \/ CE son directamente intercambiables con filtros de aire est\u00e1ndar de 1 \u2033, 2 \u2033 o 4 \u2033.\u00a0Simplemente reemplace sus prefiltros actuales con filtros AmAir \/ CE y disfrute de la eliminaci\u00f3n de olores y la filtraci\u00f3n de part\u00edculas en un solo producto.\u00a0No es necesario realizar modificaciones en sus marcos o pestillos actuales.<\/p>\n<h3>Los medios recolectan part\u00edculas y eliminan los olores<\/h3>\n<p>El medio en los filtros AmAir \/ CE combina fibras de poli\u00e9ster no tejidas con carb\u00f3n activado granular de 60% de actividad.\u00a0El sustrato de poli\u00e9ster filtra las part\u00edculas, mientras que el carb\u00f3n activado filtra los contaminantes gaseosos y olorosos.<\/p>\n<a href='https:\/\/gruposumyteck.com\/files\/AAF_AmAir_CE_GPF-1-124C.pdf' class='small-button smallblack' target=\"_blank\">Ver Ficha T\u00e9cnica<\/a>\n","protected":false},"excerpt":{"rendered":"<p>Los filtros AMair\/c\/amair\/C + SAAFO xi y Amair SAAFO xi son m\u00e1s eficaces que otros filtros de control de olores y de corrosi\u00f3n ya que contienen m\u00e1s medios qu\u00edmicos, utilizando la tecnolog\u00eda SAAFWeb de AAF-Flanders. los filtros, Amair\/C+SAAFO xi y Amair\/SAAFO xi contienen el SAAFO\/oxidant de AAF.<\/p>\n<a href='https:\/\/gruposumyteck.com\/files\/AAF_AmAir_CE_GPF-1-124C.pdf' class='small-button smallblack' target=\"_blank\">Ver Ficha T\u00e9cnica<\/a>\n","protected":false},"featured_media":7189,"template":"","meta":{"_et_pb_use_builder":"","_et_pb_old_content":"","_et_gb_content_width":""},"product_brand":[134],"product_cat":[121],"product_tag":[132,125,133,131,127,122,130,129,124,128,123,126],"class_list":{"0":"post-3881","1":"product","2":"type-product","3":"status-publish","4":"has-post-thumbnail","6":"product_brand-american-air-filter","7":"product_cat-filtros-de-aire","8":"product_tag-filtro-aaf","9":"product_tag-filtro-aire-acondicionado","10":"product_tag-filtro-amair","11":"product_tag-filtro-carbon-activado-para-hvac","12":"product_tag-filtro-control-de-gases","13":"product_tag-filtro-de-aire-carbon-activado","14":"product_tag-filtro-de-aire-ecologico","15":"product_tag-filtro-descontaminante","16":"product_tag-filtro-eliminacion-de-olores","17":"product_tag-filtro-para-cabinas-de-pintura","18":"product_tag-filtro-purificador-de-aire","19":"product_tag-filtro-ventilacion-industrial","21":"first","22":"instock","23":"taxable","24":"shipping-taxable","25":"product-type-simple"},"yoast_head":"<!-- This site is optimized with the Yoast SEO plugin v27.5 - https:\/\/yoast.com\/product\/yoast-seo-wordpress\/ -->\n<title>Filtro de Carb\u00f3n Activado - Amair - Grupo Sumyteck SAS<\/title>\n<meta name=\"description\" content=\"Los filtros AMair\/c\/amair\/C + SAAFO xi y Amair SAAFO xi son m\u00e1s eficaces que otros filtros de control de olores y de corrosi\u00f3n.\" \/>\n<meta name=\"robots\" content=\"index, follow, max-snippet:-1, max-image-preview:large, max-video-preview:-1\" \/>\n<link rel=\"canonical\" href=\"https:\/\/gruposumyteck.com\/?product=3881\" \/>\n<meta property=\"og:locale\" content=\"es_ES\" \/>\n<meta property=\"og:type\" content=\"article\" \/>\n<meta property=\"og:title\" content=\"Filtro de Carb\u00f3n Activado - Amair - Grupo Sumyteck SAS\" \/>\n<meta property=\"og:description\" content=\"Los filtros AMair\/c\/amair\/C + SAAFO xi y Amair SAAFO xi son m\u00e1s eficaces que otros filtros de control de olores y de corrosi\u00f3n.\" \/>\n<meta property=\"og:url\" content=\"https:\/\/gruposumyteck.com\/?product=3881\" \/>\n<meta property=\"og:site_name\" content=\"Grupo Sumyteck SAS\" \/>\n<meta property=\"article:publisher\" content=\"https:\/\/es-la.facebook.com\/SumyteckSAS\/\" \/>\n<meta property=\"article:modified_time\" content=\"2025-04-28T02:30:17+00:00\" \/>\n<meta property=\"og:image\" content=\"https:\/\/gruposumyteck.com\/wp-content\/uploads\/2021\/04\/Tienda_filtro_carbon_activado.jpg\" \/>\n\t<meta property=\"og:image:width\" content=\"300\" \/>\n\t<meta property=\"og:image:height\" content=\"350\" \/>\n\t<meta property=\"og:image:type\" content=\"image\/jpeg\" \/>\n<meta name=\"twitter:card\" content=\"summary_large_image\" \/>\n<meta name=\"twitter:site\" content=\"@Sumyteck\" \/>\n<meta name=\"twitter:label1\" content=\"Tiempo de lectura\" \/>\n\t<meta name=\"twitter:data1\" content=\"2 minutos\" \/>\n<script type=\"application\/ld+json\" class=\"yoast-schema-graph\">{\"@context\":\"https:\\\/\\\/schema.org\",\"@graph\":[{\"@type\":\"WebPage\",\"@id\":\"https:\\\/\\\/gruposumyteck.com\\\/?product=3881\",\"url\":\"https:\\\/\\\/gruposumyteck.com\\\/?product=3881\",\"name\":\"Filtro de Carb\u00f3n Activado - Amair - Grupo Sumyteck SAS\",\"isPartOf\":{\"@id\":\"https:\\\/\\\/gruposumyteck.com\\\/#website\"},\"primaryImageOfPage\":{\"@id\":\"https:\\\/\\\/gruposumyteck.com\\\/?product=3881#primaryimage\"},\"image\":{\"@id\":\"https:\\\/\\\/gruposumyteck.com\\\/?product=3881#primaryimage\"},\"thumbnailUrl\":\"https:\\\/\\\/gruposumyteck.com\\\/wp-content\\\/uploads\\\/2021\\\/04\\\/Tienda_filtro_carbon_activado.jpg\",\"datePublished\":\"2021-04-12T20:07:48+00:00\",\"dateModified\":\"2025-04-28T02:30:17+00:00\",\"description\":\"Los filtros AMair\\\/c\\\/amair\\\/C + SAAFO xi y Amair SAAFO xi son m\u00e1s eficaces que otros filtros de control de olores y de corrosi\u00f3n.\",\"breadcrumb\":{\"@id\":\"https:\\\/\\\/gruposumyteck.com\\\/?product=3881#breadcrumb\"},\"inLanguage\":\"es\",\"potentialAction\":[{\"@type\":\"ReadAction\",\"target\":[\"https:\\\/\\\/gruposumyteck.com\\\/?product=3881\"]}]},{\"@type\":\"ImageObject\",\"inLanguage\":\"es\",\"@id\":\"https:\\\/\\\/gruposumyteck.com\\\/?product=3881#primaryimage\",\"url\":\"https:\\\/\\\/gruposumyteck.com\\\/wp-content\\\/uploads\\\/2021\\\/04\\\/Tienda_filtro_carbon_activado.jpg\",\"contentUrl\":\"https:\\\/\\\/gruposumyteck.com\\\/wp-content\\\/uploads\\\/2021\\\/04\\\/Tienda_filtro_carbon_activado.jpg\",\"width\":300,\"height\":350,\"caption\":\"Filtro de Carb\u00f3n Activado - Amair\"},{\"@type\":\"BreadcrumbList\",\"@id\":\"https:\\\/\\\/gruposumyteck.com\\\/?product=3881#breadcrumb\",\"itemListElement\":[{\"@type\":\"ListItem\",\"position\":1,\"name\":\"Inicio\",\"item\":\"https:\\\/\\\/gruposumyteck.com\\\/\"},{\"@type\":\"ListItem\",\"position\":2,\"name\":\"Productos\",\"item\":\"https:\\\/\\\/gruposumyteck.com\\\/?post_type=product\"},{\"@type\":\"ListItem\",\"position\":3,\"name\":\"Filtro de Carb\u00f3n Activado &#8211; Amair\"}]},{\"@type\":\"WebSite\",\"@id\":\"https:\\\/\\\/gruposumyteck.com\\\/#website\",\"url\":\"https:\\\/\\\/gruposumyteck.com\\\/\",\"name\":\"Grupo Sumyteck SAS\",\"description\":\"La mejor selecci\u00f3n de productos para ventilaci\u00f3n: extractores de aire, ventiladores industriales, ductos, compuertas, rejillas, filtros y controladores\",\"publisher\":{\"@id\":\"https:\\\/\\\/gruposumyteck.com\\\/#organization\"},\"alternateName\":\"gruposumyteck.com\",\"potentialAction\":[{\"@type\":\"SearchAction\",\"target\":{\"@type\":\"EntryPoint\",\"urlTemplate\":\"https:\\\/\\\/gruposumyteck.com\\\/?s={search_term_string}\"},\"query-input\":{\"@type\":\"PropertyValueSpecification\",\"valueRequired\":true,\"valueName\":\"search_term_string\"}}],\"inLanguage\":\"es\"},{\"@type\":\"Organization\",\"@id\":\"https:\\\/\\\/gruposumyteck.com\\\/#organization\",\"name\":\"Grupo Sumyteck SAS\",\"alternateName\":\"gruposumyteck.com\",\"url\":\"https:\\\/\\\/gruposumyteck.com\\\/\",\"logo\":{\"@type\":\"ImageObject\",\"inLanguage\":\"es\",\"@id\":\"https:\\\/\\\/gruposumyteck.com\\\/#\\\/schema\\\/logo\\\/image\\\/\",\"url\":\"https:\\\/\\\/gruposumyteck.com\\\/wp-content\\\/uploads\\\/2024\\\/03\\\/Favicon.png\",\"contentUrl\":\"https:\\\/\\\/gruposumyteck.com\\\/wp-content\\\/uploads\\\/2024\\\/03\\\/Favicon.png\",\"width\":384,\"height\":384,\"caption\":\"Grupo Sumyteck SAS\"},\"image\":{\"@id\":\"https:\\\/\\\/gruposumyteck.com\\\/#\\\/schema\\\/logo\\\/image\\\/\"},\"sameAs\":[\"https:\\\/\\\/es-la.facebook.com\\\/SumyteckSAS\\\/\",\"https:\\\/\\\/x.com\\\/Sumyteck\",\"https:\\\/\\\/www.youtube.com\\\/channel\\\/UCoHQzJTzEsi317O4N3k9Zbw\",\"https:\\\/\\\/www.instagram.com\\\/gruposumyteck\\\/\"]}]}<\/script>\n<!-- \/ Yoast SEO plugin. -->","yoast_head_json":{"title":"Filtro de Carb\u00f3n Activado - Amair - Grupo Sumyteck SAS","description":"Los filtros AMair\/c\/amair\/C + SAAFO xi y Amair SAAFO xi son m\u00e1s eficaces que otros filtros de control de olores y de corrosi\u00f3n.","robots":{"index":"index","follow":"follow","max-snippet":"max-snippet:-1","max-image-preview":"max-image-preview:large","max-video-preview":"max-video-preview:-1"},"canonical":"https:\/\/gruposumyteck.com\/?product=3881","og_locale":"es_ES","og_type":"article","og_title":"Filtro de Carb\u00f3n Activado - Amair - Grupo Sumyteck SAS","og_description":"Los filtros AMair\/c\/amair\/C + SAAFO xi y Amair SAAFO xi son m\u00e1s eficaces que otros filtros de control de olores y de corrosi\u00f3n.","og_url":"https:\/\/gruposumyteck.com\/?product=3881","og_site_name":"Grupo Sumyteck SAS","article_publisher":"https:\/\/es-la.facebook.com\/SumyteckSAS\/","article_modified_time":"2025-04-28T02:30:17+00:00","og_image":[{"width":300,"height":350,"url":"https:\/\/gruposumyteck.com\/wp-content\/uploads\/2021\/04\/Tienda_filtro_carbon_activado.jpg","type":"image\/jpeg"}],"twitter_card":"summary_large_image","twitter_site":"@Sumyteck","twitter_misc":{"Tiempo de lectura":"2 minutos"},"schema":{"@context":"https:\/\/schema.org","@graph":[{"@type":"WebPage","@id":"https:\/\/gruposumyteck.com\/?product=3881","url":"https:\/\/gruposumyteck.com\/?product=3881","name":"Filtro de Carb\u00f3n Activado - Amair - Grupo Sumyteck SAS","isPartOf":{"@id":"https:\/\/gruposumyteck.com\/#website"},"primaryImageOfPage":{"@id":"https:\/\/gruposumyteck.com\/?product=3881#primaryimage"},"image":{"@id":"https:\/\/gruposumyteck.com\/?product=3881#primaryimage"},"thumbnailUrl":"https:\/\/gruposumyteck.com\/wp-content\/uploads\/2021\/04\/Tienda_filtro_carbon_activado.jpg","datePublished":"2021-04-12T20:07:48+00:00","dateModified":"2025-04-28T02:30:17+00:00","description":"Los filtros AMair\/c\/amair\/C + SAAFO xi y Amair SAAFO xi son m\u00e1s eficaces que otros filtros de control de olores y de corrosi\u00f3n.","breadcrumb":{"@id":"https:\/\/gruposumyteck.com\/?product=3881#breadcrumb"},"inLanguage":"es","potentialAction":[{"@type":"ReadAction","target":["https:\/\/gruposumyteck.com\/?product=3881"]}]},{"@type":"ImageObject","inLanguage":"es","@id":"https:\/\/gruposumyteck.com\/?product=3881#primaryimage","url":"https:\/\/gruposumyteck.com\/wp-content\/uploads\/2021\/04\/Tienda_filtro_carbon_activado.jpg","contentUrl":"https:\/\/gruposumyteck.com\/wp-content\/uploads\/2021\/04\/Tienda_filtro_carbon_activado.jpg","width":300,"height":350,"caption":"Filtro de Carb\u00f3n Activado - Amair"},{"@type":"BreadcrumbList","@id":"https:\/\/gruposumyteck.com\/?product=3881#breadcrumb","itemListElement":[{"@type":"ListItem","position":1,"name":"Inicio","item":"https:\/\/gruposumyteck.com\/"},{"@type":"ListItem","position":2,"name":"Productos","item":"https:\/\/gruposumyteck.com\/?post_type=product"},{"@type":"ListItem","position":3,"name":"Filtro de Carb\u00f3n Activado &#8211; Amair"}]},{"@type":"WebSite","@id":"https:\/\/gruposumyteck.com\/#website","url":"https:\/\/gruposumyteck.com\/","name":"Grupo Sumyteck SAS","description":"La mejor selecci\u00f3n de productos para ventilaci\u00f3n: extractores de aire, ventiladores industriales, ductos, compuertas, rejillas, filtros y controladores","publisher":{"@id":"https:\/\/gruposumyteck.com\/#organization"},"alternateName":"gruposumyteck.com","potentialAction":[{"@type":"SearchAction","target":{"@type":"EntryPoint","urlTemplate":"https:\/\/gruposumyteck.com\/?s={search_term_string}"},"query-input":{"@type":"PropertyValueSpecification","valueRequired":true,"valueName":"search_term_string"}}],"inLanguage":"es"},{"@type":"Organization","@id":"https:\/\/gruposumyteck.com\/#organization","name":"Grupo Sumyteck SAS","alternateName":"gruposumyteck.com","url":"https:\/\/gruposumyteck.com\/","logo":{"@type":"ImageObject","inLanguage":"es","@id":"https:\/\/gruposumyteck.com\/#\/schema\/logo\/image\/","url":"https:\/\/gruposumyteck.com\/wp-content\/uploads\/2024\/03\/Favicon.png","contentUrl":"https:\/\/gruposumyteck.com\/wp-content\/uploads\/2024\/03\/Favicon.png","width":384,"height":384,"caption":"Grupo Sumyteck SAS"},"image":{"@id":"https:\/\/gruposumyteck.com\/#\/schema\/logo\/image\/"},"sameAs":["https:\/\/es-la.facebook.com\/SumyteckSAS\/","https:\/\/x.com\/Sumyteck","https:\/\/www.youtube.com\/channel\/UCoHQzJTzEsi317O4N3k9Zbw","https:\/\/www.instagram.com\/gruposumyteck\/"]}]}},"_links":{"self":[{"href":"https:\/\/gruposumyteck.com\/index.php?rest_route=\/wp\/v2\/product\/3881","targetHints":{"allow":["GET"]}}],"collection":[{"href":"https:\/\/gruposumyteck.com\/index.php?rest_route=\/wp\/v2\/product"}],"about":[{"href":"https:\/\/gruposumyteck.com\/index.php?rest_route=\/wp\/v2\/types\/product"}],"wp:featuredmedia":[{"embeddable":true,"href":"https:\/\/gruposumyteck.com\/index.php?rest_route=\/wp\/v2\/media\/7189"}],"wp:attachment":[{"href":"https:\/\/gruposumyteck.com\/index.php?rest_route=%2Fwp%2Fv2%2Fmedia&parent=3881"}],"wp:term":[{"taxonomy":"product_brand","embeddable":true,"href":"https:\/\/gruposumyteck.com\/index.php?rest_route=%2Fwp%2Fv2%2Fproduct_brand&post=3881"},{"taxonomy":"product_cat","embeddable":true,"href":"https:\/\/gruposumyteck.com\/index.php?rest_route=%2Fwp%2Fv2%2Fproduct_cat&post=3881"},{"taxonomy":"product_tag","embeddable":true,"href":"https:\/\/gruposumyteck.com\/index.php?rest_route=%2Fwp%2Fv2%2Fproduct_tag&post=3881"}],"curies":[{"name":"wp","href":"https:\/\/api.w.org\/{rel}","templated":true}]}}