{"id":3845,"date":"2021-04-11T19:54:16","date_gmt":"2021-04-12T00:54:16","guid":{"rendered":"https:\/\/sumyteck.com\/?post_type=product&#038;p=3845"},"modified":"2025-04-27T21:58:06","modified_gmt":"2025-04-28T02:58:06","slug":"amerframe-american-air-filter","status":"publish","type":"product","link":"https:\/\/gruposumyteck.com\/?product=amerframe-american-air-filter","title":{"rendered":"Filtro Amerframe AAF"},"content":{"rendered":"<p>Marco filtrante dise\u00f1ado para la instalaci\u00f3n de medias filtrantes pads, con retenedor para asegurar la media evitando fugas, en profundidades de 1&#8243; y 2&#8243;,r\u00e1pido, ligero y de f\u00e1cil instalaci\u00f3n, presentaciones en galvanizado y aluminio.<\/p>\n<h3>Larga vida \u00fatil<\/h3>\n<p>Los AmerFrames de 1 y 2 pulgadas est\u00e1n dise\u00f1ados para contener almohadillas de medios reemplazables en aplicaciones comerciales.\u00a0Los lados de la celda est\u00e1n hechos de una sola pieza de canal en U de acero galvanizado de calibre 22, dimensionada para caber dentro de marcos de sujeci\u00f3n universales, o en rieles de carcasa de acceso lateral de 1 \u201do 2&#8243;. Una rejilla de metal expandida soldada a la El lado proporciona un soporte completo para la plataforma de medios a alta velocidad o en condiciones turbulentas. Esto da como resultado una construcci\u00f3n r\u00edgida unificada que mantiene la alineaci\u00f3n cuadrada durante a\u00f1os de uso sin estanter\u00edas. Los lados de la celda del canal en U tambi\u00e9n forman un sello alrededor del per\u00edmetro del marco para contener la almohadilla y evitar fugas.<\/p>\n<h3>Vers\u00e1til y que ahorra costos<\/h3>\n<p>AmerFrames tiene una rejilla de retenci\u00f3n con bisagras de calibre 9 para facilitar el acceso a las almohadillas.\u00a0Unido permanentemente a los lados de la celda, el retenedor se puede abrir f\u00e1cilmente sin perderse ni da\u00f1arse al cambiar las almohadillas.\u00a0Los marcos con almohadilla son una alternativa vers\u00e1til y econ\u00f3mica a los filtros de panel desechables enmarcados, ya que el costo de los marcos se recupera r\u00e1pidamente despu\u00e9s de unos pocos cambios.<\/p>\n<h3>Seleccione entre una amplia variedad de medios filtrantes de aire AAF Flanders<\/h3>\n<p>Cumpla con las consideraciones de costo y rendimiento de limpieza de aire de cualquier aplicaci\u00f3n de filtraci\u00f3n con una de las l\u00edneas completas de fibra de vidrio o medios sint\u00e9ticos de AAF Flanders.\u00a0La selecci\u00f3n de medios filtrantes de marco y almohadilla de AAF Flanders ofrece versatilidad, rendimiento y econom\u00eda.<\/p>\n<a href='https:\/\/gruposumyteck.com\/files\/AAF_AmerFrame_RenuFrame_AFP-1-113F.pdf' class='small-button smallblack' target=\"_blank\">Ver Ficha T\u00e9cnica<\/a>\n","protected":false},"excerpt":{"rendered":"<p>Marco filtrante dise\u00f1ado para la instalaci\u00f3n de medias filtrantes pads, con retenedor para asegurar la media evitando fugas, en profundidades de 1&#8243; y 2&#8243;,r\u00e1pido, ligero y de f\u00e1cil instalaci\u00f3n, presentaciones en galvanizado y aluminio.<\/p>\n<a href='https:\/\/gruposumyteck.com\/files\/AAF_AmerFrame_RenuFrame_AFP-1-113F.pdf' class='small-button smallblack' target=\"_blank\">Ver Ficha T\u00e9cnica<\/a>\n","protected":false},"featured_media":7195,"template":"","meta":{"_et_pb_use_builder":"","_et_pb_old_content":"","_et_gb_content_width":""},"product_brand":[134],"product_cat":[121],"product_tag":[156,151,159,150,158,154,149,155,157,153,152],"class_list":{"0":"post-3845","1":"product","2":"type-product","3":"status-publish","4":"has-post-thumbnail","6":"product_brand-american-air-filter","7":"product_cat-filtros-de-aire","8":"product_tag-prefiltro-aaf-aire-acondicionado","9":"product_tag-prefiltro-aaf-industrial","10":"product_tag-prefiltro-amerframe","11":"product_tag-prefiltro-con-medio-filtrante","12":"product_tag-prefiltro-de-particulas-gruesas","13":"product_tag-prefiltro-lavable-aaf","14":"product_tag-prefiltro-metalico-aaf","15":"product_tag-prefiltro-metalico-alta-resistencia","16":"product_tag-prefiltro-metalico-para-cabinas","17":"product_tag-prefiltro-para-hvac","18":"product_tag-prefiltro-para-ventilacion","20":"first","21":"instock","22":"taxable","23":"shipping-taxable","24":"product-type-simple"},"yoast_head":"<!-- This site is optimized with the Yoast SEO plugin v27.5 - https:\/\/yoast.com\/product\/yoast-seo-wordpress\/ -->\n<title>Filtro Amerframe AAF - Grupo Sumyteck SAS<\/title>\n<meta name=\"description\" content=\"marco filtrante dise\u00f1ado para la instalaci\u00f3n de medias filtrantes , con retenedor para asegurar la media evitando fugas, en 1&quot; y 2&quot;.\" \/>\n<meta name=\"robots\" content=\"index, follow, max-snippet:-1, max-image-preview:large, max-video-preview:-1\" \/>\n<link rel=\"canonical\" href=\"https:\/\/gruposumyteck.com\/?product=amerframe-american-air-filter\" \/>\n<meta property=\"og:locale\" content=\"es_ES\" \/>\n<meta property=\"og:type\" content=\"article\" \/>\n<meta property=\"og:title\" content=\"Filtro Amerframe AAF - Grupo Sumyteck SAS\" \/>\n<meta property=\"og:description\" content=\"marco filtrante dise\u00f1ado para la instalaci\u00f3n de medias filtrantes , con retenedor para asegurar la media evitando fugas, en 1&quot; y 2&quot;.\" \/>\n<meta property=\"og:url\" content=\"https:\/\/gruposumyteck.com\/?product=amerframe-american-air-filter\" \/>\n<meta property=\"og:site_name\" content=\"Grupo Sumyteck SAS\" \/>\n<meta property=\"article:publisher\" content=\"https:\/\/es-la.facebook.com\/SumyteckSAS\/\" \/>\n<meta property=\"article:modified_time\" content=\"2025-04-28T02:58:06+00:00\" \/>\n<meta property=\"og:image\" content=\"https:\/\/gruposumyteck.com\/wp-content\/uploads\/2021\/04\/Tienda_filtro_amerframe.jpg\" \/>\n\t<meta property=\"og:image:width\" content=\"300\" \/>\n\t<meta property=\"og:image:height\" content=\"350\" \/>\n\t<meta property=\"og:image:type\" content=\"image\/jpeg\" \/>\n<meta name=\"twitter:card\" content=\"summary_large_image\" \/>\n<meta name=\"twitter:site\" content=\"@Sumyteck\" \/>\n<meta name=\"twitter:label1\" content=\"Tiempo de lectura\" \/>\n\t<meta name=\"twitter:data1\" content=\"2 minutos\" \/>\n<script type=\"application\/ld+json\" class=\"yoast-schema-graph\">{\"@context\":\"https:\\\/\\\/schema.org\",\"@graph\":[{\"@type\":\"WebPage\",\"@id\":\"https:\\\/\\\/gruposumyteck.com\\\/?product=amerframe-american-air-filter\",\"url\":\"https:\\\/\\\/gruposumyteck.com\\\/?product=amerframe-american-air-filter\",\"name\":\"Filtro Amerframe AAF - Grupo Sumyteck SAS\",\"isPartOf\":{\"@id\":\"https:\\\/\\\/gruposumyteck.com\\\/#website\"},\"primaryImageOfPage\":{\"@id\":\"https:\\\/\\\/gruposumyteck.com\\\/?product=amerframe-american-air-filter#primaryimage\"},\"image\":{\"@id\":\"https:\\\/\\\/gruposumyteck.com\\\/?product=amerframe-american-air-filter#primaryimage\"},\"thumbnailUrl\":\"https:\\\/\\\/gruposumyteck.com\\\/wp-content\\\/uploads\\\/2021\\\/04\\\/Tienda_filtro_amerframe.jpg\",\"datePublished\":\"2021-04-12T00:54:16+00:00\",\"dateModified\":\"2025-04-28T02:58:06+00:00\",\"description\":\"marco filtrante dise\u00f1ado para la instalaci\u00f3n de medias filtrantes , con retenedor para asegurar la media evitando fugas, en 1\\\" y 2\\\".\",\"breadcrumb\":{\"@id\":\"https:\\\/\\\/gruposumyteck.com\\\/?product=amerframe-american-air-filter#breadcrumb\"},\"inLanguage\":\"es\",\"potentialAction\":[{\"@type\":\"ReadAction\",\"target\":[\"https:\\\/\\\/gruposumyteck.com\\\/?product=amerframe-american-air-filter\"]}]},{\"@type\":\"ImageObject\",\"inLanguage\":\"es\",\"@id\":\"https:\\\/\\\/gruposumyteck.com\\\/?product=amerframe-american-air-filter#primaryimage\",\"url\":\"https:\\\/\\\/gruposumyteck.com\\\/wp-content\\\/uploads\\\/2021\\\/04\\\/Tienda_filtro_amerframe.jpg\",\"contentUrl\":\"https:\\\/\\\/gruposumyteck.com\\\/wp-content\\\/uploads\\\/2021\\\/04\\\/Tienda_filtro_amerframe.jpg\",\"width\":300,\"height\":350,\"caption\":\"Filtro Amerframe AAF\"},{\"@type\":\"BreadcrumbList\",\"@id\":\"https:\\\/\\\/gruposumyteck.com\\\/?product=amerframe-american-air-filter#breadcrumb\",\"itemListElement\":[{\"@type\":\"ListItem\",\"position\":1,\"name\":\"Inicio\",\"item\":\"https:\\\/\\\/gruposumyteck.com\\\/\"},{\"@type\":\"ListItem\",\"position\":2,\"name\":\"Productos\",\"item\":\"https:\\\/\\\/gruposumyteck.com\\\/?post_type=product\"},{\"@type\":\"ListItem\",\"position\":3,\"name\":\"Filtro Amerframe AAF\"}]},{\"@type\":\"WebSite\",\"@id\":\"https:\\\/\\\/gruposumyteck.com\\\/#website\",\"url\":\"https:\\\/\\\/gruposumyteck.com\\\/\",\"name\":\"Grupo Sumyteck SAS\",\"description\":\"La mejor selecci\u00f3n de productos para ventilaci\u00f3n: extractores de aire, ventiladores industriales, ductos, compuertas, rejillas, filtros y controladores\",\"publisher\":{\"@id\":\"https:\\\/\\\/gruposumyteck.com\\\/#organization\"},\"alternateName\":\"gruposumyteck.com\",\"potentialAction\":[{\"@type\":\"SearchAction\",\"target\":{\"@type\":\"EntryPoint\",\"urlTemplate\":\"https:\\\/\\\/gruposumyteck.com\\\/?s={search_term_string}\"},\"query-input\":{\"@type\":\"PropertyValueSpecification\",\"valueRequired\":true,\"valueName\":\"search_term_string\"}}],\"inLanguage\":\"es\"},{\"@type\":\"Organization\",\"@id\":\"https:\\\/\\\/gruposumyteck.com\\\/#organization\",\"name\":\"Grupo Sumyteck SAS\",\"alternateName\":\"gruposumyteck.com\",\"url\":\"https:\\\/\\\/gruposumyteck.com\\\/\",\"logo\":{\"@type\":\"ImageObject\",\"inLanguage\":\"es\",\"@id\":\"https:\\\/\\\/gruposumyteck.com\\\/#\\\/schema\\\/logo\\\/image\\\/\",\"url\":\"https:\\\/\\\/gruposumyteck.com\\\/wp-content\\\/uploads\\\/2024\\\/03\\\/Favicon.png\",\"contentUrl\":\"https:\\\/\\\/gruposumyteck.com\\\/wp-content\\\/uploads\\\/2024\\\/03\\\/Favicon.png\",\"width\":384,\"height\":384,\"caption\":\"Grupo Sumyteck SAS\"},\"image\":{\"@id\":\"https:\\\/\\\/gruposumyteck.com\\\/#\\\/schema\\\/logo\\\/image\\\/\"},\"sameAs\":[\"https:\\\/\\\/es-la.facebook.com\\\/SumyteckSAS\\\/\",\"https:\\\/\\\/x.com\\\/Sumyteck\",\"https:\\\/\\\/www.youtube.com\\\/channel\\\/UCoHQzJTzEsi317O4N3k9Zbw\",\"https:\\\/\\\/www.instagram.com\\\/gruposumyteck\\\/\"]}]}<\/script>\n<!-- \/ Yoast SEO plugin. -->","yoast_head_json":{"title":"Filtro Amerframe AAF - Grupo Sumyteck SAS","description":"marco filtrante dise\u00f1ado para la instalaci\u00f3n de medias filtrantes , con retenedor para asegurar la media evitando fugas, en 1\" y 2\".","robots":{"index":"index","follow":"follow","max-snippet":"max-snippet:-1","max-image-preview":"max-image-preview:large","max-video-preview":"max-video-preview:-1"},"canonical":"https:\/\/gruposumyteck.com\/?product=amerframe-american-air-filter","og_locale":"es_ES","og_type":"article","og_title":"Filtro Amerframe AAF - Grupo Sumyteck SAS","og_description":"marco filtrante dise\u00f1ado para la instalaci\u00f3n de medias filtrantes , con retenedor para asegurar la media evitando fugas, en 1\" y 2\".","og_url":"https:\/\/gruposumyteck.com\/?product=amerframe-american-air-filter","og_site_name":"Grupo Sumyteck SAS","article_publisher":"https:\/\/es-la.facebook.com\/SumyteckSAS\/","article_modified_time":"2025-04-28T02:58:06+00:00","og_image":[{"width":300,"height":350,"url":"https:\/\/gruposumyteck.com\/wp-content\/uploads\/2021\/04\/Tienda_filtro_amerframe.jpg","type":"image\/jpeg"}],"twitter_card":"summary_large_image","twitter_site":"@Sumyteck","twitter_misc":{"Tiempo de lectura":"2 minutos"},"schema":{"@context":"https:\/\/schema.org","@graph":[{"@type":"WebPage","@id":"https:\/\/gruposumyteck.com\/?product=amerframe-american-air-filter","url":"https:\/\/gruposumyteck.com\/?product=amerframe-american-air-filter","name":"Filtro Amerframe AAF - Grupo Sumyteck SAS","isPartOf":{"@id":"https:\/\/gruposumyteck.com\/#website"},"primaryImageOfPage":{"@id":"https:\/\/gruposumyteck.com\/?product=amerframe-american-air-filter#primaryimage"},"image":{"@id":"https:\/\/gruposumyteck.com\/?product=amerframe-american-air-filter#primaryimage"},"thumbnailUrl":"https:\/\/gruposumyteck.com\/wp-content\/uploads\/2021\/04\/Tienda_filtro_amerframe.jpg","datePublished":"2021-04-12T00:54:16+00:00","dateModified":"2025-04-28T02:58:06+00:00","description":"marco filtrante dise\u00f1ado para la instalaci\u00f3n de medias filtrantes , con retenedor para asegurar la media evitando fugas, en 1\" y 2\".","breadcrumb":{"@id":"https:\/\/gruposumyteck.com\/?product=amerframe-american-air-filter#breadcrumb"},"inLanguage":"es","potentialAction":[{"@type":"ReadAction","target":["https:\/\/gruposumyteck.com\/?product=amerframe-american-air-filter"]}]},{"@type":"ImageObject","inLanguage":"es","@id":"https:\/\/gruposumyteck.com\/?product=amerframe-american-air-filter#primaryimage","url":"https:\/\/gruposumyteck.com\/wp-content\/uploads\/2021\/04\/Tienda_filtro_amerframe.jpg","contentUrl":"https:\/\/gruposumyteck.com\/wp-content\/uploads\/2021\/04\/Tienda_filtro_amerframe.jpg","width":300,"height":350,"caption":"Filtro Amerframe AAF"},{"@type":"BreadcrumbList","@id":"https:\/\/gruposumyteck.com\/?product=amerframe-american-air-filter#breadcrumb","itemListElement":[{"@type":"ListItem","position":1,"name":"Inicio","item":"https:\/\/gruposumyteck.com\/"},{"@type":"ListItem","position":2,"name":"Productos","item":"https:\/\/gruposumyteck.com\/?post_type=product"},{"@type":"ListItem","position":3,"name":"Filtro Amerframe AAF"}]},{"@type":"WebSite","@id":"https:\/\/gruposumyteck.com\/#website","url":"https:\/\/gruposumyteck.com\/","name":"Grupo Sumyteck SAS","description":"La mejor selecci\u00f3n de productos para ventilaci\u00f3n: extractores de aire, ventiladores industriales, ductos, compuertas, rejillas, filtros y controladores","publisher":{"@id":"https:\/\/gruposumyteck.com\/#organization"},"alternateName":"gruposumyteck.com","potentialAction":[{"@type":"SearchAction","target":{"@type":"EntryPoint","urlTemplate":"https:\/\/gruposumyteck.com\/?s={search_term_string}"},"query-input":{"@type":"PropertyValueSpecification","valueRequired":true,"valueName":"search_term_string"}}],"inLanguage":"es"},{"@type":"Organization","@id":"https:\/\/gruposumyteck.com\/#organization","name":"Grupo Sumyteck SAS","alternateName":"gruposumyteck.com","url":"https:\/\/gruposumyteck.com\/","logo":{"@type":"ImageObject","inLanguage":"es","@id":"https:\/\/gruposumyteck.com\/#\/schema\/logo\/image\/","url":"https:\/\/gruposumyteck.com\/wp-content\/uploads\/2024\/03\/Favicon.png","contentUrl":"https:\/\/gruposumyteck.com\/wp-content\/uploads\/2024\/03\/Favicon.png","width":384,"height":384,"caption":"Grupo Sumyteck SAS"},"image":{"@id":"https:\/\/gruposumyteck.com\/#\/schema\/logo\/image\/"},"sameAs":["https:\/\/es-la.facebook.com\/SumyteckSAS\/","https:\/\/x.com\/Sumyteck","https:\/\/www.youtube.com\/channel\/UCoHQzJTzEsi317O4N3k9Zbw","https:\/\/www.instagram.com\/gruposumyteck\/"]}]}},"_links":{"self":[{"href":"https:\/\/gruposumyteck.com\/index.php?rest_route=\/wp\/v2\/product\/3845","targetHints":{"allow":["GET"]}}],"collection":[{"href":"https:\/\/gruposumyteck.com\/index.php?rest_route=\/wp\/v2\/product"}],"about":[{"href":"https:\/\/gruposumyteck.com\/index.php?rest_route=\/wp\/v2\/types\/product"}],"wp:featuredmedia":[{"embeddable":true,"href":"https:\/\/gruposumyteck.com\/index.php?rest_route=\/wp\/v2\/media\/7195"}],"wp:attachment":[{"href":"https:\/\/gruposumyteck.com\/index.php?rest_route=%2Fwp%2Fv2%2Fmedia&parent=3845"}],"wp:term":[{"taxonomy":"product_brand","embeddable":true,"href":"https:\/\/gruposumyteck.com\/index.php?rest_route=%2Fwp%2Fv2%2Fproduct_brand&post=3845"},{"taxonomy":"product_cat","embeddable":true,"href":"https:\/\/gruposumyteck.com\/index.php?rest_route=%2Fwp%2Fv2%2Fproduct_cat&post=3845"},{"taxonomy":"product_tag","embeddable":true,"href":"https:\/\/gruposumyteck.com\/index.php?rest_route=%2Fwp%2Fv2%2Fproduct_tag&post=3845"}],"curies":[{"name":"wp","href":"https:\/\/api.w.org\/{rel}","templated":true}]}}