{"id":4866,"date":"2024-03-29T10:21:16","date_gmt":"2024-03-29T15:21:16","guid":{"rendered":"https:\/\/gruposumyteck.com\/?page_id=4866"},"modified":"2024-05-13T21:44:52","modified_gmt":"2024-05-14T02:44:52","slug":"corte-laser","status":"publish","type":"page","link":"https:\/\/gruposumyteck.com\/?page_id=4866","title":{"rendered":"Corte Laser"},"content":{"rendered":"<p>[et_pb_section fb_built=\u00bb1&#8243; custom_padding_last_edited=\u00bbon|desktop\u00bb _builder_version=\u00bb4.3.1&#8243; custom_margin=\u00bb-25px|0px|0px|0px|false|false\u00bb custom_margin_tablet=\u00bb-29px||||false|false\u00bb custom_margin_phone=\u00bb-29px||||false|false\u00bb custom_margin_last_edited=\u00bbon|phone\u00bb custom_padding=\u00bb0px||0px||false|false\u00bb custom_padding_tablet=\u00bb||10px||false|false\u00bb custom_padding_phone=\u00bb0px||||false|false\u00bb top_divider_height=\u00bb0px\u00bb][et_pb_row use_custom_gutter=\u00bbon\u00bb _builder_version=\u00bb4.3.1&#8243; hover_enabled=\u00bb0&#8243; disabled_on=\u00bbon|off|off\u00bb][et_pb_column type=\u00bb4_4&#8243; _builder_version=\u00bb4.3.1&#8243;][et_pb_nextend_smart_slider_3 slider=\u00bb25&#8243; _builder_version=\u00bb4.3.1&#8243;][\/et_pb_nextend_smart_slider_3][\/et_pb_column][\/et_pb_row][et_pb_row use_custom_gutter=\u00bbon\u00bb _builder_version=\u00bb4.3.1&#8243; hover_enabled=\u00bb0&#8243; disabled_on=\u00bboff|on|on\u00bb][et_pb_column type=\u00bb4_4&#8243; _builder_version=\u00bb4.3.1&#8243;][et_pb_nextend_smart_slider_3 slider=\u00bb26&#8243; _builder_version=\u00bb4.3.1&#8243; hover_enabled=\u00bb0&#8243;][\/et_pb_nextend_smart_slider_3][\/et_pb_column][\/et_pb_row][et_pb_row use_custom_gutter=\u00bbon\u00bb _builder_version=\u00bb4.3.1&#8243; width=\u00bb95%\u00bb max_width=\u00bb1920px\u00bb][et_pb_column type=\u00bb4_4&#8243; _builder_version=\u00bb4.3.1&#8243;][et_pb_text _builder_version=\u00bb4.3.1&#8243;]<\/p>\n<h2 style=\"text-align: center;\"><span style=\"color: #993300;\"><strong>Servicio de Corte y grabado L\u00e1ser en Bogot\u00e1<\/strong><\/span><\/h2>\n<p>[\/et_pb_text][\/et_pb_column][\/et_pb_row][et_pb_row column_structure=\u00bb1_3,2_3&#8243; use_custom_gutter=\u00bbon\u00bb _builder_version=\u00bb4.3.1&#8243; width=\u00bb95%\u00bb max_width=\u00bb1920px\u00bb][et_pb_column type=\u00bb1_3&#8243; _builder_version=\u00bb4.3.1&#8243;][et_pb_nextend_smart_slider_3 slider=\u00bb24&#8243; _builder_version=\u00bb4.3.1&#8243;][\/et_pb_nextend_smart_slider_3][\/et_pb_column][et_pb_column type=\u00bb2_3&#8243; _builder_version=\u00bb4.3.1&#8243;][et_pb_cta title=\u00bbPrecisi\u00f3n y Versatilidad para tus Proyectos\u00bb url_new_window=\u00bbon\u00bb button_text=\u00bb\u00a1Solicite su cotizaci\u00f3n!\u00bb _builder_version=\u00bb4.3.1&#8243; header_level=\u00bbh1&#8243; header_font=\u00bbBitter|700|||||||\u00bb header_font_size=\u00bb32px\u00bb header_line_height=\u00bb1.2em\u00bb body_font_size=\u00bb16px\u00bb body_line_height=\u00bb1.6em\u00bb use_background_color=\u00bboff\u00bb custom_button=\u00bbon\u00bb button_text_size=\u00bb18px\u00bb button_text_color=\u00bb#ffffff\u00bb button_bg_color=\u00bb#F49902&#8243; button_border_width=\u00bb0px\u00bb button_border_radius=\u00bb5px\u00bb button_font=\u00bb|600|||||||\u00bb button_icon=\u00bb%%24%%\u00bb button_alignment=\u00bbcenter\u00bb background_layout=\u00bblight\u00bb custom_margin=\u00bb0px||||false|false\u00bb button_text_shadow_style=\u00bbpreset1&#8243; button_text_shadow_horizontal_length=\u00bb0.1em\u00bb box_shadow_style_button=\u00bbpreset2&#8243;]<\/p>\n<p style=\"text-align: justify;\"><strong>Grupo Sumyteck SAS<\/strong>, Ofrece el servicio de Corte l\u00e1ser y grabado l\u00e1ser en la ciudad de Bogot\u00e1, nuestro servicio es la opci\u00f3n ideal si requiere calidad, precisi\u00f3n, bordes limpios, sin rebabas, precio competitivos y excelentes tiempos de entrega.<\/p>\n<p style=\"text-align: justify;\">Realizamos Corte l\u00e1ser de materiales como ( Acero Inoxidable, Acero al Carb\u00f3n, Cold Rolled, L\u00e1mina Galvanizada, Aluminio).<\/p>\n<p>[\/et_pb_cta][et_pb_cta title=\u00bb\u00bfPor qu\u00e9 elegir nuestro servicio de corte l\u00e1ser?\u00bb url_new_window=\u00bbon\u00bb button_text=\u00bb\u00a1Solicite su cotizaci\u00f3n!\u00bb _builder_version=\u00bb4.3.1&#8243; header_level=\u00bbh1&#8243; header_font=\u00bbBitter|700|||||||\u00bb header_font_size=\u00bb32px\u00bb header_line_height=\u00bb1.2em\u00bb body_font_size=\u00bb16px\u00bb body_line_height=\u00bb1.6em\u00bb use_background_color=\u00bboff\u00bb custom_button=\u00bbon\u00bb button_text_size=\u00bb18px\u00bb button_text_color=\u00bb#ffffff\u00bb button_bg_color=\u00bb#F49902&#8243; button_border_width=\u00bb0px\u00bb button_border_radius=\u00bb5px\u00bb button_font=\u00bb|600|||||||\u00bb button_icon=\u00bb%%24%%\u00bb button_alignment=\u00bbcenter\u00bb background_layout=\u00bblight\u00bb custom_margin=\u00bb0px||||false|false\u00bb button_text_shadow_style=\u00bbpreset1&#8243; button_text_shadow_horizontal_length=\u00bb0.1em\u00bb box_shadow_style_button=\u00bbpreset2&#8243;]<\/p>\n<h3 style=\"text-align: justify;\"><strong>Precisi\u00f3n Inigualable:<\/strong><\/h3>\n<p style=\"text-align: justify;\">Nuestra tecnolog\u00eda de corte l\u00e1ser de \u00faltima generaci\u00f3n garantiza cortes precisos y limpios en una amplia variedad de materiales.<\/p>\n<h3 style=\"text-align: justify;\"><strong>Versatilidad Creativa:<\/strong><\/h3>\n<p style=\"text-align: justify;\">Desde prototipos y modelos hasta productos finales, nuestro servicio de corte l\u00e1ser te ofrece la flexibilidad para llevar a cabo una amplia gama de proyectos, sin importar su tama\u00f1o o complejidad.<\/p>\n<h3 style=\"text-align: justify;\"><strong>Eficiencia y Rapidez:<\/strong><\/h3>\n<p style=\"text-align: justify;\">Con procesos automatizados y un equipo altamente capacitado, podemos cumplir con plazos ajustados sin comprometer la calidad, garantizando una experiencia de servicio fluida y satisfactoria.<\/p>\n<h3 style=\"text-align: justify;\"><strong>Atenci\u00f3n Personalizada:<\/strong><\/h3>\n<p style=\"text-align: justify;\">Nos comprometemos a trabajar estrechamente contigo en cada etapa del proceso, desde la consulta inicial hasta la entrega final, para asegurarnos de que tus expectativas se cumplan en cada detalle.<\/p>\n<p>[\/et_pb_cta][\/et_pb_column][\/et_pb_row][\/et_pb_section][et_pb_section fb_built=\u00bb1&#8243; _builder_version=\u00bb4.3.1&#8243; custom_padding=\u00bb0px||1px|||\u00bb][et_pb_row use_custom_gutter=\u00bbon\u00bb _builder_version=\u00bb4.3.1&#8243; width=\u00bb95%\u00bb max_width=\u00bb1920px\u00bb module_alignment=\u00bbcenter\u00bb custom_margin=\u00bb|68px||68px|false|false\u00bb custom_padding=\u00bb4px|||||\u00bb][et_pb_column type=\u00bb4_4&#8243; _builder_version=\u00bb4.3.1&#8243;][et_pb_text _builder_version=\u00bb4.3.1&#8243; text_font_size=\u00bb18px\u00bb]<\/p>\n<p><strong>Como encontrar nuestros servicios:<\/strong><\/p>\n<p style=\"text-align: justify;\">Cortadora laser en Bogot\u00e1, corte laser metal Bogot\u00e1, corte de metal por laser, grabado de laser, corte laser personalizado, corte laser de <a href=\"https:\/\/es.wikipedia.org\/wiki\/Acero_inoxidable\" target=\"_blank\" rel=\"noopener noreferrer\">acero inoxidable<\/a>, corte laser, corte laser lamina met\u00e1lica, grabado l\u00e1ser en metal,\u00a0 cortadora laser para metal.<\/p>\n<p style=\"text-align: center;\"><strong><a href=\"https:\/\/gruposumyteck.com\/contacto\/\">Cont\u00e1ctanos<\/a> hoy mismo y descubre c\u00f3mo nuestro servicio de corte l\u00e1ser puede llevar tus proyectos al siguiente nivel de calidad y precisi\u00f3n. Estamos aqu\u00ed para convertir tus ideas en realidad.<\/strong><\/p>\n<p>[\/et_pb_text][\/et_pb_column][\/et_pb_row][et_pb_row use_custom_gutter=\u00bbon\u00bb _builder_version=\u00bb4.3.1&#8243; width=\u00bb100%\u00bb max_width=\u00bb1100px\u00bb module_alignment=\u00bbcenter\u00bb custom_margin=\u00bb|68px||68px|false|false\u00bb custom_padding=\u00bb0px|||||\u00bb][et_pb_column type=\u00bb4_4&#8243; _builder_version=\u00bb4.3.1&#8243;][et_pb_cta button_url=\u00bbhttps:\/\/wa.link\/jyiewg\u00bb url_new_window=\u00bbon\u00bb button_text=\u00bb\u00a1Solicite su Cotizaci\u00f3n!\u00bb _builder_version=\u00bb4.3.1&#8243; header_level=\u00bbh1&#8243; header_font=\u00bbBitter|700|||||||\u00bb header_font_size=\u00bb32px\u00bb header_line_height=\u00bb1.2em\u00bb body_font_size=\u00bb16px\u00bb body_line_height=\u00bb1.6em\u00bb use_background_color=\u00bboff\u00bb custom_button=\u00bbon\u00bb button_text_size=\u00bb18px\u00bb button_text_color=\u00bb#ffffff\u00bb button_bg_color=\u00bb#F49902&#8243; button_border_width=\u00bb0px\u00bb button_border_radius=\u00bb5px\u00bb button_font=\u00bb|600|||||||\u00bb button_icon=\u00bb%%24%%\u00bb button_alignment=\u00bbcenter\u00bb background_layout=\u00bblight\u00bb custom_margin=\u00bb0px||||false|false\u00bb animation_style=\u00bbzoom\u00bb button_text_shadow_style=\u00bbpreset1&#8243; button_text_shadow_horizontal_length=\u00bb0.1em\u00bb box_shadow_style_button=\u00bbpreset2&#8243;][\/et_pb_cta][\/et_pb_column][\/et_pb_row][\/et_pb_section]<\/p>\n","protected":false},"excerpt":{"rendered":"<p>servicio de Corte l\u00e1ser y grabado l\u00e1ser en la ciudad de Bogot\u00e1, nuestro servicio es la opci\u00f3n ideal si requiere calidad, precisi\u00f3n, bordes limpios, sin rebabas, precio competitivos y excelentes tiempos de entrega.<\/p>\n","protected":false},"author":1,"featured_media":4814,"parent":0,"menu_order":0,"comment_status":"closed","ping_status":"closed","template":"","meta":{"_et_pb_use_builder":"on","_et_pb_old_content":"","_et_gb_content_width":"","footnotes":""},"class_list":["post-4866","page","type-page","status-publish","has-post-thumbnail","hentry"],"yoast_head":"<!-- This site is optimized with the Yoast SEO plugin v27.5 - https:\/\/yoast.com\/product\/yoast-seo-wordpress\/ -->\n<title>\u2705Corte y Grabado Laser Bogot\u00e1, Servicio \u2714<\/title>\n<meta name=\"description\" content=\"Servicio de Corte y grabado l\u00e1ser en Bogot\u00e1, es la opci\u00f3n ideal si requiere calidad, precisi\u00f3n, bordes limpios, sin rebabas, mejor precio.\" \/>\n<meta name=\"robots\" content=\"index, follow, max-snippet:-1, max-image-preview:large, max-video-preview:-1\" \/>\n<link rel=\"canonical\" href=\"https:\/\/gruposumyteck.com\/?page_id=4866\" \/>\n<meta property=\"og:locale\" content=\"es_ES\" \/>\n<meta property=\"og:type\" content=\"article\" \/>\n<meta property=\"og:title\" content=\"\u2705Corte y Grabado Laser Bogot\u00e1, Servicio \u2714\" \/>\n<meta property=\"og:description\" content=\"Servicio de Corte y grabado l\u00e1ser en Bogot\u00e1, es la opci\u00f3n ideal si requiere calidad, precisi\u00f3n, bordes limpios, sin rebabas, mejor precio.\" \/>\n<meta property=\"og:url\" content=\"https:\/\/gruposumyteck.com\/?page_id=4866\" \/>\n<meta property=\"og:site_name\" content=\"Grupo Sumyteck SAS\" \/>\n<meta property=\"article:publisher\" content=\"https:\/\/es-la.facebook.com\/SumyteckSAS\/\" \/>\n<meta property=\"article:modified_time\" content=\"2024-05-14T02:44:52+00:00\" \/>\n<meta property=\"og:image\" content=\"https:\/\/gruposumyteck.com\/wp-content\/uploads\/2024\/03\/portafolio_soluciones_12.jpg\" \/>\n\t<meta property=\"og:image:width\" content=\"480\" \/>\n\t<meta property=\"og:image:height\" content=\"240\" \/>\n\t<meta property=\"og:image:type\" content=\"image\/jpeg\" \/>\n<meta name=\"twitter:card\" content=\"summary_large_image\" \/>\n<meta name=\"twitter:site\" content=\"@Sumyteck\" \/>\n<meta name=\"twitter:label1\" content=\"Tiempo de lectura\" \/>\n\t<meta name=\"twitter:data1\" content=\"3 minutos\" \/>\n<script type=\"application\/ld+json\" class=\"yoast-schema-graph\">{\"@context\":\"https:\\\/\\\/schema.org\",\"@graph\":[{\"@type\":\"WebPage\",\"@id\":\"https:\\\/\\\/gruposumyteck.com\\\/?page_id=4866\",\"url\":\"https:\\\/\\\/gruposumyteck.com\\\/?page_id=4866\",\"name\":\"\u2705Corte y Grabado Laser Bogot\u00e1, Servicio \u2714\",\"isPartOf\":{\"@id\":\"https:\\\/\\\/gruposumyteck.com\\\/#website\"},\"primaryImageOfPage\":{\"@id\":\"https:\\\/\\\/gruposumyteck.com\\\/?page_id=4866#primaryimage\"},\"image\":{\"@id\":\"https:\\\/\\\/gruposumyteck.com\\\/?page_id=4866#primaryimage\"},\"thumbnailUrl\":\"https:\\\/\\\/gruposumyteck.com\\\/wp-content\\\/uploads\\\/2024\\\/03\\\/portafolio_soluciones_12.jpg\",\"datePublished\":\"2024-03-29T15:21:16+00:00\",\"dateModified\":\"2024-05-14T02:44:52+00:00\",\"description\":\"Servicio de Corte y grabado l\u00e1ser en Bogot\u00e1, es la opci\u00f3n ideal si requiere calidad, precisi\u00f3n, bordes limpios, sin rebabas, mejor precio.\",\"breadcrumb\":{\"@id\":\"https:\\\/\\\/gruposumyteck.com\\\/?page_id=4866#breadcrumb\"},\"inLanguage\":\"es\",\"potentialAction\":[{\"@type\":\"ReadAction\",\"target\":[\"https:\\\/\\\/gruposumyteck.com\\\/?page_id=4866\"]}]},{\"@type\":\"ImageObject\",\"inLanguage\":\"es\",\"@id\":\"https:\\\/\\\/gruposumyteck.com\\\/?page_id=4866#primaryimage\",\"url\":\"https:\\\/\\\/gruposumyteck.com\\\/wp-content\\\/uploads\\\/2024\\\/03\\\/portafolio_soluciones_12.jpg\",\"contentUrl\":\"https:\\\/\\\/gruposumyteck.com\\\/wp-content\\\/uploads\\\/2024\\\/03\\\/portafolio_soluciones_12.jpg\",\"width\":480,\"height\":240,\"caption\":\"Corte Laser\"},{\"@type\":\"BreadcrumbList\",\"@id\":\"https:\\\/\\\/gruposumyteck.com\\\/?page_id=4866#breadcrumb\",\"itemListElement\":[{\"@type\":\"ListItem\",\"position\":1,\"name\":\"Inicio\",\"item\":\"https:\\\/\\\/gruposumyteck.com\\\/\"},{\"@type\":\"ListItem\",\"position\":2,\"name\":\"Corte Laser\"}]},{\"@type\":\"WebSite\",\"@id\":\"https:\\\/\\\/gruposumyteck.com\\\/#website\",\"url\":\"https:\\\/\\\/gruposumyteck.com\\\/\",\"name\":\"Grupo Sumyteck SAS\",\"description\":\"La mejor selecci\u00f3n de productos para ventilaci\u00f3n: extractores de aire, ventiladores industriales, ductos, compuertas, rejillas, filtros y controladores\",\"publisher\":{\"@id\":\"https:\\\/\\\/gruposumyteck.com\\\/#organization\"},\"alternateName\":\"gruposumyteck.com\",\"potentialAction\":[{\"@type\":\"SearchAction\",\"target\":{\"@type\":\"EntryPoint\",\"urlTemplate\":\"https:\\\/\\\/gruposumyteck.com\\\/?s={search_term_string}\"},\"query-input\":{\"@type\":\"PropertyValueSpecification\",\"valueRequired\":true,\"valueName\":\"search_term_string\"}}],\"inLanguage\":\"es\"},{\"@type\":\"Organization\",\"@id\":\"https:\\\/\\\/gruposumyteck.com\\\/#organization\",\"name\":\"Grupo Sumyteck SAS\",\"alternateName\":\"gruposumyteck.com\",\"url\":\"https:\\\/\\\/gruposumyteck.com\\\/\",\"logo\":{\"@type\":\"ImageObject\",\"inLanguage\":\"es\",\"@id\":\"https:\\\/\\\/gruposumyteck.com\\\/#\\\/schema\\\/logo\\\/image\\\/\",\"url\":\"https:\\\/\\\/gruposumyteck.com\\\/wp-content\\\/uploads\\\/2024\\\/03\\\/Favicon.png\",\"contentUrl\":\"https:\\\/\\\/gruposumyteck.com\\\/wp-content\\\/uploads\\\/2024\\\/03\\\/Favicon.png\",\"width\":384,\"height\":384,\"caption\":\"Grupo Sumyteck SAS\"},\"image\":{\"@id\":\"https:\\\/\\\/gruposumyteck.com\\\/#\\\/schema\\\/logo\\\/image\\\/\"},\"sameAs\":[\"https:\\\/\\\/es-la.facebook.com\\\/SumyteckSAS\\\/\",\"https:\\\/\\\/x.com\\\/Sumyteck\",\"https:\\\/\\\/www.youtube.com\\\/channel\\\/UCoHQzJTzEsi317O4N3k9Zbw\",\"https:\\\/\\\/www.instagram.com\\\/gruposumyteck\\\/\"]}]}<\/script>\n<!-- \/ Yoast SEO plugin. -->","yoast_head_json":{"title":"\u2705Corte y Grabado Laser Bogot\u00e1, Servicio \u2714","description":"Servicio de Corte y grabado l\u00e1ser en Bogot\u00e1, es la opci\u00f3n ideal si requiere calidad, precisi\u00f3n, bordes limpios, sin rebabas, mejor precio.","robots":{"index":"index","follow":"follow","max-snippet":"max-snippet:-1","max-image-preview":"max-image-preview:large","max-video-preview":"max-video-preview:-1"},"canonical":"https:\/\/gruposumyteck.com\/?page_id=4866","og_locale":"es_ES","og_type":"article","og_title":"\u2705Corte y Grabado Laser Bogot\u00e1, Servicio \u2714","og_description":"Servicio de Corte y grabado l\u00e1ser en Bogot\u00e1, es la opci\u00f3n ideal si requiere calidad, precisi\u00f3n, bordes limpios, sin rebabas, mejor precio.","og_url":"https:\/\/gruposumyteck.com\/?page_id=4866","og_site_name":"Grupo Sumyteck SAS","article_publisher":"https:\/\/es-la.facebook.com\/SumyteckSAS\/","article_modified_time":"2024-05-14T02:44:52+00:00","og_image":[{"width":480,"height":240,"url":"https:\/\/gruposumyteck.com\/wp-content\/uploads\/2024\/03\/portafolio_soluciones_12.jpg","type":"image\/jpeg"}],"twitter_card":"summary_large_image","twitter_site":"@Sumyteck","twitter_misc":{"Tiempo de lectura":"3 minutos"},"schema":{"@context":"https:\/\/schema.org","@graph":[{"@type":"WebPage","@id":"https:\/\/gruposumyteck.com\/?page_id=4866","url":"https:\/\/gruposumyteck.com\/?page_id=4866","name":"\u2705Corte y Grabado Laser Bogot\u00e1, Servicio \u2714","isPartOf":{"@id":"https:\/\/gruposumyteck.com\/#website"},"primaryImageOfPage":{"@id":"https:\/\/gruposumyteck.com\/?page_id=4866#primaryimage"},"image":{"@id":"https:\/\/gruposumyteck.com\/?page_id=4866#primaryimage"},"thumbnailUrl":"https:\/\/gruposumyteck.com\/wp-content\/uploads\/2024\/03\/portafolio_soluciones_12.jpg","datePublished":"2024-03-29T15:21:16+00:00","dateModified":"2024-05-14T02:44:52+00:00","description":"Servicio de Corte y grabado l\u00e1ser en Bogot\u00e1, es la opci\u00f3n ideal si requiere calidad, precisi\u00f3n, bordes limpios, sin rebabas, mejor precio.","breadcrumb":{"@id":"https:\/\/gruposumyteck.com\/?page_id=4866#breadcrumb"},"inLanguage":"es","potentialAction":[{"@type":"ReadAction","target":["https:\/\/gruposumyteck.com\/?page_id=4866"]}]},{"@type":"ImageObject","inLanguage":"es","@id":"https:\/\/gruposumyteck.com\/?page_id=4866#primaryimage","url":"https:\/\/gruposumyteck.com\/wp-content\/uploads\/2024\/03\/portafolio_soluciones_12.jpg","contentUrl":"https:\/\/gruposumyteck.com\/wp-content\/uploads\/2024\/03\/portafolio_soluciones_12.jpg","width":480,"height":240,"caption":"Corte Laser"},{"@type":"BreadcrumbList","@id":"https:\/\/gruposumyteck.com\/?page_id=4866#breadcrumb","itemListElement":[{"@type":"ListItem","position":1,"name":"Inicio","item":"https:\/\/gruposumyteck.com\/"},{"@type":"ListItem","position":2,"name":"Corte Laser"}]},{"@type":"WebSite","@id":"https:\/\/gruposumyteck.com\/#website","url":"https:\/\/gruposumyteck.com\/","name":"Grupo Sumyteck SAS","description":"La mejor selecci\u00f3n de productos para ventilaci\u00f3n: extractores de aire, ventiladores industriales, ductos, compuertas, rejillas, filtros y controladores","publisher":{"@id":"https:\/\/gruposumyteck.com\/#organization"},"alternateName":"gruposumyteck.com","potentialAction":[{"@type":"SearchAction","target":{"@type":"EntryPoint","urlTemplate":"https:\/\/gruposumyteck.com\/?s={search_term_string}"},"query-input":{"@type":"PropertyValueSpecification","valueRequired":true,"valueName":"search_term_string"}}],"inLanguage":"es"},{"@type":"Organization","@id":"https:\/\/gruposumyteck.com\/#organization","name":"Grupo Sumyteck SAS","alternateName":"gruposumyteck.com","url":"https:\/\/gruposumyteck.com\/","logo":{"@type":"ImageObject","inLanguage":"es","@id":"https:\/\/gruposumyteck.com\/#\/schema\/logo\/image\/","url":"https:\/\/gruposumyteck.com\/wp-content\/uploads\/2024\/03\/Favicon.png","contentUrl":"https:\/\/gruposumyteck.com\/wp-content\/uploads\/2024\/03\/Favicon.png","width":384,"height":384,"caption":"Grupo Sumyteck SAS"},"image":{"@id":"https:\/\/gruposumyteck.com\/#\/schema\/logo\/image\/"},"sameAs":["https:\/\/es-la.facebook.com\/SumyteckSAS\/","https:\/\/x.com\/Sumyteck","https:\/\/www.youtube.com\/channel\/UCoHQzJTzEsi317O4N3k9Zbw","https:\/\/www.instagram.com\/gruposumyteck\/"]}]}},"_links":{"self":[{"href":"https:\/\/gruposumyteck.com\/index.php?rest_route=\/wp\/v2\/pages\/4866","targetHints":{"allow":["GET"]}}],"collection":[{"href":"https:\/\/gruposumyteck.com\/index.php?rest_route=\/wp\/v2\/pages"}],"about":[{"href":"https:\/\/gruposumyteck.com\/index.php?rest_route=\/wp\/v2\/types\/page"}],"author":[{"embeddable":true,"href":"https:\/\/gruposumyteck.com\/index.php?rest_route=\/wp\/v2\/users\/1"}],"replies":[{"embeddable":true,"href":"https:\/\/gruposumyteck.com\/index.php?rest_route=%2Fwp%2Fv2%2Fcomments&post=4866"}],"version-history":[{"count":1,"href":"https:\/\/gruposumyteck.com\/index.php?rest_route=\/wp\/v2\/pages\/4866\/revisions"}],"predecessor-version":[{"id":4867,"href":"https:\/\/gruposumyteck.com\/index.php?rest_route=\/wp\/v2\/pages\/4866\/revisions\/4867"}],"wp:featuredmedia":[{"embeddable":true,"href":"https:\/\/gruposumyteck.com\/index.php?rest_route=\/wp\/v2\/media\/4814"}],"wp:attachment":[{"href":"https:\/\/gruposumyteck.com\/index.php?rest_route=%2Fwp%2Fv2%2Fmedia&parent=4866"}],"curies":[{"name":"wp","href":"https:\/\/api.w.org\/{rel}","templated":true}]}}