{"id":4864,"date":"2024-03-29T10:20:52","date_gmt":"2024-03-29T15:20:52","guid":{"rendered":"https:\/\/gruposumyteck.com\/?page_id=4864"},"modified":"2025-04-27T19:37:53","modified_gmt":"2025-04-28T00:37:53","slug":"carpinteria-metalica","status":"publish","type":"page","link":"https:\/\/gruposumyteck.com\/?page_id=4864","title":{"rendered":"Carpinter\u00eda met\u00e1lica"},"content":{"rendered":"<p>[et_pb_section fb_built=\u00bb1&#8243; custom_padding_last_edited=\u00bbon|desktop\u00bb _builder_version=\u00bb4.16&#8243; custom_margin=\u00bb-25px|0px|0px|0px|false|false\u00bb custom_margin_tablet=\u00bb-29px||||false|false\u00bb custom_margin_phone=\u00bb-29px||||false|false\u00bb custom_margin_last_edited=\u00bbon|phone\u00bb custom_padding=\u00bb0px||0px||false|false\u00bb custom_padding_tablet=\u00bb||10px||false|false\u00bb custom_padding_phone=\u00bb0px||||false|false\u00bb top_divider_height=\u00bb0px\u00bb global_colors_info=\u00bb{}\u00bb][et_pb_row disabled_on=\u00bbon|off|off\u00bb _builder_version=\u00bb4.16&#8243; global_colors_info=\u00bb{}\u00bb][et_pb_column type=\u00bb4_4&#8243; _builder_version=\u00bb4.16&#8243; global_colors_info=\u00bb{}\u00bb][et_pb_nextend_smart_slider_3 slider=\u00bb22&#8243; _builder_version=\u00bb4.3.1&#8243; global_colors_info=\u00bb{}\u00bb][\/et_pb_nextend_smart_slider_3][\/et_pb_column][\/et_pb_row][et_pb_row disabled_on=\u00bboff|on|on\u00bb _builder_version=\u00bb4.16&#8243; global_colors_info=\u00bb{}\u00bb][et_pb_column type=\u00bb4_4&#8243; _builder_version=\u00bb4.16&#8243; global_colors_info=\u00bb{}\u00bb][et_pb_nextend_smart_slider_3 slider=\u00bb26&#8243; _builder_version=\u00bb4.3.1&#8243; global_colors_info=\u00bb{}\u00bb][\/et_pb_nextend_smart_slider_3][\/et_pb_column][\/et_pb_row][et_pb_row use_custom_gutter=\u00bbon\u00bb _builder_version=\u00bb4.16&#8243; width=\u00bb95%\u00bb max_width=\u00bb1920px\u00bb custom_padding=\u00bb13px||5px|||\u00bb global_colors_info=\u00bb{}\u00bb][et_pb_column type=\u00bb4_4&#8243; _builder_version=\u00bb4.16&#8243; global_colors_info=\u00bb{}\u00bb][et_pb_text _builder_version=\u00bb4.16&#8243; global_colors_info=\u00bb{}\u00bb]<\/p>\n<h1 style=\"text-align: center;\"><span style=\"color: #993300;\"><strong>CARPINTERIA MET\u00c1LICA<\/strong><\/span><\/h1>\n<p>[\/et_pb_text][\/et_pb_column][\/et_pb_row][et_pb_row use_custom_gutter=\u00bbon\u00bb _builder_version=\u00bb4.16&#8243; width=\u00bb95%\u00bb max_width=\u00bb1920px\u00bb custom_padding=\u00bb5px||0px|||\u00bb global_colors_info=\u00bb{}\u00bb][et_pb_column type=\u00bb4_4&#8243; _builder_version=\u00bb4.16&#8243; global_colors_info=\u00bb{}\u00bb][et_pb_cta title=\u00bbFabricaci\u00f3n de Productos Met\u00e1licos\u00bb url_new_window=\u00bbon\u00bb button_text=\u00bb\u00a1Solicite su cotizaci\u00f3n!\u00bb _builder_version=\u00bb4.16&#8243; header_level=\u00bbh1&#8243; header_font=\u00bbBitter|700|||||||\u00bb header_font_size=\u00bb32px\u00bb header_line_height=\u00bb1.2em\u00bb body_font_size=\u00bb16px\u00bb body_line_height=\u00bb1.6em\u00bb use_background_color=\u00bboff\u00bb custom_button=\u00bbon\u00bb button_text_size=\u00bb18px\u00bb button_text_color=\u00bb#ffffff\u00bb button_bg_color=\u00bb#F49902&#8243; button_border_width=\u00bb0px\u00bb button_border_radius=\u00bb5px\u00bb button_font=\u00bb|600|||||||\u00bb button_icon=\u00bb&#x39;||divi||400&#8243; button_alignment=\u00bbcenter\u00bb background_layout=\u00bblight\u00bb custom_margin=\u00bb0px||||false|false\u00bb custom_padding=\u00bb||0px|||\u00bb button_text_shadow_style=\u00bbpreset1&#8243; button_text_shadow_horizontal_length=\u00bb0.1em\u00bb box_shadow_style_button=\u00bbpreset2&#8243; global_colors_info=\u00bb{}\u00bb]<\/p>\n<p style=\"text-align: justify;\">Fabricamos todo tipo de muebles met\u00e1licos para el sector de la <a href=\"https:\/\/es.wikipedia.org\/wiki\/Construcci%C3%B3n\" target=\"_blank\" rel=\"noopener noreferrer\">construcci\u00f3n<\/a> dando as\u00ed una soluci\u00f3n completa a cualquier tipo de requerimiento de carpinter\u00eda met\u00e1lica de nuestros clientes.<\/p>\n<p style=\"text-align: justify;\">Para <strong>Grupo Sumyteck SAS<\/strong> es muy satisfactorio poner a su disposici\u00f3n el conocimiento y la trayectoria de nuestra compa\u00f1\u00eda en el campo de la carpinter\u00eda met\u00e1lica, ofrecemos productos y servicios en obras de estructura met\u00e1lica, estructura liviana, cubiertas, aluminio estructural, cerramientos met\u00e1licos, plataformas met\u00e1licas y obras arquitect\u00f3nicas, fachadas flotantes.<\/p>\n<p>[\/et_pb_cta][\/et_pb_column][\/et_pb_row][et_pb_row column_structure=\u00bb1_3,1_3,1_3&#8243; use_custom_gutter=\u00bbon\u00bb _builder_version=\u00bb4.16&#8243; width=\u00bb95%\u00bb max_width=\u00bb1920px\u00bb custom_padding=\u00bb||10px|||\u00bb global_colors_info=\u00bb{}\u00bb][et_pb_column type=\u00bb1_3&#8243; _builder_version=\u00bb4.16&#8243; global_colors_info=\u00bb{}\u00bb][et_pb_blurb image=\u00bbhttps:\/\/gruposumyteck.com\/wp-content\/uploads\/2024\/05\/Productosmetalicos1.jpg\u00bb content_max_width=\u00bb1100px\u00bb _builder_version=\u00bb4.16&#8243; global_colors_info=\u00bb{}\u00bb]<\/p>\n<h3 style=\"text-align: center;\"><span style=\"color: #993300;\"><strong>Estructura Met\u00e1lica<\/strong><\/span><\/h3>\n<p>[\/et_pb_blurb][\/et_pb_column][et_pb_column type=\u00bb1_3&#8243; _builder_version=\u00bb4.16&#8243; global_colors_info=\u00bb{}\u00bb][et_pb_blurb image=\u00bbhttps:\/\/gruposumyteck.com\/wp-content\/uploads\/2024\/05\/Productosmetalicos2.jpg\u00bb _builder_version=\u00bb4.16&#8243; global_colors_info=\u00bb{}\u00bb]<\/p>\n<h3 style=\"text-align: center;\"><span style=\"color: #993300;\"><strong>Cubiertas Policarbonato<\/strong><\/span><\/h3>\n<p>[\/et_pb_blurb][\/et_pb_column][et_pb_column type=\u00bb1_3&#8243; _builder_version=\u00bb4.16&#8243; global_colors_info=\u00bb{}\u00bb][et_pb_blurb image=\u00bbhttps:\/\/gruposumyteck.com\/wp-content\/uploads\/2024\/05\/Productosmetalicos3.jpg\u00bb _builder_version=\u00bb4.16&#8243; global_colors_info=\u00bb{}\u00bb]<\/p>\n<h3 style=\"text-align: center;\"><span style=\"color: #993300;\"><strong>Cerramiento Met\u00e1lico<\/strong><\/span><\/h3>\n<p>[\/et_pb_blurb][\/et_pb_column][\/et_pb_row][et_pb_row column_structure=\u00bb1_3,1_3,1_3&#8243; use_custom_gutter=\u00bbon\u00bb _builder_version=\u00bb4.16&#8243; width=\u00bb95%\u00bb max_width=\u00bb1920px\u00bb custom_padding=\u00bb||10px|||\u00bb global_colors_info=\u00bb{}\u00bb][et_pb_column type=\u00bb1_3&#8243; _builder_version=\u00bb4.16&#8243; global_colors_info=\u00bb{}\u00bb][et_pb_blurb image=\u00bbhttps:\/\/gruposumyteck.com\/wp-content\/uploads\/2024\/05\/Productosmetalicos4.jpg\u00bb _builder_version=\u00bb4.16&#8243; global_colors_info=\u00bb{}\u00bb]<\/p>\n<h3 style=\"text-align: center;\"><span style=\"color: #993300;\"><strong>Fabricaci\u00f3n de Mezanines<\/strong><\/span><\/h3>\n<p>[\/et_pb_blurb][\/et_pb_column][et_pb_column type=\u00bb1_3&#8243; _builder_version=\u00bb4.16&#8243; global_colors_info=\u00bb{}\u00bb][et_pb_blurb image=\u00bbhttps:\/\/gruposumyteck.com\/wp-content\/uploads\/2024\/05\/Productosmetalicos5.jpg\u00bb _builder_version=\u00bb4.16&#8243; global_colors_info=\u00bb{}\u00bb]<\/p>\n<h3 style=\"text-align: center;\"><span style=\"color: #993300;\"><strong>Escaleras Met\u00e1licas<\/strong><\/span><\/h3>\n<p>[\/et_pb_blurb][\/et_pb_column][et_pb_column type=\u00bb1_3&#8243; _builder_version=\u00bb4.16&#8243; global_colors_info=\u00bb{}\u00bb][et_pb_blurb image=\u00bbhttps:\/\/gruposumyteck.com\/wp-content\/uploads\/2024\/05\/Productosmetalicos6.jpg\u00bb _builder_version=\u00bb4.16&#8243; global_colors_info=\u00bb{}\u00bb]<\/p>\n<h3 style=\"text-align: center;\"><span style=\"color: #993300;\"><strong>Postes Met\u00e1licos<\/strong><\/span><\/h3>\n<p>[\/et_pb_blurb][\/et_pb_column][\/et_pb_row][et_pb_row column_structure=\u00bb1_3,1_3,1_3&#8243; use_custom_gutter=\u00bbon\u00bb _builder_version=\u00bb4.16&#8243; width=\u00bb95%\u00bb max_width=\u00bb1920px\u00bb custom_padding=\u00bb||10px|||\u00bb global_colors_info=\u00bb{}\u00bb][et_pb_column type=\u00bb1_3&#8243; _builder_version=\u00bb4.16&#8243; global_colors_info=\u00bb{}\u00bb][et_pb_blurb image=\u00bbhttps:\/\/gruposumyteck.com\/wp-content\/uploads\/2024\/05\/Productosmetalicos7.jpg\u00bb _builder_version=\u00bb4.16&#8243; global_colors_info=\u00bb{}\u00bb]<\/p>\n<h3 style=\"text-align: center;\"><span style=\"color: #993300;\"><strong>Puertas Met\u00e1licas<\/strong><\/span><\/h3>\n<p>[\/et_pb_blurb][\/et_pb_column][et_pb_column type=\u00bb1_3&#8243; _builder_version=\u00bb4.16&#8243; global_colors_info=\u00bb{}\u00bb][et_pb_blurb image=\u00bbhttps:\/\/gruposumyteck.com\/wp-content\/uploads\/2024\/05\/Productosmetalicos11.jpg\u00bb _builder_version=\u00bb4.16&#8243; global_colors_info=\u00bb{}\u00bb]<\/p>\n<h3 style=\"text-align: center;\"><span style=\"color: #993300;\"><strong>Estructura Liviana<\/strong><\/span><\/h3>\n<p>[\/et_pb_blurb][\/et_pb_column][et_pb_column type=\u00bb1_3&#8243; _builder_version=\u00bb4.16&#8243; global_colors_info=\u00bb{}\u00bb][et_pb_blurb image=\u00bbhttps:\/\/gruposumyteck.com\/wp-content\/uploads\/2024\/05\/Productosmetalicos8.jpg\u00bb _builder_version=\u00bb4.16&#8243; global_colors_info=\u00bb{}\u00bb]<\/p>\n<h3 style=\"text-align: center;\"><span style=\"color: #993300;\"><strong>Ventaneria Aluminio<\/strong><\/span><\/h3>\n<p>[\/et_pb_blurb][\/et_pb_column][\/et_pb_row][et_pb_row use_custom_gutter=\u00bbon\u00bb _builder_version=\u00bb4.16&#8243; width=\u00bb95%\u00bb max_width=\u00bb1920px\u00bb custom_padding=\u00bb5px|||||\u00bb global_colors_info=\u00bb{}\u00bb][et_pb_column type=\u00bb4_4&#8243; _builder_version=\u00bb4.16&#8243; global_colors_info=\u00bb{}\u00bb][et_pb_cta button_url=\u00bbhttps:\/\/wa.link\/clwx4n\u00bb url_new_window=\u00bbon\u00bb button_text=\u00bb\u00a1Solicite su cotizaci\u00f3n!\u00bb _builder_version=\u00bb4.16&#8243; header_level=\u00bbh1&#8243; header_font=\u00bbBitter|700|||||||\u00bb header_font_size=\u00bb32px\u00bb header_line_height=\u00bb1.2em\u00bb body_font_size=\u00bb16px\u00bb body_line_height=\u00bb1.6em\u00bb use_background_color=\u00bboff\u00bb custom_button=\u00bbon\u00bb button_text_size=\u00bb18px\u00bb button_text_color=\u00bb#ffffff\u00bb button_bg_color=\u00bb#F49902&#8243; button_border_width=\u00bb0px\u00bb button_border_radius=\u00bb5px\u00bb button_font=\u00bb|600|||||||\u00bb button_icon=\u00bb&#x39;||divi||400&#8243; button_alignment=\u00bbcenter\u00bb background_layout=\u00bblight\u00bb custom_margin=\u00bb0px||||false|false\u00bb button_text_shadow_style=\u00bbpreset1&#8243; button_text_shadow_horizontal_length=\u00bb0.1em\u00bb box_shadow_style_button=\u00bbpreset2&#8243; global_colors_info=\u00bb{}\u00bb]<\/p>\n<p style=\"text-align: justify;\">Tenemos a su disposici\u00f3n un equipo interdisciplinario encargado de dise\u00f1ar, fabricar e instalar todo tipo de estructuras met\u00e1licas de excelente terminado, as\u00ed mismo nuestra planta de producci\u00f3n cuenta con una serie de equipos especializados que nos permiten ofrecer excelentes tiempos de producci\u00f3n y el mejor acabado para todos nuestros proyectos.<\/p>\n<p style=\"text-align: justify;\">Contamos con una l\u00ednea de <a href=\"https:\/\/gruposumyteck.com\/pintura-electrostatica\/\">pintura electrost\u00e1tica<\/a> y el proceso de <a href=\"https:\/\/gruposumyteck.com\/granallado\/\">granallado<\/a> para dar un excelente acabado a cada uno de nuestros proyectos.<\/p>\n<p style=\"text-align: justify;\">\n<h4><span style=\"color: #993300;\"><strong><\/strong><\/span><\/h4>\n<h4><span style=\"color: #993300;\"><strong>Dentro de los proyectos met\u00e1licos que podemos ejecutar se encuentran:<\/strong><\/span><\/h4>\n<ul>\n<li style=\"text-align: left;\">Puertas y portones.<\/li>\n<li style=\"text-align: left;\">Cerramientos met\u00e1licos.<\/li>\n<li style=\"text-align: left;\">Muebles Met\u00e1licos.<\/li>\n<li style=\"text-align: left;\">Muebles en acero inoxidable.<\/li>\n<li style=\"text-align: left;\">Postes met\u00e1licos<\/li>\n<li style=\"text-align: left;\">Estructura para cubiertas.<\/li>\n<li style=\"text-align: left;\">Escaleras met\u00e1licas.<\/li>\n<li style=\"text-align: left;\">Cerramientos met\u00e1licos.<\/li>\n<li style=\"text-align: left;\">Plataformas o mezzanines met\u00e1licos.<\/li>\n<li style=\"text-align: left;\">Fachadas Flotantes<\/li>\n<\/ul>\n<p>[\/et_pb_cta][\/et_pb_column][\/et_pb_row][\/et_pb_section]<\/p>\n","protected":false},"excerpt":{"rendered":"<p>CARPINTERIA MET\u00c1LICAFabricamos todo tipo de muebles met\u00e1licos para el sector de la construcci\u00f3n dando as\u00ed una soluci\u00f3n completa a cualquier tipo de requerimiento de carpinter\u00eda met\u00e1lica de nuestros clientes. Para Grupo Sumyteck SAS es muy satisfactorio poner a su disposici\u00f3n el conocimiento y la trayectoria de nuestra compa\u00f1\u00eda en el campo de la carpinter\u00eda met\u00e1lica, [&hellip;]<\/p>\n","protected":false},"author":1,"featured_media":4811,"parent":0,"menu_order":0,"comment_status":"closed","ping_status":"closed","template":"","meta":{"_et_pb_use_builder":"on","_et_pb_old_content":"","_et_gb_content_width":"","footnotes":""},"class_list":["post-4864","page","type-page","status-publish","has-post-thumbnail","hentry"],"yoast_head":"<!-- This site is optimized with the Yoast SEO plugin v27.4 - https:\/\/yoast.com\/product\/yoast-seo-wordpress\/ -->\n<title>\u2705Carpinter\u00eda Met\u00e1lica, fabricaci\u00f3n muebles met\u00e1licos \u2714<\/title>\n<meta name=\"description\" content=\"Carpinter\u00eda Met\u00e1lica, productos y servicios en obras de estructura met\u00e1lica, estructura liviana, cubiertas, aluminio estructural.\" \/>\n<meta name=\"robots\" content=\"index, follow, max-snippet:-1, max-image-preview:large, max-video-preview:-1\" \/>\n<link rel=\"canonical\" href=\"https:\/\/gruposumyteck.com\/?page_id=4864\" \/>\n<meta property=\"og:locale\" content=\"es_ES\" \/>\n<meta property=\"og:type\" content=\"article\" \/>\n<meta property=\"og:title\" content=\"\u2705Carpinter\u00eda Met\u00e1lica, fabricaci\u00f3n muebles met\u00e1licos \u2714\" \/>\n<meta property=\"og:description\" content=\"Carpinter\u00eda Met\u00e1lica, productos y servicios en obras de estructura met\u00e1lica, estructura liviana, cubiertas, aluminio estructural.\" \/>\n<meta property=\"og:url\" content=\"https:\/\/gruposumyteck.com\/?page_id=4864\" \/>\n<meta property=\"og:site_name\" content=\"Grupo Sumyteck SAS\" \/>\n<meta property=\"article:publisher\" content=\"https:\/\/es-la.facebook.com\/SumyteckSAS\/\" \/>\n<meta property=\"article:modified_time\" content=\"2025-04-28T00:37:53+00:00\" \/>\n<meta property=\"og:image\" content=\"https:\/\/gruposumyteck.com\/wp-content\/uploads\/2024\/03\/portafolio_soluciones_11.jpg\" \/>\n\t<meta property=\"og:image:width\" content=\"480\" \/>\n\t<meta property=\"og:image:height\" content=\"240\" \/>\n\t<meta property=\"og:image:type\" content=\"image\/jpeg\" \/>\n<meta name=\"twitter:card\" content=\"summary_large_image\" \/>\n<meta name=\"twitter:site\" content=\"@Sumyteck\" \/>\n<meta name=\"twitter:label1\" content=\"Tiempo de lectura\" \/>\n\t<meta name=\"twitter:data1\" content=\"4 minutos\" \/>\n<script type=\"application\/ld+json\" class=\"yoast-schema-graph\">{\"@context\":\"https:\\\/\\\/schema.org\",\"@graph\":[{\"@type\":\"WebPage\",\"@id\":\"https:\\\/\\\/gruposumyteck.com\\\/?page_id=4864\",\"url\":\"https:\\\/\\\/gruposumyteck.com\\\/?page_id=4864\",\"name\":\"\u2705Carpinter\u00eda Met\u00e1lica, fabricaci\u00f3n muebles met\u00e1licos \u2714\",\"isPartOf\":{\"@id\":\"https:\\\/\\\/gruposumyteck.com\\\/#website\"},\"primaryImageOfPage\":{\"@id\":\"https:\\\/\\\/gruposumyteck.com\\\/?page_id=4864#primaryimage\"},\"image\":{\"@id\":\"https:\\\/\\\/gruposumyteck.com\\\/?page_id=4864#primaryimage\"},\"thumbnailUrl\":\"https:\\\/\\\/gruposumyteck.com\\\/wp-content\\\/uploads\\\/2024\\\/03\\\/portafolio_soluciones_11.jpg\",\"datePublished\":\"2024-03-29T15:20:52+00:00\",\"dateModified\":\"2025-04-28T00:37:53+00:00\",\"description\":\"Carpinter\u00eda Met\u00e1lica, productos y servicios en obras de estructura met\u00e1lica, estructura liviana, cubiertas, aluminio estructural.\",\"breadcrumb\":{\"@id\":\"https:\\\/\\\/gruposumyteck.com\\\/?page_id=4864#breadcrumb\"},\"inLanguage\":\"es\",\"potentialAction\":[{\"@type\":\"ReadAction\",\"target\":[\"https:\\\/\\\/gruposumyteck.com\\\/?page_id=4864\"]}]},{\"@type\":\"ImageObject\",\"inLanguage\":\"es\",\"@id\":\"https:\\\/\\\/gruposumyteck.com\\\/?page_id=4864#primaryimage\",\"url\":\"https:\\\/\\\/gruposumyteck.com\\\/wp-content\\\/uploads\\\/2024\\\/03\\\/portafolio_soluciones_11.jpg\",\"contentUrl\":\"https:\\\/\\\/gruposumyteck.com\\\/wp-content\\\/uploads\\\/2024\\\/03\\\/portafolio_soluciones_11.jpg\",\"width\":480,\"height\":240,\"caption\":\"Carpinter\u00eda Met\u00e1lica\"},{\"@type\":\"BreadcrumbList\",\"@id\":\"https:\\\/\\\/gruposumyteck.com\\\/?page_id=4864#breadcrumb\",\"itemListElement\":[{\"@type\":\"ListItem\",\"position\":1,\"name\":\"Inicio\",\"item\":\"https:\\\/\\\/gruposumyteck.com\\\/\"},{\"@type\":\"ListItem\",\"position\":2,\"name\":\"Carpinter\u00eda met\u00e1lica\"}]},{\"@type\":\"WebSite\",\"@id\":\"https:\\\/\\\/gruposumyteck.com\\\/#website\",\"url\":\"https:\\\/\\\/gruposumyteck.com\\\/\",\"name\":\"Grupo Sumyteck SAS\",\"description\":\"La mejor selecci\u00f3n de productos para ventilaci\u00f3n: extractores de aire, ventiladores industriales, ductos, compuertas, rejillas, filtros y controladores\",\"publisher\":{\"@id\":\"https:\\\/\\\/gruposumyteck.com\\\/#organization\"},\"alternateName\":\"gruposumyteck.com\",\"potentialAction\":[{\"@type\":\"SearchAction\",\"target\":{\"@type\":\"EntryPoint\",\"urlTemplate\":\"https:\\\/\\\/gruposumyteck.com\\\/?s={search_term_string}\"},\"query-input\":{\"@type\":\"PropertyValueSpecification\",\"valueRequired\":true,\"valueName\":\"search_term_string\"}}],\"inLanguage\":\"es\"},{\"@type\":\"Organization\",\"@id\":\"https:\\\/\\\/gruposumyteck.com\\\/#organization\",\"name\":\"Grupo Sumyteck SAS\",\"alternateName\":\"gruposumyteck.com\",\"url\":\"https:\\\/\\\/gruposumyteck.com\\\/\",\"logo\":{\"@type\":\"ImageObject\",\"inLanguage\":\"es\",\"@id\":\"https:\\\/\\\/gruposumyteck.com\\\/#\\\/schema\\\/logo\\\/image\\\/\",\"url\":\"https:\\\/\\\/gruposumyteck.com\\\/wp-content\\\/uploads\\\/2024\\\/03\\\/Favicon.png\",\"contentUrl\":\"https:\\\/\\\/gruposumyteck.com\\\/wp-content\\\/uploads\\\/2024\\\/03\\\/Favicon.png\",\"width\":384,\"height\":384,\"caption\":\"Grupo Sumyteck SAS\"},\"image\":{\"@id\":\"https:\\\/\\\/gruposumyteck.com\\\/#\\\/schema\\\/logo\\\/image\\\/\"},\"sameAs\":[\"https:\\\/\\\/es-la.facebook.com\\\/SumyteckSAS\\\/\",\"https:\\\/\\\/x.com\\\/Sumyteck\",\"https:\\\/\\\/www.youtube.com\\\/channel\\\/UCoHQzJTzEsi317O4N3k9Zbw\",\"https:\\\/\\\/www.instagram.com\\\/gruposumyteck\\\/\"]}]}<\/script>\n<!-- \/ Yoast SEO plugin. -->","yoast_head_json":{"title":"\u2705Carpinter\u00eda Met\u00e1lica, fabricaci\u00f3n muebles met\u00e1licos \u2714","description":"Carpinter\u00eda Met\u00e1lica, productos y servicios en obras de estructura met\u00e1lica, estructura liviana, cubiertas, aluminio estructural.","robots":{"index":"index","follow":"follow","max-snippet":"max-snippet:-1","max-image-preview":"max-image-preview:large","max-video-preview":"max-video-preview:-1"},"canonical":"https:\/\/gruposumyteck.com\/?page_id=4864","og_locale":"es_ES","og_type":"article","og_title":"\u2705Carpinter\u00eda Met\u00e1lica, fabricaci\u00f3n muebles met\u00e1licos \u2714","og_description":"Carpinter\u00eda Met\u00e1lica, productos y servicios en obras de estructura met\u00e1lica, estructura liviana, cubiertas, aluminio estructural.","og_url":"https:\/\/gruposumyteck.com\/?page_id=4864","og_site_name":"Grupo Sumyteck SAS","article_publisher":"https:\/\/es-la.facebook.com\/SumyteckSAS\/","article_modified_time":"2025-04-28T00:37:53+00:00","og_image":[{"width":480,"height":240,"url":"https:\/\/gruposumyteck.com\/wp-content\/uploads\/2024\/03\/portafolio_soluciones_11.jpg","type":"image\/jpeg"}],"twitter_card":"summary_large_image","twitter_site":"@Sumyteck","twitter_misc":{"Tiempo de lectura":"4 minutos"},"schema":{"@context":"https:\/\/schema.org","@graph":[{"@type":"WebPage","@id":"https:\/\/gruposumyteck.com\/?page_id=4864","url":"https:\/\/gruposumyteck.com\/?page_id=4864","name":"\u2705Carpinter\u00eda Met\u00e1lica, fabricaci\u00f3n muebles met\u00e1licos \u2714","isPartOf":{"@id":"https:\/\/gruposumyteck.com\/#website"},"primaryImageOfPage":{"@id":"https:\/\/gruposumyteck.com\/?page_id=4864#primaryimage"},"image":{"@id":"https:\/\/gruposumyteck.com\/?page_id=4864#primaryimage"},"thumbnailUrl":"https:\/\/gruposumyteck.com\/wp-content\/uploads\/2024\/03\/portafolio_soluciones_11.jpg","datePublished":"2024-03-29T15:20:52+00:00","dateModified":"2025-04-28T00:37:53+00:00","description":"Carpinter\u00eda Met\u00e1lica, productos y servicios en obras de estructura met\u00e1lica, estructura liviana, cubiertas, aluminio estructural.","breadcrumb":{"@id":"https:\/\/gruposumyteck.com\/?page_id=4864#breadcrumb"},"inLanguage":"es","potentialAction":[{"@type":"ReadAction","target":["https:\/\/gruposumyteck.com\/?page_id=4864"]}]},{"@type":"ImageObject","inLanguage":"es","@id":"https:\/\/gruposumyteck.com\/?page_id=4864#primaryimage","url":"https:\/\/gruposumyteck.com\/wp-content\/uploads\/2024\/03\/portafolio_soluciones_11.jpg","contentUrl":"https:\/\/gruposumyteck.com\/wp-content\/uploads\/2024\/03\/portafolio_soluciones_11.jpg","width":480,"height":240,"caption":"Carpinter\u00eda Met\u00e1lica"},{"@type":"BreadcrumbList","@id":"https:\/\/gruposumyteck.com\/?page_id=4864#breadcrumb","itemListElement":[{"@type":"ListItem","position":1,"name":"Inicio","item":"https:\/\/gruposumyteck.com\/"},{"@type":"ListItem","position":2,"name":"Carpinter\u00eda met\u00e1lica"}]},{"@type":"WebSite","@id":"https:\/\/gruposumyteck.com\/#website","url":"https:\/\/gruposumyteck.com\/","name":"Grupo Sumyteck SAS","description":"La mejor selecci\u00f3n de productos para ventilaci\u00f3n: extractores de aire, ventiladores industriales, ductos, compuertas, rejillas, filtros y controladores","publisher":{"@id":"https:\/\/gruposumyteck.com\/#organization"},"alternateName":"gruposumyteck.com","potentialAction":[{"@type":"SearchAction","target":{"@type":"EntryPoint","urlTemplate":"https:\/\/gruposumyteck.com\/?s={search_term_string}"},"query-input":{"@type":"PropertyValueSpecification","valueRequired":true,"valueName":"search_term_string"}}],"inLanguage":"es"},{"@type":"Organization","@id":"https:\/\/gruposumyteck.com\/#organization","name":"Grupo Sumyteck SAS","alternateName":"gruposumyteck.com","url":"https:\/\/gruposumyteck.com\/","logo":{"@type":"ImageObject","inLanguage":"es","@id":"https:\/\/gruposumyteck.com\/#\/schema\/logo\/image\/","url":"https:\/\/gruposumyteck.com\/wp-content\/uploads\/2024\/03\/Favicon.png","contentUrl":"https:\/\/gruposumyteck.com\/wp-content\/uploads\/2024\/03\/Favicon.png","width":384,"height":384,"caption":"Grupo Sumyteck SAS"},"image":{"@id":"https:\/\/gruposumyteck.com\/#\/schema\/logo\/image\/"},"sameAs":["https:\/\/es-la.facebook.com\/SumyteckSAS\/","https:\/\/x.com\/Sumyteck","https:\/\/www.youtube.com\/channel\/UCoHQzJTzEsi317O4N3k9Zbw","https:\/\/www.instagram.com\/gruposumyteck\/"]}]}},"_links":{"self":[{"href":"https:\/\/gruposumyteck.com\/index.php?rest_route=\/wp\/v2\/pages\/4864","targetHints":{"allow":["GET"]}}],"collection":[{"href":"https:\/\/gruposumyteck.com\/index.php?rest_route=\/wp\/v2\/pages"}],"about":[{"href":"https:\/\/gruposumyteck.com\/index.php?rest_route=\/wp\/v2\/types\/page"}],"author":[{"embeddable":true,"href":"https:\/\/gruposumyteck.com\/index.php?rest_route=\/wp\/v2\/users\/1"}],"replies":[{"embeddable":true,"href":"https:\/\/gruposumyteck.com\/index.php?rest_route=%2Fwp%2Fv2%2Fcomments&post=4864"}],"version-history":[{"count":3,"href":"https:\/\/gruposumyteck.com\/index.php?rest_route=\/wp\/v2\/pages\/4864\/revisions"}],"predecessor-version":[{"id":7139,"href":"https:\/\/gruposumyteck.com\/index.php?rest_route=\/wp\/v2\/pages\/4864\/revisions\/7139"}],"wp:featuredmedia":[{"embeddable":true,"href":"https:\/\/gruposumyteck.com\/index.php?rest_route=\/wp\/v2\/media\/4811"}],"wp:attachment":[{"href":"https:\/\/gruposumyteck.com\/index.php?rest_route=%2Fwp%2Fv2%2Fmedia&parent=4864"}],"curies":[{"name":"wp","href":"https:\/\/api.w.org\/{rel}","templated":true}]}}