{"id":4862,"date":"2024-03-29T10:20:21","date_gmt":"2024-03-29T15:20:21","guid":{"rendered":"https:\/\/gruposumyteck.com\/?page_id=4862"},"modified":"2025-04-19T18:07:45","modified_gmt":"2025-04-19T23:07:45","slug":"servicio-granallado-bogota","status":"publish","type":"page","link":"https:\/\/gruposumyteck.com\/?page_id=4862","title":{"rendered":"Granallado"},"content":{"rendered":"\n[et_pb_section fb_built=\u00bb1&#8243; custom_padding_last_edited=\u00bbon|desktop\u00bb _builder_version=\u00bb4.3.1&#8243; custom_margin=\u00bb-25px|0px|0px|0px|false|false\u00bb custom_margin_tablet=\u00bb-29px||||false|false\u00bb custom_margin_phone=\u00bb-29px||||false|false\u00bb custom_margin_last_edited=\u00bbon|phone\u00bb custom_padding=\u00bb0px||0px||false|false\u00bb custom_padding_tablet=\u00bb||10px||false|false\u00bb custom_padding_phone=\u00bb0px||||false|false\u00bb top_divider_height=\u00bb0px\u00bb][et_pb_row _builder_version=\u00bb4.3.1&#8243; hover_enabled=\u00bb0&#8243; disabled_on=\u00bbon|off|off\u00bb][et_pb_column type=\u00bb4_4&#8243; _builder_version=\u00bb4.3.1&#8243;][et_pb_nextend_smart_slider_3 slider=\u00bb23&#8243; _builder_version=\u00bb4.3.1&#8243;][\/et_pb_nextend_smart_slider_3][\/et_pb_column][\/et_pb_row][et_pb_row _builder_version=\u00bb4.3.1&#8243; hover_enabled=\u00bb0&#8243; disabled_on=\u00bboff|on|on\u00bb][et_pb_column type=\u00bb4_4&#8243; _builder_version=\u00bb4.3.1&#8243;][et_pb_nextend_smart_slider_3 slider=\u00bb26&#8243; _builder_version=\u00bb4.3.1&#8243; hover_enabled=\u00bb0&#8243;][\/et_pb_nextend_smart_slider_3][\/et_pb_column][\/et_pb_row][et_pb_row use_custom_gutter=\u00bbon\u00bb _builder_version=\u00bb4.3.1&#8243; width=\u00bb95%\u00bb max_width=\u00bb1920px\u00bb][et_pb_column type=\u00bb4_4&#8243; _builder_version=\u00bb4.3.1&#8243;][et_pb_text _builder_version=\u00bb4.3.1&#8243; custom_margin=\u00bb||0px|||\u00bb]<h1 style=\"text-align: center;\"><span style=\"color: #993300;\"><strong>Servicio de Granallado<\/strong><\/span><\/h1>[\/et_pb_text][et_pb_text _builder_version=\u00bb4.3.1&#8243; text_font_size=\u00bb16px\u00bb]<h2><strong>Servicio de Granallado en Bogot\u00e1 ( Preparaci\u00f3n de superficies).<\/strong><\/h2>\n<p style=\"text-align: justify;\">Ofrecemos el servicio de <strong>granallado<\/strong> seg\u00fan normas que es un proceso de limpieza, preparaci\u00f3n y acabado de superficies que se utiliza en una amplia gama de industrias, desde la fabricaci\u00f3n hasta la restauraci\u00f3n.<\/p>\n<p style=\"text-align: justify;\">Nuestro servicio permite eliminar el m\u00e1ximo de materiales contaminantes que puedan estar presentes en un elemento o una pieza de acero como \u00f3xidos, pinturas, residuos de fundici\u00f3n y grasas entre otros.<\/p>\n<p><strong>Excelentes tiempos de entrega del servicio ofrecido.<\/strong><\/p>[\/et_pb_text][\/et_pb_column][\/et_pb_row][et_pb_row column_structure=\u00bb3_5,2_5&#8243; use_custom_gutter=\u00bbon\u00bb _builder_version=\u00bb4.3.1&#8243; width=\u00bb95%\u00bb max_width=\u00bb1920px\u00bb custom_padding=\u00bb||0px|||\u00bb][et_pb_column type=\u00bb3_5&#8243; _builder_version=\u00bb4.3.1&#8243;][et_pb_cta title=\u00bbBENEFICIOS DEL GRANALLADO\u00bb url_new_window=\u00bbon\u00bb _builder_version=\u00bb4.3.1&#8243; header_level=\u00bbh1&#8243; header_font=\u00bbBitter|700|||||||\u00bb header_text_color=\u00bb#a03140&#8243; header_font_size=\u00bb26px\u00bb header_line_height=\u00bb1.2em\u00bb body_font_size=\u00bb16px\u00bb body_line_height=\u00bb1.6em\u00bb use_background_color=\u00bboff\u00bb button_icon=\u00bb%%24%%\u00bb button_alignment=\u00bbcenter\u00bb background_layout=\u00bblight\u00bb custom_margin=\u00bb0px||||false|false\u00bb]<p style=\"text-align: justify;\">Los beneficios del granallado incluyen la eliminaci\u00f3n eficiente de contaminantes superficiales, la mejora de la adherencia de recubrimientos subsiguientes, la preparaci\u00f3n de superficies para procesos de pintura o recubrimiento, y la restauraci\u00f3n de piezas desgastadas o corro\u00eddas. Adem\u00e1s, el granallado puede mejorar la resistencia a la fatiga de los materiales y proporcionar un acabado superficial uniforme y texturizado.<\/p>\n<p style=\"text-align: justify;\">En resumen, el servicio de granallado es fundamental para garantizar la calidad, durabilidad y funcionalidad de una amplia variedad de productos y componentes en numerosas industrias.<\/p>\n<p>Realizamos servicio de granallado seg\u00fan las normas.<\/p>\n<p style=\"text-align: left;\"><strong>EST\u00c1NDARES<\/strong><\/p>\n<ul>\n<li style=\"text-align: left;\">Blanco (SP-5)<\/li>\n<li style=\"text-align: left;\">Cercano a blanco (SP-10)<\/li>\n<li style=\"text-align: left;\">Comercial (SP-6)<\/li>\n<li style=\"text-align: left;\">Industrial (SP-14)<\/li>\n<\/ul>[\/et_pb_cta][\/et_pb_column][et_pb_column type=\u00bb2_5&#8243; _builder_version=\u00bb4.3.1&#8243;][et_pb_image src=\u00bbhttps:\/\/gruposumyteck.com\/wp-content\/uploads\/2024\/05\/granallado.jpg\u00bb align=\u00bbcenter\u00bb _builder_version=\u00bb4.3.1&#8243;][\/et_pb_image][\/et_pb_column][\/et_pb_row][\/et_pb_section][et_pb_section fb_built=\u00bb1&#8243; _builder_version=\u00bb4.3.1&#8243; custom_padding=\u00bb0px||1px|||\u00bb][et_pb_row use_custom_gutter=\u00bbon\u00bb _builder_version=\u00bb4.3.1&#8243; width=\u00bb95%\u00bb max_width=\u00bb1920px\u00bb module_alignment=\u00bbcenter\u00bb custom_margin=\u00bb|68px||68px|false|false\u00bb custom_padding=\u00bb4px|||||\u00bb][et_pb_column type=\u00bb4_4&#8243; _builder_version=\u00bb4.3.1&#8243;][et_pb_text _builder_version=\u00bb4.3.1&#8243; text_font_size=\u00bb16px\u00bb]<h3><strong>MATERIALES O SUPERFICIES QUE PODEMOS INTERVENIR<\/strong><\/h3>\n<ul>\n<li>Parrillas<\/li>\n<li>Tanques<\/li>\n<li>Barandas<\/li>\n<li>Marcos<\/li>\n<li>Estructuras<\/li>\n<li>Muebles met\u00e1licos<\/li>\n<li>Tuber\u00edas<\/li>\n<\/ul>[\/et_pb_text][\/et_pb_column][\/et_pb_row][et_pb_row _builder_version=\u00bb4.3.1&#8243; width=\u00bb100%\u00bb max_width=\u00bb1100px\u00bb module_alignment=\u00bbcenter\u00bb custom_margin=\u00bb|68px||68px|false|false\u00bb custom_padding=\u00bb0px|||||\u00bb][et_pb_column type=\u00bb4_4&#8243; _builder_version=\u00bb4.3.1&#8243;][et_pb_cta button_url=\u00bbhttps:\/\/wa.link\/6og2fv\u00bb url_new_window=\u00bbon\u00bb button_text=\u00bb\u00a1Solicite su Cotizaci\u00f3n!\u00bb _builder_version=\u00bb4.3.1&#8243; header_level=\u00bbh1&#8243; header_font=\u00bbBitter|700|||||||\u00bb header_font_size=\u00bb32px\u00bb header_line_height=\u00bb1.2em\u00bb body_font_size=\u00bb16px\u00bb body_line_height=\u00bb1.6em\u00bb use_background_color=\u00bboff\u00bb custom_button=\u00bbon\u00bb button_text_size=\u00bb18px\u00bb button_text_color=\u00bb#ffffff\u00bb button_bg_color=\u00bb#F49902&#8243; button_border_width=\u00bb0px\u00bb button_border_radius=\u00bb5px\u00bb button_font=\u00bb|600|||||||\u00bb button_icon=\u00bb%%24%%\u00bb button_alignment=\u00bbcenter\u00bb background_layout=\u00bblight\u00bb custom_margin=\u00bb0px||||false|false\u00bb animation_style=\u00bbzoom\u00bb button_text_shadow_style=\u00bbpreset1&#8243; button_text_shadow_horizontal_length=\u00bb0.1em\u00bb box_shadow_style_button=\u00bbpreset2&#8243;][\/et_pb_cta][\/et_pb_column][\/et_pb_row][\/et_pb_section]\n","protected":false},"excerpt":{"rendered":"<p>Servicio de GranalladoServicio de Granallado en Bogot\u00e1 ( Preparaci\u00f3n de superficies). Ofrecemos el servicio de granallado seg\u00fan normas que es un proceso de limpieza, preparaci\u00f3n y acabado de superficies que se utiliza en una amplia gama de industrias, desde la fabricaci\u00f3n hasta la restauraci\u00f3n. Nuestro servicio permite eliminar el m\u00e1ximo de materiales contaminantes que puedan [&hellip;]<\/p>\n","protected":false},"author":1,"featured_media":4809,"parent":0,"menu_order":0,"comment_status":"closed","ping_status":"closed","template":"","meta":{"_et_pb_use_builder":"on","_et_pb_old_content":"","_et_gb_content_width":"","footnotes":""},"class_list":["post-4862","page","type-page","status-publish","has-post-thumbnail","hentry"],"yoast_head":"<!-- This site is optimized with the Yoast SEO plugin v27.3 - https:\/\/yoast.com\/product\/yoast-seo-wordpress\/ -->\n<title>\u2705Servicio de Granallado en Bogot\u00e1 \u2714<\/title>\n<meta name=\"description\" content=\"Servicio de Granallado en Bogot\u00e1 para eliminar contaminantes como \u00f3xidos, pinturas, residuos de fundici\u00f3n y grasas en las piezas met\u00e1licas.\" \/>\n<meta name=\"robots\" content=\"index, follow, max-snippet:-1, max-image-preview:large, max-video-preview:-1\" \/>\n<link rel=\"canonical\" href=\"https:\/\/gruposumyteck.com\/?page_id=4862\" \/>\n<meta property=\"og:locale\" content=\"es_ES\" \/>\n<meta property=\"og:type\" content=\"article\" \/>\n<meta property=\"og:title\" content=\"\u2705Servicio de Granallado en Bogot\u00e1 \u2714\" \/>\n<meta property=\"og:description\" content=\"Servicio de Granallado en Bogot\u00e1 para eliminar contaminantes como \u00f3xidos, pinturas, residuos de fundici\u00f3n y grasas en las piezas met\u00e1licas.\" \/>\n<meta property=\"og:url\" content=\"https:\/\/gruposumyteck.com\/?page_id=4862\" \/>\n<meta property=\"og:site_name\" content=\"Grupo Sumyteck SAS\" \/>\n<meta property=\"article:publisher\" content=\"https:\/\/es-la.facebook.com\/SumyteckSAS\/\" \/>\n<meta property=\"article:modified_time\" content=\"2025-04-19T23:07:45+00:00\" \/>\n<meta property=\"og:image\" content=\"https:\/\/gruposumyteck.com\/wp-content\/uploads\/2024\/03\/portafolio_soluciones_10-1.jpg\" \/>\n\t<meta property=\"og:image:width\" content=\"480\" \/>\n\t<meta property=\"og:image:height\" content=\"240\" \/>\n\t<meta property=\"og:image:type\" content=\"image\/jpeg\" \/>\n<meta name=\"twitter:card\" content=\"summary_large_image\" \/>\n<meta name=\"twitter:site\" content=\"@Sumyteck\" \/>\n<meta name=\"twitter:label1\" content=\"Tiempo de lectura\" \/>\n\t<meta name=\"twitter:data1\" content=\"2 minutos\" \/>\n<script type=\"application\/ld+json\" class=\"yoast-schema-graph\">{\"@context\":\"https:\\\/\\\/schema.org\",\"@graph\":[{\"@type\":\"WebPage\",\"@id\":\"https:\\\/\\\/gruposumyteck.com\\\/?page_id=4862\",\"url\":\"https:\\\/\\\/gruposumyteck.com\\\/?page_id=4862\",\"name\":\"\u2705Servicio de Granallado en Bogot\u00e1 \u2714\",\"isPartOf\":{\"@id\":\"https:\\\/\\\/gruposumyteck.com\\\/#website\"},\"primaryImageOfPage\":{\"@id\":\"https:\\\/\\\/gruposumyteck.com\\\/?page_id=4862#primaryimage\"},\"image\":{\"@id\":\"https:\\\/\\\/gruposumyteck.com\\\/?page_id=4862#primaryimage\"},\"thumbnailUrl\":\"https:\\\/\\\/gruposumyteck.com\\\/wp-content\\\/uploads\\\/2024\\\/03\\\/portafolio_soluciones_10-1.jpg\",\"datePublished\":\"2024-03-29T15:20:21+00:00\",\"dateModified\":\"2025-04-19T23:07:45+00:00\",\"description\":\"Servicio de Granallado en Bogot\u00e1 para eliminar contaminantes como \u00f3xidos, pinturas, residuos de fundici\u00f3n y grasas en las piezas met\u00e1licas.\",\"breadcrumb\":{\"@id\":\"https:\\\/\\\/gruposumyteck.com\\\/?page_id=4862#breadcrumb\"},\"inLanguage\":\"es\",\"potentialAction\":[{\"@type\":\"ReadAction\",\"target\":[\"https:\\\/\\\/gruposumyteck.com\\\/?page_id=4862\"]}]},{\"@type\":\"ImageObject\",\"inLanguage\":\"es\",\"@id\":\"https:\\\/\\\/gruposumyteck.com\\\/?page_id=4862#primaryimage\",\"url\":\"https:\\\/\\\/gruposumyteck.com\\\/wp-content\\\/uploads\\\/2024\\\/03\\\/portafolio_soluciones_10-1.jpg\",\"contentUrl\":\"https:\\\/\\\/gruposumyteck.com\\\/wp-content\\\/uploads\\\/2024\\\/03\\\/portafolio_soluciones_10-1.jpg\",\"width\":480,\"height\":240,\"caption\":\"Granallado\"},{\"@type\":\"BreadcrumbList\",\"@id\":\"https:\\\/\\\/gruposumyteck.com\\\/?page_id=4862#breadcrumb\",\"itemListElement\":[{\"@type\":\"ListItem\",\"position\":1,\"name\":\"Inicio\",\"item\":\"https:\\\/\\\/gruposumyteck.com\\\/\"},{\"@type\":\"ListItem\",\"position\":2,\"name\":\"Granallado\"}]},{\"@type\":\"WebSite\",\"@id\":\"https:\\\/\\\/gruposumyteck.com\\\/#website\",\"url\":\"https:\\\/\\\/gruposumyteck.com\\\/\",\"name\":\"Grupo Sumyteck SAS\",\"description\":\"La mejor selecci\u00f3n de productos para ventilaci\u00f3n: extractores de aire, ventiladores industriales, ductos, compuertas, rejillas, filtros y controladores\",\"publisher\":{\"@id\":\"https:\\\/\\\/gruposumyteck.com\\\/#organization\"},\"alternateName\":\"gruposumyteck.com\",\"potentialAction\":[{\"@type\":\"SearchAction\",\"target\":{\"@type\":\"EntryPoint\",\"urlTemplate\":\"https:\\\/\\\/gruposumyteck.com\\\/?s={search_term_string}\"},\"query-input\":{\"@type\":\"PropertyValueSpecification\",\"valueRequired\":true,\"valueName\":\"search_term_string\"}}],\"inLanguage\":\"es\"},{\"@type\":\"Organization\",\"@id\":\"https:\\\/\\\/gruposumyteck.com\\\/#organization\",\"name\":\"Grupo Sumyteck SAS\",\"alternateName\":\"gruposumyteck.com\",\"url\":\"https:\\\/\\\/gruposumyteck.com\\\/\",\"logo\":{\"@type\":\"ImageObject\",\"inLanguage\":\"es\",\"@id\":\"https:\\\/\\\/gruposumyteck.com\\\/#\\\/schema\\\/logo\\\/image\\\/\",\"url\":\"https:\\\/\\\/gruposumyteck.com\\\/wp-content\\\/uploads\\\/2024\\\/03\\\/Favicon.png\",\"contentUrl\":\"https:\\\/\\\/gruposumyteck.com\\\/wp-content\\\/uploads\\\/2024\\\/03\\\/Favicon.png\",\"width\":384,\"height\":384,\"caption\":\"Grupo Sumyteck SAS\"},\"image\":{\"@id\":\"https:\\\/\\\/gruposumyteck.com\\\/#\\\/schema\\\/logo\\\/image\\\/\"},\"sameAs\":[\"https:\\\/\\\/es-la.facebook.com\\\/SumyteckSAS\\\/\",\"https:\\\/\\\/x.com\\\/Sumyteck\",\"https:\\\/\\\/www.youtube.com\\\/channel\\\/UCoHQzJTzEsi317O4N3k9Zbw\",\"https:\\\/\\\/www.instagram.com\\\/gruposumyteck\\\/\"]}]}<\/script>\n<!-- \/ Yoast SEO plugin. -->","yoast_head_json":{"title":"\u2705Servicio de Granallado en Bogot\u00e1 \u2714","description":"Servicio de Granallado en Bogot\u00e1 para eliminar contaminantes como \u00f3xidos, pinturas, residuos de fundici\u00f3n y grasas en las piezas met\u00e1licas.","robots":{"index":"index","follow":"follow","max-snippet":"max-snippet:-1","max-image-preview":"max-image-preview:large","max-video-preview":"max-video-preview:-1"},"canonical":"https:\/\/gruposumyteck.com\/?page_id=4862","og_locale":"es_ES","og_type":"article","og_title":"\u2705Servicio de Granallado en Bogot\u00e1 \u2714","og_description":"Servicio de Granallado en Bogot\u00e1 para eliminar contaminantes como \u00f3xidos, pinturas, residuos de fundici\u00f3n y grasas en las piezas met\u00e1licas.","og_url":"https:\/\/gruposumyteck.com\/?page_id=4862","og_site_name":"Grupo Sumyteck SAS","article_publisher":"https:\/\/es-la.facebook.com\/SumyteckSAS\/","article_modified_time":"2025-04-19T23:07:45+00:00","og_image":[{"width":480,"height":240,"url":"https:\/\/gruposumyteck.com\/wp-content\/uploads\/2024\/03\/portafolio_soluciones_10-1.jpg","type":"image\/jpeg"}],"twitter_card":"summary_large_image","twitter_site":"@Sumyteck","twitter_misc":{"Tiempo de lectura":"2 minutos"},"schema":{"@context":"https:\/\/schema.org","@graph":[{"@type":"WebPage","@id":"https:\/\/gruposumyteck.com\/?page_id=4862","url":"https:\/\/gruposumyteck.com\/?page_id=4862","name":"\u2705Servicio de Granallado en Bogot\u00e1 \u2714","isPartOf":{"@id":"https:\/\/gruposumyteck.com\/#website"},"primaryImageOfPage":{"@id":"https:\/\/gruposumyteck.com\/?page_id=4862#primaryimage"},"image":{"@id":"https:\/\/gruposumyteck.com\/?page_id=4862#primaryimage"},"thumbnailUrl":"https:\/\/gruposumyteck.com\/wp-content\/uploads\/2024\/03\/portafolio_soluciones_10-1.jpg","datePublished":"2024-03-29T15:20:21+00:00","dateModified":"2025-04-19T23:07:45+00:00","description":"Servicio de Granallado en Bogot\u00e1 para eliminar contaminantes como \u00f3xidos, pinturas, residuos de fundici\u00f3n y grasas en las piezas met\u00e1licas.","breadcrumb":{"@id":"https:\/\/gruposumyteck.com\/?page_id=4862#breadcrumb"},"inLanguage":"es","potentialAction":[{"@type":"ReadAction","target":["https:\/\/gruposumyteck.com\/?page_id=4862"]}]},{"@type":"ImageObject","inLanguage":"es","@id":"https:\/\/gruposumyteck.com\/?page_id=4862#primaryimage","url":"https:\/\/gruposumyteck.com\/wp-content\/uploads\/2024\/03\/portafolio_soluciones_10-1.jpg","contentUrl":"https:\/\/gruposumyteck.com\/wp-content\/uploads\/2024\/03\/portafolio_soluciones_10-1.jpg","width":480,"height":240,"caption":"Granallado"},{"@type":"BreadcrumbList","@id":"https:\/\/gruposumyteck.com\/?page_id=4862#breadcrumb","itemListElement":[{"@type":"ListItem","position":1,"name":"Inicio","item":"https:\/\/gruposumyteck.com\/"},{"@type":"ListItem","position":2,"name":"Granallado"}]},{"@type":"WebSite","@id":"https:\/\/gruposumyteck.com\/#website","url":"https:\/\/gruposumyteck.com\/","name":"Grupo Sumyteck SAS","description":"La mejor selecci\u00f3n de productos para ventilaci\u00f3n: extractores de aire, ventiladores industriales, ductos, compuertas, rejillas, filtros y controladores","publisher":{"@id":"https:\/\/gruposumyteck.com\/#organization"},"alternateName":"gruposumyteck.com","potentialAction":[{"@type":"SearchAction","target":{"@type":"EntryPoint","urlTemplate":"https:\/\/gruposumyteck.com\/?s={search_term_string}"},"query-input":{"@type":"PropertyValueSpecification","valueRequired":true,"valueName":"search_term_string"}}],"inLanguage":"es"},{"@type":"Organization","@id":"https:\/\/gruposumyteck.com\/#organization","name":"Grupo Sumyteck SAS","alternateName":"gruposumyteck.com","url":"https:\/\/gruposumyteck.com\/","logo":{"@type":"ImageObject","inLanguage":"es","@id":"https:\/\/gruposumyteck.com\/#\/schema\/logo\/image\/","url":"https:\/\/gruposumyteck.com\/wp-content\/uploads\/2024\/03\/Favicon.png","contentUrl":"https:\/\/gruposumyteck.com\/wp-content\/uploads\/2024\/03\/Favicon.png","width":384,"height":384,"caption":"Grupo Sumyteck SAS"},"image":{"@id":"https:\/\/gruposumyteck.com\/#\/schema\/logo\/image\/"},"sameAs":["https:\/\/es-la.facebook.com\/SumyteckSAS\/","https:\/\/x.com\/Sumyteck","https:\/\/www.youtube.com\/channel\/UCoHQzJTzEsi317O4N3k9Zbw","https:\/\/www.instagram.com\/gruposumyteck\/"]}]}},"_links":{"self":[{"href":"https:\/\/gruposumyteck.com\/index.php?rest_route=\/wp\/v2\/pages\/4862","targetHints":{"allow":["GET"]}}],"collection":[{"href":"https:\/\/gruposumyteck.com\/index.php?rest_route=\/wp\/v2\/pages"}],"about":[{"href":"https:\/\/gruposumyteck.com\/index.php?rest_route=\/wp\/v2\/types\/page"}],"author":[{"embeddable":true,"href":"https:\/\/gruposumyteck.com\/index.php?rest_route=\/wp\/v2\/users\/1"}],"replies":[{"embeddable":true,"href":"https:\/\/gruposumyteck.com\/index.php?rest_route=%2Fwp%2Fv2%2Fcomments&post=4862"}],"version-history":[{"count":2,"href":"https:\/\/gruposumyteck.com\/index.php?rest_route=\/wp\/v2\/pages\/4862\/revisions"}],"predecessor-version":[{"id":6898,"href":"https:\/\/gruposumyteck.com\/index.php?rest_route=\/wp\/v2\/pages\/4862\/revisions\/6898"}],"wp:featuredmedia":[{"embeddable":true,"href":"https:\/\/gruposumyteck.com\/index.php?rest_route=\/wp\/v2\/media\/4809"}],"wp:attachment":[{"href":"https:\/\/gruposumyteck.com\/index.php?rest_route=%2Fwp%2Fv2%2Fmedia&parent=4862"}],"curies":[{"name":"wp","href":"https:\/\/api.w.org\/{rel}","templated":true}]}}