{"id":4854,"date":"2024-03-29T10:18:36","date_gmt":"2024-03-29T15:18:36","guid":{"rendered":"https:\/\/gruposumyteck.com\/?page_id=4854"},"modified":"2025-04-19T11:40:10","modified_gmt":"2025-04-19T16:40:10","slug":"areas-limpias-colombia","status":"publish","type":"page","link":"https:\/\/gruposumyteck.com\/?page_id=4854","title":{"rendered":"\u00c1reas limpias"},"content":{"rendered":"\n[et_pb_section fb_built=\u00bb1&#8243; custom_padding_last_edited=\u00bbon|desktop\u00bb _builder_version=\u00bb4.3.1&#8243; custom_margin=\u00bb-25px|0px|0px|0px|false|false\u00bb custom_margin_tablet=\u00bb-29px||||false|false\u00bb custom_margin_phone=\u00bb-29px||||false|false\u00bb custom_margin_last_edited=\u00bbon|phone\u00bb custom_padding=\u00bb0px||0px||false|false\u00bb custom_padding_tablet=\u00bb||10px||false|false\u00bb custom_padding_phone=\u00bb0px||||false|false\u00bb top_divider_height=\u00bb0px\u00bb][et_pb_row _builder_version=\u00bb4.3.1&#8243; width=\u00bb100%\u00bb max_width=\u00bb1920px\u00bb max_width_tablet=\u00bb\u00bb max_width_phone=\u00bb\u00bb max_width_last_edited=\u00bbon|phone\u00bb module_alignment=\u00bbcenter\u00bb height_tablet=\u00bb\u00bb height_phone=\u00bb\u00bb height_last_edited=\u00bbon|phone\u00bb max_height_tablet=\u00bb\u00bb max_height_phone=\u00bb\u00bb max_height_last_edited=\u00bbon|phone\u00bb hover_enabled=\u00bb0&#8243; disabled_on=\u00bbon|off|off\u00bb][et_pb_column type=\u00bb4_4&#8243; _builder_version=\u00bb4.3.1&#8243;][et_pb_nextend_smart_slider_3 slider=\u00bb16&#8243; disabled_on=\u00bboff|off|off\u00bb _builder_version=\u00bb4.3.1&#8243;][\/et_pb_nextend_smart_slider_3][\/et_pb_column][\/et_pb_row][et_pb_row _builder_version=\u00bb4.3.1&#8243; width=\u00bb100%\u00bb max_width=\u00bb1920px\u00bb max_width_tablet=\u00bb\u00bb max_width_phone=\u00bb\u00bb max_width_last_edited=\u00bbon|phone\u00bb module_alignment=\u00bbcenter\u00bb height_tablet=\u00bb\u00bb height_phone=\u00bb\u00bb height_last_edited=\u00bbon|phone\u00bb max_height_tablet=\u00bb\u00bb max_height_phone=\u00bb\u00bb max_height_last_edited=\u00bbon|phone\u00bb hover_enabled=\u00bb0&#8243; disabled_on=\u00bboff|on|on\u00bb][et_pb_column type=\u00bb4_4&#8243; _builder_version=\u00bb4.3.1&#8243;][et_pb_nextend_smart_slider_3 slider=\u00bb26&#8243; disabled_on=\u00bboff|off|off\u00bb _builder_version=\u00bb4.3.1&#8243; hover_enabled=\u00bb0&#8243;][\/et_pb_nextend_smart_slider_3][\/et_pb_column][\/et_pb_row][et_pb_row use_custom_gutter=\u00bbon\u00bb _builder_version=\u00bb4.3.1&#8243; width=\u00bb95%\u00bb max_width=\u00bb1920px\u00bb custom_padding=\u00bb||10px|||\u00bb][et_pb_column type=\u00bb4_4&#8243; _builder_version=\u00bb4.3.1&#8243;][et_pb_text _builder_version=\u00bb4.3.1&#8243; custom_margin=\u00bb||-4px|||\u00bb]<h1 style=\"text-align: center;\"><strong><span style=\"color: #993300;\">Dise\u00f1o y montaje de \u00e1reas limpias est\u00e9riles<\/span><\/strong><\/h1>[\/et_pb_text][\/et_pb_column][\/et_pb_row][et_pb_row use_custom_gutter=\u00bbon\u00bb _builder_version=\u00bb4.3.1&#8243; width=\u00bb95%\u00bb max_width=\u00bb1920px\u00bb custom_padding=\u00bb7px||10px|||\u00bb][et_pb_column type=\u00bb4_4&#8243; _builder_version=\u00bb4.3.1&#8243;][et_pb_text _builder_version=\u00bb4.3.1&#8243; custom_margin=\u00bb||0px|||\u00bb custom_padding=\u00bb||10px|||\u00bb]<h2 style=\"text-align: center;\">\u00c1reas limpias, est\u00e9riles y de contenci\u00f3n biol\u00f3gica<\/h2>[\/et_pb_text][\/et_pb_column][\/et_pb_row][et_pb_row column_structure=\u00bb3_5,2_5&#8243; use_custom_gutter=\u00bbon\u00bb _builder_version=\u00bb4.3.1&#8243; width=\u00bb95%\u00bb max_width=\u00bb1920px\u00bb custom_margin=\u00bb-23px|auto||auto||\u00bb custom_padding=\u00bb10px|||||\u00bb][et_pb_column type=\u00bb3_5&#8243; _builder_version=\u00bb4.3.1&#8243;][et_pb_text _builder_version=\u00bb4.3.1&#8243; text_font_size=\u00bb16px\u00bb]<p align=\"justify\" class=\"contenido2\">Contamos con un departamento de ingenier\u00eda dedicada exclusivamente al dise\u00f1o y montaje de<span>\u00a0<\/span><strong>\u00e1reas limpias\u00a0<\/strong>est\u00e9riles y de contenci\u00f3n biol\u00f3gica.<\/p>\n<p align=\"justify\" class=\"contenido2\">Dise\u00f1o \u00e1reas limpias farmac\u00e9uticas y hospitalarias<\/p>\n<p align=\"justify\" class=\"contenido2\">Para diferentes ramas de la industria entre ellas:<\/p>\n<p align=\"justify\" class=\"contenido2\">\u2013 Laboratorios Farmac\u00e9uticos.<br \/> \u2013 Laboratorios Cosmetol\u00f3gicos.<br \/> \u2013 Cl\u00ednicas.<br \/> \u2013 Hospitales.<br \/> \u2013 Producci\u00f3n Alimenticia.<br \/> \u2013 Empresas Qu\u00edmicas.<br \/> \u2013 Fabricaci\u00f3n pl\u00e1sticos.<br \/> \u2013 Laboratorios veterinarios.<br \/> \u2013 Laboratorios de Electrotecnia.<\/p>\n<p align=\"justify\" class=\"contenido2\">Dedicamos la mayor parte de nuestro tiempo al c\u00e1lculo y dise\u00f1o previo de las<span>\u00a0<\/span><strong>\u00e1reas limpias<\/strong>, por tal motivo las empresas colombianas creen en nuestro trabajo.<\/p>[\/et_pb_text][\/et_pb_column][et_pb_column type=\u00bb2_5&#8243; _builder_version=\u00bb4.3.1&#8243;][et_pb_image src=\u00bbhttps:\/\/gruposumyteck.com\/wp-content\/uploads\/2024\/05\/foto_areas_limpias.jpg\u00bb align=\u00bbcenter\u00bb _builder_version=\u00bb4.3.1&#8243;][\/et_pb_image][\/et_pb_column][\/et_pb_row][et_pb_row use_custom_gutter=\u00bbon\u00bb _builder_version=\u00bb4.3.1&#8243; width=\u00bb95%\u00bb max_width=\u00bb1920px\u00bb custom_padding=\u00bb||0px|||\u00bb][et_pb_column type=\u00bb4_4&#8243; _builder_version=\u00bb4.3.1&#8243;][et_pb_text _builder_version=\u00bb4.3.1&#8243; custom_margin=\u00bb||6px|||\u00bb]<h2 style=\"text-align: center;\"><strong>ALCANCE DE NUESTROS SERVICIOS<\/strong><\/h2>[\/et_pb_text][et_pb_text _builder_version=\u00bb4.3.1&#8243; text_font_size=\u00bb16px\u00bb]<ol>\n<li style=\"text-align: justify;\">Ejecutamos proyectos de dise\u00f1o y montaje de \u00e1reas limpias est\u00e9riles y de contenci\u00f3n biol\u00f3gica seg\u00fan los requerimientos del cliente).<\/li>\n<li style=\"text-align: justify;\">Implementaci\u00f3n de sistemas de\u00a0aire acondicionado\u00a0o\u00a0ventilaci\u00f3n, con\u00a0<a href=\"https:\/\/www.nafahq.org\/\" target=\"_blank\" rel=\"noopener noreferrer\">filtraci\u00f3n<\/a> de alta eficiencia HEPA o ULPA\u00a0garantizando la calidad del aire.<\/li>\n<li style=\"text-align: justify;\">Dise\u00f1o de flujos para personas, materia prima y productos, an\u00e1lisis de contaminaci\u00f3n cruzada.<\/li>\n<li style=\"text-align: justify;\">\u00c1reas con clasificaciones, seg\u00fan criterios \u00a0definidos por normativas como GMP, FDA, ISO entre otros.<\/li>\n<li style=\"text-align: justify;\">Manejadoras de <a href=\"https:\/\/gruposumyteck.com\/aire-acondicionado\/\">aire<\/a> doble pared especiales para uso de laboratorios.<\/li>\n<li style=\"text-align: justify;\">Clasificaci\u00f3n de \u00e1reas blancas, grises y negras seg\u00fan sea el caso.<\/li>\n<li style=\"text-align: justify;\">Calculo de renovaciones de aire, definici\u00f3n de flujo de aire, presiones diferenciales.<\/li>\n<li style=\"text-align: justify;\">Obras civiles, el\u00e9ctricas y arquitect\u00f3nicas.<\/li>\n<li style=\"text-align: justify;\">Remodelaciones de instalaciones existentes, para adecuaci\u00f3n a normativa o nuevas utilizaciones.<\/li>\n<\/ol>[\/et_pb_text][\/et_pb_column][\/et_pb_row][\/et_pb_section][et_pb_section fb_built=\u00bb1&#8243; _builder_version=\u00bb4.3.1&#8243; custom_padding=\u00bb0px||1px|||\u00bb][et_pb_row _builder_version=\u00bb4.3.1&#8243; width=\u00bb100%\u00bb max_width=\u00bb1100px\u00bb module_alignment=\u00bbcenter\u00bb custom_margin=\u00bb|68px||68px|false|false\u00bb custom_padding=\u00bb0px|||||\u00bb][et_pb_column type=\u00bb4_4&#8243; _builder_version=\u00bb4.3.1&#8243;][et_pb_cta button_url=\u00bbhttps:\/\/wa.link\/fxt5ue\u00bb url_new_window=\u00bbon\u00bb button_text=\u00bb\u00a1Solicite su Cotizaci\u00f3n!\u00bb _builder_version=\u00bb4.3.1&#8243; header_level=\u00bbh1&#8243; header_font=\u00bbBitter|700|||||||\u00bb header_font_size=\u00bb32px\u00bb header_line_height=\u00bb1.2em\u00bb body_font_size=\u00bb16px\u00bb body_line_height=\u00bb1.6em\u00bb use_background_color=\u00bboff\u00bb custom_button=\u00bbon\u00bb button_text_size=\u00bb18px\u00bb button_text_color=\u00bb#ffffff\u00bb button_bg_color=\u00bb#F49902&#8243; button_border_width=\u00bb0px\u00bb button_border_radius=\u00bb5px\u00bb button_font=\u00bb|600|||||||\u00bb button_icon=\u00bb%%24%%\u00bb button_alignment=\u00bbcenter\u00bb background_layout=\u00bblight\u00bb custom_margin=\u00bb0px||||false|false\u00bb animation_style=\u00bbzoom\u00bb button_text_shadow_style=\u00bbpreset1&#8243; button_text_shadow_horizontal_length=\u00bb0.1em\u00bb box_shadow_style_button=\u00bbpreset2&#8243;][\/et_pb_cta][\/et_pb_column][\/et_pb_row][\/et_pb_section]\n","protected":false},"excerpt":{"rendered":"<p>Ejecutamos proyectos de dise\u00f1o y montaje de \u00e1reas limpias est\u00e9riles y de contenci\u00f3n biol\u00f3gica seg\u00fan los requerimientos del cliente<\/p>\n","protected":false},"author":1,"featured_media":6617,"parent":0,"menu_order":0,"comment_status":"closed","ping_status":"closed","template":"","meta":{"_et_pb_use_builder":"on","_et_pb_old_content":"","_et_gb_content_width":"","footnotes":""},"class_list":["post-4854","page","type-page","status-publish","has-post-thumbnail","hentry"],"yoast_head":"<!-- This site is optimized with the Yoast SEO plugin v27.5 - https:\/\/yoast.com\/product\/yoast-seo-wordpress\/ -->\n<title>\u2705\u00c1reas Limpias y Est\u00e9riles, Dise\u00f1o y montaje \u2714<\/title>\n<meta name=\"description\" content=\"Ejecutamos proyectos de dise\u00f1o y montaje de \u00e1reas limpias est\u00e9riles y de contenci\u00f3n biol\u00f3gica seg\u00fan los requerimientos del cliente.\" \/>\n<meta name=\"robots\" content=\"index, follow, max-snippet:-1, max-image-preview:large, max-video-preview:-1\" \/>\n<link rel=\"canonical\" href=\"https:\/\/gruposumyteck.com\/?page_id=4854\" \/>\n<meta property=\"og:locale\" content=\"es_ES\" \/>\n<meta property=\"og:type\" content=\"article\" \/>\n<meta property=\"og:title\" content=\"\u2705\u00c1reas Limpias y Est\u00e9riles, Dise\u00f1o y montaje \u2714\" \/>\n<meta property=\"og:description\" content=\"Ejecutamos proyectos de dise\u00f1o y montaje de \u00e1reas limpias est\u00e9riles y de contenci\u00f3n biol\u00f3gica seg\u00fan los requerimientos del cliente.\" \/>\n<meta property=\"og:url\" content=\"https:\/\/gruposumyteck.com\/?page_id=4854\" \/>\n<meta property=\"og:site_name\" content=\"Grupo Sumyteck SAS\" \/>\n<meta property=\"article:publisher\" content=\"https:\/\/es-la.facebook.com\/SumyteckSAS\/\" \/>\n<meta property=\"article:modified_time\" content=\"2025-04-19T16:40:10+00:00\" \/>\n<meta property=\"og:image\" content=\"https:\/\/gruposumyteck.com\/wp-content\/uploads\/2025\/04\/Categoria_filtros_aire.jpg\" \/>\n\t<meta property=\"og:image:width\" content=\"414\" \/>\n\t<meta property=\"og:image:height\" content=\"460\" \/>\n\t<meta property=\"og:image:type\" content=\"image\/jpeg\" \/>\n<meta name=\"twitter:card\" content=\"summary_large_image\" \/>\n<meta name=\"twitter:site\" content=\"@Sumyteck\" \/>\n<meta name=\"twitter:label1\" content=\"Tiempo de lectura\" \/>\n\t<meta name=\"twitter:data1\" content=\"2 minutos\" \/>\n<script type=\"application\/ld+json\" class=\"yoast-schema-graph\">{\"@context\":\"https:\\\/\\\/schema.org\",\"@graph\":[{\"@type\":\"WebPage\",\"@id\":\"https:\\\/\\\/gruposumyteck.com\\\/?page_id=4854\",\"url\":\"https:\\\/\\\/gruposumyteck.com\\\/?page_id=4854\",\"name\":\"\u2705\u00c1reas Limpias y Est\u00e9riles, Dise\u00f1o y montaje \u2714\",\"isPartOf\":{\"@id\":\"https:\\\/\\\/gruposumyteck.com\\\/#website\"},\"primaryImageOfPage\":{\"@id\":\"https:\\\/\\\/gruposumyteck.com\\\/?page_id=4854#primaryimage\"},\"image\":{\"@id\":\"https:\\\/\\\/gruposumyteck.com\\\/?page_id=4854#primaryimage\"},\"thumbnailUrl\":\"https:\\\/\\\/gruposumyteck.com\\\/wp-content\\\/uploads\\\/2025\\\/04\\\/Categoria_filtros_aire.jpg\",\"datePublished\":\"2024-03-29T15:18:36+00:00\",\"dateModified\":\"2025-04-19T16:40:10+00:00\",\"description\":\"Ejecutamos proyectos de dise\u00f1o y montaje de \u00e1reas limpias est\u00e9riles y de contenci\u00f3n biol\u00f3gica seg\u00fan los requerimientos del cliente.\",\"breadcrumb\":{\"@id\":\"https:\\\/\\\/gruposumyteck.com\\\/?page_id=4854#breadcrumb\"},\"inLanguage\":\"es\",\"potentialAction\":[{\"@type\":\"ReadAction\",\"target\":[\"https:\\\/\\\/gruposumyteck.com\\\/?page_id=4854\"]}]},{\"@type\":\"ImageObject\",\"inLanguage\":\"es\",\"@id\":\"https:\\\/\\\/gruposumyteck.com\\\/?page_id=4854#primaryimage\",\"url\":\"https:\\\/\\\/gruposumyteck.com\\\/wp-content\\\/uploads\\\/2025\\\/04\\\/Categoria_filtros_aire.jpg\",\"contentUrl\":\"https:\\\/\\\/gruposumyteck.com\\\/wp-content\\\/uploads\\\/2025\\\/04\\\/Categoria_filtros_aire.jpg\",\"width\":414,\"height\":460,\"caption\":\"Categor\u00eda Filtros de Aire\"},{\"@type\":\"BreadcrumbList\",\"@id\":\"https:\\\/\\\/gruposumyteck.com\\\/?page_id=4854#breadcrumb\",\"itemListElement\":[{\"@type\":\"ListItem\",\"position\":1,\"name\":\"Inicio\",\"item\":\"https:\\\/\\\/gruposumyteck.com\\\/\"},{\"@type\":\"ListItem\",\"position\":2,\"name\":\"\u00c1reas limpias\"}]},{\"@type\":\"WebSite\",\"@id\":\"https:\\\/\\\/gruposumyteck.com\\\/#website\",\"url\":\"https:\\\/\\\/gruposumyteck.com\\\/\",\"name\":\"Grupo Sumyteck SAS\",\"description\":\"La mejor selecci\u00f3n de productos para ventilaci\u00f3n: extractores de aire, ventiladores industriales, ductos, compuertas, rejillas, filtros y controladores\",\"publisher\":{\"@id\":\"https:\\\/\\\/gruposumyteck.com\\\/#organization\"},\"alternateName\":\"gruposumyteck.com\",\"potentialAction\":[{\"@type\":\"SearchAction\",\"target\":{\"@type\":\"EntryPoint\",\"urlTemplate\":\"https:\\\/\\\/gruposumyteck.com\\\/?s={search_term_string}\"},\"query-input\":{\"@type\":\"PropertyValueSpecification\",\"valueRequired\":true,\"valueName\":\"search_term_string\"}}],\"inLanguage\":\"es\"},{\"@type\":\"Organization\",\"@id\":\"https:\\\/\\\/gruposumyteck.com\\\/#organization\",\"name\":\"Grupo Sumyteck SAS\",\"alternateName\":\"gruposumyteck.com\",\"url\":\"https:\\\/\\\/gruposumyteck.com\\\/\",\"logo\":{\"@type\":\"ImageObject\",\"inLanguage\":\"es\",\"@id\":\"https:\\\/\\\/gruposumyteck.com\\\/#\\\/schema\\\/logo\\\/image\\\/\",\"url\":\"https:\\\/\\\/gruposumyteck.com\\\/wp-content\\\/uploads\\\/2024\\\/03\\\/Favicon.png\",\"contentUrl\":\"https:\\\/\\\/gruposumyteck.com\\\/wp-content\\\/uploads\\\/2024\\\/03\\\/Favicon.png\",\"width\":384,\"height\":384,\"caption\":\"Grupo Sumyteck SAS\"},\"image\":{\"@id\":\"https:\\\/\\\/gruposumyteck.com\\\/#\\\/schema\\\/logo\\\/image\\\/\"},\"sameAs\":[\"https:\\\/\\\/es-la.facebook.com\\\/SumyteckSAS\\\/\",\"https:\\\/\\\/x.com\\\/Sumyteck\",\"https:\\\/\\\/www.youtube.com\\\/channel\\\/UCoHQzJTzEsi317O4N3k9Zbw\",\"https:\\\/\\\/www.instagram.com\\\/gruposumyteck\\\/\"]}]}<\/script>\n<!-- \/ Yoast SEO plugin. -->","yoast_head_json":{"title":"\u2705\u00c1reas Limpias y Est\u00e9riles, Dise\u00f1o y montaje \u2714","description":"Ejecutamos proyectos de dise\u00f1o y montaje de \u00e1reas limpias est\u00e9riles y de contenci\u00f3n biol\u00f3gica seg\u00fan los requerimientos del cliente.","robots":{"index":"index","follow":"follow","max-snippet":"max-snippet:-1","max-image-preview":"max-image-preview:large","max-video-preview":"max-video-preview:-1"},"canonical":"https:\/\/gruposumyteck.com\/?page_id=4854","og_locale":"es_ES","og_type":"article","og_title":"\u2705\u00c1reas Limpias y Est\u00e9riles, Dise\u00f1o y montaje \u2714","og_description":"Ejecutamos proyectos de dise\u00f1o y montaje de \u00e1reas limpias est\u00e9riles y de contenci\u00f3n biol\u00f3gica seg\u00fan los requerimientos del cliente.","og_url":"https:\/\/gruposumyteck.com\/?page_id=4854","og_site_name":"Grupo Sumyteck SAS","article_publisher":"https:\/\/es-la.facebook.com\/SumyteckSAS\/","article_modified_time":"2025-04-19T16:40:10+00:00","og_image":[{"width":414,"height":460,"url":"https:\/\/gruposumyteck.com\/wp-content\/uploads\/2025\/04\/Categoria_filtros_aire.jpg","type":"image\/jpeg"}],"twitter_card":"summary_large_image","twitter_site":"@Sumyteck","twitter_misc":{"Tiempo de lectura":"2 minutos"},"schema":{"@context":"https:\/\/schema.org","@graph":[{"@type":"WebPage","@id":"https:\/\/gruposumyteck.com\/?page_id=4854","url":"https:\/\/gruposumyteck.com\/?page_id=4854","name":"\u2705\u00c1reas Limpias y Est\u00e9riles, Dise\u00f1o y montaje \u2714","isPartOf":{"@id":"https:\/\/gruposumyteck.com\/#website"},"primaryImageOfPage":{"@id":"https:\/\/gruposumyteck.com\/?page_id=4854#primaryimage"},"image":{"@id":"https:\/\/gruposumyteck.com\/?page_id=4854#primaryimage"},"thumbnailUrl":"https:\/\/gruposumyteck.com\/wp-content\/uploads\/2025\/04\/Categoria_filtros_aire.jpg","datePublished":"2024-03-29T15:18:36+00:00","dateModified":"2025-04-19T16:40:10+00:00","description":"Ejecutamos proyectos de dise\u00f1o y montaje de \u00e1reas limpias est\u00e9riles y de contenci\u00f3n biol\u00f3gica seg\u00fan los requerimientos del cliente.","breadcrumb":{"@id":"https:\/\/gruposumyteck.com\/?page_id=4854#breadcrumb"},"inLanguage":"es","potentialAction":[{"@type":"ReadAction","target":["https:\/\/gruposumyteck.com\/?page_id=4854"]}]},{"@type":"ImageObject","inLanguage":"es","@id":"https:\/\/gruposumyteck.com\/?page_id=4854#primaryimage","url":"https:\/\/gruposumyteck.com\/wp-content\/uploads\/2025\/04\/Categoria_filtros_aire.jpg","contentUrl":"https:\/\/gruposumyteck.com\/wp-content\/uploads\/2025\/04\/Categoria_filtros_aire.jpg","width":414,"height":460,"caption":"Categor\u00eda Filtros de Aire"},{"@type":"BreadcrumbList","@id":"https:\/\/gruposumyteck.com\/?page_id=4854#breadcrumb","itemListElement":[{"@type":"ListItem","position":1,"name":"Inicio","item":"https:\/\/gruposumyteck.com\/"},{"@type":"ListItem","position":2,"name":"\u00c1reas limpias"}]},{"@type":"WebSite","@id":"https:\/\/gruposumyteck.com\/#website","url":"https:\/\/gruposumyteck.com\/","name":"Grupo Sumyteck SAS","description":"La mejor selecci\u00f3n de productos para ventilaci\u00f3n: extractores de aire, ventiladores industriales, ductos, compuertas, rejillas, filtros y controladores","publisher":{"@id":"https:\/\/gruposumyteck.com\/#organization"},"alternateName":"gruposumyteck.com","potentialAction":[{"@type":"SearchAction","target":{"@type":"EntryPoint","urlTemplate":"https:\/\/gruposumyteck.com\/?s={search_term_string}"},"query-input":{"@type":"PropertyValueSpecification","valueRequired":true,"valueName":"search_term_string"}}],"inLanguage":"es"},{"@type":"Organization","@id":"https:\/\/gruposumyteck.com\/#organization","name":"Grupo Sumyteck SAS","alternateName":"gruposumyteck.com","url":"https:\/\/gruposumyteck.com\/","logo":{"@type":"ImageObject","inLanguage":"es","@id":"https:\/\/gruposumyteck.com\/#\/schema\/logo\/image\/","url":"https:\/\/gruposumyteck.com\/wp-content\/uploads\/2024\/03\/Favicon.png","contentUrl":"https:\/\/gruposumyteck.com\/wp-content\/uploads\/2024\/03\/Favicon.png","width":384,"height":384,"caption":"Grupo Sumyteck SAS"},"image":{"@id":"https:\/\/gruposumyteck.com\/#\/schema\/logo\/image\/"},"sameAs":["https:\/\/es-la.facebook.com\/SumyteckSAS\/","https:\/\/x.com\/Sumyteck","https:\/\/www.youtube.com\/channel\/UCoHQzJTzEsi317O4N3k9Zbw","https:\/\/www.instagram.com\/gruposumyteck\/"]}]}},"_links":{"self":[{"href":"https:\/\/gruposumyteck.com\/index.php?rest_route=\/wp\/v2\/pages\/4854","targetHints":{"allow":["GET"]}}],"collection":[{"href":"https:\/\/gruposumyteck.com\/index.php?rest_route=\/wp\/v2\/pages"}],"about":[{"href":"https:\/\/gruposumyteck.com\/index.php?rest_route=\/wp\/v2\/types\/page"}],"author":[{"embeddable":true,"href":"https:\/\/gruposumyteck.com\/index.php?rest_route=\/wp\/v2\/users\/1"}],"replies":[{"embeddable":true,"href":"https:\/\/gruposumyteck.com\/index.php?rest_route=%2Fwp%2Fv2%2Fcomments&post=4854"}],"version-history":[{"count":2,"href":"https:\/\/gruposumyteck.com\/index.php?rest_route=\/wp\/v2\/pages\/4854\/revisions"}],"predecessor-version":[{"id":6891,"href":"https:\/\/gruposumyteck.com\/index.php?rest_route=\/wp\/v2\/pages\/4854\/revisions\/6891"}],"wp:featuredmedia":[{"embeddable":true,"href":"https:\/\/gruposumyteck.com\/index.php?rest_route=\/wp\/v2\/media\/6617"}],"wp:attachment":[{"href":"https:\/\/gruposumyteck.com\/index.php?rest_route=%2Fwp%2Fv2%2Fmedia&parent=4854"}],"curies":[{"name":"wp","href":"https:\/\/api.w.org\/{rel}","templated":true}]}}